{"id":5043,"date":"2019-04-01T21:47:11","date_gmt":"2019-04-01T21:47:11","guid":{"rendered":"https:\/\/biblian.is\/fraedsla\/?page_id=5043"},"modified":"2022-12-16T13:59:03","modified_gmt":"2022-12-16T13:59:03","slug":"judasarbrefid-1-kafli","status":"publish","type":"page","link":"https:\/\/biblian.is\/fraedsla\/ritskyring\/judasarbrefid-1-kafli\/","title":{"rendered":"J\u00fadasarbr\u00e9fi\u00f0 1. kafli"},"content":{"rendered":"<h3>\u00c1varp og fyrirb\u00e6n<\/h3>\n<p><em>J\u00fadas, \u00fej\u00f3nn Jes\u00fa Krists, heilsar kristnum m\u00f6nnum, sem ekki er vita\u00f0 hverjir voru, og bi\u00f0ur \u00feess a\u00f0 miskunn, fri\u00f0ur og k\u00e6rleiki margfaldist me\u00f0 \u00feeim.<\/em><\/p>\n<p><strong>1<\/strong>\u00a0 <em>J\u00fadas, \u00fej\u00f3nn Jes\u00fas Krists, b\u00f3\u00f0ir Jakobs: <\/em>\u00a0J\u00fadas, e\u00f0a J\u00fada, var algengt nafn me\u00f0al Gy\u00f0inga.\u00a0 J\u00fadas \u00feessi kallar sig \u00fej\u00f3n Jes\u00fa Krists.\u00a0 &#8222;Kristur&#8220; er sama og gr\u00edska or\u00f0i\u00f0 <em>christos,<\/em>\u00a0 en \u00fea\u00f0 er \u00e1 hebresku &#8222;Mess\u00edas&#8220;, sem \u00fe\u00fd\u00f0ir &#8222;hinn smur\u00f0i&#8220; e\u00f0a &#8222;hinn \u00fatvaldi.&#8220; \u00dea\u00f0 er mess\u00edasar-titill Jes\u00fa og m\u00e1 \u00fdmist hafa \u00e1 undan nafni hans e\u00f0a \u00e1 eftir.\u00a0 Sj\u00e1 &#8222;Mess\u00edas (hinn \u00fatvaldi)&#8220; \u00e1 bls. 1086.<\/p>\n<p><strong>2\u00a0 <\/strong><em>Gu\u00f0 fa\u00f0ir:<\/em><strong>\u00a0 <\/strong>\u00a0Jes\u00fas kalla\u00f0i Gu\u00f0 f\u00f6\u00f0ur sinn (sj\u00e1 t.d. J\u00f3h 3.35; 5.20-30;\u00a0 15.1,16; 17).\u00a0P\u00e1ll talar l\u00edka um &#8222;f\u00f6\u00f0ur vorn&#8220; \u00ed m\u00f6rgum br\u00e9fa sinna (1Kor 1.3; Gal 1.3;\u00a0 Fil 1.2).<\/p>\n<h3>Verjum tr\u00fana fyrir falskennendum.<\/h3>\n<p><em>J\u00fadas br\u00fdnir fyrir hinum kristnu a\u00f0 verja hina s\u00f6nnu tr\u00fa fyrir \u00feeim, sem me\u00f0 villukenningum lei\u00f0a afvega og lifa \u00ed si\u00f0leysi. \u00a0Hann l\u00edkir \u00feeim &#8222;\u00f3gu\u00f0legu&#8220; vi\u00f0 \u00fe\u00e1 \u00cdsraelsmenn fyrri t\u00ed\u00f0ar, er ekki tr\u00fa\u00f0u.\u00a0\u00deeim, sem illverk fremja, ver\u00f0ur refsa\u00f0 har\u00f0lega.<\/em><\/p>\n<p><strong>3\u00a0 <\/strong><em>hj\u00e1lpr\u00e6\u00f0i okkar&#8230;berjast fyrir \u00feeirri tr\u00fa:\u00a0 <\/em>\u00a0Hj\u00e1lpr\u00e6\u00f0i (\u00e1 gr\u00edsku &#8222;s\u00f3ter\u00eda&#8220;) t\u00e1knar \u00ed Bibl\u00edunni allt \u00fea\u00f0 sem Gu\u00f0 hefur gert og gerir enn til \u00feess a\u00f0 frelsa mennina fr\u00e1 illum \u00f6flum,\u00a0 synd og dau\u00f0a. \u00a0Fyrir heilagan anda hlotnast \u00feeim hj\u00e1lpr\u00e6\u00f0i (s\u00e1luhj\u00e1lp),\u00a0 sem tr\u00faa \u00e1 Jes\u00fa og j\u00e1ta a\u00f0 hann s\u00e9 sonur Gu\u00f0s og frelsari heimsins.\u00a0\u00a0Heilagur andi gl\u00e6\u00f0ir\u00a0 k\u00e6rleikann til Gu\u00f0s og manna og kemur til lei\u00f0ar \u00fev\u00ed l\u00edferni sem Gu\u00f0 v\u00e6ntir af b\u00f6rnum s\u00ednum (R\u00f3m 4.9-13; Gal 5.22,23).<\/p>\n<p><strong>4\u00a0 <\/strong><em>Fyrir l\u00f6ngu var rita\u00f0 um \u00feann d\u00f3m sem bi\u00f0i \u00feeirra: <\/em>\u00a0V\u00ed\u00f0a \u00ed Bibl\u00edunni stendur skrifa\u00f0, a\u00f0 Gu\u00f0 muni d\u00e6ma illgj\u00f6r\u00f0amenn og tort\u00edma \u00feeim (sj\u00e1 t.d. Jer 14.13-16;\u00a0 Slm 94).\u00a0Sj\u00e1 og 14. til 18. vers.<\/p>\n<p><strong>5\u00a0 <\/strong><em>\u00a0\u00c9g vil minna ykkur \u00e1&#8230;a\u00f0 Drottinn frelsa\u00f0i l\u00fd\u00f0inn, en tort\u00edmdi sam s\u00ed\u00f0ar \u00feeim sem ekki tr\u00fa\u00f0u:\u00a0 <\/em>Drottinn leiddi \u00cdsraelsmenn \u00fat \u00far \u00fer\u00e6lah\u00fasinu \u00ed Egyptalandi.\u00a0 En af \u00fev\u00ed a\u00f0 \u00a0l\u00fd\u00f0urinn m\u00f6gla\u00f0i gegn honum, leyf\u00f0i hann engum a\u00f0 fara inn \u00ed hi\u00f0 fyrirheitna Kanaansland, nema Kaleb Jef\u00fannesyni og J\u00f3s\u00faa N\u00fanssyni (2M\u00f3s 12.51;\u00a0 4M\u00f3s 14.26-30).<\/p>\n<p><strong>6\u00a0 <\/strong><em>\u00a0englanna&#8230;\u00ed myrkri&#8230;til d\u00f3msins \u00e1 deginum mikla:\u00a0 <\/em>\u00cd J\u00fadasarbr\u00e9fi r\u00e6\u00f0ir um engla \u00e1 fleiri en einum sta\u00f0.\u00a0 \u00cd 6. versi m\u00e1 vera, a\u00f0 \u00e1tt s\u00e9 vi\u00f0 \u00fe\u00e1 &#8222;syni Gu\u00f0s&#8220; sem minnst er \u00e1 \u00ed 1M\u00f3s 6.1-4 (sj\u00e1 og 2P\u00e9t 2.4).\u00a0 Fyrir \u00fea\u00f0 a\u00f0 \u00feeir yfirg\u00e1fu himininn og kv\u00e6ntust d\u00e6trum mannanna voru \u00feeir settir \u00ed myrkrahella \u00ed refsingarskyni.\u00a0 \u00dear eiga \u00feeir a\u00f0 d\u00fasa til d\u00f3msdags\u00a0 (Matt 13.47-50;\u00a0 25.31-46;\u00a0J\u00f3h 12.44-50;\u00a0 2P\u00e9t 3.10-14).<\/p>\n<p><strong>7 <em>\u00a0<\/em><\/strong><em>S\u00f3d\u00f3mu og G\u00f3morru: <\/em>\u00a0\u00a0Svom\u00f6rg \u00f3h\u00e6fuverk voru framin \u00ed \u00feessum borgum, a\u00f0 Drottinn l\u00e9t rigna yfir \u00fe\u00e6r eldi og brennisteini, svo a\u00f0 \u00fe\u00e6 eyddust gj\u00f6rsamlega (1M\u00f3s 19.1-24).<\/p>\n<p><strong>8\u00a0 <\/strong><em>draumvilltu menn: <\/em>\u00a0\u00c1tt er vi\u00f0\u00a0hina \u00f3gu\u00f0legu, sem nefndir eru \u00ed 4. versi.<\/p>\n<p>\u00cd 8. og 9. versi segir br\u00e9fritari a\u00f0 gu\u00f0lausir menn meti a\u00f0 engu s\u00e9rhvert drottinvald og lastm\u00e6li englunum.\u00a0 Hann rifjar l\u00edka upp fr\u00e1s\u00f6gn af deilu \u00e1 milli h\u00f6fu\u00f0engilsins Mikaels og dj\u00f6fulsins \u00ed forns\u00f6gum Gy\u00f0inga (tr\u00falega Himnaf\u00f6r M\u00f3se).\u00a0 \u00cd 14. og 15. versi vitnar hann \u00ed anna\u00f0 gamalt helgirit (Enoksb\u00f3k), \u00fear sem \u00fev\u00ed er l\u00fdst, \u00feegar Drottinn kemur me\u00f0 \u00fe\u00fasundum heilagra til a\u00f0 kve\u00f0a upp sektard\u00f3m yfir \u00f3gu\u00f0legum m\u00f6nnum.<\/p>\n<p><strong>9<\/strong>\u00a0<em>Mikael&#8230;dj\u00f6fulinn&#8230;M\u00f3se: <\/em>\u00a0\u00a0Atviki\u00f0, sem h\u00e9r um r\u00e6\u00f0ir, er a\u00f0 l\u00edkindum a\u00f0 finna \u00ed &#8222;Himnaf\u00f6r M\u00f3se&#8220;, gy\u00f0inglegu al\u00fe\u00fd\u00f0uriti eftir \u00f3kunnan h\u00f6fund.\u00a0 \u00dea\u00f0 er tali\u00f0 skrifa\u00f0 einhvern t\u00edma \u00e1 s\u00ed\u00f0ustu \u00e1runum fyrir okkar t\u00edmatal og l\u00fdsir uppstigningu M\u00f3se til himna.\u00a0 Sj\u00e1 og Dan 10.13,121;\u00a0 12.1;\u00a0Opb 12.7.\u00a0 Sj\u00e1 n\u00e1nar &#8222;<a href=\"https:\/\/biblian.is\/fraedsla\/ordtakasafn\/mose\/\">M\u00f3se<\/a>&#8222;.\u00a0Dj\u00f6fullinn er h\u00f6f\u00f0ingi ill\u00fe\u00fd\u00f0is og annarlegra afla, \u00a0sem standa \u00ed gegn Gu\u00f0i og l\u00fd\u00f0 hans.<\/p>\n<p><strong>11<\/strong><em>\u00a0hafa gengi\u00f0 \u00e1 vegi Kains&#8230;B\u00edleams&#8230;K\u00f3ra:\u00a0 <\/em>Kain, elsti sonur Adams og Evu, var\u00f0Abel br\u00f3\u00f0ur s\u00ednum a\u00f0 bana (1M\u00f3s 4.1-16).<\/p>\n<p>Balak, konungur \u00ed M\u00f3ab, vildi kaupa B\u00edleam til \u00feess a\u00f0 form\u00e6la \u00cdsraels\u00fej\u00f3\u00f0inni (4M\u00f3s 22.2-24.25), en \u00ed sta\u00f0 \u00feess blessa\u00f0i B\u00edleam \u00fej\u00f3\u00f0ina.\u00a0 \u00c1 ritunart\u00edma J\u00fadasarbr\u00e9fs h\u00e9ldu sumir l\u00e6rimeistarar Gy\u00f0inga \u00fev\u00ed samt sem \u00e1\u00f0ur fram, ranglega,\u00a0 a\u00f0 f\u00e9gr\u00e6\u00f0gi B\u00edleams hef\u00f0i or\u00f0i\u00f0 til \u00feess, a\u00f0 hann ger\u00f0i b\u00f3n Balaks og form\u00e6lti \u00cdsraels\u00fej\u00f3\u00f0inni.<\/p>\n<p>K\u00f3ra var einn forsprakka uppreisnar gegn M\u00f3se og Aroni (4M\u00f3s 16.1-35;\u00a0 26.9,10).<\/p>\n<p><strong>12 <em>\u00a0<\/em><\/strong><em>\u00deeir eru sm\u00e1narblettur \u00e1 k\u00e6rleiksm\u00e1lt\u00ed\u00f0um ykkar:\u00a0 <\/em>\u00a0S\u00f6fnu\u00f0ir \u00ed frumkirkjunni komu saman til bor\u00f0halds (k\u00e6rleiksm\u00e1lt\u00ed\u00f0a), auk \u00feess sem &#8222;m\u00e1lt\u00ed\u00f0ar Drottins&#8220; var neytt (sbr. kv\u00f6ldm\u00e1lt\u00ed\u00f0ar- e\u00f0a altarissakramenti).\u00a0 Sj\u00e1 og 1Kor11.17-32.<\/p>\n<p><strong>13\u00a0 <\/strong><em>d\u00fdpsta myrkur:<\/em>\u00a0Sj\u00e1 athugagrein vi\u00f0 6. vers.\u00a0 Sj\u00e1 og &#8222;<a href=\"https:\/\/biblian.is\/fraedsla\/ordtakasafn\/helviti\/\">Helv\u00edti<\/a>&#8222;.<\/p>\n<p><strong>14\u00a0 <\/strong><em>Enok&#8230;Adam: <\/em>\u00a0Sj\u00e1 1M\u00f3s 5.18,21-24.\u00a0 Enok g\u00e9kk me\u00f0 Gu\u00f0i (\u00fe.e. elska\u00f0i hann).\u00a0 Sj\u00e1 1M\u00f3s 5.18,21-24.\u00a0 \u00c1 \u00f6ldunum b\u00e1\u00f0um megin vi\u00f0 Krists bur\u00f0 voru \u00ed Austurl\u00f6ndum heimari skrifa\u00f0ar margar sp\u00e1d\u00f3msb\u00e6kur, kenndar vi\u00f0 Enok.\u00a0 Tilvitnunin h\u00e9r er \u00far Fyrstu Enoksb\u00f3k, \u00f6\u00f0ru nafni E\u00fe\u00ed\u00f3p\u00edsku Enoksb\u00f3k (1.9).<\/p>\n<p><strong>17-18\u00a0 <\/strong><em>minnist \u00feeirra or\u00f0a sem postular Drottins vors Jes\u00fa Krists hafa \u00e1\u00f0ur tala\u00f0:<\/em>\u00a0Or\u00f0i\u00f0 &#8222;postular&#8220; merkir h\u00e9r \u00fe\u00e1, sem kalla\u00f0ir hafa veri\u00f0 af Gu\u00f0i til \u00feess a\u00f0 \u00fatbrei\u00f0a fagna\u00f0arerindi\u00f0 um Jes\u00fa Krist.\u00a0 Or\u00f0r\u00e6\u00f0u um gu\u00f0lausa lygara er og a\u00f0 finna \u00ed 1T\u00edm 4.1,2;\u00a0 2T\u00edm 3.1-9; 2P\u00e9t 2.1; 3.3,4.<\/p>\n<p><strong>19\u00a0 <\/strong><em>\u00a0hafa eigi andann: <\/em><strong>\u00a0<\/strong>Sj\u00e1 &#8222;<a href=\"http:\/\/Heilagur andi\">Heilagur andi<\/a>&#8222;.<\/p>\n<p><strong>21<\/strong><em>\u00a0eil\u00edft l\u00edf: <\/em>\u00a0Sj\u00e1 &#8222;Eil\u00edft l\u00edf&#8220;.<\/p>\n<p><strong>22 <em>\u00a0<\/em><\/strong><em>s\u00fdni\u00f0 \u00feeim mildi:<\/em>\u00a0 \u00cd sumum handritum &#8222;lei\u00f0r\u00e9tti\u00f0 \u00fe\u00e1.&#8220;<\/p>\n<p><strong>24-25 <em>\u00a0<\/em><\/strong><em>Gu\u00f0i&#8230;sem frelsar oss fyrir Jes\u00fas Krist, Drottin vorn: <\/em>\u00a0\u00a0Frelsari er s\u00e1 sem bjargar, leysir \u00far \u00e1nau\u00f0.\u00a0 Sj\u00e1 athugagrein vi\u00f0 3. vers.\u00a0\u00a0 Sj\u00e1 og Jes 43.11; Matt.1.21.\u00a0 &#8222;Kristur&#8220; er gr\u00edskt or\u00f0, \u00e1 hebresku Mess\u00edas, og \u00fe\u00fd\u00f0ir &#8222;hinn smur\u00f0i&#8220;, &#8222;hinn \u00fatvaldi.&#8220; \u00a0Gr\u00edska or\u00f0i\u00f0 yfir &#8222;Drottinn&#8220; er &#8222;kyrios&#8220;, sem getur \u00fe\u00fdtt meistari og l\u00edka veri\u00f0 nota\u00f0 sem kurteisis\u00e1varp, sbr. &#8222;herra&#8220;.\u00a0 \u00deegar \u00fea\u00f0 er nota\u00f0 um Jes\u00fa, undirstrikar \u00fea\u00f0 vald hans og m\u00e1tt..\u00a0Sj\u00e1 og &#8222;<a href=\"https:\/\/biblian.is\/fraedsla\/ordtakasafn\/drottinn-eitt-af-virdingarnofnum-jesu\/\">Drottinn (eitt af vir\u00f0ingarn\u00f6fnum Jes\u00fa)<\/a>&#8222;.\u00a0 Sbr. og athugagrein vi\u00f0 1. vers J\u00fadasarbr\u00e9fs\u00a0 (J\u00fadas&#8230;Krists).<\/p>\n","protected":false},"excerpt":{"rendered":"<p>\u00c1varp og fyrirb\u00e6n J\u00fadas, \u00fej\u00f3nn Jes\u00fa Krists, heilsar kristnum m\u00f6nnum, <a href=\"https:\/\/biblian.is\/fraedsla\/ritskyring\/judasarbrefid-1-kafli\/\"> [&#8230;]<\/a><\/p>\n","protected":false},"author":1,"featured_media":0,"parent":4829,"menu_order":0,"comment_status":"closed","ping_status":"closed","template":"","meta":{"footnotes":""},"class_list":["post-5043","page","type-page","status-publish","hentry"],"_links":{"self":[{"href":"https:\/\/biblian.is\/fraedsla\/wp-json\/wp\/v2\/pages\/5043","targetHints":{"allow":["GET"]}}],"collection":[{"href":"https:\/\/biblian.is\/fraedsla\/wp-json\/wp\/v2\/pages"}],"about":[{"href":"https:\/\/biblian.is\/fraedsla\/wp-json\/wp\/v2\/types\/page"}],"author":[{"embeddable":true,"href":"https:\/\/biblian.is\/fraedsla\/wp-json\/wp\/v2\/users\/1"}],"replies":[{"embeddable":true,"href":"https:\/\/biblian.is\/fraedsla\/wp-json\/wp\/v2\/comments?post=5043"}],"version-history":[{"count":0,"href":"https:\/\/biblian.is\/fraedsla\/wp-json\/wp\/v2\/pages\/5043\/revisions"}],"up":[{"embeddable":true,"href":"https:\/\/biblian.is\/fraedsla\/wp-json\/wp\/v2\/pages\/4829"}],"wp:attachment":[{"href":"https:\/\/biblian.is\/fraedsla\/wp-json\/wp\/v2\/media?parent=5043"}],"curies":[{"name":"wp","href":"https:\/\/api.w.org\/{rel}","templated":true}]}}