{"id":5026,"date":"2019-04-01T21:30:34","date_gmt":"2019-04-01T21:30:34","guid":{"rendered":"https:\/\/biblian.is\/fraedsla\/?page_id=5026"},"modified":"2022-12-16T13:58:59","modified_gmt":"2022-12-16T13:58:59","slug":"fyrsta-johannesarbref-4-kafli","status":"publish","type":"page","link":"https:\/\/biblian.is\/fraedsla\/ritskyring\/fyrsta-johannesarbref-4-kafli\/","title":{"rendered":"Fyrsta J\u00f3hannesarbr\u00e9f 4. kafli"},"content":{"rendered":"<p><strong>4.1,2 <em>\u00a0<\/em><\/strong><em>falssp\u00e1menn&#8230;Kristur kominn sem ma\u00f0ur: <\/em>\u00a0H\u00e9r r\u00e6\u00f0ir um \u00fe\u00e1 falskennendur, sem neitu\u00f0u \u00fev\u00ed, a\u00f0 Jes\u00fas hef\u00f0i veri\u00f0 sannur ma\u00f0ur.\u00a0\u00de\u00f3tt \u00feeir seg\u00f0ust hafa anda Gu\u00f0s, voru \u00feeir \u00ed raun \u00e1 valdi andkristsins (sj\u00e1 athugagreinar vi\u00f0 2.18 og 2.19).<\/p>\n<p><strong>4.4\u00a0 <\/strong><em>\u00a0falssp\u00e1mennina&#8230;andinn sem er \u00ed heiminum: <\/em>\u00a0Sj\u00e1 athugagrein vi\u00f0 2.19 (\u00deeir komu \u00far okkar h\u00f3pi).\u00a0 Sj\u00e1 og athugagreinar vi\u00f0 2.15 (heiminn) og 2.18 (andkristur).<\/p>\n<p><strong>4.4\u00a0 <\/strong><em>\u00a0andinn sem er \u00ed ykkur: <\/em><strong>\u00a0<\/strong>\u00c1 gr\u00edskunni &#8222;hann&#8220;. \u00a0Kann a\u00f0 eiga vi\u00f0 Gu\u00f0, Jes\u00fa e\u00f0a heilagan anda.<\/p>\n<p><strong>4.10 <em>\u00a0<\/em><\/strong><em>sendi son sinn til a\u00f0 vera fri\u00f0\u00fe\u00e6ging:\u00a0 <\/em>Sj\u00e1 athugagrein vi\u00f0 1.7.<\/p>\n<p><strong>4.13 <\/strong><em>\u00a0anda sinn: <\/em><strong>\u00a0<\/strong>Sj\u00e1 athugagrein vi\u00f0 2.27.<\/p>\n<p><strong>4.15\u00a0<em>\u00a0<\/em><\/strong><em>sonur Gu\u00f0s: <\/em>\u00a0Sj\u00e1 athugagreinar vi\u00f0 1.3 og 2.24.<\/p>\n<p><strong>4.16 <\/strong>\u00a0<em>Gu\u00f0 er k\u00e6rleikur:<\/em>\u00a0 Sj\u00e1 J\u00f3h 3.16 og athugagrein vi\u00f0 1.7.<\/p>\n<p><strong>4.17<\/strong>\u00a0<em>\u00e1 degi d\u00f3msins:<\/em>\u00a0 Sj\u00e1 athugagrein vi\u00f0 2.28.<\/p>\n<p><strong>4.21 <\/strong><em>\u00a0s\u00e1 sem elskar Gu\u00f0 \u00e1 einnig a\u00f0 elska br\u00f3\u00f0ur sinn og systur: <\/em><strong>\u00a0<\/strong>Sj\u00e1 5M\u00f3s 6.4 og 3M\u00f3s 19.18.\u00a0 Hi\u00f0 &#8222;n\u00fdja bo\u00f0or\u00f0&#8220; Jes\u00fa (J\u00f3h 13.34) um a\u00f0 elska Gu\u00f0 og n\u00e1ungann r\u00eds \u00e1\u00a0 fornum bo\u00f0or\u00f0um \u00ed l\u00f6gm\u00e1li M\u00f3se.<\/p>\n","protected":false},"excerpt":{"rendered":"<p>4.1,2 \u00a0falssp\u00e1menn&#8230;Kristur kominn sem ma\u00f0ur: \u00a0H\u00e9r r\u00e6\u00f0ir um \u00fe\u00e1 falskennendur, <a href=\"https:\/\/biblian.is\/fraedsla\/ritskyring\/fyrsta-johannesarbref-4-kafli\/\"> [&#8230;]<\/a><\/p>\n","protected":false},"author":1,"featured_media":0,"parent":4829,"menu_order":0,"comment_status":"closed","ping_status":"closed","template":"","meta":{"footnotes":""},"class_list":["post-5026","page","type-page","status-publish","hentry"],"_links":{"self":[{"href":"https:\/\/biblian.is\/fraedsla\/wp-json\/wp\/v2\/pages\/5026","targetHints":{"allow":["GET"]}}],"collection":[{"href":"https:\/\/biblian.is\/fraedsla\/wp-json\/wp\/v2\/pages"}],"about":[{"href":"https:\/\/biblian.is\/fraedsla\/wp-json\/wp\/v2\/types\/page"}],"author":[{"embeddable":true,"href":"https:\/\/biblian.is\/fraedsla\/wp-json\/wp\/v2\/users\/1"}],"replies":[{"embeddable":true,"href":"https:\/\/biblian.is\/fraedsla\/wp-json\/wp\/v2\/comments?post=5026"}],"version-history":[{"count":0,"href":"https:\/\/biblian.is\/fraedsla\/wp-json\/wp\/v2\/pages\/5026\/revisions"}],"up":[{"embeddable":true,"href":"https:\/\/biblian.is\/fraedsla\/wp-json\/wp\/v2\/pages\/4829"}],"wp:attachment":[{"href":"https:\/\/biblian.is\/fraedsla\/wp-json\/wp\/v2\/media?parent=5026"}],"curies":[{"name":"wp","href":"https:\/\/api.w.org\/{rel}","templated":true}]}}