{"id":5023,"date":"2019-04-01T21:29:03","date_gmt":"2019-04-01T21:29:03","guid":{"rendered":"https:\/\/biblian.is\/fraedsla\/?page_id=5023"},"modified":"2026-04-17T13:01:09","modified_gmt":"2026-04-17T13:01:09","slug":"fyrsta-johannesarbref-3-kafli","status":"publish","type":"page","link":"https:\/\/biblian.is\/fraedsla\/ritskyring\/fyrsta-johannesarbref-3-kafli\/","title":{"rendered":"Fyrsta J\u00f3hannesarbr\u00e9f 3. kafli"},"content":{"rendered":"<p><strong>3.1<\/strong><em>\u00a0hann:\u00a0 <\/em>Tr\u00falega \u00e1tt vi\u00f0 Gu\u00f0. <strong>\u00a0<\/strong><\/p>\n<p><strong>3.2<\/strong><em>\u00a0\u00feegar hann birtist, \u00fe\u00e1 ver\u00f0um vi\u00f0 honum l\u00edk: <\/em>\u00a0Sj\u00e1 athugagrein vi\u00f0 2.28.\u00a0 Sj\u00e1 og R\u00f3m 8.28-30;\u00a0 1Kor 15.12-55.<\/p>\n<p><strong>3.3 <em>\u00a0\u00a0<\/em><\/strong><em>hreinn:<\/em>\u00a0Sj\u00e1 athugagrein vi\u00f0 2.20 (Hinn heilagi).<\/p>\n<p><strong>3.3:<\/strong><em>\u00a0Kristur:\u00a0<\/em>\u00c1 gr\u00edskunni &#8222;\u00feessi&#8220; og kann a\u00f0 eiga vi\u00f0 Gu\u00f0. \u00a0<strong>\u00a0<\/strong><\/p>\n<p><strong>3.4 <\/strong><em>\u00a0\u00a0fremur l\u00f6gm\u00e1lsbrot:<\/em><strong>\u00a0 <\/strong>Sj\u00e1 athugagrein vi\u00f0 1.7.\u00a0 \u00c1tt er vi\u00f0 brot gegn l\u00f6gm\u00e1li M\u00f3se e\u00f0a gu\u00f0leysi\u00f0 og illskuna, sem P\u00e1ll postuli\u00a0ritar um \u00ed R\u00f3m 1.18-32.<\/p>\n<p><strong>3.8\u00a0 <\/strong><em>\u00a0dj\u00f6flinum: <\/em>\u00a0Dj\u00f6fullinn, stundum nefndur Satan, er h\u00f6f\u00f0ingi \u00feeirra annarlegu afla sem standa \u00ed gegn Gu\u00f0i og l\u00fd\u00f0 hans.<\/p>\n<p><strong>3.9<\/strong><em>\u00a0\u00fea\u00f0 sem Gu\u00f0 hefur \u00ed hann s\u00e1\u00f0: <\/em>\u00a0\u00c1 gr\u00edskunni: &#8222;\u00fev\u00ed a\u00f0 s\u00e1\u00f0 hans varir \u00ed honum&#8220;;\u00a0 H\u00e9r kann a\u00f0 vera \u00e1tt vi\u00f0 heilagan anda, er\u00a0 \u00feeir \u00f6\u00f0last, sem eru Gu\u00f0s b\u00f6rn (2.27-29).<\/p>\n<p><strong>3.12<em>\u00a0\u00a0<\/em><\/strong><em>Kain&#8230;myrti br\u00f3\u00f0ur sinn: <\/em>\u00a0\u00a0Sj\u00e1 1M\u00f3s 4.1-16.<\/p>\n<p><strong>3.15<em>\u00a0<\/em><\/strong><em>eil\u00edft l\u00edf: <\/em>\u00a0\u00a0Sj\u00e1 athugagrein vi\u00f0 1.2.<\/p>\n<p><strong>3.19\u00a0 <\/strong><em>sannleikans megin: <\/em>\u00a0\u00a0Sj\u00e1 athugagreinar vi\u00f0 1.6 og 1.7.<\/p>\n<p><strong>3.23<em>\u00a0<\/em><\/strong><em>tr\u00faa&#8230;elska: <\/em>\u00a0Tr\u00fa er traust \u00e1 Jes\u00fas Kristi, Gu\u00f0s syni og frelsara heimsins.\u00a0 Sj\u00e1 &#8222;<a href=\"https:\/\/biblian.is\/fraedsla\/ordtakasafn\/tru\/\">Tr\u00fa<\/a>&#8222;.\u00a0 Um gildi k\u00e6rleikans m\u00e1 lesa \u00ed J\u00f3hannesargu\u00f0spjalli (J\u00f3h 13.34,35;\u00a015.12-17).\u00a0 \u00dear segir Jes\u00fas vi\u00f0 l\u00e6risveina s\u00edna:\u00a0 &#8222;Eins og \u00e9g hef elska\u00f0 y\u00f0ur skulu\u00f0 \u00fe\u00e9r einnig elska hvert anna\u00f0&#8220; (J\u00f3h 13.34).<\/p>\n<p><strong>3.24<\/strong><em>\u00a0er st\u00f6\u00f0ugur \u00ed Gu\u00f0i:\u00a0\u00a0 <\/em>Sj\u00e1 athugagrein vi\u00f0 2.24.<\/p>\n<p><strong>3.24 <em>\u00a0<\/em><\/strong><em>andanum:\u00a0 <\/em>Sj\u00e1 athugagrein vi\u00f0 2.27.<\/p>\n","protected":false},"excerpt":{"rendered":"<p>3.1\u00a0hann:\u00a0 Tr\u00falega \u00e1tt vi\u00f0 Gu\u00f0. \u00a0 3.2\u00a0\u00feegar hann birtist, \u00fe\u00e1 <a href=\"https:\/\/biblian.is\/fraedsla\/ritskyring\/fyrsta-johannesarbref-3-kafli\/\"> [&#8230;]<\/a><\/p>\n","protected":false},"author":1,"featured_media":0,"parent":4829,"menu_order":0,"comment_status":"closed","ping_status":"closed","template":"","meta":{"footnotes":""},"class_list":["post-5023","page","type-page","status-publish","hentry"],"_links":{"self":[{"href":"https:\/\/biblian.is\/fraedsla\/wp-json\/wp\/v2\/pages\/5023","targetHints":{"allow":["GET"]}}],"collection":[{"href":"https:\/\/biblian.is\/fraedsla\/wp-json\/wp\/v2\/pages"}],"about":[{"href":"https:\/\/biblian.is\/fraedsla\/wp-json\/wp\/v2\/types\/page"}],"author":[{"embeddable":true,"href":"https:\/\/biblian.is\/fraedsla\/wp-json\/wp\/v2\/users\/1"}],"replies":[{"embeddable":true,"href":"https:\/\/biblian.is\/fraedsla\/wp-json\/wp\/v2\/comments?post=5023"}],"version-history":[{"count":0,"href":"https:\/\/biblian.is\/fraedsla\/wp-json\/wp\/v2\/pages\/5023\/revisions"}],"up":[{"embeddable":true,"href":"https:\/\/biblian.is\/fraedsla\/wp-json\/wp\/v2\/pages\/4829"}],"wp:attachment":[{"href":"https:\/\/biblian.is\/fraedsla\/wp-json\/wp\/v2\/media?parent=5023"}],"curies":[{"name":"wp","href":"https:\/\/api.w.org\/{rel}","templated":true}]}}