{"id":5020,"date":"2019-04-01T21:26:47","date_gmt":"2019-04-01T21:26:47","guid":{"rendered":"https:\/\/biblian.is\/fraedsla\/?page_id=5020"},"modified":"2026-04-17T13:01:09","modified_gmt":"2026-04-17T13:01:09","slug":"fyrsta-johannesarbref-2-kafli","status":"publish","type":"page","link":"https:\/\/biblian.is\/fraedsla\/ritskyring\/fyrsta-johannesarbref-2-kafli\/","title":{"rendered":"Fyrsta J\u00f3hannesarbr\u00e9f 2. kafli"},"content":{"rendered":"<p><strong>2.1\u00a0 <\/strong><em>\u00a0B\u00f6rnin m\u00edn:<\/em>\u00a0 H\u00f6fundur notar or\u00f0i\u00f0 &#8222;b\u00f6rn&#8220; um alla \u00fe\u00e1, sem fylgja Jes\u00fa, sama \u00e1 hva\u00f0a aldri \u00feeir eru.<\/p>\n<p><strong>2.1<\/strong><em>\u00a0syndga: <\/em>\u00a0Sj\u00e1 athugagrein vi\u00f0 1.7.<\/p>\n<p><strong>2.2\u00a0 <\/strong><em>Hann er fri\u00f0\u00fe\u00e6ging fyrir syndir okkar:\u00a0 <\/em>Sj\u00e1 athugagrein vi\u00f0 1.7. \u00a0Bl\u00f3\u00f0 Jes\u00fa\u00a0afm\u00e1\u00f0i\u00a0 syndina sem skilur a\u00f0 Gu\u00f0 og mann og var s\u00e1ttaf\u00f3rn \u00feeim, sem tr\u00faa og treysta \u00e1 hann.<\/p>\n<p><strong>2.7 <em>\u00a0<\/em><\/strong><em>n\u00fdtt bo\u00f0or\u00f0: <\/em>\u00a0\u00dea\u00f0 er bo\u00f0or\u00f0i\u00f0, sem Jes\u00fas gaf l\u00e6risveinum s\u00ednum \u00ed J\u00f3h 13.34,35.\u00a0\u00dea\u00f0 sama bo\u00f0or\u00f0 er a\u00f0 finna \u00ed l\u00f6gm\u00e1li M\u00f3se:\u00a0 &#8222;\u00de\u00fa skalt elska n\u00e1unga \u00feinn eins og sj\u00e1lfan \u00feig&#8220; (3M\u00f3s 19.18).<\/p>\n<p><strong>2.10 <em>\u00a0<\/em><\/strong><em>leitt geti hann til falls:<\/em>\u00a0E\u00f0a &#8222;leitt geti til falls.&#8220;<\/p>\n<p><strong>2.12 <em>\u00a0<\/em><\/strong><em>Gu\u00f0 hefur fyrirgefi\u00f0 ykkur syndir ykkar:<\/em>\u00a0Sj\u00e1 athugagrein\u00a0 vi\u00f0 1.7.<\/p>\n<p><strong>2.13<\/strong><em>\u00a0hann sem er fr\u00e1 upphafi: <\/em>\u00a0Or\u00f0i\u00f0, sem var \u00ed upphafi hj\u00e1 Gu\u00f0i,\u00a0 Jes\u00fas Kristur (sj\u00e1 athugagreinar vi\u00f0 1.1).<\/p>\n<p><strong>2.14\u00a0<\/strong><em>\u00a0f\u00f6\u00f0urinn: <\/em>\u00a0Sj\u00e1 athugagrein vi\u00f0 1.2.<\/p>\n<p><strong>2.15 <em>\u00a0<\/em><\/strong><em>heiminn:<\/em>\u00a0Or\u00f0i\u00f0 &#8222;heimurinn&#8220; kemur mj\u00f6g oft fyrir \u00ed J\u00f3hannesargu\u00f0spjalli.\u00a0\u00dea\u00f0 \u00e1 \u00fe\u00f3 yfirleitt ekki vi\u00f0 sk\u00f6punina alla, heldur ver\u00f6ld mannanna og verk \u00feeirra, sem einatt stj\u00f3rnast af illum \u00f6flum (J\u00f3h 8.23).\u00a0 \u00cd \u00feessum versum eru girndir og ofl\u00e6ti vegna eigna sag\u00f0ar vera fr\u00e1 heiminum (2.16).\u00a0S\u00e1 skilningur, a\u00f0 &#8222;\u00feessi heimur&#8220; v\u00e6ri uppspretta hins illa, var ekki fjarri heimspeki villukennenda (sj\u00e1 athuagrein vi\u00f0 1.10).<\/p>\n<p><strong>2.17<\/strong><em>s\u00e1 sem gerir Gu\u00f0s vilja varir a\u00f0 eil\u00edfu: <\/em>\u00a0Sj\u00e1 athugagrein vi\u00f0 1.2 (l\u00edfi\u00f0 eil\u00edfa).\u00a0 \u00deetta fyrirheiti mun r\u00e6tast \u00e1 \u00feeim, sem hl\u00fd\u00f0ir Gu\u00f0i sta\u00f0fastlega.<\/p>\n<p><strong>2.18<\/strong><em>\u00a0hin \u00a0s\u00ed\u00f0asta stund&#8230;andkristur:\u00a0 <\/em>\u00a0Me\u00f0 &#8222;hinni s\u00ed\u00f0ustu stund&#8220; er tr\u00falega \u00e1tt vi\u00f0 dagana \u00e1 undan endi veraldar, e\u00f0a hinn efsta dag \u00feegar Gu\u00f0 mun d\u00e6ma heiminn.\u00a0 \u00c1 \u00feeim d\u00f6gum ver\u00f0ur miki\u00f0 um falssp\u00e1menn og villukenningar (sj\u00e1 og 2P\u00e9t 3.3;\u00a02\u00deess 2.1-12;\u00a0 2T\u00edm 3.1-9; 4.3,4).<\/p>\n<p>&#8222;Andkristur&#8220; (\u00e1 gr\u00edsku <em>antichristos<\/em>)\u00a0 er andst\u00e6\u00f0ingur Krists.\u00a0 Kenningum hans er jafna\u00f0 vi\u00f0 kenningar \u00feeirra \u00f3vina Krists, sem \u00feegar eru komnir fram (2.19;\u00a0sj\u00e1 athugagrein vi\u00f01.10).\u00a0 \u00deetta heiti er einungis a\u00f0 finna \u00ed J\u00f3hannesarbr\u00e9funum \u00feremur (1J\u00f3h 2.18,22;\u00a0 4.3;\u00a02J\u00f3h 7), en sj\u00e1 \u00fe\u00f3 jafnframt 2\u00deess 2.1-12 og Opb 12.-14.<\/p>\n<p><strong>2.19<\/strong><em>\u00a0\u00deeir komu \u00far okkar h\u00f3pi: <\/em>\u00a0\u00deeir, sem \u00e1\u00f0ur h\u00f6f\u00f0u fylgt Kristi dyggilega, en voru n\u00fa fallnir fr\u00e1 og or\u00f0nir \u00f3vinir hans.\u00a0\u00deeir neitu\u00f0u \u00fev\u00ed, a\u00f0 Jes\u00fas hef\u00f0i veri\u00f0 Kristur, hinn \u00fatvaldi Drottins (2.22).\u00a0 \u00deeir kunna og a\u00f0 hafa haldi\u00f0 \u00fev\u00ed fram, a\u00f0 \u00feeim v\u00e6ri \u00f3m\u00f6gulegt a\u00f0 syndga (sj\u00e1 athugagrein vi\u00f0 1.10) og s\u00f6mulei\u00f0is sta\u00f0h\u00e6ft, a\u00f0 Jes\u00fas hef\u00f0i ekki veri\u00f0 \u00ed venjulegum mannsl\u00edkama (4.2).<\/p>\n<p><strong>2.20 <em>\u00a0<\/em><\/strong><em>Hinn heilagi: <\/em>\u00a0Sj\u00e1 athugagrein vi\u00f0 1.3 (Jes\u00fa Krist).\u00a0 Merkingin \u00ed or\u00f0inu &#8222;heilagur&#8220; er &#8222;fr\u00e1tekinn til \u00fej\u00f3nustu vi\u00f0 Drottin.&#8220;<\/p>\n<p><strong>2.20<\/strong><em>\u00a0smurt ykkur:\u00a0 <\/em>\u00deegar be\u00f0i\u00f0 var fyrir sj\u00fakum var ol\u00edfuol\u00edu hellt yfir h\u00f6fu\u00f0 \u00feeim\u00a0 (Jak 5.14) og var \u00fea\u00f0 kalla\u00f0 &#8222;smurning.&#8220;\u00a0 \u00de\u00e1 var og til si\u00f0s a\u00f0 smyrja sk\u00edrnar\u00feega.\u00a0 Vi\u00f0 sk\u00edrnina \u00f6\u00f0lu\u00f0ust menn, \u00fe\u00e1 sem n\u00fa,\u00a0fyrirgefningu syndanna, l\u00edf og s\u00e1luhj\u00e1lp (sj\u00e1 2.27).<\/p>\n<p><strong>2.21<\/strong><em>\u00a0sannleikann:\u00a0 <\/em>\u00a0Sj\u00e1 athugagrein vi\u00f0 1.6.<\/p>\n<p><strong>2.22<\/strong><em>\u00a0f\u00f6\u00f0urnum og syninum: <\/em>\u00a0Sj\u00e1 athugagreinar vi\u00f0 1.2 (f\u00f6\u00f0urnum) og 1.3 (son hans).<\/p>\n<p><strong>2.24 <em>\u00a0<\/em><\/strong><em>st\u00f6\u00f0ug \u00ed samf\u00e9lagi vi\u00f0 soninn og f\u00f6\u00f0urinn:\u00a0 <\/em>S\u00e1, sem er &#8222;st\u00f6\u00f0ugur&#8220; \u00ed samf\u00e9lagi vi\u00f0 f\u00f6\u00f0urinn og soninn, bi\u00f0ur \u00feess a\u00f0 sannleikur Gu\u00f0s stj\u00f3rni \u00e1vallt b\u00e6\u00f0i huga s\u00ednum og h\u00f6nd.\u00a0 Hann j\u00e1tar l\u00edka, a\u00f0 Jes\u00fas s\u00e9 sonur Gu\u00f0s (4.15).<\/p>\n<p><strong>2.25 <em>\u00a0<\/em><\/strong><em>Hi\u00f0 eil\u00edfa l\u00edf:\u00a0 <\/em>Sj\u00e1 athugagrein vi\u00f0 1.2.<\/p>\n<p><strong>2.26\u00a0<em>\u00a0<\/em><\/strong><em>\u00fe\u00e1 sem eru a\u00f0 lei\u00f0a ykkur afvega:<\/em>\u00a0 Sj\u00e1 athugagreinar vi\u00f0 1.10 og 2.19.<\/p>\n<p><strong>2.27\u00a0<\/strong><em>Andinn, sem Kristur smur\u00f0i ykkur me\u00f0: <\/em>\u00a0Sj\u00e1 athugagrein vi\u00f0 2.20 (smurt ykkur).\u00a0 Me\u00f0 hj\u00e1lp andans \u00fej\u00f3na menn hver \u00f6\u00f0rum \u00ed s\u00f6fnu\u00f0inum og brei\u00f0a \u00fat fagna\u00f0arerindi\u00f0 um Jes\u00fa (sj\u00e1 1Kor 12.1-11).\u00a0 Sj\u00e1 og <a href=\"https:\/\/biblian.is\/fraedsla\/ordtakasafn\/heilagur-andi\/\">&#8222;Heilagur andi&#8220;<\/a>.<\/p>\n<p><strong>2.28<\/strong><em>\u00a0b\u00f6rnin m\u00edn:\u00a0 <\/em>Sj\u00e1 athugagrein vi\u00f0 2.1.<\/p>\n","protected":false},"excerpt":{"rendered":"<p>2.1\u00a0 \u00a0B\u00f6rnin m\u00edn:\u00a0 H\u00f6fundur notar or\u00f0i\u00f0 &#8222;b\u00f6rn&#8220; um alla \u00fe\u00e1, <a href=\"https:\/\/biblian.is\/fraedsla\/ritskyring\/fyrsta-johannesarbref-2-kafli\/\"> [&#8230;]<\/a><\/p>\n","protected":false},"author":1,"featured_media":0,"parent":4829,"menu_order":0,"comment_status":"closed","ping_status":"closed","template":"","meta":{"footnotes":""},"class_list":["post-5020","page","type-page","status-publish","hentry"],"_links":{"self":[{"href":"https:\/\/biblian.is\/fraedsla\/wp-json\/wp\/v2\/pages\/5020","targetHints":{"allow":["GET"]}}],"collection":[{"href":"https:\/\/biblian.is\/fraedsla\/wp-json\/wp\/v2\/pages"}],"about":[{"href":"https:\/\/biblian.is\/fraedsla\/wp-json\/wp\/v2\/types\/page"}],"author":[{"embeddable":true,"href":"https:\/\/biblian.is\/fraedsla\/wp-json\/wp\/v2\/users\/1"}],"replies":[{"embeddable":true,"href":"https:\/\/biblian.is\/fraedsla\/wp-json\/wp\/v2\/comments?post=5020"}],"version-history":[{"count":0,"href":"https:\/\/biblian.is\/fraedsla\/wp-json\/wp\/v2\/pages\/5020\/revisions"}],"up":[{"embeddable":true,"href":"https:\/\/biblian.is\/fraedsla\/wp-json\/wp\/v2\/pages\/4829"}],"wp:attachment":[{"href":"https:\/\/biblian.is\/fraedsla\/wp-json\/wp\/v2\/media?parent=5020"}],"curies":[{"name":"wp","href":"https:\/\/api.w.org\/{rel}","templated":true}]}}