{"id":5018,"date":"2019-04-01T21:20:52","date_gmt":"2019-04-01T21:20:52","guid":{"rendered":"https:\/\/biblian.is\/fraedsla\/?page_id=5018"},"modified":"2026-04-17T13:01:09","modified_gmt":"2026-04-17T13:01:09","slug":"fyrsta-johannesarbref-1-kafli","status":"publish","type":"page","link":"https:\/\/biblian.is\/fraedsla\/ritskyring\/fyrsta-johannesarbref-1-kafli\/","title":{"rendered":"Fyrsta J\u00f3hannesarbr\u00e9f 1. kafli"},"content":{"rendered":"<h3>L\u00edf \u00ed lj\u00f3si Gu\u00f0s<\/h3>\n<p><em>J\u00f3hannes segir fr\u00e1 \u00fev\u00ed \u00ed upphafi er or\u00f0 Gu\u00f0s (Jes\u00fas Kristur) var\u00f0 hold h\u00e9r \u00ed heimi.\u00a0 Vitni a\u00f0 \u00feeim atbur\u00f0i ur\u00f0u menn, sem s\u00e1u, heyr\u00f0u og snertu hann.\u00a0\u00a0 L\u00fd\u00f0ur Gu\u00f0s \u00e1 a\u00f0 ganga \u00ed lj\u00f3sinu me\u00f0 \u00fev\u00ed a\u00f0 j\u00e1ta syndir s\u00ednar (1.8-10), var\u00f0veita or\u00f0 Gu\u00f0s og fylgja ford\u00e6mi Krists (2.5).\u00a0 Sannir l\u00e6risveinar au\u00f0s\u00fdna Gu\u00f0i hl\u00fd\u00f0ni me\u00f0 \u00fev\u00ed a\u00f0 elska hver annan eins og Jes\u00fas elska\u00f0i \u00fe\u00e1;\u00a0 hann, sem ger\u00f0i erindi Gu\u00f0s fr\u00e1 \u00f6r\u00f3fi alda a\u00f0 n\u00fdju bo\u00f0or\u00f0i.<\/em><\/p>\n<p><strong>1.1<\/strong>\u00a0<em>or\u00f0 l\u00edfsins: <\/em>\u00a0Gr\u00edska or\u00f0i\u00f0 &#8222;logos&#8220;, sem h\u00e9r er \u00e1 \u00edslensku \u00fe\u00fdtt me\u00f0 &#8222;or\u00f0&#8220;, \u00fe\u00fd\u00f0ir einnig &#8222;vit, skynsemi, tilgangur.&#8220;\u00a0 H\u00e9r er &#8222;or\u00f0i\u00f0&#8220;\u00a0 Jes\u00fas Kristur, sem gefur heiminum l\u00edf.\u00a0 Jes\u00fas var sannur Gu\u00f0, \u00ed upphafi hj\u00e1 Gu\u00f0i.\u00a0 Allt var\u00f0 til fyrir hann (J\u00f3h 1.2), en hann var l\u00edka sannur ma\u00f0ur, sem menn s\u00e1u, heyr\u00f0u \u00ed og snertu.<\/p>\n<p><strong>1.1 <em>\u00a0<\/em><\/strong><em>fr\u00e1 upphafi: <\/em>\u00a0Sj\u00e1 1M\u00f3s 1.1-2.4, \u00fear sem segir fr\u00e1 sk\u00f6pun heimsins.<\/p>\n<p><strong>1.2<\/strong><em>\u00a0l\u00edfi\u00f0 eil\u00edfa:<\/em>\u00a0 Me\u00f0 &#8222;l\u00edfinu eil\u00edfa&#8220; er \u00e1tt vi\u00f0 Krist Jes\u00fa.\u00a0 Gu\u00f0 hefur og heiti\u00f0 \u00feeim, sem tr\u00faa \u00e1 Jes\u00fa, eil\u00edfu l\u00edfi me\u00f0 s\u00e9r.\u00a0Sj\u00e1 og &#8222;Eil\u00edft l\u00edf&#8220; \u00e1 bls. 1976.<\/p>\n<p><strong>1.2<\/strong><em>\u00a0f\u00f6\u00f0urnum: <\/em>\u00a0\u00cd J\u00f3hannesargu\u00f0spjalli kallar Jes\u00fas Gu\u00f0 oft &#8222;f\u00f6\u00f0ur&#8220; (3.35; 5.20-30; 15.1,16; 17).\u00a0Af \u00fev\u00ed m\u00e1 skilja hi\u00f0 n\u00e1na samband hans vi\u00f0 Gu\u00f0, sem hefur veitt syninum vald til \u00feess a\u00f0 r\u00edkja yfir l\u00fd\u00f0 s\u00ednum.<\/p>\n<p><strong>1.3<\/strong><em>\u00a0son hans Jes\u00fa Krist: <\/em>\u00a0Br\u00e9fritarinn kallar Jes\u00fa &#8222;son f\u00f6\u00f0urins&#8220; og fer ekki milli m\u00e1la, hve n\u00e1nir fa\u00f0ir og sonur eru.\u00a0 &#8222;Kristur&#8220; er sama og gr\u00edska or\u00f0i\u00f0 <em>christos,<\/em>\u00a0 en \u00fea\u00f0 er \u00e1 hebresku &#8222;Mess\u00edas&#8220;, sem \u00fe\u00fd\u00f0ir &#8222;hinn smur\u00f0i&#8220; e\u00f0a &#8222;hinn \u00fatvaldi.&#8220; \u00dea\u00f0 er mess\u00edasar-titill Jes\u00fa og m\u00e1 \u00fdmist hafa \u00e1 undan nafni hans e\u00f0a \u00e1 eftir.\u00a0 Sj\u00e1 &#8222;Mess\u00edas (hinn \u00fatvaldi)&#8220; \u00e1 bls. 1086 og &#8222;Sonur Gu\u00f0s&#8220; \u00e1 bls. 1947.<\/p>\n<p><strong>1.4<\/strong><em>\u00a0vor:<\/em>\u00a0 \u00cd sumum handritum &#8222;ykkar.&#8220; <strong>\u00a0<\/strong><\/p>\n<p><strong>1.5<\/strong>\u00a0<em>&#8222;Gu\u00f0 er lj\u00f3s og myrkur er alls ekki \u00ed honum&#8220;:\u00a0 <\/em>Sj\u00e1 athugagrein \u00e1 bls. 2291.<\/p>\n<p><strong>1.6 <em>\u00a0\u00a0<\/em><\/strong><em>sannleikann:<\/em>\u00a0\u00a0 \u00de\u00f3tt synd og dau\u00f0i hafi veri\u00f0 sigru\u00f0, \u00feegar Jes\u00fas d\u00f3 og var reistur upp fr\u00e1 dau\u00f0um,\u00a0\u00feurfa \u00feeir sem honum fylgja samt a\u00f0 j\u00e1ta syndir s\u00ednar.\u00a0 \u00deessi sannindi m\u00e6la \u00feeirri villukenningu \u00ed m\u00f3ti, a\u00f0 Jes\u00fas hafi einasta virst vera sannur ma\u00f0ur og l\u00e6risveinar hans s\u00e9u frj\u00e1lsir a\u00f0 \u00fev\u00ed a\u00f0 lifa eins og \u00fe\u00e1 lystir.\u00a0 Sj\u00e1 og &#8222;Sannleikur&#8220; \u00e1 bls. 1992.<\/p>\n<p><strong>1.7<\/strong>\u00a0<em>bl\u00f3\u00f0 Jes\u00fa, sonar hans, hreinsar oss af allri synd: <\/em>\u00a0N\u00fdja testamenti\u00f0 kennir, a\u00f0 dau\u00f0i Gu\u00f0s sonarins, Jes\u00fa Krists, hafi veri\u00f0 syndaf\u00f3rn til fri\u00f0\u00fe\u00e6gingar fyrir afbrot mannanna (sj\u00e1 Post 2.23;\u00a0 R\u00f3m 3.25,26;\u00a0Heb 2.16,17; 9.25,26).\u00a0 \u00de\u00e1 var \u00fathellt bl\u00f3\u00f0i Jes\u00fa, sem var sannur ma\u00f0ur, en ekki himnesk eil\u00edf\u00f0arvera.\u00a0 \u00deeir, sem &#8222;syndga&#8220; sn\u00faa baki vi\u00f0 sannleika Gu\u00f0s og fyrirheitum hans.\u00a0 Sj\u00e1 og &#8222;Synd&#8220; \u00e1 bls. 2089.<\/p>\n<p><strong>1.10<\/strong>\u00a0<em>or\u00f0 hans er ekki \u00ed okkur:<\/em>\u00a0 E\u00f0a &#8222;af \u00fev\u00ed a\u00f0 vi\u00f0 h\u00f6fum ekki veitt\u00a0 bo\u00f0skap hans vi\u00f0t\u00f6ku.&#8220;<\/p>\n<p><strong>1.10\u00a0<\/strong><em>Ef vi\u00f0 segjum:\u00a0 &#8222;Vi\u00f0 h\u00f6fum ekki syndga\u00f0&#8220;:<\/em>\u00a0 S\u00fdnilega hafa einhverjir falskennendur haldi\u00f0 \u00fev\u00ed fram, a\u00f0 \u00feeir sem fylgdu Jes\u00fa \u00feyrftu ekki a\u00f0 j\u00e1ta syndir s\u00ednar.\u00a0 \u00deeir hafa tr\u00falega kennt, a\u00f0 si\u00f0areglur v\u00e6ru handa \u00feeim einum, sem jar\u00f0bundnir v\u00e6ru.\u00a0\u00dea\u00f0 var tr\u00fa \u00feeirra, a\u00f0 sj\u00e1lfir byggju \u00feeir yfir \u00e6\u00f0ri, andlegri speki, sem ylli \u00fev\u00ed a\u00f0 \u00feeim v\u00e6ri \u00f3gj\u00f6rningur a\u00f0 syndga og hef\u00f0u \u00feeir \u00fear af lei\u00f0andi engar syndir a\u00f0 j\u00e1ta.<\/p>\n","protected":false},"excerpt":{"rendered":"<p>L\u00edf \u00ed lj\u00f3si Gu\u00f0s J\u00f3hannes segir fr\u00e1 \u00fev\u00ed \u00ed upphafi <a href=\"https:\/\/biblian.is\/fraedsla\/ritskyring\/fyrsta-johannesarbref-1-kafli\/\"> [&#8230;]<\/a><\/p>\n","protected":false},"author":1,"featured_media":0,"parent":4829,"menu_order":0,"comment_status":"closed","ping_status":"closed","template":"","meta":{"footnotes":""},"class_list":["post-5018","page","type-page","status-publish","hentry"],"_links":{"self":[{"href":"https:\/\/biblian.is\/fraedsla\/wp-json\/wp\/v2\/pages\/5018","targetHints":{"allow":["GET"]}}],"collection":[{"href":"https:\/\/biblian.is\/fraedsla\/wp-json\/wp\/v2\/pages"}],"about":[{"href":"https:\/\/biblian.is\/fraedsla\/wp-json\/wp\/v2\/types\/page"}],"author":[{"embeddable":true,"href":"https:\/\/biblian.is\/fraedsla\/wp-json\/wp\/v2\/users\/1"}],"replies":[{"embeddable":true,"href":"https:\/\/biblian.is\/fraedsla\/wp-json\/wp\/v2\/comments?post=5018"}],"version-history":[{"count":0,"href":"https:\/\/biblian.is\/fraedsla\/wp-json\/wp\/v2\/pages\/5018\/revisions"}],"up":[{"embeddable":true,"href":"https:\/\/biblian.is\/fraedsla\/wp-json\/wp\/v2\/pages\/4829"}],"wp:attachment":[{"href":"https:\/\/biblian.is\/fraedsla\/wp-json\/wp\/v2\/media?parent=5018"}],"curies":[{"name":"wp","href":"https:\/\/api.w.org\/{rel}","templated":true}]}}