{"id":5014,"date":"2019-04-01T21:13:59","date_gmt":"2019-04-01T21:13:59","guid":{"rendered":"https:\/\/biblian.is\/fraedsla\/?page_id=5014"},"modified":"2022-12-16T13:58:55","modified_gmt":"2022-12-16T13:58:55","slug":"drottinn-eitt-af-virdingarnofnum-jesu","status":"publish","type":"page","link":"https:\/\/biblian.is\/fraedsla\/ordtakasafn\/drottinn-eitt-af-virdingarnofnum-jesu\/","title":{"rendered":"Drottinn (Eitt af vir\u00f0ingarn\u00f6fnum Jes\u00fa)"},"content":{"rendered":"<p>Drottinn er \u00e1 gr\u00edsku &#8222;kyrios&#8220; og getur \u00fe\u00fdtt &#8222;meistari&#8220; e\u00f0a &#8222;herra&#8220;.\u00a0 \u00deessi titill jafgildir \u00fe\u00f3 ekki nafninu &#8222;Drottinn&#8220;, \u00feegar \u00fea\u00f0 er nota\u00f0 um sj\u00e1lfan Gu\u00f0, \u00fe.e. &#8222;Jahve.&#8220; \u00a0\u00cd r\u00f3mverska heimsveldinu var &#8222;drottinn&#8220; haft um keisarann, sem var einvaldur, \u00fe\u00f3 ekki v\u00e6ri hann gu\u00f0.\u00a0 \u00cd N\u00fdja testamenti er &#8222;drottinn&#8220; vir\u00f0ingarheiti Jes\u00fa, konungsins sem reistur hefur veri\u00f0 fr\u00e1 dau\u00f0um og situr vi\u00f0 Gu\u00f0s h\u00e6gri h\u00f6nd.\u00a0Or\u00f0i\u00f0 hefur \u00fe\u00e1 s\u00f6mu merkingu og &#8222;Kristur.&#8220;\u00a0 \u00cd samr\u00e6mi vi\u00f0 \u00feetta pr\u00e9dika\u00f0i P\u00e9tur postuli svo:\u00a0 &#8222;Me\u00f0 \u00f6ruggri vissu viti \u00fe\u00e1 \u00f6ll \u00cdsraels \u00e6tt a\u00f0 \u00feennan Jes\u00fa, sem \u00fei\u00f0 krossfestu\u00f0, hefur Gu\u00f0 gert b\u00e6\u00f0i a\u00f0 Drottni og Kristi&#8220; (Post 2.36).\u00a0 Vi\u00f0 konungahir\u00f0ir var arame\u00edska or\u00f0i\u00f0 <em>maran<\/em>nota\u00f0 um konunginn og \u00fe\u00fd\u00f0ir \u00fea\u00f0 &#8222;drottinn vor.&#8220;\u00a0 \u00c1 tveimur st\u00f6\u00f0um \u00ed N\u00fdja testamenti \u00e1kallar s\u00f6fnu\u00f0urinn Jes\u00fa me\u00f0 or\u00f0unum <em>marana \u00fea<\/em>:\u00a0 Drottinn vor, kom \u00fe\u00fa! (1Kor 16.22; Opb 22.20).<\/p>\n<p>&#8222;Jes\u00fas er Drottinn&#8220; kemur nokkrum sinnum fyrir \u00ed br\u00e9fum P\u00e1ls postula (R\u00f3m 10.9; 1Kor 8.6; 12.3; 2Kor 4.5).\u00a0 \u00dea\u00f0 er elsta og stysta tr\u00faarj\u00e1tningin \u00ed N\u00fdja testamenti. Hinir fyrstu kristnu menn voru l\u00e1tnir gjalda \u00feeirrar tr\u00faar sinnar, a\u00f0 Gu\u00f0 hef\u00f0i reist Jes\u00fa upp fr\u00e1 dau\u00f0um, l\u00e1ti\u00f0 hann setjast s\u00e9r til h\u00e6gri handar og gefi\u00f0 honum nafni\u00f0 sem \u00f6llum n\u00f6fnum er meira.\u00a0 \u00dea\u00f0 styrkti \u00fe\u00e1 a\u00f0 j\u00e1ta a\u00f0 Kristur v\u00e6ri Drottinn.\u00a0 P\u00e1ll vitnar \u00ed gamlan s\u00e1lm, \u00fear sem segir:\u00a0 &#8222;&#8220;Fyrir \u00fev\u00ed hefur og Gu\u00f0 h\u00e1tt upp hafi\u00f0 hann og gefi\u00f0 honum nafni\u00f0, sem hverju nafni er \u00e6\u00f0ra, til \u00feess a\u00f0 fyrir nafni Jes\u00fa skuli hvert kn\u00e9 beygja sig \u00e1 himni, j\u00f6r\u00f0u og undir j\u00f6r\u00f0u og s\u00e9rhver tunga j\u00e1ta Gu\u00f0i f\u00f6\u00f0ur til d\u00fdr\u00f0ar:\u00a0 Jes\u00fas Kristur er Drottinn.&#8220;\u00a0 (Fil 2.9-11).<\/p>\n","protected":false},"excerpt":{"rendered":"<p>Drottinn er \u00e1 gr\u00edsku &#8222;kyrios&#8220; og getur \u00fe\u00fdtt &#8222;meistari&#8220; e\u00f0a <a href=\"https:\/\/biblian.is\/fraedsla\/ordtakasafn\/drottinn-eitt-af-virdingarnofnum-jesu\/\"> [&#8230;]<\/a><\/p>\n","protected":false},"author":1,"featured_media":0,"parent":4827,"menu_order":0,"comment_status":"closed","ping_status":"closed","template":"","meta":{"footnotes":""},"class_list":["post-5014","page","type-page","status-publish","hentry"],"_links":{"self":[{"href":"https:\/\/biblian.is\/fraedsla\/wp-json\/wp\/v2\/pages\/5014","targetHints":{"allow":["GET"]}}],"collection":[{"href":"https:\/\/biblian.is\/fraedsla\/wp-json\/wp\/v2\/pages"}],"about":[{"href":"https:\/\/biblian.is\/fraedsla\/wp-json\/wp\/v2\/types\/page"}],"author":[{"embeddable":true,"href":"https:\/\/biblian.is\/fraedsla\/wp-json\/wp\/v2\/users\/1"}],"replies":[{"embeddable":true,"href":"https:\/\/biblian.is\/fraedsla\/wp-json\/wp\/v2\/comments?post=5014"}],"version-history":[{"count":0,"href":"https:\/\/biblian.is\/fraedsla\/wp-json\/wp\/v2\/pages\/5014\/revisions"}],"up":[{"embeddable":true,"href":"https:\/\/biblian.is\/fraedsla\/wp-json\/wp\/v2\/pages\/4827"}],"wp:attachment":[{"href":"https:\/\/biblian.is\/fraedsla\/wp-json\/wp\/v2\/media?parent=5014"}],"curies":[{"name":"wp","href":"https:\/\/api.w.org\/{rel}","templated":true}]}}