{"id":5012,"date":"2019-04-01T21:12:45","date_gmt":"2019-04-01T21:12:45","guid":{"rendered":"https:\/\/biblian.is\/fraedsla\/?page_id=5012"},"modified":"2022-12-16T13:59:11","modified_gmt":"2022-12-16T13:59:11","slug":"matteusargudspjall-7-kafli","status":"publish","type":"page","link":"https:\/\/biblian.is\/fraedsla\/ritskyring\/matteusargudspjall-7-kafli\/","title":{"rendered":"Matteusargu\u00f0spjall 7. kafli"},"content":{"rendered":"<p><strong>7.12<\/strong><em>l\u00f6gm\u00e1li\u00f0 og sp\u00e1mennirnir: <\/em>\u00a0Sj\u00e1 athugagrein vi\u00f0 5.17.<\/p>\n<p><strong>7.15<\/strong><em>falssp\u00e1menn:<\/em>\u00a0 \u00deeir sem l\u00e1tast flytja Gu\u00f0s or\u00f0 en lei\u00f0a \u00ed raun l\u00fd\u00f0inn \u00ed burt fr\u00e1 sannleikanum og kalla yfir hann vandr\u00e6\u00f0i.<\/p>\n<p><strong>7.16<\/strong><em>f\u00edkjur<\/em>:\u00a0F\u00edkjur eru \u00e1v\u00f6xtur tr\u00e9s me\u00f0 greinar og lauf, sem n\u00e1 allt ni\u00f0ur \u00e1 j\u00f6r\u00f0u, s\u00e6tar \u00e1 brag\u00f0i\u00f0.\u00a0 F\u00edkjutr\u00e9 getur or\u00f0i\u00f0 allt a\u00f0 9 metrar \u00e1 h\u00e6\u00f0 og ber \u00e1vexti tvisvar \u00e1 \u00e1ri.\u00a0 Vorf\u00edkjur \u00feroskast \u00ed j\u00fan\u00ed og eru etnar n\u00fdjar.\u00a0 Hinar s\u00ed\u00f0v\u00f6xnu eru t\u00edndar \u00ed \u00e1g\u00fast og september.\u00a0 \u00de\u00e6r voru \u00feurrka\u00f0ar \u00e1 fl\u00f6tum h\u00fas\u00fe\u00f6kunum og geymdar til vetrarins.<\/p>\n<p><strong>7.22<\/strong><em>\u00e1 \u00feeim degi: <\/em>\u00a0\u00c1 d\u00f3msdegi.\u00a0H\u00e9r er \u00e1tt vi\u00f0 \u00fe\u00e1 t\u00ed\u00f0, \u00feegar Gu\u00f0 mun rannsaka hvernig menn hafa lifa\u00f0 og d\u00e6ma um \u00fea\u00f0 hvort \u00feeir hafi veri\u00f0 tr\u00fair og s\u00e9r hl\u00fd\u00f0nir.\u00a0 \u00deetta er fyrirfer\u00f0armiki\u00f0 umr\u00e6\u00f0uefni \u00ed Matteusargu\u00f0spjalli.<\/p>\n<p><strong>7.28<\/strong><em>\u00deegar Jes\u00fas haf\u00f0i loki\u00f0 \u00feessari r\u00e6\u00f0u:\u00a0 <\/em>\u00deessi or\u00f0, e\u00f0a \u00f6nnur \u00e1l\u00edka, koma fyrir fimm sinnum \u00ed Matteusargu\u00f0spjalli.\u00a0 \u00deau marka \u00fe\u00e1ttaskil \u00ed ritinu.\u00a0 4. til 25. kap\u00edtula m\u00e1 skipta \u00ed fimm hluta og l\u00fdkur hverjum \u00feeirra me\u00f0 \u00feessum e\u00f0a svipu\u00f0um h\u00e6tti.\u00a0 Hvern \u00feessara hluta m\u00e1 svo greina sundur \u00ed tvennt og hermir hinn fyrri \u00feeirra fr\u00e1 ath\u00f6fnum Jes\u00fa en hinn s\u00ed\u00f0ari fr\u00e1 kenningu hans.<\/p>\n","protected":false},"excerpt":{"rendered":"<p>7.12l\u00f6gm\u00e1li\u00f0 og sp\u00e1mennirnir: \u00a0Sj\u00e1 athugagrein vi\u00f0 5.17. 7.15falssp\u00e1menn:\u00a0 \u00deeir sem <a href=\"https:\/\/biblian.is\/fraedsla\/ritskyring\/matteusargudspjall-7-kafli\/\"> [&#8230;]<\/a><\/p>\n","protected":false},"author":1,"featured_media":0,"parent":4829,"menu_order":0,"comment_status":"closed","ping_status":"closed","template":"","meta":{"footnotes":""},"class_list":["post-5012","page","type-page","status-publish","hentry"],"_links":{"self":[{"href":"https:\/\/biblian.is\/fraedsla\/wp-json\/wp\/v2\/pages\/5012","targetHints":{"allow":["GET"]}}],"collection":[{"href":"https:\/\/biblian.is\/fraedsla\/wp-json\/wp\/v2\/pages"}],"about":[{"href":"https:\/\/biblian.is\/fraedsla\/wp-json\/wp\/v2\/types\/page"}],"author":[{"embeddable":true,"href":"https:\/\/biblian.is\/fraedsla\/wp-json\/wp\/v2\/users\/1"}],"replies":[{"embeddable":true,"href":"https:\/\/biblian.is\/fraedsla\/wp-json\/wp\/v2\/comments?post=5012"}],"version-history":[{"count":0,"href":"https:\/\/biblian.is\/fraedsla\/wp-json\/wp\/v2\/pages\/5012\/revisions"}],"up":[{"embeddable":true,"href":"https:\/\/biblian.is\/fraedsla\/wp-json\/wp\/v2\/pages\/4829"}],"wp:attachment":[{"href":"https:\/\/biblian.is\/fraedsla\/wp-json\/wp\/v2\/media?parent=5012"}],"curies":[{"name":"wp","href":"https:\/\/api.w.org\/{rel}","templated":true}]}}