{"id":5005,"date":"2019-04-01T21:06:42","date_gmt":"2019-04-01T21:06:42","guid":{"rendered":"https:\/\/biblian.is\/fraedsla\/?page_id=5005"},"modified":"2022-12-16T13:59:11","modified_gmt":"2022-12-16T13:59:11","slug":"matteusargudspjall-4-kafli","status":"publish","type":"page","link":"https:\/\/biblian.is\/fraedsla\/ritskyring\/matteusargudspjall-4-kafli\/","title":{"rendered":"Matteusargu\u00f0spjall 4. kafli"},"content":{"rendered":"<p><strong>4.1<\/strong>\u00a0 <em>andinn&#8230;.dj\u00f6fullinn:<\/em>\u00a0 Sj\u00e1 athugagrein vi\u00f0 1.18 (Heilagur andi).\u00a0 Dj\u00f6fullinn er h\u00f6f\u00f0ingi annarlegra afla og ill\u00fe\u00fd\u00f0is, sem stendur gegn Gu\u00f0i og l\u00fd\u00f0 hans. Sj\u00e1 &#8222;Satan&#8220; \u00e1 bls. 945.<\/p>\n<p><strong>4.1<\/strong><em>\u00f3bygg\u00f0ina<\/em>:\u00a0 L\u00edklega \u00f3bygg\u00f0ir J\u00fadeu.\u00a0 Sj\u00e1 athugagrein vi\u00f0 3.1.<\/p>\n<p><strong>4.2<\/strong><em>fasta\u00f0i Jes\u00fas fj\u00f6rut\u00edu daga<\/em>:\u00a0 Gy\u00f0ingar l\u00e9tu \u00e1 m\u00f3ti s\u00e9r a\u00f0 neyta matar vi\u00f0 s\u00e9rst\u00f6k t\u00e6kif\u00e6ri (\u00fea\u00f0 var kalla\u00f0 a\u00f0 &#8222;fasta&#8220;) til \u00feess a\u00f0 au\u00f0s\u00fdna hrygg\u00f0 yfir syndum s\u00ednum.\u00a0H\u00e9r fastar Jes\u00fas a\u00f0 l\u00edkindum til vitnis um hollustu s\u00edna vi\u00f0 Gu\u00f0, alveg eins og M\u00f3se ger\u00f0i for\u00f0um (5M\u00f3s 9.9,18).\u00a0Talan 40 er mikillar merkingar \u00ed Bibl\u00edunni og hefur r\u00edkt t\u00e1kngildi. \u00a0Sj\u00e1 og t\u00f6fluna &#8222;T\u00f6lur \u00ed Bibl\u00edunni&#8220; \u00e1 bls. 2310.<\/p>\n<p><strong>4.3<\/strong>\u00a0<em>bj\u00f3\u00f0 \u00fe\u00fa a\u00f0 steinar \u00feessir ver\u00f0i a\u00f0 brau\u00f0um:<\/em>\u00a0 Dj\u00f6fullinn notar s\u00e9r svengd Jes\u00fa til \u00feess a\u00f0 f\u00e1 hann til \u00feess a\u00f0 \u00f3hl\u00fd\u00f0nast Gu\u00f0i.<\/p>\n<h3>Jes\u00fas pr\u00e9dikar fagna\u00f0arerindi\u00f0 \u00ed Gal\u00edleu og J\u00fadeu.<\/h3>\n<p><em>N\u00e6sti meginkafli Matteusargu\u00f0spjalls segir fr\u00e1 \u00fev\u00ed sem Jes\u00fas ger\u00f0i og kenndi, fyrst \u00ed heimah\u00e9ra\u00f0i s\u00ednu, Gal\u00edleu (4.12-18.34), og s\u00ed\u00f0an \u00ed J\u00fadeu (19.1-20.34).\u00a0 Hann hefur sagt \u00fea\u00f0 fyrir, a\u00f0 hann muni fara upp til Jer\u00fasalem og m\u00e6ta \u00fear \u00f3vinum s\u00ednum (16.21).<\/em><\/p>\n<p><strong>4.13<\/strong><em>Kaperna\u00fam vi\u00f0 vatni\u00f0<\/em>:\u00a0Bl\u00f3mlegt fiski\u00feorp vi\u00f0 Gal\u00edleuvatni\u00f0 nor\u00f0anvert, \u00fear sem l\u00e1 fj\u00f6lfarin verslunarlei\u00f0 milli Egyptalands og S\u00fdrlands.\u00a0\u00cd samt\u00edma Jes\u00fa var Kaperna\u00fam b\u00e6kist\u00f6\u00f0 r\u00f3mverskra hermanna sem litu eftir innheimtu skatta.\u00a0 Jes\u00fas f\u00f3r fr\u00e1 Nasaret til Kaperna\u00fam (J\u00f3h 2.12).\u00a0 \u00c1in J\u00f3rdan rennur \u00far nor\u00f0ri \u00ed Gal\u00edleuvatn, sem er umlukt fjallahring.\u00a0 \u00dea\u00f0 er sama vatni\u00f0 og l\u00edka er \u00fdmist nefnt Genesaretvatn (L\u00faka 5:1) e\u00f0a T\u00edber\u00edasvatn (J\u00f3h 6.1;21.1).\u00a0 Sj\u00e1 kort \u00e1 bls 2375.<\/p>\n<p><strong>4.13<\/strong><em>Seb\u00falons og Naftal\u00ed:<\/em>\u00a0 \u00deessir \u00e6ttflokkar \u00cdsraelsmanna t\u00f3ku s\u00e9r b\u00f3lfestu \u00ed nor\u00f0urhluta Palest\u00ednu \u00e1 t\u00edmum Gamla testamentis.\u00a0 \u00c1 \u00feeim \u00e1ratugum, sem N\u00fdja testamenti\u00f0 greinir fr\u00e1, bjuggu margir hei\u00f0ingjar (f\u00f3lk, sem ekki var Gy\u00f0ingar) \u00ed \u00feessum bygg\u00f0um.<\/p>\n<p><strong>4.17<\/strong><em>himnar\u00edki er \u00ed n\u00e1nd:<\/em>\u00a0 Sj\u00e1 athugagrein vi\u00f0 3.2.<\/p>\n<p><strong>4.18<\/strong><em>kasta neti&#8230;.fiskimenn<\/em>:\u00a0 \u00c1 Gal\u00edleuvatni var fiskur oft veiddur me\u00f0 \u00fev\u00ed a\u00f0 menn sveiflu\u00f0u hringlaga neti yfir h\u00f6f\u00f0i s\u00e9r og k\u00f6stu\u00f0u \u00ed grunnt vatni\u00f0.\u00a0L\u00f3\u00f0 \u00e1 j\u00f6\u00f0rum \u00feess ger\u00f0u a\u00f0 verkum a\u00f0 neti\u00f0 s\u00f6kk og mynda\u00f0i l\u00edkt og hvelfingu.\u00a0 \u00deegar fiskimennirnir ur\u00f0u varir loku\u00f0u \u00feeir netinu me\u00f0 \u00fev\u00ed a\u00f0 draga til s\u00edn l\u00ednu.\u00a0 Sj\u00e1 n\u00e1nar greinarnar &#8222;Hvernig bjarga\u00f0ist f\u00f3lk \u00e1 d\u00f6gum Jes\u00fa?&#8220; \u00e1 bls. 1714 og &#8222;Fiskur og fiskvei\u00f0ar&#8220; \u00e1 bls. 1815.<\/p>\n<p><strong>4.23<\/strong>.\u00a0<em>\u00ed samkundum \u00feeirra:<\/em>\u00a0 Gr\u00edska or\u00f0i\u00f0 er &#8222;s\u00fdnag\u00f3ga&#8220;.\u00a0 Sj\u00e1 greinina &#8222;Samkundurnar&#8220; \u00e1 bls. 1743.<\/p>\n<p><strong>4.24<\/strong>\u00a0<em>tunglsj\u00faka menn:<\/em>\u00a0 Til forna var \u00e1liti\u00f0 a\u00f0 f\u00f3lk me\u00f0 krampa (\u00f3sj\u00e1lfr\u00e1\u00f0an samdr\u00e1tt \u00ed v\u00f6\u00f0vum (t.d. vegna flogaveiki) v\u00e6ri brj\u00e1la\u00f0 ellegar \u00e1 valdi tunglsins e\u00f0a illra anda.<\/p>\n<p><strong>4.25<\/strong><em>Dekap\u00f3lis:<\/em>\u00a0 Samband t\u00edu borga fyrir austan Samar\u00edu og Gal\u00edleu, og voru \u00edb\u00faar \u00feeirra mestan part hei\u00f0ingjar (f\u00f3lki, sem ekki var gy\u00f0ingar).\u00a0 Byggingarnar \u00ed \u00feeim voru margar reistar samkv\u00e6mt gr\u00edskri h\u00fasager\u00f0arlist og \u00feeim komi\u00f0 fyrir a\u00f0 h\u00e6tti gr\u00edskra borga. \u00cdb\u00faarnir s\u00f6mdu sig a\u00f0 si\u00f0um Grikkja. Lesa meira um Dekap\u00f3lis.<\/p>\n","protected":false},"excerpt":{"rendered":"<p>4.1\u00a0 andinn&#8230;.dj\u00f6fullinn:\u00a0 Sj\u00e1 athugagrein vi\u00f0 1.18 (Heilagur andi).\u00a0 Dj\u00f6fullinn er <a href=\"https:\/\/biblian.is\/fraedsla\/ritskyring\/matteusargudspjall-4-kafli\/\"> [&#8230;]<\/a><\/p>\n","protected":false},"author":1,"featured_media":0,"parent":4829,"menu_order":0,"comment_status":"closed","ping_status":"closed","template":"","meta":{"footnotes":""},"class_list":["post-5005","page","type-page","status-publish","hentry"],"_links":{"self":[{"href":"https:\/\/biblian.is\/fraedsla\/wp-json\/wp\/v2\/pages\/5005","targetHints":{"allow":["GET"]}}],"collection":[{"href":"https:\/\/biblian.is\/fraedsla\/wp-json\/wp\/v2\/pages"}],"about":[{"href":"https:\/\/biblian.is\/fraedsla\/wp-json\/wp\/v2\/types\/page"}],"author":[{"embeddable":true,"href":"https:\/\/biblian.is\/fraedsla\/wp-json\/wp\/v2\/users\/1"}],"replies":[{"embeddable":true,"href":"https:\/\/biblian.is\/fraedsla\/wp-json\/wp\/v2\/comments?post=5005"}],"version-history":[{"count":0,"href":"https:\/\/biblian.is\/fraedsla\/wp-json\/wp\/v2\/pages\/5005\/revisions"}],"up":[{"embeddable":true,"href":"https:\/\/biblian.is\/fraedsla\/wp-json\/wp\/v2\/pages\/4829"}],"wp:attachment":[{"href":"https:\/\/biblian.is\/fraedsla\/wp-json\/wp\/v2\/media?parent=5005"}],"curies":[{"name":"wp","href":"https:\/\/api.w.org\/{rel}","templated":true}]}}