{"id":4997,"date":"2019-03-23T01:19:29","date_gmt":"2019-03-23T01:19:29","guid":{"rendered":"https:\/\/biblian.is\/fraedsla\/?page_id=4997"},"modified":"2026-04-17T13:01:04","modified_gmt":"2026-04-17T13:01:04","slug":"efesus","status":"publish","type":"page","link":"https:\/\/biblian.is\/fraedsla\/ordtakasafn\/efesus\/","title":{"rendered":"Efesus"},"content":{"rendered":"<p><span lang=\"SQ\">\u00c1 kristnibo\u00f0sfer\u00f0um s\u00ednum kom P\u00e1ll postuli til margra borga vi\u00f0 Eyjahafi\u00f0.\u00a0 \u00deegar hann h\u00e9lt fr\u00e1 Ant\u00edokk\u00edu kom hann \u00f6\u00f0ru sinni til Efesus, sem var bl\u00f3mlegasta verslunarborgin \u00ed r\u00f3mverska skattlandinu As\u00edu.\u00a0Verndargo\u00f0 Efesusborgar var meygy\u00f0jan Artemis.\u00a0 Musteri hennar var st\u00e6rsta bygging Grikklands til forna, tali\u00f0 me\u00f0 &#8222;sj\u00f6 undrum&#8220; veraldar. \u00c1 milli tveggja ra\u00f0a af s\u00falum l\u00e1 Arkadiuvegurinn svonefndi a\u00f0 miklum leikvangi, sem kalla\u00f0ur var Leiksvi\u00f0i\u00f0 mikla.\u00a0 \u00dear g\u00e1tu seti\u00f0 25 \u00fe\u00fasund \u00e1horfendur og m\u00e1 vera, a\u00f0 inn \u00e1 \u00feennan leikvang hafi borgarb\u00faar dregi\u00f0 f\u00f6runauta P\u00e1ls, \u00fe\u00e1 Gajus og Aristarkus.\u00a0Silfursmi\u00f0irnir \u00ed Efesus, sem seldu eftirl\u00edkingar af musteri Artemisar, ur\u00f0u \u00e6r\u00f0ir vi\u00f0 P\u00e1l af \u00fev\u00ed a\u00f0 \u00feeir t\u00f6ldu a\u00f0 pr\u00e9dikun hans hef\u00f0i af \u00feeim lifibrau\u00f0i\u00f0.<\/span><\/p>\n","protected":false},"excerpt":{"rendered":"<p>\u00c1 kristnibo\u00f0sfer\u00f0um s\u00ednum kom P\u00e1ll postuli til margra borga vi\u00f0 <a href=\"https:\/\/biblian.is\/fraedsla\/ordtakasafn\/efesus\/\"> [&#8230;]<\/a><\/p>\n","protected":false},"author":1,"featured_media":0,"parent":4827,"menu_order":0,"comment_status":"closed","ping_status":"closed","template":"","meta":{"footnotes":""},"class_list":["post-4997","page","type-page","status-publish","hentry"],"_links":{"self":[{"href":"https:\/\/biblian.is\/fraedsla\/wp-json\/wp\/v2\/pages\/4997","targetHints":{"allow":["GET"]}}],"collection":[{"href":"https:\/\/biblian.is\/fraedsla\/wp-json\/wp\/v2\/pages"}],"about":[{"href":"https:\/\/biblian.is\/fraedsla\/wp-json\/wp\/v2\/types\/page"}],"author":[{"embeddable":true,"href":"https:\/\/biblian.is\/fraedsla\/wp-json\/wp\/v2\/users\/1"}],"replies":[{"embeddable":true,"href":"https:\/\/biblian.is\/fraedsla\/wp-json\/wp\/v2\/comments?post=4997"}],"version-history":[{"count":0,"href":"https:\/\/biblian.is\/fraedsla\/wp-json\/wp\/v2\/pages\/4997\/revisions"}],"up":[{"embeddable":true,"href":"https:\/\/biblian.is\/fraedsla\/wp-json\/wp\/v2\/pages\/4827"}],"wp:attachment":[{"href":"https:\/\/biblian.is\/fraedsla\/wp-json\/wp\/v2\/media?parent=4997"}],"curies":[{"name":"wp","href":"https:\/\/api.w.org\/{rel}","templated":true}]}}