{"id":4969,"date":"2019-03-22T22:36:16","date_gmt":"2019-03-22T22:36:16","guid":{"rendered":"https:\/\/biblian.is\/fraedsla\/?page_id=4969"},"modified":"2022-12-16T13:58:56","modified_gmt":"2022-12-16T13:58:56","slug":"samfundatjaldid","status":"publish","type":"page","link":"https:\/\/biblian.is\/fraedsla\/ordtakasafn\/samfundatjaldid\/","title":{"rendered":"Samfundatjaldi\u00f0"},"content":{"rendered":"<p>\u00deegar Gu\u00f0 f\u00f3l M\u00f3se \u00e1 S\u00edna\u00edfjalli a\u00f0 leggja fyrir \u00cdsraelsmenn l\u00f6gm\u00e1l sitt, bau\u00f0 hann honum jafnframt a\u00f0 gera s\u00e9r helgid\u00f3m, samfundatjald, sem l\u00edka er nefnt &#8222;tjaldb\u00fa\u00f0in&#8220; (2M\u00f3s 25.1-27.21;\u00a0 36.1-38.31).\u00a0\u00cd tjaldinu skyldi gu\u00f0sd\u00fdrkun \u00fej\u00f3\u00f0arinnar fara fram.\u00a0 \u00dear \u00e1ttu menn a\u00f0 f\u00e6ra Gu\u00f0i gjafir og f\u00f3rnir.\u00a0 F\u00f3lki\u00f0 m\u00e1tti safnast saman \u00ed forgar\u00f0i tjaldb\u00fa\u00f0arinnar, en svo h\u00e9t sv\u00e6\u00f0i\u00f0 innan tr\u00e9gir\u00f0ingar umhverfis hana. \u00cd gegnum fortjald fyrir &#8222;hinu heilaga&#8220; m\u00e1ttu engir fara nema prestarnir einir (sj\u00e1 teikninguna \u00e1 n\u00e6stu bla\u00f0s\u00ed\u00f0u h\u00e9r a\u00f0 framan).\u00a0 \u00deeir s\u00e1u um lj\u00f3sastikuna, en lj\u00f3si\u00f0 \u00e1 henni t\u00e1kna\u00f0i n\u00e1vist Gu\u00f0s.\u00a0 \u00deeir g\u00e6ttu \u00feess l\u00edka, a\u00f0 hveitik\u00f6kurnar t\u00f3lf (sko\u00f0unarbrau\u00f0in) \u00e1 sko\u00f0unarbrau\u00f0abor\u00f0inu v\u00e6ru n\u00fdjar \u00e1 hverjum helgidegi.\u00a0 Brau\u00f0in minntu \u00e1 l\u00edfgefandi himnabrau\u00f0i\u00f0 \u00ed ey\u00f0im\u00f6rkinni og \u00feau l\u00e1gu frammi fyrir augliti Drottins sem s\u00edfelld f\u00f3rn (2M\u00f3s 16.1-26; 3M\u00f3s 11.4-9).\u00a0 Reykelsisf\u00f3rn b\u00e1ru prestarnir fram \u00e1 gullnu altarinu og reykurinn, sem upp af henni lag\u00f0i, t\u00e1kna\u00f0i b\u00e6nir safna\u00f0arins.<\/p>\n<p>Anna\u00f0 fortjald, innar, skildi a\u00f0 &#8222;hi\u00f0 heilaga&#8220; og &#8222;hi\u00f0 allrahelgasta.&#8220;\u00a0 Inn fyrir \u00fea\u00f0 leyf\u00f0ist engum a\u00f0 ganga, nema \u00e6\u00f0sta prestinum einu sinni \u00e1 \u00e1ri, er hann \u00e1 fri\u00f0\u00fe\u00e6gingardaginn st\u00f6kkt bl\u00f3\u00f0i syndaf\u00f3rnarhafursins \u00e1 lok s\u00e1ttm\u00e1lsarkarinnar til \u00feess a\u00f0 fri\u00f0\u00fe\u00e6gja fyrir syndir l\u00fd\u00f0sins (3M\u00f3s 16; Heb 9.7).\u00a0 Gulli l\u00f6g\u00f0 s\u00e1ttm\u00e1ls\u00f6rkin, helgasti gripurinn \u00ed tjaldb\u00fa\u00f0inni,\u00a0 st\u00f3\u00f0 \u00ed &#8222;hinu allrahelgasta.&#8220;\u00a0 \u00cd henni voru \u00feessir hlutir geymdir:\u00a0 Gullker, fullt af manna (himnabrau\u00f0i), stafur Arons (4M\u00f3s 17) og bo\u00f0or\u00f0in t\u00edu, ritu\u00f0 \u00e1 steint\u00f6flur.\u00a0 \u00c1 loki arkarinnar s\u00e1tu tveir englar (ker\u00fabar) \u00far gulli.\u00a0 Loki\u00f0 nefndist &#8222;n\u00e1\u00f0arst\u00f3ll&#8220; og t\u00e1kna\u00f0i h\u00e1s\u00e6ti Drottins \u00e1 j\u00f6r\u00f0inni (2M\u00f3s 25.8; 2Kon 19.14,15; Jes 6.1-8).<\/p>\n<p>\u00cd fyrstunni var tjaldb\u00fa\u00f0in einfaldrar ger\u00f0ar, af d\u00faki og h\u00fa\u00f0um.\u00a0 H\u00fan var ekki st\u00e6rri en svo, a\u00f0 M\u00f3se gat reist hana hj\u00e1lparlaust.\u00a0 \u00dea\u00f0 ger\u00f0i hann \u00ed nokkurri fjarl\u00e6g\u00f0 fr\u00e1 \u00e1ningarst\u00f6\u00f0um f\u00f3lksins \u00ed ey\u00f0im\u00f6rkinni, \u00feegar \u00fea\u00f0 var \u00e1 lei\u00f0 til fyrirheitna landsins (2M\u00f3s 37.7-11).\u00a0\u00cd S\u00edl\u00f3 (1Sam 1.1-4) m\u00e1tti gamla tjaldi\u00f0 v\u00edkja fyrir n\u00fdrri og haldbetri tjaldb\u00fa\u00f0.\u00a0 Voru g\u00f6mlu helgigripirnir (\u00f6rkin, lj\u00f3sastikan og sko\u00f0unarbor\u00f0i\u00f0)\u00a0bornir inn \u00ed hana.<\/p>\n","protected":false},"excerpt":{"rendered":"<p>\u00deegar Gu\u00f0 f\u00f3l M\u00f3se \u00e1 S\u00edna\u00edfjalli a\u00f0 leggja fyrir \u00cdsraelsmenn <a href=\"https:\/\/biblian.is\/fraedsla\/ordtakasafn\/samfundatjaldid\/\"> [&#8230;]<\/a><\/p>\n","protected":false},"author":1,"featured_media":0,"parent":4827,"menu_order":0,"comment_status":"closed","ping_status":"closed","template":"","meta":{"footnotes":""},"class_list":["post-4969","page","type-page","status-publish","hentry"],"_links":{"self":[{"href":"https:\/\/biblian.is\/fraedsla\/wp-json\/wp\/v2\/pages\/4969","targetHints":{"allow":["GET"]}}],"collection":[{"href":"https:\/\/biblian.is\/fraedsla\/wp-json\/wp\/v2\/pages"}],"about":[{"href":"https:\/\/biblian.is\/fraedsla\/wp-json\/wp\/v2\/types\/page"}],"author":[{"embeddable":true,"href":"https:\/\/biblian.is\/fraedsla\/wp-json\/wp\/v2\/users\/1"}],"replies":[{"embeddable":true,"href":"https:\/\/biblian.is\/fraedsla\/wp-json\/wp\/v2\/comments?post=4969"}],"version-history":[{"count":0,"href":"https:\/\/biblian.is\/fraedsla\/wp-json\/wp\/v2\/pages\/4969\/revisions"}],"up":[{"embeddable":true,"href":"https:\/\/biblian.is\/fraedsla\/wp-json\/wp\/v2\/pages\/4827"}],"wp:attachment":[{"href":"https:\/\/biblian.is\/fraedsla\/wp-json\/wp\/v2\/media?parent=4969"}],"curies":[{"name":"wp","href":"https:\/\/api.w.org\/{rel}","templated":true}]}}