{"id":4963,"date":"2019-03-22T22:31:49","date_gmt":"2019-03-22T22:31:49","guid":{"rendered":"https:\/\/biblian.is\/fraedsla\/?page_id=4963"},"modified":"2022-12-16T13:58:55","modified_gmt":"2022-12-16T13:58:55","slug":"eldur","status":"publish","type":"page","link":"https:\/\/biblian.is\/fraedsla\/ordtakasafn\/eldur\/","title":{"rendered":"Eldur"},"content":{"rendered":"<p>\u00cd Bibl\u00edunni kemur h\u00f6fu\u00f0skepnan eldur mj\u00f6g vi\u00f0 s\u00f6gu:<\/p>\n<ol>\n<li><em>Eldurinn t\u00e1knar n\u00e1vist Gu\u00f0s.\u00a0 <\/em>\u00a0Fr\u00e6g er \u00ed Gamla testamenti (helgiritum Gy\u00f0inga)\u00a0 sagan af \u00fev\u00ed, er Gu\u00f0 kalla\u00f0i til M\u00f3se \u00far mi\u00f0jum \u00feyrnirunna, sem st\u00f3\u00f0 \u00ed lj\u00f3sum logum (2M\u00f3s 3.2); \u00fe\u00e1 greinir fr\u00e1 \u00fev\u00ed, a\u00f0 eldst\u00f3lpi f\u00f3r fyrir \u00cdsraelsm\u00f6nnum um n\u00e6tur til \u00feess a\u00f0 l\u00fdsa \u00feeim \u00e1 ey\u00f0imerkurg\u00f6ngunni (2M\u00f3s 13.21,22);\u00a0og\u00a0 eldsumbrot ur\u00f0u \u00e1 S\u00edan\u00edfjalli \u00feegar Gu\u00f0 kom \u00fear til fundar vi\u00f0 M\u00f3se og alla \u00fej\u00f3\u00f0ina (2M\u00f3s 19.18;\u00a0 24.17,18;\u00a05M\u00f3s 4.11,35,36).\u00a0 \u00cd N\u00fdja testamenti segir fr\u00e1 gj\u00f6f heilags anda \u00e1 hv\u00edtasunnudag, \u00feegar &#8222;tungur, eins og af eldi v\u00e6ru&#8220; (Post 2.1-4) settust \u00e1 hvern og einn postulanna.\u00a0 Og \u00feegar hermir fr\u00e1 \u00fev\u00ed \u00ed 1. kap\u00edtula Opinberunarb\u00f3kar J\u00f3hannesar, a\u00f0 Jes\u00fas hafi birst h\u00f6fundinum \u00ed s\u00fdn, \u00fe\u00e1 virtist honum augu frelsarans vera &#8222;eins og eldslogi&#8220; og f\u00e6tur hans &#8222;sem gl\u00f3andi m\u00e1lmur \u00ed eldsofni.&#8220;\u00a0Gu\u00f0 vitra\u00f0ist sp\u00e1m\u00f6nnum \u00cdsraels \u00ed bj\u00f6rtum loga (Jes 4.5), kom til jar\u00f0ar \u00ed eldi (Jes 66.15) og sat \u00ed h\u00e1s\u00e6ti, sem var eldslogi (Dan 7.9,10).<\/li>\n<li><em>Brennif\u00f3rnir voru f\u00e6r\u00f0ar \u00ed musterinu \u00ed Jer\u00fasalem.<\/em> Eldinum \u00e1 altarinu, sem \u00e1tti a\u00f0 minna \u00e1 st\u00f6\u00f0uga n\u00e6rveru Drottins \u00fear, skyldi alltaf haldi\u00f0 lifandi (3M\u00f3s 6.5,6).\u00a0 Kveikt var \u00ed reykelsisf\u00f3rn og eins var eldur l\u00e1tinn ey\u00f0a brennif\u00f3rninni (3M\u00f3s 6.14,15).\u00a0 H\u00f6fundur Hebreabr\u00e9sins vitnar \u00ed 104. Dav\u00ed\u00f0ss\u00e1lm, \u00feegar hann l\u00edkir englunum, \u00fej\u00f3num Gu\u00f0s, vi\u00f0 eldsloga (Heb 1.7).<\/li>\n<li><em>Drottinn beitti eldi \u00ed refsingarskyni.<\/em>\u00deannig l\u00e9t hann rigna eldi og brennisteini yfir S\u00f3d\u00f3mu og G\u00f3morru (1M\u00f3s 19.24,25) og dey\u00f0a \u00ed eldi alla \u00e6tt \u00feeirra, sem stoli\u00f0 h\u00f6f\u00f0u bannhelgum munum \u00ed Jer\u00edk\u00f3, \u00e1\u00f0ur en borgin var l\u00f6g\u00f0 \u00ed ey\u00f0i (J\u00f3s 7.15).Eldur er t\u00e1knmynd rei\u00f0i Gu\u00f0s (Slm 95.5; 89.46), og hann mun kalla eld yfir \u00fe\u00e1, sem hann hegnir fyrir syndir og varmennsku (5M\u00f3s 32.22;\u00a0 Jes 50.10,11; 66.15,16;\u00a0 Amos 7.4). Vi\u00f0 endi daganna ver\u00f0ur illum \u00f6flum tort\u00edmt \u00ed eldi (Dan 7.11; Mal 4.1).\u00a0Jes\u00fas segir, a\u00f0 \u00e1 d\u00f3msdegi muni rigna eldi og brennisteini yfir j\u00f6r\u00f0ina og ver\u00f0i \u00fea\u00f0 vondu f\u00f3lki a\u00f0 aldirtila (Matt 3.11,12;\u00a0 13.37-42;\u00a0L\u00fak 17.29-30).\u00a0 Eftir d\u00f3msor\u00f0i\u00f0 yfir \u00f3gu\u00f0legum heimi ver\u00f0ur honum refsa\u00f0 me\u00f0 eldi (2P\u00e9t 3.7).\u00a0 \u00cd opinberunarb\u00f3k J\u00f3hannesar er \u00feessu l\u00fdst n\u00e1kv\u00e6mlega (Opb 8.7; 9.18; 11.5; 14.9,10; 19.20; 20.9-15).<\/li>\n<li><em>Gu\u00f0 sk\u00edrir f\u00f3lk \u00ed eldi.<\/em> Vi\u00f0 sk\u00edrsluna (hreinsun, eldraun) vaxa menn af \u00fev\u00ed a\u00f0 \u00feurfa a\u00f0 m\u00e6ta andstreymi og erfi\u00f0leikum (Slm 66.12; Jes 43.2; 1P\u00e9t 1.7).\u00a0 D\u00f3msdagur \u00ed framt\u00ed\u00f0 mun lei\u00f0a \u00ed lj\u00f3s hv\u00edl\u00edkt verk hvers og eins er,\u00a0 l\u00edkt og \u00feegar menn hreinsa silfur e\u00f0a pr\u00f3fa gull \u00ed eldi (Sak 13.9;\u00a0 1Kor 3.12-15).<\/li>\n<\/ol>\n","protected":false},"excerpt":{"rendered":"<p>\u00cd Bibl\u00edunni kemur h\u00f6fu\u00f0skepnan eldur mj\u00f6g vi\u00f0 s\u00f6gu: Eldurinn t\u00e1knar <a href=\"https:\/\/biblian.is\/fraedsla\/ordtakasafn\/eldur\/\"> [&#8230;]<\/a><\/p>\n","protected":false},"author":1,"featured_media":0,"parent":4827,"menu_order":0,"comment_status":"closed","ping_status":"closed","template":"","meta":{"footnotes":""},"class_list":["post-4963","page","type-page","status-publish","hentry"],"_links":{"self":[{"href":"https:\/\/biblian.is\/fraedsla\/wp-json\/wp\/v2\/pages\/4963","targetHints":{"allow":["GET"]}}],"collection":[{"href":"https:\/\/biblian.is\/fraedsla\/wp-json\/wp\/v2\/pages"}],"about":[{"href":"https:\/\/biblian.is\/fraedsla\/wp-json\/wp\/v2\/types\/page"}],"author":[{"embeddable":true,"href":"https:\/\/biblian.is\/fraedsla\/wp-json\/wp\/v2\/users\/1"}],"replies":[{"embeddable":true,"href":"https:\/\/biblian.is\/fraedsla\/wp-json\/wp\/v2\/comments?post=4963"}],"version-history":[{"count":0,"href":"https:\/\/biblian.is\/fraedsla\/wp-json\/wp\/v2\/pages\/4963\/revisions"}],"up":[{"embeddable":true,"href":"https:\/\/biblian.is\/fraedsla\/wp-json\/wp\/v2\/pages\/4827"}],"wp:attachment":[{"href":"https:\/\/biblian.is\/fraedsla\/wp-json\/wp\/v2\/media?parent=4963"}],"curies":[{"name":"wp","href":"https:\/\/api.w.org\/{rel}","templated":true}]}}