{"id":4958,"date":"2019-03-22T22:29:02","date_gmt":"2019-03-22T22:29:02","guid":{"rendered":"https:\/\/biblian.is\/fraedsla\/?page_id=4958"},"modified":"2022-12-16T13:58:57","modified_gmt":"2022-12-16T13:58:57","slug":"tolur-i-bibliunni","status":"publish","type":"page","link":"https:\/\/biblian.is\/fraedsla\/ordtakasafn\/tolur-i-bibliunni\/","title":{"rendered":"T\u00f6lur \u00ed Bibl\u00edunni"},"content":{"rendered":"<p>T\u00f6lustafir h\u00f6f\u00f0u \u00e1kve\u00f0na merkingu a\u00f0 fornu og voru h\u00f6fundar Bibl\u00edunnar einnig sannf\u00e6r\u00f0ir um \u00fea\u00f0.\u00a0\u00c1 t\u00f6flunni sem h\u00e9r fer \u00e1 eftir m\u00e1 sj\u00e1 nokkur d\u00e6mi um \u00feetta.\u00a0\u00a0 Hafa ber \u00ed huga, a\u00f0 stundum merkja t\u00f6lurnar magn og fj\u00f6lda, og eru \u00fe\u00e1 ekki t\u00e1knr\u00e6nar.<\/p>\n<p><strong>EINN<\/strong><\/p>\n<p><strong>Eingy\u00f0istr\u00fa, hinn eini, eining.<\/strong><\/p>\n<ul>\n<li>&#8222;Heyr \u00cdsrael.\u00a0 Drottinn, Gu\u00f0 vor, Drottinn er einn.&#8220;\u00a0 5M\u00f3s 6.4<\/li>\n<li>&#8222;Einn er Drottinn, ein tr\u00fa, ein sk\u00edrn.&#8220;\u00a0 Ef 4.5<\/li>\n<\/ul>\n<p><strong>\u00deR\u00cdR<\/strong><\/p>\n<p><strong>Fullkomleiki e\u00f0a \u00a0heild.\u00a0 \u00cd m\u00f6rgum tr\u00faarbr\u00f6g\u00f0um var \u00fer\u00edr \u00e1litin heil\u00f6g tala.<\/strong><\/p>\n<ul>\n<li>\u00der\u00edr voru gestir Abrahams \u00ed Mamrelundi.\u00a0 1M\u00f3s 18.1-15<\/li>\n<li>\u00derj\u00e1r eru h\u00e1t\u00ed\u00f0ar Gy\u00f0inga (h\u00e1t\u00ed\u00f0 hinna \u00f3s\u00fdr\u00f0u brau\u00f0a, uppskeruh\u00e1t\u00ed\u00f0in og laufsk\u00e1lah\u00e1t\u00ed\u00f0in).\u00a0 2M\u00f3s 23.14-19; 3M\u00f3s 23.34.<\/li>\n<li>\u00derj\u00e1 daga og \u00ferj\u00e1r n\u00e6tur var J\u00f3nas \u00ed kvi\u00f0i fisksins.\u00a0 J\u00f3nas 2.1.<\/li>\n<li>\u00c1 \u00feri\u00f0ja degi reis Jes\u00fas upp fr\u00e1 dau\u00f0um.\u00a0 Mrk 8.31;\u00a0 1Kor 15.4.<\/li>\n<\/ul>\n<p><strong>FJ\u00d3RIR<\/strong><\/p>\n<p><strong>Skipan sk\u00f6punarverksins.\u00a0 Fj\u00f3rar eru h\u00f6fu\u00f0\u00e1ttir og fj\u00f3rar \u00e1rst\u00ed\u00f0ir.<\/strong><\/p>\n<ul>\n<li>Fj\u00f6gur er st\u00f3rflj\u00f3tin, sem renna \u00fat \u00far aldingar\u00f0inum Eden.\u00a0 1M\u00f3s 2.10.<\/li>\n<li>Fj\u00f3rar voru verurnar, sem Esek\u00edel sp\u00e1ma\u00f0ur s\u00e1 \u00ed s\u00fdn.\u00a0 Esk 1.4-28 (sj\u00e1 og Opb 4.1-8)<\/li>\n<li>Fj\u00f3rir voru hestarnir og rei\u00f0mennirnir \u00ed s\u00fdn J\u00f3hannesar.\u00a0 Opb 6.1-8.<\/li>\n<\/ul>\n<p><strong>SJ\u00d6<\/strong><\/p>\n<p><strong>Algj\u00f6rleiki og fullkomnun.\u00a0 Eins og \u00fer\u00edr er og sj\u00f6 heil\u00f6g tala.<\/strong><\/p>\n<ul>\n<li>Sj\u00f6 daga var Gu\u00f0 a\u00f0 skapa heiminn, a\u00f0 hv\u00edldardeginum me\u00f0t\u00f6ldum. 1M\u00f3s 1.1-2.3. Sj\u00f6unda daginn hv\u00edldist Gu\u00f0 og helga\u00f0i \u00feann dag (sabbatinn). 2M\u00f3s 20.8-11.<\/li>\n<li>Sj\u00f6unda hvert \u00e1r skyldu \u00cdsraelsmenn l\u00e1ta landi\u00f0 hv\u00edlast (sabbats\u00e1r).\u00a0 2M\u00f3s 23.10,11.<\/li>\n<li>Fimmtugasta hvert \u00e1r (7 x 7 + 1) skyldi vera fagna\u00f0ar\u00e1r \u00ed \u00cdsrael, helga\u00f0 frelsi og fyrirgefningu.\u00a0 3M\u00f3s 25.8-55.<\/li>\n<li>Fyrirkomulag innan dyra \u00ed musterinu og h\u00f6nnun skrautmuna \u00fear bygg\u00f0i oft \u00e1 t\u00f6lunni sj\u00f6. 1Kon 7.17; Esk 40.22,26.<\/li>\n<li>Sj\u00f6 sinnum skyldi bl\u00f3\u00f0inu st\u00f6kkt vi\u00f0 f\u00f3rnarathafnir.\u00a0 3M\u00f3s 4.6,17; 14.7; 4M\u00f3s 19.4.<\/li>\n<li>Sj\u00f6 talsins er \u00fdmislegt, sem nefnt er \u00ed Opinberunarb\u00f3k J\u00f3hannesar (lj\u00f3sastikur, stj\u00f6rnur, s\u00f6fnu\u00f0ir, innsigli, b\u00e1s\u00fanur, sk\u00e1lar).\u00a0 Opb 6.11; 15; 16.<\/li>\n<li>Sj\u00f6t\u00edu sinnum sj\u00f6 sinnum sag\u00f0i Jes\u00fa a\u00f0 b\u00e6ri a\u00f0 fyrirgefa.\u00a0 Matt 18.21,22.<\/li>\n<\/ul>\n<p><strong>T\u00cdU<\/strong><\/p>\n<p><strong>\u00dear e\u00f0 t\u00edu er \u00feversumman af \u00feremur og sj\u00f6, t\u00e1knar s\u00fa tala stundum algera fullkomnun.<\/strong><\/p>\n<ul>\n<li>T\u00edu sinnum stendur &#8222;\u00fe\u00e1 sag\u00f0i Gu\u00f0&#8220; \u00ed hinum hebreska texta sk\u00f6punarfr\u00e1s\u00f6gunnar.\u00a01M\u00f3s 1.1-31.<\/li>\n<li>T\u00edu eru bo\u00f0or\u00f0in.\u00a02M\u00f3s 20.1-17;\u00a0 5M\u00f3s 5.1-22.<\/li>\n<\/ul>\n<p><strong>T\u00d3LF<\/strong><\/p>\n<p><strong>Einnig tala algj\u00f6rleika og fullkomnunar.<\/strong><\/p>\n<ul>\n<li>T\u00f3lf voru synir \u00e6ttf\u00f6\u00f0urins Jakobs, og t\u00f3lf \u00e6ttkv\u00edslir \u00cdsraels.\u00a0 1M\u00f3s 35.23-26;\u00a0 49.1-28.<\/li>\n<li>T\u00f3lf voru hli\u00f0 hinnar helgu borgar Jer\u00faasalem\u00ed vitrun Esek\u00edels sp\u00e1manns.\u00a0 Esk 48.30\u00a0(sj\u00e1 og Opb 21.11-21).<\/li>\n<li>T\u00f3lf voru postular Jes\u00fa.\u00a0 Matt 19.1-14;\u00a0Mrk 3.13-19;\u00a0 L\u00fak 6.12-16;\u00a0 sj\u00e1 og Post 1.12-26.<\/li>\n<\/ul>\n<p><strong>FJ\u00d6RUT\u00cdU<\/strong><\/p>\n<p><strong>Langt og \u00fe\u00f3 takmarka\u00f0 t\u00edmabil.<\/strong><\/p>\n<ul>\n<li>Fj\u00f6rut\u00edu daga og fj\u00f6rut\u00edu n\u00e6tur rigndi \u00ed vatnsfl\u00f3\u00f0inu mikla.\u00a0 1M\u00f3s 7.4,17,18.<\/li>\n<li>Fj\u00f6rut\u00edu daga og fj\u00f6rut\u00edu n\u00e6tur dvaldist M\u00f3se \u00e1 S\u00edna\u00edfjalli.\u00a0 2M\u00f3s 24.17,18.<\/li>\n<li>Fj\u00f6rut\u00edu \u00e1r st\u00f3\u00f0 yfir ey\u00f0imerkurganga\u00a0 \u00cdsraelsmanna.\u00a04M\u00f3s 14.33,34; 5M\u00f3s 2.7; 29.4-6.<\/li>\n<li>Fj\u00f6rut\u00edu daga og fj\u00f6rut\u00edu n\u00e6tur fasta\u00f0i Jes\u00fas \u00ed \u00f3bygg\u00f0inni.\u00a0 Matt 4.2;\u00a0 Mrk 1.12,13;\u00a0L\u00fak 4.2.<\/li>\n<li>Fj\u00f6rut\u00edu \u00e1r s\u00e1tu Dav\u00ed\u00f0 og fleiri g\u00f3\u00f0ir konungar a\u00f0 r\u00edki.\u00a0 2Sam 5.4;\u00a0 1Kon 11.41,42; 2Kro 24.1.<\/li>\n<\/ul>\n","protected":false},"excerpt":{"rendered":"<p>T\u00f6lustafir h\u00f6f\u00f0u \u00e1kve\u00f0na merkingu a\u00f0 fornu og voru h\u00f6fundar Bibl\u00edunnar <a href=\"https:\/\/biblian.is\/fraedsla\/ordtakasafn\/tolur-i-bibliunni\/\"> [&#8230;]<\/a><\/p>\n","protected":false},"author":1,"featured_media":0,"parent":4827,"menu_order":0,"comment_status":"closed","ping_status":"closed","template":"","meta":{"footnotes":""},"class_list":["post-4958","page","type-page","status-publish","hentry"],"_links":{"self":[{"href":"https:\/\/biblian.is\/fraedsla\/wp-json\/wp\/v2\/pages\/4958","targetHints":{"allow":["GET"]}}],"collection":[{"href":"https:\/\/biblian.is\/fraedsla\/wp-json\/wp\/v2\/pages"}],"about":[{"href":"https:\/\/biblian.is\/fraedsla\/wp-json\/wp\/v2\/types\/page"}],"author":[{"embeddable":true,"href":"https:\/\/biblian.is\/fraedsla\/wp-json\/wp\/v2\/users\/1"}],"replies":[{"embeddable":true,"href":"https:\/\/biblian.is\/fraedsla\/wp-json\/wp\/v2\/comments?post=4958"}],"version-history":[{"count":0,"href":"https:\/\/biblian.is\/fraedsla\/wp-json\/wp\/v2\/pages\/4958\/revisions"}],"up":[{"embeddable":true,"href":"https:\/\/biblian.is\/fraedsla\/wp-json\/wp\/v2\/pages\/4827"}],"wp:attachment":[{"href":"https:\/\/biblian.is\/fraedsla\/wp-json\/wp\/v2\/media?parent=4958"}],"curies":[{"name":"wp","href":"https:\/\/api.w.org\/{rel}","templated":true}]}}