{"id":4956,"date":"2019-03-22T22:24:39","date_gmt":"2019-03-22T22:24:39","guid":{"rendered":"https:\/\/biblian.is\/fraedsla\/?page_id=4956"},"modified":"2026-04-17T13:01:05","modified_gmt":"2026-04-17T13:01:05","slug":"endurkoma-drottins-jesu","status":"publish","type":"page","link":"https:\/\/biblian.is\/fraedsla\/ordtakasafn\/endurkoma-drottins-jesu\/","title":{"rendered":"Endurkoma Drottins Jes\u00fa"},"content":{"rendered":"<p>Or\u00f0in &#8222;endurkoma Drottins Jes\u00fa&#8220; eru notu\u00f0 um \u00fea\u00f0, \u00feegar Jes\u00fas kemur aftur til \u00feess a\u00f0 d\u00e6ma lifendur og dau\u00f0a og setja \u00e1 stofn Gu\u00f0s r\u00edki.\u00a0&#8222;Endurkoma&#8220; (\u00e1 gr\u00edsku &#8222;par\u00fas\u00eda&#8220;) kemur nokkrum sinnum fyrir \u00ed N\u00fdja testamenti.\u00a0&#8222;Par\u00fas\u00eda&#8220; \u00fe\u00fd\u00f0ir raunar &#8222;koma&#8220; og er nota\u00f0t.d. \u00ed 1Kor 15.23og 1\u00deess 3.13.\u00a0 \u00cd r\u00f3mverska heimsveldinu \u00e1 fyrstu \u00f6ldinni eftir Krists bur\u00f0 var or\u00f0i\u00f0 haft um \u00fea\u00f0, \u00feegar konungur e\u00f0a keisari st\u00e9 fram \u00e1 svalir e\u00f0a \u00fat \u00e1 tr\u00f6ppur hallar sinnar, fagna\u00f0 af fj\u00f6ldanum, og ennfremur um heims\u00f3kn \u00fej\u00f3\u00f0h\u00f6f\u00f0ingja, sem mannfj\u00f6ldinn hyllti.\u00a0 Sj\u00e1lfur segist Jes\u00fas koma aftur til \u00feess a\u00f0 taka l\u00e6risveina s\u00edna til s\u00edn, til \u00feess a\u00f0 \u00feeir s\u00e9u og \u00fear sem hann er, \u00e1 \u00feeim sta\u00f0, sem hann hefur b\u00fai\u00f0 \u00feeim (J\u00f3h 14.1-3).\u00a0 \u00de\u00e1 segir og h\u00f6fundur Hebreabr\u00e9fsins, a\u00f0 Kristur muni birtast aftur &#8222;til \u00feess a\u00f0 frelsa \u00fe\u00e1 sem b\u00ed\u00f0a hans&#8220; (Heb 9.28).<\/p>\n<p><strong>\u00cd Postulas\u00f6gunni\u00a0<\/strong>hermir fr\u00e1 \u00fev\u00ed, a\u00f0 Jes\u00fas hafi or\u00f0i\u00f0 upp numinn a\u00f0 l\u00e6risveinum s\u00ednum \u00e1sj\u00e1andi, og tveir menn \u00ed hv\u00edtum kl\u00e6\u00f0um hafi \u00fe\u00e1 sagt:\u00a0&#8222;\u00deessi Jes\u00fas, sem var\u00f0 upp numinn fr\u00e1 y\u00f0ur til himins, mun koma \u00e1 sama h\u00e1tt og \u00fe\u00e9r s\u00e1u\u00f0 hann fara til himins&#8220; (Post 1.9-11).\u00a0\u00a0 Og \u00ed gu\u00f0spj\u00f6llunum er rita\u00f0 um komu Mannssonarins, en svo nefndu h\u00f6fundar \u00feeirra Jes\u00fa.\u00a0 Undanfari endurkomunnar ver\u00f0ur \u00ferenging, eymd og kveinstafir\u00a0 (Matt 24.29-31; Mrk 13.3-27).\u00a0 En \u00fe\u00f3tt Jes\u00fas nefni \u00fdmis t\u00e1kn og fyrirbo\u00f0a komu sinnar, veit enginn daginn e\u00f0a stundina, hvorki englar \u00e1 himnum n\u00e9 sonurinn sj\u00e1lfur (Matt 24.36-44; Mrk 13.32-37).\u00a0 Me\u00f0 endurkomu Mannssonarins rennur upp d\u00f3msdagur og ver\u00f0ur \u00feeim \u00fe\u00e1 refsa\u00f0, sem illt hafa frami\u00f0, en hinum umbuna\u00f0, sem gott hafa gj\u00f6rt (Matt 13.41-43; 16.27,28; 25.31-46; L\u00fak 18.1-8; 21.34-36).\u00a0 H\u00f6fundur S\u00ed\u00f0ara almenna br\u00e9fs P\u00e9turs skrifar, a\u00f0 vi\u00f0 endurkomu Drottins ver\u00f0i d\u00f3msdagur haldinn.\u00a0 \u00de\u00e1 muni Gu\u00f0 ey\u00f0a me\u00f0 eldi himnunum sem n\u00fa eru, \u00e1samt me\u00f0 j\u00f6r\u00f0inni, \u00f3gu\u00f0legir menn muni tort\u00edmast, en fyrirheit Gu\u00f0s um n\u00fdjan himin og n\u00fdja j\u00f6r\u00f0 r\u00e6tast (2P\u00e9t 3.7-13; sj\u00e1 og Opb 20.11-21.4 og &#8222;Dagur Drottins&#8220; \u00e1 bls. 1622).<\/p>\n<p>\u00cd br\u00e9fum s\u00ednum segir P\u00e1ll postuli \u00fe\u00e1 sem j\u00e1ta Krist muni l\u00edfga\u00f0a ver\u00f0a \u00feegar hann kemur aftur (1Kor 15.23; 1\u00deess 4.14-18).\u00a0 Kristur muni \u00fe\u00e1 gera a\u00f0 engu s\u00e9rhverja tign, s\u00e9rhvert veldi og kraft, er standa \u00ed gegn Gu\u00f0i, en Gu\u00f0 ver\u00f0i a\u00f0 \u00fev\u00ed loknu allt \u00ed \u00f6llu (1Kor 15.24-28).\u00a0En \u00feanga\u00f0 til kve\u00f0st P\u00e1ll bi\u00f0ja \u00feess, a\u00f0 fri\u00f0arins Gu\u00f0 helgi og blessi l\u00e6risveina Krists, b\u00e6\u00f0i \u00e1 s\u00e1l og l\u00edkama (1\u00deess 5.23).\u00a0 H\u00f6fundur Hins almenna br\u00e9fs Jakobs m\u00e6lir tr\u00falega fyrir munn margra \u00ed frumkirkjunni, \u00feegar hann hvetur l\u00e6risveina Jes\u00fa til \u00feess a\u00f0 \u00fereyja \u00ed \u00feolinm\u00e6\u00f0i &#8222;\u00feanga\u00f0 til Drottinn kemur&#8220; (Jak 5.7,8; sj\u00e1 og 1J\u00f3h 2.18; Opb 22.6-10,20).\u00a0\u00a0\u00deegar endurkoma Krists var\u00f0 ekki eins og hinir fyrstu, kristnu menn h\u00f6f\u00f0u b\u00faist vi\u00f0, veltu sumir h\u00f6fundar N\u00fdja testamentis fyrir s\u00e9r \u00e1st\u00e6\u00f0u \u00feess (J\u00f3h 21.20-23; 2P\u00e9t 3.3-9).<\/p>\n","protected":false},"excerpt":{"rendered":"<p>Or\u00f0in &#8222;endurkoma Drottins Jes\u00fa&#8220; eru notu\u00f0 um \u00fea\u00f0, \u00feegar Jes\u00fas <a href=\"https:\/\/biblian.is\/fraedsla\/ordtakasafn\/endurkoma-drottins-jesu\/\"> [&#8230;]<\/a><\/p>\n","protected":false},"author":1,"featured_media":0,"parent":4827,"menu_order":0,"comment_status":"closed","ping_status":"closed","template":"","meta":{"footnotes":""},"class_list":["post-4956","page","type-page","status-publish","hentry"],"_links":{"self":[{"href":"https:\/\/biblian.is\/fraedsla\/wp-json\/wp\/v2\/pages\/4956","targetHints":{"allow":["GET"]}}],"collection":[{"href":"https:\/\/biblian.is\/fraedsla\/wp-json\/wp\/v2\/pages"}],"about":[{"href":"https:\/\/biblian.is\/fraedsla\/wp-json\/wp\/v2\/types\/page"}],"author":[{"embeddable":true,"href":"https:\/\/biblian.is\/fraedsla\/wp-json\/wp\/v2\/users\/1"}],"replies":[{"embeddable":true,"href":"https:\/\/biblian.is\/fraedsla\/wp-json\/wp\/v2\/comments?post=4956"}],"version-history":[{"count":0,"href":"https:\/\/biblian.is\/fraedsla\/wp-json\/wp\/v2\/pages\/4956\/revisions"}],"up":[{"embeddable":true,"href":"https:\/\/biblian.is\/fraedsla\/wp-json\/wp\/v2\/pages\/4827"}],"wp:attachment":[{"href":"https:\/\/biblian.is\/fraedsla\/wp-json\/wp\/v2\/media?parent=4956"}],"curies":[{"name":"wp","href":"https:\/\/api.w.org\/{rel}","templated":true}]}}