{"id":4954,"date":"2019-03-22T22:23:02","date_gmt":"2019-03-22T22:23:02","guid":{"rendered":"https:\/\/biblian.is\/fraedsla\/?page_id=4954"},"modified":"2026-04-17T13:01:06","modified_gmt":"2026-04-17T13:01:06","slug":"kirkjan","status":"publish","type":"page","link":"https:\/\/biblian.is\/fraedsla\/ordtakasafn\/kirkjan\/","title":{"rendered":"Kirkjan"},"content":{"rendered":"<p>Gr\u00edska or\u00f0i\u00f0, sem \u00ed N\u00fdja testamenti er \u00e1 \u00edslensku \u00fe\u00fdtt me\u00f0 &#8222;kirkja&#8220;, merkir samkoma e\u00f0a s\u00f6fnu\u00f0ur f\u00f3lks sem tr\u00fair fagna\u00f0arerindinu um Jes\u00fa Krist.\u00a0Safna\u00f0arf\u00f3lkinu hafa veri\u00f0 kunngj\u00f6r\u00f0ar fyrir\u00e6tlanir Gu\u00f0s og \u00fea\u00f0 hefur veri\u00f0 \u00fatvali\u00f0 til \u00feess a\u00f0 vinna verk hans h\u00e9r \u00ed heimi.\u00a0 Drottinn Jes\u00fas er &#8222;h\u00f6fu\u00f0&#8220; kirkjunnar (Ef 1.22; K\u00f3l 1.18) og h\u00fan heyrir honum til.\u00a0 Drottinn er \u00e1 gr\u00edsku <em>kyrios\u00a0<\/em>og \u00edslenska or\u00f0i\u00f0 &#8222;kirkja&#8220; er skylt gr\u00edska or\u00f0inu <em>kyriak\u00f3s <\/em>sem merkir &#8222;\u00fea\u00f0 sem Drottins er&#8220;.<\/p>\n<p>\u00cd N\u00fdja testamenti er kirkjunni l\u00fdst me\u00f0 m\u00f6rgu m\u00f3ti.\u00a0 \u00cd Matteusargu\u00f0spjalli er h\u00fan hl\u00fd\u00f0inn Gu\u00f0s l\u00fd\u00f0ur.\u00a0 \u00cd R\u00f3mverjabr\u00e9finu og Galatabr\u00e9finu segir P\u00e1ll a\u00f0 kirkjan s\u00e9 n\u00fd sk\u00f6pun, en ekki hinn \u00fatvaldi l\u00fd\u00f0ur Gu\u00f0s, sem samkv\u00e6mt helgiritum Gy\u00f0inga (Gamla testamenti) skyldi hl\u00fd\u00f0a l\u00f6gm\u00e1li M\u00f3se.\u00a0 Jafnframt kallar P\u00e1ll kirkjuna &#8222;l\u00edkama Krists&#8220; (1Kor 1.12,27-31). \u00cd L\u00fakasargu\u00f0spjalli og Postulas\u00f6gunni er \u00fea\u00f0 meginhlutverk l\u00e6risveina Jes\u00fa a\u00f0 vitna um hann fyrir \u00f6llum m\u00f6nnum og allt til endimarka jar\u00f0arinnar (Post 1.8),\u00a0 \u00e1n tillits til \u00fej\u00f3\u00f0ernis e\u00f0a kyn\u00fe\u00e1ttar.\u00a0 H\u00f6fundur Fyrra P\u00e9tursbr\u00e9fs segir kirkjuna vera &#8222;\u00fatvalda kynsl\u00f3\u00f0, konunglegan prestd\u00f3m, heilaga \u00fej\u00f3\u00f0 og eignarl\u00fd\u00f0&#8220;\u00a0 Drottins (1 P\u00e9t 2.9;\u00a0 sj\u00e1 og 2M\u00f3s 19.5,6).\u00a0\u00a0 \u00cd J\u00f3hannesargu\u00f0spjalli er kirkjan hj\u00f6r\u00f0 g\u00f3\u00f0a hir\u00f0isins (J\u00f3h 10.16) og greinarnar \u00e1 hinum sanna v\u00ednvi\u00f0i, sem er Jes\u00fas (J\u00f3h 15.1-16).<\/p>\n<p>A\u00f0 postulum Jes\u00fa gengnum komst sm\u00e1m saman fastara skipulag \u00e1 kirkjuna me\u00f0 \u00e1kve\u00f0inni kirkjuskipan, kirkjur\u00e9tti og kirkjuaga.\u00a0 Um fyrstu merki \u00feessa m\u00e1 lesa \u00ed Efesusbr\u00e9finu, Fyrra og S\u00ed\u00f0ara T\u00edm\u00f3teusarbr\u00e9fi og T\u00edtusarbr\u00e9finu, en auk \u00feess \u00ed ritum\u00a0 safna\u00f0alei\u00f0toga fr\u00e1 annarri \u00f6ld sem vant er a\u00f0 kalla kirkjufe\u00f0urna.\u00a0 \u00de\u00e1 voru og skipa\u00f0ir &#8222;tilsj\u00f3narmenn&#8220; (\u00e1 gr\u00edsku <em>episkopoi<\/em>) e\u00f0a biskupar, er skyldu hafa yfirumsj\u00f3n me\u00f0 starfi kirknanna (safna\u00f0anna).<\/p>\n","protected":false},"excerpt":{"rendered":"<p>Gr\u00edska or\u00f0i\u00f0, sem \u00ed N\u00fdja testamenti er \u00e1 \u00edslensku \u00fe\u00fdtt <a href=\"https:\/\/biblian.is\/fraedsla\/ordtakasafn\/kirkjan\/\"> [&#8230;]<\/a><\/p>\n","protected":false},"author":1,"featured_media":0,"parent":4827,"menu_order":0,"comment_status":"closed","ping_status":"closed","template":"","meta":{"footnotes":""},"class_list":["post-4954","page","type-page","status-publish","hentry"],"_links":{"self":[{"href":"https:\/\/biblian.is\/fraedsla\/wp-json\/wp\/v2\/pages\/4954","targetHints":{"allow":["GET"]}}],"collection":[{"href":"https:\/\/biblian.is\/fraedsla\/wp-json\/wp\/v2\/pages"}],"about":[{"href":"https:\/\/biblian.is\/fraedsla\/wp-json\/wp\/v2\/types\/page"}],"author":[{"embeddable":true,"href":"https:\/\/biblian.is\/fraedsla\/wp-json\/wp\/v2\/users\/1"}],"replies":[{"embeddable":true,"href":"https:\/\/biblian.is\/fraedsla\/wp-json\/wp\/v2\/comments?post=4954"}],"version-history":[{"count":0,"href":"https:\/\/biblian.is\/fraedsla\/wp-json\/wp\/v2\/pages\/4954\/revisions"}],"up":[{"embeddable":true,"href":"https:\/\/biblian.is\/fraedsla\/wp-json\/wp\/v2\/pages\/4827"}],"wp:attachment":[{"href":"https:\/\/biblian.is\/fraedsla\/wp-json\/wp\/v2\/media?parent=4954"}],"curies":[{"name":"wp","href":"https:\/\/api.w.org\/{rel}","templated":true}]}}