{"id":4949,"date":"2019-03-22T22:18:32","date_gmt":"2019-03-22T22:18:32","guid":{"rendered":"https:\/\/biblian.is\/fraedsla\/?page_id=4949"},"modified":"2022-12-16T13:58:56","modified_gmt":"2022-12-16T13:58:56","slug":"helviti","status":"publish","type":"page","link":"https:\/\/biblian.is\/fraedsla\/ordtakasafn\/helviti\/","title":{"rendered":"Helv\u00edti"},"content":{"rendered":"<p>Or\u00f0in helv\u00edti, helja og hel eru \u00fe\u00fd\u00f0ingar \u00e1 hebresku or\u00f0unum <em>Gehinnom\u00a0<\/em>og <em>Sheol\u00a0<\/em>og gr\u00edska or\u00f0inu <em>Hades. <\/em>\u00a0Hebreska or\u00f0i\u00f0 <em>Gehinnom <\/em>\u00fe\u00fd\u00f0ir Hinnomsdalur.\u00a0\u00dea\u00f0 er \u00fer\u00f6ngur dalur sunnan og vestan vi\u00f0 Jer\u00fasalem og liggur fr\u00e1 Kedrondalnum \u00ed austri.\u00a0\u00a0 \u00c1 t\u00edmum konunganna \u00ed \u00cdsrael var \u00fearna bl\u00f3tsta\u00f0ur er nefndist \u00e1 arame\u00edsku<em>T\u00f3fet\u00a0 <\/em>sem \u00fe\u00fd\u00f0ir &#8222;eldst\u00f3.&#8220;\u00a0 \u00deegar Akas og Manasse voru konungar var gu\u00f0inum M\u00f3lok f\u00f3rna\u00f0 \u00fear b\u00f6rnum og \u00feeim kasta\u00f0 \u00e1 eld (3M\u00f3s 18.21; 20.2-5; Jer 32.35).\u00a0 Vegna \u00feeirra vo\u00f0averka sag\u00f0i Jerem\u00eda sp\u00e1ma\u00f0ur a\u00f0 \u00feeir dagar mundu koma \u00feegar dalurinn yr\u00f0i kalla\u00f0ur Dr\u00e1psdalur (Jer 7.31,32; 19,6).<\/p>\n<p>S\u00ed\u00f0ustu tv\u00e6r aldirnar fyrir Krists bur\u00f0 var\u00f0 \u00feeirra hugmynda vart me\u00f0al sumra l\u00e6rimeistara gy\u00f0inga, a\u00f0 hlutskipti vondra manna eftir dau\u00f0ann m\u00e6tti l\u00edkja vi\u00f0 hinn brennandi Hinnomsdal. Gr\u00edska or\u00f0i\u00f0 yfir \u00feennan vonda sta\u00f0 er <em>Gehenna.<\/em>\u00a0 \u00cd N\u00fdja testamenti er or\u00f0i\u00f0 <em>Gehenna<\/em>(helv\u00edti) \u00e6vinlega nota\u00f0 um sta\u00f0 (\u00fe\u00f3 fremur \u00e1stand) \u00fear sem illvirkjum er refsa\u00f0 \u00ed eldslogum.\u00a0 Merking \u00feess er \u00fev\u00ed \u00f6nnur en hebreska or\u00f0sins<em>Sheol<\/em>e\u00f0a gr\u00edska or\u00f0sins <em>Hades.<\/em>\u00a0\u00deau or\u00f0 b\u00e6\u00f0i eiga fremur vi\u00f0 dauflegan og dimman \u00e1fangasta\u00f0 \u00feeirra dau\u00f0u (Job 20.23; Es31.16-18; Post 2.27) e\u00f0a sta\u00f0inn \u00fear sem hinir dau\u00f0u b\u00ed\u00f0a d\u00f3ms (Opb 20.13).\u00a0 Einhvers sta\u00f0ar undir j\u00f6r\u00f0inni er <em>Sheol (Hades). <\/em>\u00dear finnur enginn fyrir neinu;\u00a0 \u00fear r\u00edkir \u00f3rofin \u00fe\u00f6gn og\u00a0 \u00fear vita menn hvorki \u00ed \u00feennan heim n\u00e9 annan.<\/p>\n<p>\u00cd N\u00fdja testamenti er helv\u00edti (Gehenna) sta\u00f0ur,\u00fear sem meinger\u00f0amenn taka \u00fat\u00a0 refsingu Gu\u00f0s \u00ed eldi, sem slokknar ekki til eilif\u00f0arn\u00f3ns (Matt 5.22; L\u00fak 16.23,24; Opb 20.14,15).\u00a0 \u00deessu \u00e1standi er l\u00fdst sem eldsofni (Matt 13.42,50), \u00f3sl\u00f6kkvanda eldi (Mrk 9.43,44), eldsd\u00edki (Opb 20.14,15) og eil\u00edfum eldi sem b\u00fainn er dj\u00f6flinum og \u00e1rum hans (Matt 25.41).\u00a0 Jes\u00fas vara\u00f0i vi\u00f0 \u00fev\u00ed, a\u00f0 tilteknar syndir dr\u00fdg\u00f0ar g\u00e6tu or\u00f0i\u00f0 til \u00feess a\u00f0 menn myndu fara til helv\u00edtis (Matt 23.13-15, 29-33; Mark 9.45-48; L\u00fak 12.5), og \u00ed Jakobsbr\u00e9fi er vara\u00f0 s\u00e9rstaklega vi\u00f0 tungunni, \u00feessu l\u00edff\u00e6ri, sem vi\u00f0 notum til \u00feess a\u00f0 tala me\u00f0.\u00a0 H\u00fan s\u00e9 t\u00ed\u00f0um \u00f3hemja, sem enginn ma\u00f0ur geti tami\u00f0, full af banv\u00e6nu eitri,\u00a0tendru\u00f0 af helv\u00edti (Jak 3.6).<\/p>\n","protected":false},"excerpt":{"rendered":"<p>Or\u00f0in helv\u00edti, helja og hel eru \u00fe\u00fd\u00f0ingar \u00e1 hebresku or\u00f0unum <a href=\"https:\/\/biblian.is\/fraedsla\/ordtakasafn\/helviti\/\"> [&#8230;]<\/a><\/p>\n","protected":false},"author":1,"featured_media":0,"parent":4827,"menu_order":0,"comment_status":"closed","ping_status":"closed","template":"","meta":{"footnotes":""},"class_list":["post-4949","page","type-page","status-publish","hentry"],"_links":{"self":[{"href":"https:\/\/biblian.is\/fraedsla\/wp-json\/wp\/v2\/pages\/4949","targetHints":{"allow":["GET"]}}],"collection":[{"href":"https:\/\/biblian.is\/fraedsla\/wp-json\/wp\/v2\/pages"}],"about":[{"href":"https:\/\/biblian.is\/fraedsla\/wp-json\/wp\/v2\/types\/page"}],"author":[{"embeddable":true,"href":"https:\/\/biblian.is\/fraedsla\/wp-json\/wp\/v2\/users\/1"}],"replies":[{"embeddable":true,"href":"https:\/\/biblian.is\/fraedsla\/wp-json\/wp\/v2\/comments?post=4949"}],"version-history":[{"count":0,"href":"https:\/\/biblian.is\/fraedsla\/wp-json\/wp\/v2\/pages\/4949\/revisions"}],"up":[{"embeddable":true,"href":"https:\/\/biblian.is\/fraedsla\/wp-json\/wp\/v2\/pages\/4827"}],"wp:attachment":[{"href":"https:\/\/biblian.is\/fraedsla\/wp-json\/wp\/v2\/media?parent=4949"}],"curies":[{"name":"wp","href":"https:\/\/api.w.org\/{rel}","templated":true}]}}