{"id":4947,"date":"2019-03-22T22:16:49","date_gmt":"2019-03-22T22:16:49","guid":{"rendered":"https:\/\/biblian.is\/fraedsla\/?page_id=4947"},"modified":"2025-07-24T17:50:51","modified_gmt":"2025-07-24T17:50:51","slug":"tru","status":"publish","type":"page","link":"https:\/\/biblian.is\/fraedsla\/ordtakasafn\/tru\/","title":{"rendered":"Tr\u00fa"},"content":{"rendered":"<p>\u00cd Bibl\u00edunni merkir or\u00f0i\u00f0 \u201etr\u00fa\u201c traust \u00e1 Gu\u00f0i.\u00a0 En \u00fea\u00f0 getur l\u00edka \u00fe\u00fdtt \u201etr\u00faarsko\u00f0anir\u201c.\u00a0 Hebreska or\u00f0i\u00f0, \u00a0sem stundum er \u00fe\u00fdtt me\u00f0 \u201etr\u00fa\u201c er <em>amen<\/em>, sem flestir \u00feekkja \u00far b\u00e6num og v\u00edxls\u00f6ngvum. \u00dea\u00f0 merkir \u201ej\u00e1, \u00fea\u00f0 er vissulega satt\u201c og vi\u00f0 t\u00f6kum okkur \u00fea\u00f0 \u00ed munn \u00feegar vi\u00f0 samsinnum \u00fev\u00ed a\u00f0 or\u00f0 Gu\u00f0s og verk s\u00e9u a\u00f0 \u00f6llu leyti \u00e1byggileg.<\/p>\n<p>Trausti\u00f0 \u00e1 Gu\u00f0i skiptir \u00f6llu eins og lj\u00f3slega kemur fram \u00ed 1M\u00f3s 15.1-6.\u00a0 \u00dear segir Gu\u00f0 Abraham a\u00f0 hann muni eignast erfingja og \u00fea\u00f0 jafnt fyrir \u00fev\u00ed \u00fe\u00f3tt Sara, kona hans, s\u00e9 \u00f3byrja og auk \u00feess l\u00f6ngu komin \u00far barneign.\u00a0 \u00c1\u00f0ur haf\u00f0i Gu\u00f0 lofa\u00f0 \u00fev\u00ed a\u00f0 Abraham skyldi ver\u00f0a \u00e6ttfa\u00f0ir fj\u00f6lda \u00fej\u00f3\u00f0a og a\u00f0 af honum mundu allar \u00e6ttkv\u00edslir jar\u00f0arinnar hlj\u00f3ta blessun (1M\u00f3s 12.3; 17.3-7).\u00a0 \u00deessi fyrirheit voru ekki grundv\u00f6llu\u00f0 \u00e1 neinu \u00fev\u00ed sem Abraham haf\u00f0i til a\u00f0 bera e\u00f0a fram a\u00f0 f\u00e6ra, heldur \u00e1 einsk\u00e6rri g\u00e6sku Gu\u00f0s og k\u00e6rleika. Og Abraham\u00a0 tr\u00fa\u00f0i Gu\u00f0i og treysti fyllilega or\u00f0um hans.\u00a0 L\u00fd\u00f0 Gu\u00f0s, s\u00f6fnu\u00f0i hans, er \u00e6tla\u00f0 a\u00f0 gera \u00feetta sama:\u00a0 a\u00f0 treysta fyrirheitum Gu\u00f0s \u00ed \u00f6llum hinum m\u00f6rgu og mismunandi a\u00f0st\u00e6\u00f0um l\u00edfsins (Slm \u00a025.5; 32.10; Okv 16.20; Jer 39.17,18).<\/p>\n<p>\u00deegar l\u00e6risveinar Jes\u00fa og a\u00f0rar s\u00f6gupers\u00f3nur gu\u00f0spjallanna eru v\u00e6ndar um a\u00f0 \u201ehafa enga tr\u00fa\u201c (Mrk 4.40;6.6) \u00fe\u00e1 er ekki \u00e1tt vi\u00f0 a\u00f0 f\u00f3lki\u00f0 vanti tr\u00faarsko\u00f0anir, heldur skorti trausti\u00f0 \u00e1 krafti Gu\u00f0s a\u00f0 verki \u00ed Jes\u00fa.\u00a0 En \u00feeir sem treysta Jes\u00fa f\u00e1 a\u00f0 reyna \u00feennan mikla m\u00e1tt, eins og t.d. samkundustj\u00f3rinn Ja\u00edrus, fa\u00f0ir d\u00e1nu st\u00falkunnar, og konan sem haf\u00f0i haft bl\u00f3\u00f0l\u00e1t \u00ed t\u00f3lf \u00e1r og snart kl\u00e6\u00f0i Jes\u00fa (Mrk 5.21-43).<\/p>\n<p>Eftir a\u00f0 Jes\u00fas d\u00f3 og var reistur upp fr\u00e1 dau\u00f0um, hafa l\u00e6risveinar hans og \u00fear \u00e1 me\u00f0al P\u00e1ll postuli hvatt karla og konur hvarvetna til \u00feess a\u00f0 treysta (\u201etr\u00faa \u00e1\u201c) Jes\u00fa, sem gaf sj\u00e1lfan sig sem lausnargjald fyrir alla (1T\u00edm 2.6; R\u00f3m 1.3-6; 3.24,25) og var reistur upp fr\u00e1 dau\u00f0um samkv\u00e6mt fyrirheiti Gu\u00f0s um eil\u00edft l\u00edf (Post 2.36-39; Ef 1.15-23; 1Kor 15.12-24). \u00deeir sem setja traust sitt \u00e1 verk Gu\u00f0s \u00ed Jes\u00fa Kristi eru s\u00f6fnu\u00f0ur hans (Gal 3.23-29).<\/p>\n","protected":false},"excerpt":{"rendered":"<p>\u00cd Bibl\u00edunni merkir or\u00f0i\u00f0 \u201etr\u00fa\u201c traust \u00e1 Gu\u00f0i.\u00a0 En \u00fea\u00f0 <a href=\"https:\/\/biblian.is\/fraedsla\/ordtakasafn\/tru\/\"> [&#8230;]<\/a><\/p>\n","protected":false},"author":1,"featured_media":0,"parent":4827,"menu_order":0,"comment_status":"closed","ping_status":"closed","template":"","meta":{"footnotes":""},"class_list":["post-4947","page","type-page","status-publish","hentry"],"_links":{"self":[{"href":"https:\/\/biblian.is\/fraedsla\/wp-json\/wp\/v2\/pages\/4947","targetHints":{"allow":["GET"]}}],"collection":[{"href":"https:\/\/biblian.is\/fraedsla\/wp-json\/wp\/v2\/pages"}],"about":[{"href":"https:\/\/biblian.is\/fraedsla\/wp-json\/wp\/v2\/types\/page"}],"author":[{"embeddable":true,"href":"https:\/\/biblian.is\/fraedsla\/wp-json\/wp\/v2\/users\/1"}],"replies":[{"embeddable":true,"href":"https:\/\/biblian.is\/fraedsla\/wp-json\/wp\/v2\/comments?post=4947"}],"version-history":[{"count":0,"href":"https:\/\/biblian.is\/fraedsla\/wp-json\/wp\/v2\/pages\/4947\/revisions"}],"up":[{"embeddable":true,"href":"https:\/\/biblian.is\/fraedsla\/wp-json\/wp\/v2\/pages\/4827"}],"wp:attachment":[{"href":"https:\/\/biblian.is\/fraedsla\/wp-json\/wp\/v2\/media?parent=4947"}],"curies":[{"name":"wp","href":"https:\/\/api.w.org\/{rel}","templated":true}]}}