{"id":4940,"date":"2019-03-22T22:08:37","date_gmt":"2019-03-22T22:08:37","guid":{"rendered":"https:\/\/biblian.is\/fraedsla\/?page_id=4940"},"modified":"2026-04-17T13:01:06","modified_gmt":"2026-04-17T13:01:06","slug":"markadstorgid","status":"publish","type":"page","link":"https:\/\/biblian.is\/fraedsla\/ordtakasafn\/markadstorgid\/","title":{"rendered":"Marka\u00f0storgi\u00f0"},"content":{"rendered":"<p>Marka\u00f0storg var \u00ed hverju \u00feorpi \u00ed Palest\u00ednu \u00e1 t\u00edmum Jes\u00fa. \u00c1 \u00fev\u00ed voru tj\u00f6ld og b\u00e1sar \u00fear sem matv\u00e6li og krydd voru falbo\u00f0in, vegin og seld.\u00a0 \u00dearna var fj\u00f6lmargt \u00e1 bo\u00f0st\u00f3lum: hveiti og bygg, fiskur og brau\u00f0, \u00f3l\u00edfur og f\u00edkjur.<\/p>\n<p>\u00c1 marka\u00f0storginu bar sitthva\u00f0 fyrir augu og eyru og \u00fear br\u00e1 fyrir vitin miklum og sterkum \u00feef.\u00a0 Kaupmennirnir hr\u00f3pu\u00f0u \u00e1 f\u00f3lk til \u00feess a\u00f0 reyna a\u00f0 f\u00e1 \u00fea\u00f0 til \u00feess a\u00f0 sko\u00f0a v\u00f6runa, opna pyngjuna og kaupa varninginn.\u00a0 H\u00e1tt l\u00e9t \u00ed skepnunum, sem voru til s\u00f6lu: sau\u00f0f\u00e9 jarma\u00f0i og geitur kumru\u00f0u, \u00fea\u00f0 var kurr \u00ed d\u00fafum, garg \u00ed g\u00e6sum og klak \u00ed h\u00e6nsnum.\u00a0 Rammur daunn af d\u00fdrunum og lokkandi\u00a0 ilmur af bakstri,\u00a0 steik og kryddi fyllti lofti\u00f0.<\/p>\n<p>En marka\u00f0storgi\u00f0 var l\u00edka samkomusta\u00f0ur.\u00a0 \u00deanga\u00f0 f\u00f3r f\u00f3lk til \u00feess a\u00f0 s\u00fdna sig og sj\u00e1 a\u00f0ra, leita a\u00f0 atvinnu e\u00f0a spjalla saman, eins og s\u00e9st af d\u00e6mis\u00f6gu Jes\u00fa af verkam\u00f6nnunum \u00ed v\u00edngar\u00f0inum (20.1-16). Mennirnir \u00ed s\u00f6gunni bi\u00f0u \u00feess \u00e1 torginu a\u00f0 landeigandi k\u00e6mi og r\u00e9\u00f0i \u00fe\u00e1 \u00ed vinnu.<\/p>\n<p>\u00c1 f\u00f6stud\u00f6gum, daginn n\u00e6sta \u00e1 undan hv\u00edldardeginum, var a\u00f0 vonum mikill handagangur \u00ed \u00f6skjunni \u00e1 marka\u00f0storginu.\u00a0 \u00de\u00e1 komu gy\u00f0ingar til \u00feess a\u00f0 kaupa \u00fea\u00f0 sem til \u00feurfti a\u00f0 halda h\u00e1t\u00ed\u00f0legan helgidaginn, sem h\u00f3fst vi\u00f0 s\u00f3lsetur \u00e1 f\u00f6studagskv\u00f6ldi og lauk \u00feegar s\u00f3l\u00a0 g\u00e9kk til vi\u00f0ar \u00e1 laugardeginum eftir.<\/p>\n","protected":false},"excerpt":{"rendered":"<p>Marka\u00f0storg var \u00ed hverju \u00feorpi \u00ed Palest\u00ednu \u00e1 t\u00edmum Jes\u00fa. <a href=\"https:\/\/biblian.is\/fraedsla\/ordtakasafn\/markadstorgid\/\"> [&#8230;]<\/a><\/p>\n","protected":false},"author":1,"featured_media":0,"parent":4827,"menu_order":0,"comment_status":"closed","ping_status":"closed","template":"","meta":{"footnotes":""},"class_list":["post-4940","page","type-page","status-publish","hentry"],"_links":{"self":[{"href":"https:\/\/biblian.is\/fraedsla\/wp-json\/wp\/v2\/pages\/4940","targetHints":{"allow":["GET"]}}],"collection":[{"href":"https:\/\/biblian.is\/fraedsla\/wp-json\/wp\/v2\/pages"}],"about":[{"href":"https:\/\/biblian.is\/fraedsla\/wp-json\/wp\/v2\/types\/page"}],"author":[{"embeddable":true,"href":"https:\/\/biblian.is\/fraedsla\/wp-json\/wp\/v2\/users\/1"}],"replies":[{"embeddable":true,"href":"https:\/\/biblian.is\/fraedsla\/wp-json\/wp\/v2\/comments?post=4940"}],"version-history":[{"count":0,"href":"https:\/\/biblian.is\/fraedsla\/wp-json\/wp\/v2\/pages\/4940\/revisions"}],"up":[{"embeddable":true,"href":"https:\/\/biblian.is\/fraedsla\/wp-json\/wp\/v2\/pages\/4827"}],"wp:attachment":[{"href":"https:\/\/biblian.is\/fraedsla\/wp-json\/wp\/v2\/media?parent=4940"}],"curies":[{"name":"wp","href":"https:\/\/api.w.org\/{rel}","templated":true}]}}