{"id":4931,"date":"2019-03-22T21:53:52","date_gmt":"2019-03-22T21:53:52","guid":{"rendered":"https:\/\/biblian.is\/fraedsla\/?page_id=4931"},"modified":"2026-04-17T13:01:04","modified_gmt":"2026-04-17T13:01:04","slug":"dekapolis","status":"publish","type":"page","link":"https:\/\/biblian.is\/fraedsla\/ordtakasafn\/dekapolis\/","title":{"rendered":"Dekap\u00f3lis"},"content":{"rendered":"<p><span lang=\"SQ\">&#8222;Dekap\u00f3lis&#8220; er gr\u00edskt or\u00f0 og \u00fe\u00fd\u00f0ir &#8222;t\u00edu borgir&#8220;.\u00a0 \u00dea\u00f0 er nota\u00f0 um samband 10 borga fyrir austan Gal\u00edleuvatn og J\u00f3rdandalinn.\u00a0Damaskus er n\u00e6r 112 km. nor\u00f0austur af Hippos vi\u00f0 Gal\u00edleuvatni\u00f0 austanvert;\u00a0 F\u00edladelf\u00eda, sem er lengst \u00ed su\u00f0austri, er innan vi\u00f0 40\u00a0 km. fr\u00e1 Dau\u00f0ahafinu.\u00a0 Allar h\u00f6f\u00f0u borgirnar t\u00edu or\u00f0i\u00f0 fyrir miklum \u00e1hrifum af gr\u00edskri menningu fr\u00e1 \u00fev\u00ed Alexander mikli lag\u00f0i Palest\u00ednu undir sig seint \u00e1 4. \u00f6ld f. Kr.\u00a0 R\u00fastir Gerasa (sem n\u00fa heitir Jerash) hafa \u00fdmislegt a\u00f0 geyma sem telja m\u00e1 einkennandi fyrir borgir sem dr\u00f3gu d\u00e1m af Grikkjum en R\u00f3mverjar r\u00e9\u00f0u \u00e1 fyrstu \u00f6ldinni e. Kr.:\u00a0 hringleikah\u00fas, marka\u00f0storg og fleiri e\u00f0a f\u00e6rri musteri helgu\u00f0 hei\u00f0num gu\u00f0um og gy\u00f0jum.<\/span><\/p>\n","protected":false},"excerpt":{"rendered":"<p>&#8222;Dekap\u00f3lis&#8220; er gr\u00edskt or\u00f0 og \u00fe\u00fd\u00f0ir &#8222;t\u00edu borgir&#8220;.\u00a0 \u00dea\u00f0 er <a href=\"https:\/\/biblian.is\/fraedsla\/ordtakasafn\/dekapolis\/\"> [&#8230;]<\/a><\/p>\n","protected":false},"author":1,"featured_media":0,"parent":4827,"menu_order":0,"comment_status":"closed","ping_status":"closed","template":"","meta":{"footnotes":""},"class_list":["post-4931","page","type-page","status-publish","hentry"],"_links":{"self":[{"href":"https:\/\/biblian.is\/fraedsla\/wp-json\/wp\/v2\/pages\/4931","targetHints":{"allow":["GET"]}}],"collection":[{"href":"https:\/\/biblian.is\/fraedsla\/wp-json\/wp\/v2\/pages"}],"about":[{"href":"https:\/\/biblian.is\/fraedsla\/wp-json\/wp\/v2\/types\/page"}],"author":[{"embeddable":true,"href":"https:\/\/biblian.is\/fraedsla\/wp-json\/wp\/v2\/users\/1"}],"replies":[{"embeddable":true,"href":"https:\/\/biblian.is\/fraedsla\/wp-json\/wp\/v2\/comments?post=4931"}],"version-history":[{"count":0,"href":"https:\/\/biblian.is\/fraedsla\/wp-json\/wp\/v2\/pages\/4931\/revisions"}],"up":[{"embeddable":true,"href":"https:\/\/biblian.is\/fraedsla\/wp-json\/wp\/v2\/pages\/4827"}],"wp:attachment":[{"href":"https:\/\/biblian.is\/fraedsla\/wp-json\/wp\/v2\/media?parent=4931"}],"curies":[{"name":"wp","href":"https:\/\/api.w.org\/{rel}","templated":true}]}}