{"id":4917,"date":"2019-03-22T21:03:25","date_gmt":"2019-03-22T21:03:25","guid":{"rendered":"https:\/\/biblian.is\/fraedsla\/?page_id=4917"},"modified":"2022-12-16T13:59:10","modified_gmt":"2022-12-16T13:59:10","slug":"matteusargudspjall-3-kafli","status":"publish","type":"page","link":"https:\/\/biblian.is\/fraedsla\/ritskyring\/matteusargudspjall-3-kafli\/","title":{"rendered":"Matteusargu\u00f0spjall 3. kafli"},"content":{"rendered":"<h3>Starf Jes\u00fa undirb\u00fai\u00f0<\/h3>\n<p>J\u00f3hannes sk\u00edrari hvetur f\u00f3lk til \u00feess a\u00f0 sn\u00faa s\u00e9r til Gu\u00f0s og b\u00faa sig undir komu Jes\u00fa, sem sendur er af Gu\u00f0i.\u00a0 Jes\u00fas er sk\u00edr\u00f0ur af J\u00f3hannesi og s\u00ed\u00f0an freista\u00f0 af dj\u00f6flinum \u00ed ey\u00f0im\u00f6rkinni.<\/p>\n<p>&#8212;<\/p>\n<p><strong>3.1<\/strong>\u00a0 <em>\u00f3bygg\u00f0um J\u00fadeu:<\/em>\u00a0 \u00feetta fl\u00e6mi n\u00e1\u00f0i um 32 k\u00edl\u00f3metra \u00ed austur fr\u00e1 h\u00e1sl\u00e9ttunni \u00fear sem Jer\u00fasalem og Betlehem eru og ni\u00f0ur a\u00f0 \u00e1nni J\u00f3rdan og Dau\u00f0a hafinu.\u00a0 Sj\u00e1 kort \u00e1 bls. 2375.<\/p>\n<p><strong>3.2<\/strong>\u00a0 <em>himnar\u00edki:<\/em>\u00a0 or\u00f0i\u00f0 er haft um eil\u00edft r\u00edki Gu\u00f0s.\u00a0 H\u00e1s\u00e6ti hans er \u00e1 himnum, \u00fe\u00f3tt veldi hans drottni yfir alheimi.\u00a0 Jes\u00fas segir a\u00f0 konungd\u00f3mur Gu\u00f0s ver\u00f0i algj\u00f6r \u00ed framt\u00ed\u00f0 (24.14,30).\u00a0Or\u00f0i\u00f0 &#8222;gu\u00f0sr\u00edki&#8220; hj\u00e1 Mark\u00fasi og L\u00fakasi hefur s\u00f6mu merkingu. <em>himnar\u00edki er \u00ed n\u00e1nd:<\/em>\u00a0 E\u00f0a &#8222;himnar\u00edki er \u00feegar komi\u00f0.&#8220;<\/p>\n<p><strong>3.3<\/strong>\u00a0Jes 40.3 (Sept\u00faaginta).<\/p>\n<p><strong>3.4<\/strong>2Kon 1.8.<\/p>\n<p><strong>3.7<\/strong><em>\u00a0far\u00edsear og sadd\u00fakear<\/em>:\u00a0 Sj\u00e1 athugagrein vi\u00f0 16.1.\u00a0 Sj\u00e1 og Matt 12.38;\u00a0 L\u00fakas 11.16. Matt 12.34; 23.33.<\/p>\n<p><strong>3.9,10<\/strong>J\u00f3h 8.33; Matt 7.19.<\/p>\n<p><strong>3.11<\/strong><em>\u00a0bera sk\u00f3 hans:<\/em>\u00a0 \u00dea\u00f0 var verk \u00fej\u00f3nustumanns e\u00f0a \u00fer\u00e6ls a\u00f0 bera sk\u00f3 h\u00fasb\u00f3nda s\u00edns.\u00a0 J\u00f3hannes gefur til kynna a\u00f0 hann s\u00e9 ekki ver\u00f0ur \u00feess a\u00f0 \u00fej\u00f3na Jes\u00fa, ekki einu sinni me\u00f0 \u00fev\u00ed a\u00f0 bera sk\u00f3 hans.<\/p>\n<p><strong>3.12<\/strong>\u00a0<em>varpsk\u00f3fluna&#8230;hismi\u00f0<\/em>:\u00a0 Korn\u00f6xin voru l\u00f6g\u00f0 \u00e1 kl\u00f6pp sem k\u00f6llu\u00f0 var \u00fereskiv\u00f6llur.\u00a0 Uxi dr\u00f3 s\u00ed\u00f0an \u00feungan sle\u00f0a yfir \u00feau til \u00feess a\u00f0 skilja hismi\u00f0 fr\u00e1 hveitinu.\u00a0 St\u00f3r kv\u00edsl var svo notu\u00f0 til \u00feess a\u00f0 kasta hvoru tveggja saman upp \u00ed lofti\u00f0.\u00a0 Hismi\u00f0 var l\u00e9tt og golan feykti\u00a0 \u00fev\u00ed burt.\u00a0En hveiti\u00f0 f\u00e9ll aftur til jar\u00f0ar og var safna\u00f0 saman.<\/p>\n<p><strong>3.16 <\/strong>\u00a0<em>Jes\u00fas&#8230;.sk\u00edr\u00f0ur:\u00a0 <\/em>J\u00f3hannes pr\u00e9dika\u00f0i og sk\u00edr\u00f0i \u00ed \u00fev\u00ed skyni a\u00f0 f\u00e1 f\u00f3lk til \u00feess a\u00f0 taka sinnaskiptum (\u00fe.e. sn\u00faa s\u00e9r til Gu\u00f0s a\u00f0 n\u00fdju) og hlj\u00f3ta fyrirgefningu synda sinna (L\u00fakas 3.3).\u00a0\u00de\u00f3tt J\u00f3hannes teldi Jes\u00fa ekki \u00feurfa \u00feessa me\u00f0, sag\u00f0ist Jes\u00fas samt fyrir alla muni vilja \u00feiggja sk\u00edrn af honum, enda v\u00e6ri \u00fea\u00f0 vilji Gu\u00f0s.\u00a0 <a href=\"https:\/\/biblian.is\/fraedsla\/ordtakasafn\/skirn\/\">Sj\u00e1 <em>Sk\u00edrn<\/em> \u00ed or\u00f0takasafni<\/a>.<\/p>\n<p><strong>3.17\u00a0<\/strong>1M\u00f3s 22.2;\u00a0 Slm 2.7; Jes 42.1; Matt 12.18; 17.5; Mark\u00fas 1.11; L\u00fakas 9.35.<strong>\u00a0 <\/strong><\/p>\n","protected":false},"excerpt":{"rendered":"<p>Starf Jes\u00fa undirb\u00fai\u00f0 J\u00f3hannes sk\u00edrari hvetur f\u00f3lk til \u00feess a\u00f0 <a href=\"https:\/\/biblian.is\/fraedsla\/ritskyring\/matteusargudspjall-3-kafli\/\"> [&#8230;]<\/a><\/p>\n","protected":false},"author":1,"featured_media":0,"parent":4829,"menu_order":0,"comment_status":"closed","ping_status":"closed","template":"","meta":{"footnotes":""},"class_list":["post-4917","page","type-page","status-publish","hentry"],"_links":{"self":[{"href":"https:\/\/biblian.is\/fraedsla\/wp-json\/wp\/v2\/pages\/4917","targetHints":{"allow":["GET"]}}],"collection":[{"href":"https:\/\/biblian.is\/fraedsla\/wp-json\/wp\/v2\/pages"}],"about":[{"href":"https:\/\/biblian.is\/fraedsla\/wp-json\/wp\/v2\/types\/page"}],"author":[{"embeddable":true,"href":"https:\/\/biblian.is\/fraedsla\/wp-json\/wp\/v2\/users\/1"}],"replies":[{"embeddable":true,"href":"https:\/\/biblian.is\/fraedsla\/wp-json\/wp\/v2\/comments?post=4917"}],"version-history":[{"count":0,"href":"https:\/\/biblian.is\/fraedsla\/wp-json\/wp\/v2\/pages\/4917\/revisions"}],"up":[{"embeddable":true,"href":"https:\/\/biblian.is\/fraedsla\/wp-json\/wp\/v2\/pages\/4829"}],"wp:attachment":[{"href":"https:\/\/biblian.is\/fraedsla\/wp-json\/wp\/v2\/media?parent=4917"}],"curies":[{"name":"wp","href":"https:\/\/api.w.org\/{rel}","templated":true}]}}