{"id":4913,"date":"2019-03-22T20:46:30","date_gmt":"2019-03-22T20:46:30","guid":{"rendered":"https:\/\/biblian.is\/fraedsla\/?page_id=4913"},"modified":"2026-04-17T13:01:04","modified_gmt":"2026-04-17T13:01:04","slug":"artol-fyrir-og-eftir-krist","status":"publish","type":"page","link":"https:\/\/biblian.is\/fraedsla\/ordtakasafn\/artol-fyrir-og-eftir-krist\/","title":{"rendered":"\u00c1rt\u00f6l fyrir og eftir Krist"},"content":{"rendered":"<p>Skammst\u00f6funin f. Kr. \u00fe\u00fd\u00f0ir fyrir Krists bur\u00f0.\u00a0 En s\u00e9 t\u00edmatal L\u00fakasar r\u00e9tt, \u00fe\u00e9 hefur Jes\u00fas f\u00e6\u00f0st a\u00f0 minnsta kosti fj\u00f3rum \u00e1rum \u00e1\u00f0ur en aldatal okkar hefst.\u00a0 Eftir \u00fea\u00f0\u00a0 notum vi\u00f0 skammst\u00f6funina e. Kr, sem \u00fe\u00fd\u00f0ir eftir Krists bur\u00f0.\u00a0 Kristi\u00f0 t\u00edmatal kom ekki til s\u00f6gunnar fyrr en \u00e1ri\u00f0 526 e. Kr. og er verk munks, sem Dionysius Exiguus h\u00e9t.\u00a0 Honum var fali\u00f0 a\u00f0 semja almanak um h\u00e1t\u00ed\u00f0ar kirkjunnar.\u00a0 Hann \u00e1kva\u00f0 a\u00f0 f\u00e6\u00f0ingar\u00e1r Jes\u00fa skyldi vera \u00e1ri\u00f0 754 eftir r\u00f3mverska t\u00edmatalinu.\u00a0 \u00dea\u00f0 \u00e1r yr\u00f0i \u00fea\u00f0an \u00ed fr\u00e1 fyrsta \u00e1r okkar t\u00edmatals og h\u00e6fist 1. jan\u00faar.\u00a0 En Dionysius misreikna\u00f0i valdat\u00edma Her\u00f3desar og nam skekkjan um 5 \u00e1rum.<\/p>\n","protected":false},"excerpt":{"rendered":"<p>Skammst\u00f6funin f. Kr. \u00fe\u00fd\u00f0ir fyrir Krists bur\u00f0.\u00a0 En s\u00e9 t\u00edmatal <a href=\"https:\/\/biblian.is\/fraedsla\/ordtakasafn\/artol-fyrir-og-eftir-krist\/\"> [&#8230;]<\/a><\/p>\n","protected":false},"author":1,"featured_media":0,"parent":4827,"menu_order":0,"comment_status":"closed","ping_status":"closed","template":"","meta":{"footnotes":""},"class_list":["post-4913","page","type-page","status-publish","hentry"],"_links":{"self":[{"href":"https:\/\/biblian.is\/fraedsla\/wp-json\/wp\/v2\/pages\/4913","targetHints":{"allow":["GET"]}}],"collection":[{"href":"https:\/\/biblian.is\/fraedsla\/wp-json\/wp\/v2\/pages"}],"about":[{"href":"https:\/\/biblian.is\/fraedsla\/wp-json\/wp\/v2\/types\/page"}],"author":[{"embeddable":true,"href":"https:\/\/biblian.is\/fraedsla\/wp-json\/wp\/v2\/users\/1"}],"replies":[{"embeddable":true,"href":"https:\/\/biblian.is\/fraedsla\/wp-json\/wp\/v2\/comments?post=4913"}],"version-history":[{"count":0,"href":"https:\/\/biblian.is\/fraedsla\/wp-json\/wp\/v2\/pages\/4913\/revisions"}],"up":[{"embeddable":true,"href":"https:\/\/biblian.is\/fraedsla\/wp-json\/wp\/v2\/pages\/4827"}],"wp:attachment":[{"href":"https:\/\/biblian.is\/fraedsla\/wp-json\/wp\/v2\/media?parent=4913"}],"curies":[{"name":"wp","href":"https:\/\/api.w.org\/{rel}","templated":true}]}}