{"id":4905,"date":"2019-03-22T20:39:42","date_gmt":"2019-03-22T20:39:42","guid":{"rendered":"https:\/\/biblian.is\/fraedsla\/?page_id=4905"},"modified":"2026-04-17T13:01:16","modified_gmt":"2026-04-17T13:01:16","slug":"matteusargudspjall-1-kafli","status":"publish","type":"page","link":"https:\/\/biblian.is\/fraedsla\/ritskyring\/matteusargudspjall-1-kafli\/","title":{"rendered":"Matteusargu\u00f0spjall 1. kafli"},"content":{"rendered":"<h3>Jes\u00fas, Hinn smur\u00f0i, sem sendur er af Gu\u00f0i.<\/h3>\n<p><strong>\u00a0<\/strong>Matteus hefur gu\u00f0spjall sitt me\u00f0 \u00fev\u00ed a\u00f0 rekja \u00e6ttir Jes\u00fa og s\u00fdna fram \u00e1 a\u00f0 hann s\u00e9 afkomandi Dav\u00ed\u00f0s konungs og Abrahams.\u00a0\u00a0 Svo segir hann fr\u00e1 f\u00e6\u00f0ingu Jes\u00fa og fyrstu \u00e6vi\u00e1rum.\u00a0 S\u00ed\u00f0an ver\u00f0a skil og \u00fer\u00e1\u00f0urinn er tekinn upp a\u00f0 n\u00fdju \u00feegar Jes\u00fas er \u00fer\u00edtugur a\u00f0 aldri.\u00a0Fundum \u00feeirra J\u00f3hannesar sk\u00edrara ber saman og J\u00f3hannes sk\u00edrir Jes\u00fa.\u00a0 Eftir \u00fea\u00f0 er hans freista\u00f0 af dj\u00f6flinum \u00ed ey\u00f0im\u00f6rkinni.\u00a0 \u00deessir vi\u00f0bur\u00f0ir b\u00faa Jes\u00fa undir \u00fe\u00e1 \u00fej\u00f3nustu sem Gu\u00f0 hefur \u00fatvali\u00f0 hann til:\u00a0 a\u00f0 frelsa\u00a0 mannf\u00f3lki\u00f0 \u00ed heiminum.<\/p>\n<h4>S\u00f6g\u00f0 deili \u00e1 Jes\u00fa<\/h4>\n<p>Forfe\u00f0ur Jes\u00fa taldir upp og sagt fr\u00e1 f\u00e6\u00f0ingu hans.<\/p>\n<p>Drottinn l\u00e9t sp\u00e1manninn bo\u00f0a: <em>\u00a0&#8222;Sj\u00e1, yngism\u00e6r mun \u00feungu\u00f0 ver\u00f0a og f\u00e6\u00f0a son og l\u00e6tur hann heita Imman\u00fael,&#8220; \u00fea\u00f0 \u00fe\u00fd\u00f0ir:\u00a0 Gu\u00f0 me\u00f0 oss. <\/em>\u00a0Matt. 1:23.<\/p>\n<p>&#8212;<\/p>\n<p><strong>1.1\u00a0<\/strong><em>sonar Dav\u00ed\u00f0s, sonar Abrahams:\u00a0 <\/em>Foreldrar Jes\u00fa voru Gy\u00f0ingar, komnir af fr\u00e6gum st\u00f3rmennum \u00ed \u00e6ttir fram. Dav\u00ed\u00f0 konungur var \u00e1litinn mestur \u00fej\u00f3\u00f0h\u00f6f\u00f0ingja \u00ed s\u00f6gu \u00cdsraels.\u00a0 Sumir sp\u00e1mannanna h\u00f6f\u00f0u sagt, a\u00f0 Mess\u00edas yr\u00f0i af \u00e6tt hans (Jes 11:1-5).\u00a0Abraham var aftur uppi m\u00f6rgum \u00f6ldum \u00e1 undan Dav\u00ed\u00f0.\u00a0 Hann var gu\u00f0hr\u00e6ddur og gegn ma\u00f0ur og \u00fev\u00ed h\u00e9t Gu\u00f0 \u00feeim S\u00f6ru konu hans \u00fev\u00ed a\u00f0 afkomendur \u00feeirra myndu ver\u00f0a mikil \u00fej\u00f3\u00f0.\u00a0 \u00dea\u00f0 voru \u00cdsraelsmenn. Sj\u00e1 n\u00e1nar\u00a0<a href=\"https:\/\/biblian.is\/fraedsla\/ordtakasafn\/abraham\/\">Abraham<\/a>.<\/p>\n<p><strong>1.2-11<\/strong><em>\u00a0Abraham&#8230;.Jekonja og br\u00e6\u00f0ur hans:\u00a0 <\/em>Fr\u00e1sagnir af sumum langfe\u00f0ga Jes\u00fa er a\u00f0 finna \u00ed 1M\u00f3s 12-38;\u00a0 Rut 4:13-22; 1Sam 16-2Sam24; 1 og 2Kon; 1Kron 2:9-17.<\/p>\n<p><strong>1:6b-11\u00a0 <\/strong><em>\u00e1 t\u00edma \u00fatleg\u00f0arinnar \u00ed Bab\u00fdlon:\u00a0 <\/em>\u00c1ri\u00f0 586 e\u00f0a 587 f. Kr. t\u00f3k bab\u00fdlonski herinn Jer\u00fasalemsborg og lag\u00f0i \u00ed ey\u00f0i.\u00a0Bab\u00fdlon\u00edumenn r\u00e6ndu musteri Gy\u00f0inga helgigripum og skikku\u00f0u marga \u00edb\u00faa borgarinnar og n\u00e1granna \u00feeirra til \u00feess a\u00f0 fara og taka s\u00e9r b\u00fasetu austur \u00ed Bab\u00fdlon\u00edu.\u00a0 \u00deessi \u00fatleg\u00f0 var\u00f0i til \u00e1rsins 538 f. Kr., \u00feegar Persar b\u00e1ru siguror\u00f0 af Bab\u00fdlon\u00edum\u00f6nnum og leyf\u00f0u gy\u00f0ingaf\u00f3lki a\u00f0 sn\u00fa aftur heim til J\u00fada.<\/p>\n<p><strong>1.17<\/strong><em>Mess\u00edas<\/em>:\u00a0Or\u00f0i\u00f0 Mess\u00edas er hebreska og \u00fe\u00fd\u00f0ir &#8222;hinn \u00fatvaldi&#8220; e\u00f0a &#8222;hinn smur\u00f0i.&#8220;\u00a0\u00a0\u00a0 Smurning f\u00f3lst \u00ed \u00fev\u00ed a\u00f0 ol\u00edu var hellt yfir h\u00f6fu\u00f0 manns til merkis um a\u00f0 honum v\u00e6ri \u00e6tla\u00f0 s\u00e9rstakt hlutverk eins og eitthvert h\u00e1tt emb\u00e6tti (1Sam 12:3-5).\u00a0 Vi\u00f0 smurningu kom andi Gu\u00f0s og kraftur yfir vi\u00f0komandi.\u00a0 &#8222;Hinn smur\u00f0i&#8220; er <em>christos\u00a0<\/em>\u00e1 gr\u00edsku (Kristur).<\/p>\n<p><strong>1.18\u00a0 <\/strong><em>heil\u00f6gum anda:\u00a0 <\/em>Heilagur andi er kraftur Gu\u00f0s a\u00f0 starfi \u00ed heimi h\u00e9r.\u00a0 Sj\u00e1 n\u00e1nar um <a href=\"https:\/\/biblian.is\/fraedsla\/ordtakasafn\/heilagur-andi\/\">Heilagan anda \u00ed or\u00f0takasafni<\/a>. Sj\u00e1 einnig\u00a0<span lang=\"SQ\">L\u00fakas 1.27.\u00a0<\/span><\/p>\n<p><strong>1.19 <\/strong><em>\u00a0<\/em><i><span lang=\"SQ\">valmenni: <\/span><\/i><span lang=\"SQ\">\u00a0&#8222;g\u00f3\u00f0ur ma\u00f0ur&#8220; e\u00f0a &#8222;ma\u00f0ur, sem gj\u00f6rir r\u00e9tt.&#8220;<\/span><\/p>\n<p><strong>1.21 <em>\u00a0<\/em><\/strong><em>l\u00e1ta heita Jes\u00fa<\/em>:\u00a0Hebreska nafni\u00f0 <em>Jeshua, <\/em>sem vi\u00f0 ritum &#8222;Jes\u00fas&#8220;, \u00fe\u00fd\u00f0ir &#8222;Drottinn frelsar.&#8220;\u00a0 Sj\u00e1 einnig L\u00fakas 1.31.<\/p>\n<p><strong>1.23\u00a0<\/strong>Jes 7.14 (Sept\u00faaginta)<\/p>\n<p><strong>1.25\u00a0<\/strong>L\u00fakas 2.21.<\/p>\n","protected":false},"excerpt":{"rendered":"<p>Jes\u00fas, Hinn smur\u00f0i, sem sendur er af Gu\u00f0i. \u00a0Matteus hefur <a href=\"https:\/\/biblian.is\/fraedsla\/ritskyring\/matteusargudspjall-1-kafli\/\"> [&#8230;]<\/a><\/p>\n","protected":false},"author":1,"featured_media":0,"parent":4829,"menu_order":0,"comment_status":"closed","ping_status":"closed","template":"","meta":{"footnotes":""},"class_list":["post-4905","page","type-page","status-publish","hentry"],"_links":{"self":[{"href":"https:\/\/biblian.is\/fraedsla\/wp-json\/wp\/v2\/pages\/4905","targetHints":{"allow":["GET"]}}],"collection":[{"href":"https:\/\/biblian.is\/fraedsla\/wp-json\/wp\/v2\/pages"}],"about":[{"href":"https:\/\/biblian.is\/fraedsla\/wp-json\/wp\/v2\/types\/page"}],"author":[{"embeddable":true,"href":"https:\/\/biblian.is\/fraedsla\/wp-json\/wp\/v2\/users\/1"}],"replies":[{"embeddable":true,"href":"https:\/\/biblian.is\/fraedsla\/wp-json\/wp\/v2\/comments?post=4905"}],"version-history":[{"count":0,"href":"https:\/\/biblian.is\/fraedsla\/wp-json\/wp\/v2\/pages\/4905\/revisions"}],"up":[{"embeddable":true,"href":"https:\/\/biblian.is\/fraedsla\/wp-json\/wp\/v2\/pages\/4829"}],"wp:attachment":[{"href":"https:\/\/biblian.is\/fraedsla\/wp-json\/wp\/v2\/media?parent=4905"}],"curies":[{"name":"wp","href":"https:\/\/api.w.org\/{rel}","templated":true}]}}