{"id":4886,"date":"2019-03-22T19:34:03","date_gmt":"2019-03-22T19:34:03","guid":{"rendered":"https:\/\/biblian.is\/fraedsla\/?page_id=4886"},"modified":"2026-04-17T13:01:07","modified_gmt":"2026-04-17T13:01:07","slug":"sokrates","status":"publish","type":"page","link":"https:\/\/biblian.is\/fraedsla\/ordtakasafn\/sokrates\/","title":{"rendered":"S\u00f3krates"},"content":{"rendered":"<p>A\u00feeningurinn\u00a0<strong>S\u00f3krates <\/strong>var uppi\u00a0 \u00e1 \u00e1runum \u00ed kringum 469 til 399 f. Kr.\u00a0 Gr\u00edsku heimspekingarnir \u00e1 undan honum veltu \u00fev\u00ed einkum fyrir s\u00e9r af hva\u00f0a efni heimurinn v\u00e6ri ger\u00f0ur og hvernig hann v\u00e6ri settur saman.\u00a0 S\u00f3krates taldi a\u00f0 heimspekin \u00e6tta l\u00edka a\u00f0 kenna f\u00f3lki a\u00f0 lifa g\u00f3\u00f0u l\u00edfi.\u00a0 \u00cd \u00fev\u00ed skyni nota\u00f0i hann einkum tv\u00e6r a\u00f0fer\u00f0ir til \u00feess a\u00f0 afla \u00feekkingar og mi\u00f0la henni, \u00ed fyrsta lagi svokalla\u00f0a <em>a\u00f0lei\u00f0slu\u00a0<\/em>(almennar reglur leiddar af einst\u00f6kum d\u00e6mum e\u00f0a sta\u00f0reyndum) og \u00ed \u00f6\u00f0ru lagi <em>skilgreiningu <\/em>(n\u00e1kv\u00e6m \u00fatlistun \u00e1 merkingu or\u00f0s, hugtaks e\u00f0a hlutar).\u00a0 \u00de\u00e1 var honum og tamt a\u00f0 nota h\u00e1rbeitta r\u00f6kv\u00edsi \u00ed <em>\u00a0<\/em>samr\u00e6\u00f0um, svo a\u00f0 \u00far var\u00f0<em>\u00fer\u00e6tulist<\/em>, \u00fear sem spurt er og svara\u00f0 og hver sko\u00f0un kallar \u00e1 andm\u00e6li.\u00a0 Af \u00fev\u00ed hve dygg\u00f0irnar voru S\u00f3kratesi hugleiknar er vant a\u00f0 kalla hann f\u00f6\u00f0ur si\u00f0fr\u00e6\u00f0innar.<\/p>\n","protected":false},"excerpt":{"rendered":"<p>A\u00feeningurinn\u00a0S\u00f3krates var uppi\u00a0 \u00e1 \u00e1runum \u00ed kringum 469 til 399 <a href=\"https:\/\/biblian.is\/fraedsla\/ordtakasafn\/sokrates\/\"> [&#8230;]<\/a><\/p>\n","protected":false},"author":1,"featured_media":0,"parent":4827,"menu_order":0,"comment_status":"closed","ping_status":"closed","template":"","meta":{"footnotes":""},"class_list":["post-4886","page","type-page","status-publish","hentry"],"_links":{"self":[{"href":"https:\/\/biblian.is\/fraedsla\/wp-json\/wp\/v2\/pages\/4886","targetHints":{"allow":["GET"]}}],"collection":[{"href":"https:\/\/biblian.is\/fraedsla\/wp-json\/wp\/v2\/pages"}],"about":[{"href":"https:\/\/biblian.is\/fraedsla\/wp-json\/wp\/v2\/types\/page"}],"author":[{"embeddable":true,"href":"https:\/\/biblian.is\/fraedsla\/wp-json\/wp\/v2\/users\/1"}],"replies":[{"embeddable":true,"href":"https:\/\/biblian.is\/fraedsla\/wp-json\/wp\/v2\/comments?post=4886"}],"version-history":[{"count":0,"href":"https:\/\/biblian.is\/fraedsla\/wp-json\/wp\/v2\/pages\/4886\/revisions"}],"up":[{"embeddable":true,"href":"https:\/\/biblian.is\/fraedsla\/wp-json\/wp\/v2\/pages\/4827"}],"wp:attachment":[{"href":"https:\/\/biblian.is\/fraedsla\/wp-json\/wp\/v2\/media?parent=4886"}],"curies":[{"name":"wp","href":"https:\/\/api.w.org\/{rel}","templated":true}]}}