{"id":4873,"date":"2019-03-22T18:43:23","date_gmt":"2019-03-22T18:43:23","guid":{"rendered":"https:\/\/biblian.is\/fraedsla\/?page_id=4873"},"modified":"2022-12-16T13:58:55","modified_gmt":"2022-12-16T13:58:55","slug":"fiskur-og-fiskveidar","status":"publish","type":"page","link":"https:\/\/biblian.is\/fraedsla\/ordtakasafn\/fiskur-og-fiskveidar\/","title":{"rendered":"Fiskur og fiskvei\u00f0ar"},"content":{"rendered":"<p>\u00d3vinveittir n\u00e1grannar gy\u00f0inga r\u00e9\u00f0u oft l\u00f6gum og lofum \u00e1 strandlengjunni me\u00f0fram Mi\u00f0jar\u00f0arhafinu og meinu\u00f0u \u00feeim a\u00f0gang a\u00f0 h\u00f6fnum og vei\u00f0um \u00fear.\u00a0\u00deeir veiddu \u00fev\u00ed einkum fisk \u00ed Gal\u00edleuvatni.\u00a0 Helstu tegundirnar voru vatnakarfi og gedda.\u00a0 L\u00f6gm\u00e1l M\u00f3se heimilar f\u00f3lki a\u00f0 eta allan \u00feann fisk, sem hefur ugga og hreistur, en \u00fear sem geddan er \u00e1n hreisturs (eins og \u00e1ll og h\u00e1karl) m\u00e1ttu menn ekki neyta hennar (3M\u00f3s 11.9-12).\u00a0 \u00deurrka\u00f0 e\u00f0a salta\u00f0 fiskmeti barst fr\u00e1 T\u00fdrus og S\u00eddon.<\/p>\n<p>\u00cd sk\u00f6punars\u00f6gunni segir fr\u00e1 \u00fev\u00ed er Gu\u00f0 bau\u00f0 a\u00f0 v\u00f6tn jar\u00f0arinnar skyldu fyllast af fiski, vatnagr\u00f3\u00f0ri og alls kyns l\u00edfverum \u00ed sj\u00f3 (1M\u00f3s 1.28; Slm 8.6-8).\u00a0 Hann \u00a0f\u00f3l m\u00f6nnunum a\u00f0 gera s\u00e9r j\u00f6r\u00f0ina undirgefna, \u00fear \u00e1 me\u00f0al fiskinn \u00ed hafinu, \u00e1num og v\u00f6tnunum (5M\u00f3s 4.15-18).\u00a0 Esek\u00edel sp\u00e1ir \u00fev\u00ed, a\u00f0 saltur sj\u00f3rinn \u00ed Dau\u00f0ahafinu muni ver\u00f0a a\u00f0 fersku bergvatni og \u00fea\u00f0 fyllast af fiski \u00feann dag, \u00feegar Gu\u00f0 gj\u00f6rir alla hluti n\u00fdja.<\/p>\n<p>Gal\u00edleumenn h\u00f6f\u00f0u atvinnu og drj\u00fagar tekjur af fiskvei\u00f0um og nokkrir l\u00e6risveina Jes\u00fa voru fiskimenn.\u00a0 Jes\u00fas sag\u00f0i \u00feeim a\u00f0 n\u00fa skyldu \u00feeir menn vei\u00f0a, \u00ed sta\u00f0inn fyrir fisk (Mark 1.16,17; Matt 4.18,19).\u00a0 \u00deegar Jes\u00fas metta\u00f0i \u00fe\u00fasundirnar gaf hann f\u00f3lkinu fisk og brau\u00f0 (Mark 6.30-44;\u00a0 Matt 14.14-21; L\u00fak 9.10-17).\u00a0 Og \u00feegar hann leiddi l\u00e6risveinum s\u00ednum fyrir sj\u00f3nir \u00feann st\u00f3rmikla \u00e1rangur sem \u00feeir g\u00e6tu v\u00e6nst me\u00f0 \u00fev\u00ed a\u00f0 tr\u00faa \u00e1 hann og bo\u00f0a \u00f6\u00f0rum fagna\u00f0arerindi\u00f0, s\u00fdndi hann \u00feeim mikinn afla.\u00a0 Neti\u00f0, sem postularnir k\u00f6stu\u00f0u \u00ed vatni\u00f0, fylltist svo a\u00f0 fiski a\u00f0 \u00feeir g\u00e1tu ekki dregi\u00f0 \u00fea\u00f0 um bor\u00f0 \u00ed b\u00e1tinn (J\u00f3h 21.4-12).<\/p>\n<p>\u00cd frumkirkjunni var t\u00e1kna\u00f0i fiskur sj\u00e1lfan Jes\u00fa umfram \u00f6ll \u00f6nnur t\u00e1kn.\u00a0 \u00c1st\u00e6\u00f0an var s\u00fa, a\u00f0 b\u00f3kstafirnir \u00ed gr\u00edska or\u00f0inu fiskur (ichthus) eru og upphafs-stafirnir \u00ed \u00feeim or\u00f0um \u00e1 gr\u00edsku, sem l\u00fdsa \u00fev\u00ed hver Jes\u00fas er:<\/p>\n<ul>\n<li>I &#8211; I hsous &#8211; Jes\u00fas<\/li>\n<li>X &#8211; Ch ristos &#8211; Kristur<\/li>\n<li>\u04e8 &#8211; Th eou &#8211; Gu\u00f0s<\/li>\n<li>Y &#8211; U ios &#8211; Sonur<\/li>\n<li>\u03a3 &#8211; S wthr &#8211; Frelsari<\/li>\n<\/ul>\n<h4><strong>Fiskvei\u00f0ar \u00e1 Gal\u00edleuvatni<\/strong><\/h4>\n<p>H\u00f6fundur Mark\u00fasargu\u00f0spjalls segir fr\u00e1 \u00fev\u00ed \u00feegar Jes\u00fas sag\u00f0i fj\u00f3rum fiskim\u00f6nnum a\u00f0 fylgja s\u00e9r, \u00feeim S\u00edmoni (sem kalla\u00f0ur var P\u00e9tur), Andr\u00e9si, Jakobi og J\u00f3hannesi.\u00a0 Margir fiskimenn k\u00f6stu\u00f0u netum s\u00ednum \u00far fj\u00f6runni \u00ed grunnt vatni\u00f0, en a\u00f0rir reru til fiskjar.\u00a0 \u00deeir \u00feurftu a\u00f0 r\u00e1\u00f0a s\u00e9r a\u00f0sto\u00f0armenn til \u00feess a\u00f0 draga \u00feung netin. Miki\u00f0 var af vatnakarfa og geddu \u00ed Gal\u00edleuvatni, auk sm\u00e6rri ferskvatns-fiska.<\/p>\n","protected":false},"excerpt":{"rendered":"<p>\u00d3vinveittir n\u00e1grannar gy\u00f0inga r\u00e9\u00f0u oft l\u00f6gum og lofum \u00e1 strandlengjunni <a href=\"https:\/\/biblian.is\/fraedsla\/ordtakasafn\/fiskur-og-fiskveidar\/\"> [&#8230;]<\/a><\/p>\n","protected":false},"author":1,"featured_media":0,"parent":4827,"menu_order":0,"comment_status":"closed","ping_status":"closed","template":"","meta":{"footnotes":""},"class_list":["post-4873","page","type-page","status-publish","hentry"],"_links":{"self":[{"href":"https:\/\/biblian.is\/fraedsla\/wp-json\/wp\/v2\/pages\/4873","targetHints":{"allow":["GET"]}}],"collection":[{"href":"https:\/\/biblian.is\/fraedsla\/wp-json\/wp\/v2\/pages"}],"about":[{"href":"https:\/\/biblian.is\/fraedsla\/wp-json\/wp\/v2\/types\/page"}],"author":[{"embeddable":true,"href":"https:\/\/biblian.is\/fraedsla\/wp-json\/wp\/v2\/users\/1"}],"replies":[{"embeddable":true,"href":"https:\/\/biblian.is\/fraedsla\/wp-json\/wp\/v2\/comments?post=4873"}],"version-history":[{"count":0,"href":"https:\/\/biblian.is\/fraedsla\/wp-json\/wp\/v2\/pages\/4873\/revisions"}],"up":[{"embeddable":true,"href":"https:\/\/biblian.is\/fraedsla\/wp-json\/wp\/v2\/pages\/4827"}],"wp:attachment":[{"href":"https:\/\/biblian.is\/fraedsla\/wp-json\/wp\/v2\/media?parent=4873"}],"curies":[{"name":"wp","href":"https:\/\/api.w.org\/{rel}","templated":true}]}}