{"id":4861,"date":"2019-03-22T18:11:58","date_gmt":"2019-03-22T18:11:58","guid":{"rendered":"https:\/\/biblian.is\/fraedsla\/?page_id=4861"},"modified":"2026-04-17T13:01:07","modified_gmt":"2026-04-17T13:01:07","slug":"vefnadur","status":"publish","type":"page","link":"https:\/\/biblian.is\/fraedsla\/ordtakasafn\/vefnadur\/","title":{"rendered":"Vefna\u00f0ur"},"content":{"rendered":"<p>D\u00fakur var ofinn \u00far ull e\u00f0a h\u00f6r. \u00der\u00e1\u00f0ur var spunninn \u00far trefjum l\u00ednpl\u00f6ntunnar og s\u00ed\u00f0an ofi\u00f0 \u00far honum l\u00e9reft, sem \u00fe\u00f3tti f\u00ednasta tau og var gjarnan nota\u00f0 \u00ed skr\u00fa\u00f0kl\u00e6\u00f0i presta.\u00a0\u00a0 Af d\u00fdrah\u00e1ri var ullin mest notu\u00f0.\u00a0 Er spunni\u00f0 haf\u00f0i veri\u00f0 \u00far henni garn, voru fl\u00edkur prj\u00f3na\u00f0ar og unni\u00f0 va\u00f0m\u00e1l til heimanota og hversdagsbr\u00faks. \u00deegar ullarbandi\u00f0 var tilb\u00fai\u00f0 var h\u00e6gt a\u00f0 lita \u00fea\u00f0 \u00e1\u00f0ur en kl\u00e6\u00f0i\u00f0 \u00far \u00fev\u00ed var ofi\u00f0 \u00ed vefst\u00f3lnum.\u00a0 \u00dar \u00feessu mislita bandi m\u00e1tti b\u00faa til fallegt munstur.<\/p>\n","protected":false},"excerpt":{"rendered":"<p>D\u00fakur var ofinn \u00far ull e\u00f0a h\u00f6r. \u00der\u00e1\u00f0ur var spunninn <a href=\"https:\/\/biblian.is\/fraedsla\/ordtakasafn\/vefnadur\/\"> [&#8230;]<\/a><\/p>\n","protected":false},"author":1,"featured_media":0,"parent":4827,"menu_order":0,"comment_status":"closed","ping_status":"closed","template":"","meta":{"footnotes":""},"class_list":["post-4861","page","type-page","status-publish","hentry"],"_links":{"self":[{"href":"https:\/\/biblian.is\/fraedsla\/wp-json\/wp\/v2\/pages\/4861","targetHints":{"allow":["GET"]}}],"collection":[{"href":"https:\/\/biblian.is\/fraedsla\/wp-json\/wp\/v2\/pages"}],"about":[{"href":"https:\/\/biblian.is\/fraedsla\/wp-json\/wp\/v2\/types\/page"}],"author":[{"embeddable":true,"href":"https:\/\/biblian.is\/fraedsla\/wp-json\/wp\/v2\/users\/1"}],"replies":[{"embeddable":true,"href":"https:\/\/biblian.is\/fraedsla\/wp-json\/wp\/v2\/comments?post=4861"}],"version-history":[{"count":0,"href":"https:\/\/biblian.is\/fraedsla\/wp-json\/wp\/v2\/pages\/4861\/revisions"}],"up":[{"embeddable":true,"href":"https:\/\/biblian.is\/fraedsla\/wp-json\/wp\/v2\/pages\/4827"}],"wp:attachment":[{"href":"https:\/\/biblian.is\/fraedsla\/wp-json\/wp\/v2\/media?parent=4861"}],"curies":[{"name":"wp","href":"https:\/\/api.w.org\/{rel}","templated":true}]}}