{"id":4858,"date":"2019-03-22T18:03:28","date_gmt":"2019-03-22T18:03:28","guid":{"rendered":"https:\/\/biblian.is\/fraedsla\/?page_id=4858"},"modified":"2026-04-17T13:08:41","modified_gmt":"2026-04-17T13:08:41","slug":"samtidarsaga-bibliunnar","status":"publish","type":"page","link":"https:\/\/biblian.is\/fraedsla\/samtidarsaga-bibliunnar\/","title":{"rendered":"Samt\u00ed\u00f0arsaga Bibl\u00edunnar"},"content":{"rendered":"<div class=\"fusion-fullwidth fullwidth-box fusion-builder-row-1 nonhundred-percent-fullwidth non-hundred-percent-height-scrolling\" style=\"--awb-border-radius-top-left:0px;--awb-border-radius-top-right:0px;--awb-border-radius-bottom-right:0px;--awb-border-radius-bottom-left:0px;--awb-flex-wrap:wrap;\" ><div class=\"fusion-builder-row fusion-row\"><div class=\"fusion-layout-column fusion_builder_column fusion-builder-column-0 fusion_builder_column_1_1 1_1 fusion-one-full fusion-column-first fusion-column-last\" style=\"--awb-padding-top:20px;--awb-padding-right:20px;--awb-padding-bottom:20px;--awb-padding-left:20px;--awb-bg-size:cover;\"><div class=\"fusion-column-wrapper fusion-flex-column-wrapper-legacy\"><div class=\"fusion-text fusion-text-1\">\n<!-- Page-list plugin v.5.9 wordpress.org\/plugins\/page-list\/ -->\n<div class=\"page-list page-list-ext \">\n<div class=\"page-list-ext-item\"><h3 class=\"page-list-ext-title\"><a href=\"https:\/\/biblian.is\/fraedsla\/samtidarsaga-bibliunnar\/algeng-hibyli-i-palestinu-a-dogum-jesu\/\" title=\"Algeng h\u00edb\u00fdli \u00ed Palest\u00ednu \u00e1 d\u00f6gum Jes\u00fa\">Algeng h\u00edb\u00fdli \u00ed Palest\u00ednu \u00e1 d\u00f6gum Jes\u00fa<\/a><\/h3><div class=\"page-list-ext-item-content\">Flestir bjuggu \u00ed f\u00e1brotnum h\u00fasum, sem oft voru ekki nema eitt herbergi, og h\u00f6f\u00f0u stundum skepnurnar inni hj\u00e1 s\u00e9r. \u00de\u00f6kin voru fl\u00f6t, ger\u00f0 \u00far bj\u00e1lkum e\u00f0a r\u00f6ftum og hr\u00eds og greinar lagt yfir. \u00deetta var s\u00ed\u00f0an \u00feaki\u00f0 me\u00f0 leir og mold og tro\u00f0i\u00f0 \u00fear til \u00fea\u00f0 va...<\/div><\/div>\n<div class=\"page-list-ext-item\"><h3 class=\"page-list-ext-title\"><a href=\"https:\/\/biblian.is\/fraedsla\/samtidarsaga-bibliunnar\/atrunadur-og-truarhugmyndir-a-timum-bibliunnar\/\" title=\"\u00c1tr\u00fana\u00f0ur og tr\u00faarhugmyndir \u00e1 t\u00edmum Bibl\u00edunnar\">\u00c1tr\u00fana\u00f0ur og tr\u00faarhugmyndir \u00e1 t\u00edmum Bibl\u00edunnar<\/a><\/h3><div class=\"page-list-ext-item-content\">Tr\u00fa \u00cdsraels og s\u00ed\u00f0ar kristni frumkirkjunnar ur\u00f0u til \u00ed fj\u00f6lskr\u00fa\u00f0ugu umhverfi margs kyns \u00e1tr\u00fana\u00f0ar.\u00a0 \u00deau tr\u00faarbr\u00f6g\u00f0, sem \u00cdsraels\u00fej\u00f3\u00f0in kynntist \u00ed Palest\u00ednu og Egyptalandi, \u00e1ttu sitthva\u00f0 sameiginlegt, b\u00e6\u00f0i a\u00f0 \u00fev\u00ed er t\u00f3k til hugmynda og tilbei\u00f0slusi\u00f0a.\u00a0 K...<\/div><\/div>\n<div class=\"page-list-ext-item\"><h3 class=\"page-list-ext-title\"><a href=\"https:\/\/biblian.is\/fraedsla\/samtidarsaga-bibliunnar\/kraftaverk-tofrar-og-laeknisdomar\/\" title=\"Kraftaverk, t\u00f6frar og l\u00e6knisd\u00f3mar\">Kraftaverk, t\u00f6frar og l\u00e6knisd\u00f3mar<\/a><\/h3><div class=\"page-list-ext-item-content\">Bibl\u00edan er tr\u00faarrit.\u00a0 H\u00fan er sagan af ath\u00f6fnum Gu\u00f0s \u00ed \u00fev\u00ed skyni a\u00f0 verja og frelsa mannkyni\u00f0.\u00a0 Kraftaverk eru fyrirfer\u00f0armikil \u00ed \u00feeirri fr\u00e1s\u00f6gn.\u00a0 \u00deau eru af Gu\u00f0i unnin, sk\u00f6punarverki hans til heilla.\u00a0 Af \u00f3l\u00edkum toga voru tr\u00faarhugmyndir \u00feeirra, sem leitu\u00f0u til ...<\/div><\/div>\n<div class=\"page-list-ext-item\"><h3 class=\"page-list-ext-title\"><a href=\"https:\/\/biblian.is\/fraedsla\/samtidarsaga-bibliunnar\/mannlif-og-landshaettir-a-timum-jesu-thjodir-valdhafar-og-stjornmal\/\" title=\"Mannl\u00edf og landsh\u00e6ttir \u00e1 t\u00edmum Jes\u00fa:\u00a0 \u00dej\u00f3\u00f0ir,\u00a0valdhafar og stj\u00f3rnm\u00e1l.\">Mannl\u00edf og landsh\u00e6ttir \u00e1 t\u00edmum Jes\u00fa:\u00a0 \u00dej\u00f3\u00f0ir,\u00a0valdhafar og stj\u00f3rnm\u00e1l.<\/a><\/h3><div class=\"page-list-ext-item-content\">Jes\u00fas f\u00e6ddist \u00ed Betlehem \u00ed J\u00fadeu \u00e1 r\u00edkis\u00e1rum \u00c1g\u00fastusar Sesars, sem kalla\u00f0i sig keisara\u00a0 fyrstur r\u00f3mverskra \u00fej\u00f3\u00f0h\u00f6f\u00f0ingja.\u00a0 Um 60 \u00e1rum \u00e1\u00f0ur h\u00f6f\u00f0u R\u00f3mverjar\u00a0 r\u00e1\u00f0ist inn \u00ed Palest\u00ednu og auki\u00f0 enn \u00e1 heimsyfirr\u00e1\u00f0 s\u00edn me\u00f0 \u00fev\u00ed a\u00f0 leggja undir sig l\u00f6ndin vi\u00f0 ...<\/div><\/div>\n<div class=\"page-list-ext-item\"><h3 class=\"page-list-ext-title\"><a href=\"https:\/\/biblian.is\/fraedsla\/samtidarsaga-bibliunnar\/romverska-heimsveldid\/\" title=\"R\u00f3mverska heimsveldi\u00f0\">R\u00f3mverska heimsveldi\u00f0<\/a><\/h3><div class=\"page-list-ext-item-content\">Sj\u00f6 \u00f6ldum fyrir Krists bur\u00f0 var R\u00f3m ekki nema l\u00edti\u00f0 \u00feorp \u00e1 \u00cdtal\u00edu og r\u00e9\u00f0u \u00edb\u00faarnir einungis\u00a0 fyrir sveitunum hi\u00f0 n\u00e6sta s\u00e9r.\u00a0\u00a0 R\u00f3mverska \u00fej\u00f3\u00f0veldi\u00f0 h\u00f3fst \u00e1ri\u00f0 509 f. Kr.,\u00a0 er a\u00f0alsmenn r\u00e1ku Tarkvin\u00edus konung fr\u00e1 r\u00edkjum.\u00a0 \u00c1 ofanver\u00f0ri annarri \u00f6ld f. Kr. h\u00f6...<\/div><\/div>\n<div class=\"page-list-ext-item\"><h3 class=\"page-list-ext-title\"><a href=\"https:\/\/biblian.is\/fraedsla\/samtidarsaga-bibliunnar\/tjaldgerd-a-dogum-pals-postula\/\" title=\"Tjaldger\u00f0 \u00e1 d\u00f6gum P\u00e1ls postula\">Tjaldger\u00f0 \u00e1 d\u00f6gum P\u00e1ls postula<\/a><\/h3><div class=\"page-list-ext-item-content\">P\u00e1ll var tjaldger\u00f0arma\u00f0ur og vann a\u00f0 i\u00f0n sinni \u00ed Korintu, \u00feegar hann dvaldi hj\u00e1 \u00feeim Akv\u00edlasi og Priskillu. \u00c1 t\u00edmum Bibl\u00edunnar var b\u00fai\u00f0 \u00ed tj\u00f6ldum, auk \u00feess sem \u00feau voru oft notu\u00f0 sem geymslur og til \u00feess a\u00f0 tjalda yfir helga sta\u00f0i. \u00deau voru \u00fdmist saumu\u00f0 ...<\/div><\/div>\n<div class=\"page-list-ext-item\"><h3 class=\"page-list-ext-title\"><a href=\"https:\/\/biblian.is\/fraedsla\/samtidarsaga-bibliunnar\/truarbrogd-i-romverska-heimsveldinu\/\" title=\"Tr\u00faarbr\u00f6g\u00f0 \u00ed r\u00f3mverska heimsveldinu\">Tr\u00faarbr\u00f6g\u00f0 \u00ed r\u00f3mverska heimsveldinu<\/a><\/h3><div class=\"page-list-ext-item-content\">\u00c1 fyrstu \u00f6ld okkar t\u00edmatals, \u00feegar kristind\u00f3murinn t\u00f3k a\u00f0 festa r\u00e6tur \u00ed r\u00f3mverska heimsveldinu, voru R\u00f3mverjar fj\u00f6lgy\u00f0istr\u00faar. \u00deeir tr\u00fa\u00f0u \u00fev\u00ed, a\u00f0 fj\u00f6ld gu\u00f0a og gy\u00f0ja st\u00fdr\u00f0u gangi n\u00e1tt\u00farunnar og r\u00e9\u00f0u \u00f6llum farna\u00f0i f\u00f3lks \u00feessa heims og annars. Gu\u00f0irnir...<\/div><\/div>\n<div class=\"page-list-ext-item\"><h3 class=\"page-list-ext-title\"><a href=\"https:\/\/biblian.is\/fraedsla\/samtidarsaga-bibliunnar\/thraelar-og-thjonustufolk-a-dogum-jesu\/\" title=\"\u00der\u00e6lar og \u00fej\u00f3nustuf\u00f3lk \u00e1 d\u00f6gum Jes\u00fa\">\u00der\u00e6lar og \u00fej\u00f3nustuf\u00f3lk \u00e1 d\u00f6gum Jes\u00fa<\/a><\/h3><div class=\"page-list-ext-item-content\">Gr\u00edska or\u00f0i\u00f0 \u00ed N\u00fdja testamenti, sem vi\u00f0 \u00fe\u00fd\u00f0um oft me\u00f0 or\u00f0inu \"\u00fej\u00f3nn\" e\u00f0a \"hj\u00fa\", getur l\u00edka merkt \"\u00fer\u00e6ll.\"\u00a0 Er \u00fe\u00e1 \u00e1tt vi\u00f0 manneskju sem ekki er einungis r\u00e1\u00f0in til \u00feess a\u00f0 inna \u00e1kve\u00f0i\u00f0 verk af hendi, heldur er b\u00f3kstaflega \u00ed eigu h\u00fasb\u00f3nda s\u00edns eins og h...<\/div><\/div>\n\n<\/div>\n<\/div><div class=\"fusion-clearfix\"><\/div><\/div><\/div><\/div><\/div>\n","protected":false},"excerpt":{"rendered":"","protected":false},"author":1,"featured_media":0,"parent":0,"menu_order":0,"comment_status":"closed","ping_status":"closed","template":"","meta":{"footnotes":""},"class_list":["post-4858","page","type-page","status-publish","hentry"],"_links":{"self":[{"href":"https:\/\/biblian.is\/fraedsla\/wp-json\/wp\/v2\/pages\/4858","targetHints":{"allow":["GET"]}}],"collection":[{"href":"https:\/\/biblian.is\/fraedsla\/wp-json\/wp\/v2\/pages"}],"about":[{"href":"https:\/\/biblian.is\/fraedsla\/wp-json\/wp\/v2\/types\/page"}],"author":[{"embeddable":true,"href":"https:\/\/biblian.is\/fraedsla\/wp-json\/wp\/v2\/users\/1"}],"replies":[{"embeddable":true,"href":"https:\/\/biblian.is\/fraedsla\/wp-json\/wp\/v2\/comments?post=4858"}],"version-history":[{"count":0,"href":"https:\/\/biblian.is\/fraedsla\/wp-json\/wp\/v2\/pages\/4858\/revisions"}],"wp:attachment":[{"href":"https:\/\/biblian.is\/fraedsla\/wp-json\/wp\/v2\/media?parent=4858"}],"curies":[{"name":"wp","href":"https:\/\/api.w.org\/{rel}","templated":true}]}}