{"id":4856,"date":"2019-03-22T18:02:01","date_gmt":"2019-03-22T18:02:01","guid":{"rendered":"https:\/\/biblian.is\/fraedsla\/?page_id=4856"},"modified":"2026-04-17T13:01:06","modified_gmt":"2026-04-17T13:01:06","slug":"kynikarnir","status":"publish","type":"page","link":"https:\/\/biblian.is\/fraedsla\/ordtakasafn\/kynikarnir\/","title":{"rendered":"K\u00fdn\u00edkarnir"},"content":{"rendered":"<p>Antis\u00feenes (444-370 f. Kr.) h\u00e9t einn nemenda S\u00f3kratesar.\u00a0 S\u00e1 er talinn upphafsma\u00f0ur k\u00fdn\u00edsku heimspekinnar \u00ed A\u00feenu.\u00a0Nafnkunnastur k\u00fdn\u00edka var annars D\u00ed\u00f3genes fr\u00e1 S\u00edn\u00f3pe, borg vi\u00f0 strendur Svarta hafsins.\u00a0 Hann \u00e1leit a\u00f0 dygg\u00f0ugt l\u00edferni f\u00e6r\u00f0i hamingju, en h\u00fan v\u00e6ri ekki komin undir hverfulum hlutum eins og v\u00f6ldum, au\u00f0\u00e6fum e\u00f0a g\u00f3\u00f0ri heilsu. K\u00fdn\u00edsku heimspekingarnir h\u00f6f\u00f0u ekkert fast a\u00f0setur, heldur fer\u00f0u\u00f0ust \u00far sta\u00f0 \u00ed sta\u00f0, eins og sumir postulanna s\u00ed\u00f0ar.\u00a0 Skilja m\u00e1 af 17. kap\u00edtula Postulas\u00f6gunnar, versunum 16 til 34, a\u00f0 A\u00feeningar hafi haldi\u00f0 P\u00e1l postula veri\u00f0 f\u00f6ruheimspeking, \u00feegar hann pr\u00e9dika\u00f0i \u00e1 Aresarh\u00e6\u00f0. Ekki er fyllilega lj\u00f3st, hvers vegna hreyfingin f\u00e9kk nafni\u00f0 K\u00fdn\u00edkar (gr\u00edska or\u00f0i\u00f0 &#8222;k\u00fdon&#8220; \u00fe\u00fd\u00f0ir hundur).\u00a0 Ef til vill minntu k\u00fdn\u00edkarnir \u00e1 hunda \u00ed \u00fev\u00ed hve n\u00e6gjusamir \u00feeir voru, en um lei\u00f0 \u00e1 st\u00f6\u00f0ugum \u00feeytingi og auk \u00feess grimmir \u00ed gagnr\u00fdni sinni \u00e1 \u00fea\u00f0 sem \u00feeir \u00e1litu spillt samf\u00e9lag.\u00a0 En kannski v\u00edsar or\u00f0i\u00f0 til nafnsins &#8222;K\u00fdnosarges,&#8220; sem var sk\u00f3li \u00fear sem k\u00fdn\u00edkar komu saman a\u00f0 r\u00e6\u00f0a heimspeki.<\/p>\n","protected":false},"excerpt":{"rendered":"<p>Antis\u00feenes (444-370 f. Kr.) h\u00e9t einn nemenda S\u00f3kratesar.\u00a0 S\u00e1 er <a href=\"https:\/\/biblian.is\/fraedsla\/ordtakasafn\/kynikarnir\/\"> [&#8230;]<\/a><\/p>\n","protected":false},"author":1,"featured_media":0,"parent":4827,"menu_order":0,"comment_status":"closed","ping_status":"closed","template":"","meta":{"footnotes":""},"class_list":["post-4856","page","type-page","status-publish","hentry"],"_links":{"self":[{"href":"https:\/\/biblian.is\/fraedsla\/wp-json\/wp\/v2\/pages\/4856","targetHints":{"allow":["GET"]}}],"collection":[{"href":"https:\/\/biblian.is\/fraedsla\/wp-json\/wp\/v2\/pages"}],"about":[{"href":"https:\/\/biblian.is\/fraedsla\/wp-json\/wp\/v2\/types\/page"}],"author":[{"embeddable":true,"href":"https:\/\/biblian.is\/fraedsla\/wp-json\/wp\/v2\/users\/1"}],"replies":[{"embeddable":true,"href":"https:\/\/biblian.is\/fraedsla\/wp-json\/wp\/v2\/comments?post=4856"}],"version-history":[{"count":0,"href":"https:\/\/biblian.is\/fraedsla\/wp-json\/wp\/v2\/pages\/4856\/revisions"}],"up":[{"embeddable":true,"href":"https:\/\/biblian.is\/fraedsla\/wp-json\/wp\/v2\/pages\/4827"}],"wp:attachment":[{"href":"https:\/\/biblian.is\/fraedsla\/wp-json\/wp\/v2\/media?parent=4856"}],"curies":[{"name":"wp","href":"https:\/\/api.w.org\/{rel}","templated":true}]}}