{"id":4854,"date":"2019-03-22T18:01:12","date_gmt":"2019-03-22T18:01:12","guid":{"rendered":"https:\/\/biblian.is\/fraedsla\/?page_id=4854"},"modified":"2026-04-17T13:01:04","modified_gmt":"2026-04-17T13:01:04","slug":"aristoteles","status":"publish","type":"page","link":"https:\/\/biblian.is\/fraedsla\/ordtakasafn\/aristoteles\/","title":{"rendered":"Arist\u00f3teles"},"content":{"rendered":"<p><strong>Arist\u00f3teles <\/strong>(384-322 f. Kr.) l\u00e6r\u00f0i \u00ed &#8222;Akadem\u00edunni&#8220; hj\u00e1 Plat\u00f3ni\u00a0 \u00deegar meistarinn var allur flutti Arist\u00f3teles fr\u00e1 A\u00feenu og ger\u00f0ist kennari Alexanders mikla.\u00a0Heimkominn aftur til A\u00feenu setti hann \u00e1 stofn sinn eigin heimspekisk\u00f3la &#8222;Lykeion&#8220;.\u00a0 Hann br\u00fdndi nau\u00f0syn \u00feess a\u00f0 spyrja eftir ors\u00f6k hlutanna.\u00a0\u00d6fugt vi\u00f0 Plat\u00f3n taldi Arist\u00f3teles a\u00f0 frummyndirnar, &#8222;formin&#8220;, v\u00e6ru eiginleikar hlutanna og yllu \u00fev\u00ed a\u00f0 \u00feeir breyttust og \u00fear sem Gu\u00f0 v\u00e6ri eina, hreina og fullkomna frummyndin, \u00fe\u00e1 v\u00e6ri hann ors\u00f6k og markmi\u00f0 allrar ver\u00f0andi.\u00a0 Kenningar Arist\u00f3telesar, sem skr\u00e1\u00f0ar voru \u00e1 b\u00e6kur af honum sj\u00e1lfum og nemendum hans, spanna flest svi\u00f0 v\u00edsinda og \u00feekkingar, \u00fear \u00e1 me\u00f0al r\u00f6kfr\u00e6\u00f0i og si\u00f0fr\u00e6\u00f0i, n\u00e1tt\u00faru- og e\u00f0lisfr\u00e6\u00f0i, stj\u00f3rnm\u00e1l og lj\u00f3\u00f0list.<\/p>\n","protected":false},"excerpt":{"rendered":"<p>Arist\u00f3teles (384-322 f. Kr.) l\u00e6r\u00f0i \u00ed &#8222;Akadem\u00edunni&#8220; hj\u00e1 Plat\u00f3ni\u00a0 \u00deegar <a href=\"https:\/\/biblian.is\/fraedsla\/ordtakasafn\/aristoteles\/\"> [&#8230;]<\/a><\/p>\n","protected":false},"author":1,"featured_media":0,"parent":4827,"menu_order":0,"comment_status":"closed","ping_status":"closed","template":"","meta":{"footnotes":""},"class_list":["post-4854","page","type-page","status-publish","hentry"],"_links":{"self":[{"href":"https:\/\/biblian.is\/fraedsla\/wp-json\/wp\/v2\/pages\/4854","targetHints":{"allow":["GET"]}}],"collection":[{"href":"https:\/\/biblian.is\/fraedsla\/wp-json\/wp\/v2\/pages"}],"about":[{"href":"https:\/\/biblian.is\/fraedsla\/wp-json\/wp\/v2\/types\/page"}],"author":[{"embeddable":true,"href":"https:\/\/biblian.is\/fraedsla\/wp-json\/wp\/v2\/users\/1"}],"replies":[{"embeddable":true,"href":"https:\/\/biblian.is\/fraedsla\/wp-json\/wp\/v2\/comments?post=4854"}],"version-history":[{"count":0,"href":"https:\/\/biblian.is\/fraedsla\/wp-json\/wp\/v2\/pages\/4854\/revisions"}],"up":[{"embeddable":true,"href":"https:\/\/biblian.is\/fraedsla\/wp-json\/wp\/v2\/pages\/4827"}],"wp:attachment":[{"href":"https:\/\/biblian.is\/fraedsla\/wp-json\/wp\/v2\/media?parent=4854"}],"curies":[{"name":"wp","href":"https:\/\/api.w.org\/{rel}","templated":true}]}}