{"id":4839,"date":"2019-03-22T17:50:21","date_gmt":"2019-03-22T17:50:21","guid":{"rendered":"https:\/\/biblian.is\/fraedsla\/?page_id=4839"},"modified":"2026-04-17T13:01:06","modified_gmt":"2026-04-17T13:01:06","slug":"saddukear","status":"publish","type":"page","link":"https:\/\/biblian.is\/fraedsla\/ordtakasafn\/saddukear\/","title":{"rendered":"Sadd\u00fakear"},"content":{"rendered":"<p><span lang=\"SQ\">Vera kann a\u00f0 megi rekja heiti \u00feeirra til Zadoks, \u00e6\u00f0staprests \u00ed \u00cdsrael \u00e1 d\u00f6gum Dav\u00ed\u00f0s konungs.\u00a0 L\u00edka er hugsanlegt, a\u00f0 Sadd\u00fakear hafi veri\u00f0 ni\u00f0jar Zad\u00f3k\u00edta, en svo nefndust \u00e6\u00f0stuprestar sem lengi h\u00f6f\u00f0u r\u00e1\u00f0i\u00f0 l\u00f6gum og lofum \u00ed musterinu e\u00f0a allt til annarrar aldar f. Kr., \u00feegar fyrsti \u00e6\u00f0stipresturinn af \u00e6tt Makkabea, J\u00f3natan, st\u00f6kkti \u00feeim \u00e1 brott.\u00a0Sadd\u00fakear h\u00f6llu\u00f0u s\u00e9r a\u00f0 presta-\u00e6ttunum og l\u00e9tu eftir megni til s\u00edn taka \u00ed musterinu. \u00deeir ur\u00f0u samverkamenn R\u00f3mverja \u00feegar \u00feeir hert\u00f3ku Palest\u00ednu.\u00a0 Gagnst\u00e6tt far\u00edseum vildu sadd\u00fakear ekkert me\u00f0 t\u00falkun l\u00f6gm\u00e1lsins hafa, heldur kusu \u00feeir a\u00f0 lesa \u00fea\u00f0 hreint og \u00f3menga\u00f0.\u00a0\u00a0 \u00deeir h\u00f6f\u00f0u ekki heldur tr\u00fa \u00e1 \u00fev\u00ed a\u00f0 dau\u00f0ir v\u00e6ru reistir upp til l\u00edfs \u00e1 n\u00fd (Mark. 12:18;\u00a0Post. 23:8).\u00a0 Sadd\u00fakear v\u00e6ntu \u00feess a\u00f0 sitja \u00e1fram a\u00f0 au\u00f0i og v\u00f6ldum me\u00f0 \u00fej\u00f3\u00f0 sinni svo lengi sem \u00feeir hl\u00fdddu helstu fyrirm\u00e6lum l\u00f6gm\u00e1lsins og f\u00e9llu ekki \u00far n\u00e1\u00f0inni hj\u00e1 R\u00f3mverjum.\u00a0 Flokkur \u00feeirra \u00feurrka\u00f0ist \u00fat eftir a\u00f0 uppreisn Gy\u00f0inga var\u00f0 til \u00feess a\u00f0 musteri\u00f0 var ey\u00f0ilagt \u00e1ri\u00f0 70 e. Kr..<\/span><\/p>\n","protected":false},"excerpt":{"rendered":"<p>Vera kann a\u00f0 megi rekja heiti \u00feeirra til Zadoks, \u00e6\u00f0staprests <a href=\"https:\/\/biblian.is\/fraedsla\/ordtakasafn\/saddukear\/\"> [&#8230;]<\/a><\/p>\n","protected":false},"author":1,"featured_media":0,"parent":4827,"menu_order":0,"comment_status":"closed","ping_status":"closed","template":"","meta":{"footnotes":""},"class_list":["post-4839","page","type-page","status-publish","hentry"],"_links":{"self":[{"href":"https:\/\/biblian.is\/fraedsla\/wp-json\/wp\/v2\/pages\/4839","targetHints":{"allow":["GET"]}}],"collection":[{"href":"https:\/\/biblian.is\/fraedsla\/wp-json\/wp\/v2\/pages"}],"about":[{"href":"https:\/\/biblian.is\/fraedsla\/wp-json\/wp\/v2\/types\/page"}],"author":[{"embeddable":true,"href":"https:\/\/biblian.is\/fraedsla\/wp-json\/wp\/v2\/users\/1"}],"replies":[{"embeddable":true,"href":"https:\/\/biblian.is\/fraedsla\/wp-json\/wp\/v2\/comments?post=4839"}],"version-history":[{"count":0,"href":"https:\/\/biblian.is\/fraedsla\/wp-json\/wp\/v2\/pages\/4839\/revisions"}],"up":[{"embeddable":true,"href":"https:\/\/biblian.is\/fraedsla\/wp-json\/wp\/v2\/pages\/4827"}],"wp:attachment":[{"href":"https:\/\/biblian.is\/fraedsla\/wp-json\/wp\/v2\/media?parent=4839"}],"curies":[{"name":"wp","href":"https:\/\/api.w.org\/{rel}","templated":true}]}}