{"id":4834,"date":"2019-03-22T17:48:06","date_gmt":"2019-03-22T17:48:06","guid":{"rendered":"https:\/\/biblian.is\/fraedsla\/?page_id=4834"},"modified":"2026-04-17T13:01:07","modified_gmt":"2026-04-17T13:01:07","slug":"selotar","status":"publish","type":"page","link":"https:\/\/biblian.is\/fraedsla\/ordtakasafn\/selotar\/","title":{"rendered":"Sel\u00f3tar"},"content":{"rendered":"<p><span lang=\"SQ\">Makkabear vildu a\u00f0 Gy\u00f0ingar hef\u00f0u sinn eigin konung.\u00a0 \u00deeir ur\u00f0u undir \u00feegar R\u00f3mverjar hern\u00e1mu landi\u00f0 \u00e1ri\u00f0 63 f. Kr.\u00a0\u00a0Tilraunir Gy\u00f0inga til \u00feess a\u00f0 ver\u00f0a frj\u00e1lsir \u00e1 n\u00fd og koma \u00e1 f\u00f3t sj\u00e1lfst\u00e6\u00f0u r\u00edki mist\u00f3kust \u00e1ri\u00f0 70 e. Kr. og aftur \u00e1ri\u00f0 135 e. Kr.\u00a0 \u00dej\u00f3\u00f0ernissinna\u00f0ir Gy\u00f0ingar sem reyndu a\u00f0 r\u00edsa gegn\u00a0 R\u00f3mverjum nefndust Sel\u00f3tar.\u00a0 Fr\u00e6\u00f0imenn eru ekki \u00e1 einu m\u00e1li um \u00fea\u00f0, hvort s\u00fa nafngift \u00e1 vi\u00f0 einn \u00e1kve\u00f0inn flokk e\u00f0a fleiri h\u00f3pa \u00f3\u00e1n\u00e6g\u00f0ra Gy\u00f0inga, sem vildu af me\u00f0 R\u00f3mverja.\u00a0 Or\u00f0i\u00f0 Sel\u00f3ti \u00fe\u00fdddi l\u00edka \u00e1 t\u00edmabili &#8222;s\u00e1 sem heldur s\u00e9r fast vi\u00f0 Drottin og l\u00f6gm\u00e1l hans&#8220;.\u00a0 \u00dea\u00f0 merkir eiginlega &#8222;hinn \u00e1kafi&#8220;.\u00a0 \u00cd N\u00fdja testamentinu er \u00fea\u00f0 nota\u00f0 um einn af me\u00f0haldsm\u00f6nnum Jes\u00fa (L\u00fakas 6:15;\u00a0 Post. 1:13).<\/span><\/p>\n","protected":false},"excerpt":{"rendered":"<p>Makkabear vildu a\u00f0 Gy\u00f0ingar hef\u00f0u sinn eigin konung.\u00a0 \u00deeir ur\u00f0u <a href=\"https:\/\/biblian.is\/fraedsla\/ordtakasafn\/selotar\/\"> [&#8230;]<\/a><\/p>\n","protected":false},"author":1,"featured_media":0,"parent":4827,"menu_order":0,"comment_status":"closed","ping_status":"closed","template":"","meta":{"footnotes":""},"class_list":["post-4834","page","type-page","status-publish","hentry"],"_links":{"self":[{"href":"https:\/\/biblian.is\/fraedsla\/wp-json\/wp\/v2\/pages\/4834","targetHints":{"allow":["GET"]}}],"collection":[{"href":"https:\/\/biblian.is\/fraedsla\/wp-json\/wp\/v2\/pages"}],"about":[{"href":"https:\/\/biblian.is\/fraedsla\/wp-json\/wp\/v2\/types\/page"}],"author":[{"embeddable":true,"href":"https:\/\/biblian.is\/fraedsla\/wp-json\/wp\/v2\/users\/1"}],"replies":[{"embeddable":true,"href":"https:\/\/biblian.is\/fraedsla\/wp-json\/wp\/v2\/comments?post=4834"}],"version-history":[{"count":0,"href":"https:\/\/biblian.is\/fraedsla\/wp-json\/wp\/v2\/pages\/4834\/revisions"}],"up":[{"embeddable":true,"href":"https:\/\/biblian.is\/fraedsla\/wp-json\/wp\/v2\/pages\/4827"}],"wp:attachment":[{"href":"https:\/\/biblian.is\/fraedsla\/wp-json\/wp\/v2\/media?parent=4834"}],"curies":[{"name":"wp","href":"https:\/\/api.w.org\/{rel}","templated":true}]}}