{"id":4829,"date":"2019-03-22T17:32:20","date_gmt":"2019-03-22T17:32:20","guid":{"rendered":"https:\/\/biblian.is\/fraedsla\/?page_id=4829"},"modified":"2025-06-27T02:14:02","modified_gmt":"2025-06-27T02:14:02","slug":"ritskyring","status":"publish","type":"page","link":"https:\/\/biblian.is\/fraedsla\/ritskyring\/","title":{"rendered":"Ritsk\u00fdring"},"content":{"rendered":"<div class=\"fusion-fullwidth fullwidth-box fusion-builder-row-1 nonhundred-percent-fullwidth non-hundred-percent-height-scrolling\" style=\"--awb-border-radius-top-left:0px;--awb-border-radius-top-right:0px;--awb-border-radius-bottom-right:0px;--awb-border-radius-bottom-left:0px;--awb-flex-wrap:wrap;\" ><div class=\"fusion-builder-row fusion-row\"><div class=\"fusion-layout-column fusion_builder_column fusion-builder-column-0 fusion_builder_column_1_1 1_1 fusion-one-full fusion-column-first fusion-column-last\" style=\"--awb-bg-size:cover;\"><div class=\"fusion-column-wrapper fusion-flex-column-wrapper-legacy\"><div class=\"fusion-text fusion-text-1\"><h1>Ritsk\u00fdring N\u00fdja testamentisins<\/h1>\n<p>H\u00e9r m\u00e1 n\u00e1lgast \u00fatsk\u00fdringar og t\u00falkanir \u00e1 einst\u00f6kum k\u00f6flum N\u00fdja testamentisins. Texti ritsk\u00fdringarinnar er a\u00f0 mestu fenginn fr\u00e1 <em>The Learning Bible \u2013 Contemporary English Version<\/em> sem var gefin \u00fat af American Bible Society \u00ed New York. Textinn birtist \u00e1 ensku \u00ed Contemporary English Version \u00a9 1995 og\/e\u00f0a The Learning Bible Notes and Reader&#8217;s Helps \u00a9 2000.<\/p>\n<h2>Matteusargu\u00f0spjall<\/h2>\n<div class=\"kaflalisti\">\n<ul>\n<li><a href=\"\/fraedsla\/ritskyring\/matteusargudspjall-1-kafli\/\">1<\/a><\/li>\n<li><a href=\"\/fraedsla\/ritskyring\/matteusargudspjall-2-kafli\/\">2<\/a><\/li>\n<li><a href=\"\/fraedsla\/ritskyring\/matteusargudspjall-3-kafli\/\">3<\/a><\/li>\n<li><a href=\"\/fraedsla\/ritskyring\/matteusargudspjall-4-kafli\/\">4<\/a><\/li>\n<li><a href=\"\/fraedsla\/ritskyring\/matteusargudspjall-5-kafli\/\">5<\/a><\/li>\n<li><a href=\"\/fraedsla\/ritskyring\/matteusargudspjall-6-kafli\/\">6<\/a><\/li>\n<li><a href=\"\/fraedsla\/ritskyring\/matteusargudspjall-7-kafli\/\">7<\/a><\/li>\n<li><a href=\"\/fraedsla\/ritskyring\/matteusargudspjall-8-kafli\/\">8<\/a><\/li>\n<li><a href=\"\/fraedsla\/ritskyring\/matteusargudspjall-9-kafli\/\">9<\/a><\/li>\n<li><a href=\"\/fraedsla\/ritskyring\/matteusargudspjall-10-kafli\/\">10<\/a><\/li>\n<li><a href=\"\/fraedsla\/ritskyring\/matteusargudspjall-11-kafli\/\">11<\/a><\/li>\n<li><a href=\"\/fraedsla\/ritskyring\/matteusargudspjall-12-kafli\/\">12<\/a><\/li>\n<li><a href=\"\/fraedsla\/ritskyring\/matteusargudspjall-13-kafli\/\">13<\/a><\/li>\n<li><a href=\"\/fraedsla\/ritskyring\/matteusargudspjall-14-kafli\/\">14<\/a><\/li>\n<li><a href=\"\/fraedsla\/ritskyring\/matteusargudspjall-15-kafli\/\">15<\/a><\/li>\n<li><a href=\"\/fraedsla\/ritskyring\/matteusargudspjall-16-kafli\/\">16<\/a><\/li>\n<li><a href=\"\/fraedsla\/ritskyring\/matteusargudspjall-17-kafli\/\">17<\/a><\/li>\n<li><a href=\"\/fraedsla\/ritskyring\/matteusargudspjall-18-kafli\/\">18<\/a><\/li>\n<li><a href=\"\/fraedsla\/ritskyring\/matteusargudspjall-19-kafli\/\">19<\/a><\/li>\n<li><a href=\"\/fraedsla\/ritskyring\/matteusargudspjall-20-kafli\/\">20<\/a><\/li>\n<li><a href=\"\/fraedsla\/ritskyring\/matteusargudspjall-21-kafli\/\">21<\/a><\/li>\n<li><a href=\"\/fraedsla\/ritskyring\/matteusargudspjall-22-kafli\/\">22<\/a><\/li>\n<li><a href=\"\/fraedsla\/ritskyring\/matteusargudspjall-23-kafli\/\">23<\/a><\/li>\n<li><a href=\"\/fraedsla\/ritskyring\/matteusargudspjall-24-kafli\/\">24<\/a><\/li>\n<li><a href=\"\/fraedsla\/ritskyring\/matteusargudspjall-25-kafli\/\">25<\/a><\/li>\n<li><a href=\"\/fraedsla\/ritskyring\/matteusargudspjall-26-kafli\/\">26<\/a><\/li>\n<li><a href=\"\/fraedsla\/ritskyring\/matteusargudspjall-27-kafli\/\">27<\/a><\/li>\n<li><a href=\"\/fraedsla\/ritskyring\/matteusargudspjall-28-kafli\/\">28<\/a><\/li>\n<\/ul>\n<h2>Mark\u00fasargu\u00f0spjall<\/h2>\n<div class=\"kaflalisti\">\n<ul>\n<li><a href=\"\/fraedsla\/ritskyring\/markusargudspjall-1-kafli\/\">1<\/a><\/li>\n<li><a href=\"\/fraedsla\/ritskyring\/markusargudspjall-2-kafli\/\">2<\/a><\/li>\n<li><a href=\"\/fraedsla\/ritskyring\/markusargudspjall-3-kafli\/\">3<\/a><\/li>\n<li><a href=\"\/fraedsla\/ritskyring\/markusargudspjall-4-kafli\/\">4<\/a><\/li>\n<li><a href=\"\/fraedsla\/ritskyring\/markusargudspjall-5-kafli\/\">5<\/a><\/li>\n<li><a href=\"\/fraedsla\/ritskyring\/markusargudspjall-6-kafli\/\">6<\/a><\/li>\n<li><a href=\"\/fraedsla\/ritskyring\/markusargudspjall-7-kafli\/\">7<\/a><\/li>\n<li><a href=\"\/fraedsla\/ritskyring\/markusargudspjall-8-kafli\/\">8<\/a><\/li>\n<li><a href=\"\/fraedsla\/ritskyring\/markusargudspjall-9-kafli\/\">9<\/a><\/li>\n<li><a href=\"\/fraedsla\/ritskyring\/markusargudspjall-10-kafli\/\">10<\/a><\/li>\n<li><a href=\"\/fraedsla\/ritskyring\/markusargudspjall-11-kafli\/\">11<\/a><\/li>\n<li><a href=\"\/fraedsla\/ritskyring\/markusargudspjall-12-kafli\/\">12<\/a><\/li>\n<li><a href=\"\/fraedsla\/ritskyring\/markusargudspjall-13-kafli\/\">13<\/a><\/li>\n<li><a href=\"\/fraedsla\/ritskyring\/markusargudspjall-14-kafli\/\">14<\/a><\/li>\n<li><a href=\"\/fraedsla\/ritskyring\/markusargudspjall-15-kafli\/\">15<\/a><\/li>\n<li><a href=\"\/fraedsla\/ritskyring\/markusargudspjall-16-kafli\/\">16<\/a><\/li>\n<\/ul>\n<h2>L\u00fakasargu\u00f0spjall<\/h2>\n<div class=\"kaflalisti\">\n<ul>\n<li><a href=\"\/fraedsla\/ritskyring\/lukasargudspjall-1-kafli\/\">1<\/a><\/li>\n<li><a href=\"\/fraedsla\/ritskyring\/lukasargudspjall-2-kafli\/\">2<\/a><\/li>\n<li><a href=\"\/fraedsla\/ritskyring\/lukasargudspjall-3-kafli\/\">3<\/a><\/li>\n<li><a href=\"\/fraedsla\/ritskyring\/lukasargudspjall-4-kafli\/\">4<\/a><\/li>\n<li><a href=\"\/fraedsla\/ritskyring\/lukasargudspjall-5-kafli\/\">5<\/a><\/li>\n<li><a href=\"\/fraedsla\/ritskyring\/lukasargudspjall-6-kafli\/\">6<\/a><\/li>\n<li><a href=\"\/fraedsla\/ritskyring\/lukasargudspjall-7-kafli\/\">7<\/a><\/li>\n<li><a href=\"\/fraedsla\/ritskyring\/lukasargudspjall-8-kafli\/\">8<\/a><\/li>\n<li><a href=\"\/fraedsla\/ritskyring\/lukasargudspjall-9-kafli\/\">9<\/a><\/li>\n<li><a href=\"\/fraedsla\/ritskyring\/lukasargudspjall-10-kafli\/\">10<\/a><\/li>\n<li><a href=\"\/fraedsla\/ritskyring\/lukasargudspjall-11-kafli\/\">11<\/a><\/li>\n<li><a href=\"\/fraedsla\/ritskyring\/lukasargudspjall-12-kafli\/\">12<\/a><\/li>\n<li><a href=\"\/fraedsla\/ritskyring\/lukasargudspjall-13-kafli\/\">13<\/a><\/li>\n<li><a href=\"\/fraedsla\/ritskyring\/lukasargudspjall-14-kafli\/\">14<\/a><\/li>\n<li><a href=\"\/fraedsla\/ritskyring\/lukasargudspjall-15-kafli\/\">15<\/a><\/li>\n<li><a href=\"\/fraedsla\/ritskyring\/lukasargudspjall-16-kafli\/\">16<\/a><\/li>\n<li><a href=\"\/fraedsla\/ritskyring\/lukasargudspjall-17-kafli\/\">17<\/a><\/li>\n<li><a href=\"\/fraedsla\/ritskyring\/lukasargudspjall-18-kafli\/\">18<\/a><\/li>\n<li><a href=\"\/fraedsla\/ritskyring\/lukasargudspjall-19-kafli\/\">19<\/a><\/li>\n<li><a href=\"\/fraedsla\/ritskyring\/lukasargudspjall-20-kafli\/\">20<\/a><\/li>\n<li><a href=\"\/fraedsla\/ritskyring\/lukasargudspjall-21-kafli\/\">21<\/a><\/li>\n<li><a href=\"\/fraedsla\/ritskyring\/lukasargudspjall-22-kafli\/\">22<\/a><\/li>\n<li><a href=\"\/fraedsla\/ritskyring\/lukasargudspjall-23-kafli\/\">23<\/a><\/li>\n<li><a href=\"\/fraedsla\/ritskyring\/lukasargudspjall-24-kafli\/\">24<\/a><\/li>\n<\/ul>\n<h2>J\u00f3hannesargu\u00f0spjall<\/h2>\n<div class=\"kaflalisti\">\n<ul>\n<li><a href=\"\/fraedsla\/ritskyring\/johannesargudspjall-1-kafli\/\">1<\/a><\/li>\n<li><a href=\"\/fraedsla\/ritskyring\/johannesargudspjall-2-kafli\/\">2<\/a><\/li>\n<li><a href=\"\/fraedsla\/ritskyring\/johannesargudspjall-3-kafli\/\">3<\/a><\/li>\n<li><a href=\"\/fraedsla\/ritskyring\/johannesargudspjall-4-kafli\/\">4<\/a><\/li>\n<li><a href=\"\/fraedsla\/ritskyring\/johannesargudspjall-5-kafli\/\">5<\/a><\/li>\n<li><a href=\"\/fraedsla\/ritskyring\/johannesargudspjall-6-kafli\/\">6<\/a><\/li>\n<li><a href=\"\/fraedsla\/ritskyring\/johannesargudspjall-7-kafli\/\">7<\/a><\/li>\n<li><a href=\"\/fraedsla\/ritskyring\/johannesargudspjall-8-kafli\/\">8<\/a><\/li>\n<li><a href=\"\/fraedsla\/ritskyring\/johannesargudspjall-9-kafli\/\">9<\/a><\/li>\n<li><a href=\"\/fraedsla\/ritskyring\/johannesargudspjall-10-kafli\/\">10<\/a><\/li>\n<li><a href=\"\/fraedsla\/ritskyring\/johannesargudspjall-11-kafli\/\">11<\/a><\/li>\n<li><a href=\"\/fraedsla\/ritskyring\/johannesargudspjall-12-kafli\/\">12<\/a><\/li>\n<li><a href=\"\/fraedsla\/ritskyring\/johannesargudspjall-13-kafli\/\">13<\/a><\/li>\n<li><a href=\"\/fraedsla\/ritskyring\/johannesargudspjall-14-kafli\/\">14<\/a><\/li>\n<li><a href=\"\/fraedsla\/ritskyring\/johannesargudspjall-15-kafli\/\">15<\/a><\/li>\n<li><a href=\"\/fraedsla\/ritskyring\/johannesargudspjall-16-kafli\/\">16<\/a><\/li>\n<li><a href=\"\/fraedsla\/ritskyring\/johannesargudspjall-17-kafli\/\">17<\/a><\/li>\n<li><a href=\"\/fraedsla\/ritskyring\/johannesargudspjall-18-kafli\/\">18<\/a><\/li>\n<li><a href=\"\/fraedsla\/ritskyring\/johannesargudspjall-19-kafli\/\">19<\/a><\/li>\n<li><a href=\"\/fraedsla\/ritskyring\/johannesargudspjall-20-kafli\/\">20<\/a><\/li>\n<li><a href=\"\/fraedsla\/ritskyring\/johannesargudspjall-21-kafli\/\">21<\/a><\/li>\n<\/ul>\n<h2>Postulasagan<\/h2>\n<div class=\"kaflalisti\">\n<ul>\n<li><a href=\"\/fraedsla\/ritskyring\/postulasagan-1-kafli\/\">1<\/a><\/li>\n<li><a href=\"\/fraedsla\/ritskyring\/postulasagan-2-kafli\/\">2<\/a><\/li>\n<li><a href=\"\/fraedsla\/ritskyring\/postulasagan-3-kafli\/\">3<\/a><\/li>\n<li><a href=\"\/fraedsla\/ritskyring\/postulasagan-4-kafli\/\">4<\/a><\/li>\n<li><a href=\"\/fraedsla\/ritskyring\/postulasagan-5-kafli\/\">5<\/a><\/li>\n<li><a href=\"\/fraedsla\/ritskyring\/postulasagan-6-kafli\/\">6<\/a><\/li>\n<li><a href=\"\/fraedsla\/ritskyring\/postulasagan-7-kafli\/\">7<\/a><\/li>\n<li><a href=\"\/fraedsla\/ritskyring\/postulasagan-8-kafli\/\">8<\/a><\/li>\n<li><a href=\"\/fraedsla\/ritskyring\/postulasagan-9-kafli\/\">9<\/a><\/li>\n<li><a href=\"\/fraedsla\/ritskyring\/postulasagan-10-kafli\/\">10<\/a><\/li>\n<li><a href=\"\/fraedsla\/ritskyring\/postulasagan-11-kafli\/\">11<\/a><\/li>\n<li><a href=\"\/fraedsla\/ritskyring\/postulasagan-12-kafli\/\">12<\/a><\/li>\n<li><a href=\"\/fraedsla\/ritskyring\/postulasagan-13-kafli\/\">13<\/a><\/li>\n<li><a href=\"\/fraedsla\/ritskyring\/postulasagan-14-kafli\/\">14<\/a><\/li>\n<li><a href=\"\/fraedsla\/ritskyring\/postulasagan-15-kafli\/\">15<\/a><\/li>\n<li><a href=\"\/fraedsla\/ritskyring\/postulasagan-16-kafli\/\">16<\/a><\/li>\n<li><a href=\"\/fraedsla\/ritskyring\/postulasagan-17-kafli\/\">17<\/a><\/li>\n<li><a href=\"\/fraedsla\/ritskyring\/postulasagan-18-kafli\/\">18<\/a><\/li>\n<li><a href=\"\/fraedsla\/ritskyring\/postulasagan-19-kafli\/\">19<\/a><\/li>\n<li><a href=\"\/fraedsla\/ritskyring\/postulasagan-20-kafli\/\">20<\/a><\/li>\n<li><a href=\"\/fraedsla\/ritskyring\/postulasagan-21-kafli\/\">21<\/a><\/li>\n<li><a href=\"\/fraedsla\/ritskyring\/postulasagan-22-kafli\/\">22<\/a><\/li>\n<li><a href=\"\/fraedsla\/ritskyring\/postulasagan-23-kafli\/\">23<\/a><\/li>\n<li><a href=\"\/fraedsla\/ritskyring\/postulasagan-24-kafli\/\">24<\/a><\/li>\n<li><a href=\"\/fraedsla\/ritskyring\/postulasagan-25-kafli\/\">25<\/a><\/li>\n<li><a href=\"\/fraedsla\/ritskyring\/postulasagan-26-kafli\/\">26<\/a><\/li>\n<li><a href=\"\/fraedsla\/ritskyring\/postulasagan-27-kafli\/\">27<\/a><\/li>\n<li><a href=\"\/fraedsla\/ritskyring\/postulasagan-28-kafli\/\">28<\/a><\/li>\n<\/ul>\n<h2>R\u00f3mverjabr\u00e9fi\u00f0<\/h2>\n<div class=\"kaflalisti\">\n<ul>\n<li><a href=\"\/fraedsla\/ritskyring\/romverjabrefid-1-kafli\/\">1<\/a><\/li>\n<li><a href=\"\/fraedsla\/ritskyring\/romverjabrefid-2-kafli\/\">2<\/a><\/li>\n<li><a href=\"\/fraedsla\/ritskyring\/romverjabrefid-3-kafli\/\">3<\/a><\/li>\n<li><a href=\"\/fraedsla\/ritskyring\/romverjabrefid-4-kafli\/\">4<\/a><\/li>\n<li><a href=\"\/fraedsla\/ritskyring\/romverjabrefid-5-kafli\/\">5<\/a><\/li>\n<li><a href=\"\/fraedsla\/ritskyring\/romverjabrefid-6-kafli\/\">6<\/a><\/li>\n<li><a href=\"\/fraedsla\/ritskyring\/romverjabrefid-7-kafli\/\">7<\/a><\/li>\n<li><a href=\"\/fraedsla\/ritskyring\/romverjabrefid-8-kafli\/\">8<\/a><\/li>\n<li><a href=\"\/fraedsla\/ritskyring\/romverjabrefid-9-kafli\/\">9<\/a><\/li>\n<li><a href=\"\/fraedsla\/ritskyring\/romverjabrefid-10-kafli\/\">10<\/a><\/li>\n<li><a href=\"\/fraedsla\/ritskyring\/romverjabrefid-11-kafli\/\">11<\/a><\/li>\n<li><a href=\"\/fraedsla\/ritskyring\/romverjabrefid-12-kafli\/\">12<\/a><\/li>\n<li><a href=\"\/fraedsla\/ritskyring\/romverjabrefid-13-kafli\/\">13<\/a><\/li>\n<li><a href=\"\/fraedsla\/ritskyring\/romverjabrefid-14-kafli\/\">14<\/a><\/li>\n<li><a href=\"\/fraedsla\/ritskyring\/romverjabrefid-15-kafli\/\">15<\/a><\/li>\n<li><a href=\"\/fraedsla\/ritskyring\/romverjabrefid-16-kafli\/\">16<\/a><\/li>\n<\/ul>\n<h2>Fyrra Korintubr\u00e9f<\/h2>\n<div class=\"kaflalisti\">\n<ul>\n<li><a href=\"\/fraedsla\/ritskyring\/fyrra-korintubref-1-kafli\/\">1<\/a><\/li>\n<li><a href=\"\/fraedsla\/ritskyring\/fyrra-korintubref-2-kafli\/\">2<\/a><\/li>\n<li><a href=\"\/fraedsla\/ritskyring\/fyrra-korintubref-3-kafli\/\">3<\/a><\/li>\n<li><a href=\"\/fraedsla\/ritskyring\/fyrra-korintubref-4-kafli\/\">4<\/a><\/li>\n<li><a href=\"\/fraedsla\/ritskyring\/fyrra-korintubref-5-kafli\/\">5<\/a><\/li>\n<li><a href=\"\/fraedsla\/ritskyring\/fyrra-korintubref-6-kafli\/\">6<\/a><\/li>\n<li><a href=\"\/fraedsla\/ritskyring\/fyrra-korintubref-7-kafli\/\">7<\/a><\/li>\n<li><a href=\"\/fraedsla\/ritskyring\/fyrra-korintubref-8-kafli\/\">8<\/a><\/li>\n<li><a href=\"\/fraedsla\/ritskyring\/fyrra-korintubref-9-kafli\/\">9<\/a><\/li>\n<li><a href=\"\/fraedsla\/ritskyring\/fyrra-korintubref-10-kafli\/\">10<\/a><\/li>\n<li><a href=\"\/fraedsla\/ritskyring\/fyrra-korintubref-11-kafli\/\">11<\/a><\/li>\n<li><a href=\"\/fraedsla\/ritskyring\/fyrra-korintubref-12-kafli\/\">12<\/a><\/li>\n<li><a href=\"\/fraedsla\/ritskyring\/fyrra-korintubref-13-kafli\/\">13<\/a><\/li>\n<li><a href=\"\/fraedsla\/ritskyring\/fyrra-korintubref-14-kafli\/\">14<\/a><\/li>\n<li><a href=\"\/fraedsla\/ritskyring\/fyrra-korintubref-15-kafli\/\">15<\/a><\/li>\n<li><a href=\"\/fraedsla\/ritskyring\/fyrra-korintubref-16-kafli\/\">16<\/a><\/li>\n<\/ul>\n<h2>S\u00ed\u00f0ara Korintubr\u00e9f<\/h2>\n<div class=\"kaflalisti\">\n<ul>\n<li><a href=\"\/fraedsla\/ritskyring\/sidara-korintubref-1-kafli\/\">1<\/a><\/li>\n<li><a href=\"\/fraedsla\/ritskyring\/sidara-korintubref-2-kafli\/\">2<\/a><\/li>\n<li><a href=\"\/fraedsla\/ritskyring\/sidara-korintubref-3-kafli\/\">3<\/a><\/li>\n<li><a href=\"\/fraedsla\/ritskyring\/sidara-korintubref-4-kafli\/\">4<\/a><\/li>\n<li><a href=\"\/fraedsla\/ritskyring\/sidara-korintubref-5-kafli\/\">5<\/a><\/li>\n<li><a href=\"\/fraedsla\/ritskyring\/sidara-korintubref-6-kafli\/\">6<\/a><\/li>\n<li><a href=\"\/fraedsla\/ritskyring\/sidara-korintubref-7-kafli\/\">7<\/a><\/li>\n<li><a href=\"\/fraedsla\/ritskyring\/sidara-korintubref-8-kafli\/\">8<\/a><\/li>\n<li><a href=\"\/fraedsla\/ritskyring\/sidara-korintubref-9-kafli\/\">9<\/a><\/li>\n<li><a href=\"\/fraedsla\/ritskyring\/sidara-korintubref-10-kafli\/\">10<\/a><\/li>\n<li><a href=\"\/fraedsla\/ritskyring\/sidara-korintubref-11-kafli\/\">11<\/a><\/li>\n<li><a href=\"\/fraedsla\/ritskyring\/sidara-korintubref-12-kafli\/\">12<\/a><\/li>\n<li><a href=\"\/fraedsla\/ritskyring\/sidara-korintubref-13-kafli\/\">13<\/a><\/li>\n<\/ul>\n<h2>Galatabr\u00e9fi\u00f0<\/h2>\n<div class=\"kaflalisti\">\n<ul>\n<li><a href=\"\/fraedsla\/ritskyring\/galatabrefid-1-kafli\/\">1<\/a><\/li>\n<li><a href=\"\/fraedsla\/ritskyring\/galatabrefid-2-kafli\/\">2<\/a><\/li>\n<li><a href=\"\/fraedsla\/ritskyring\/galatabrefid-3-kafli\/\">3<\/a><\/li>\n<li><a href=\"\/fraedsla\/ritskyring\/galatabrefid-4-kafli\/\">4<\/a><\/li>\n<li><a href=\"\/fraedsla\/ritskyring\/galatabrefid-5-kafli\/\">5<\/a><\/li>\n<li><a href=\"\/fraedsla\/ritskyring\/galatabrefid-6-kafli\/\">6<\/a><\/li>\n<\/ul>\n<h2>Efesusbr\u00e9fi\u00f0<\/h2>\n<div class=\"kaflalisti\">\n<ul>\n<li><a href=\"\/fraedsla\/ritskyring\/efesusbrefid-1-kafli\/\">1<\/a><\/li>\n<li><a href=\"\/fraedsla\/ritskyring\/efesusbrefid-2-kafli\/\">2<\/a><\/li>\n<li><a href=\"\/fraedsla\/ritskyring\/efesusbrefid-3-kafli\/\">3<\/a><\/li>\n<li><a href=\"\/fraedsla\/ritskyring\/efesusbrefid-4-kafli\/\">4<\/a><\/li>\n<li><a href=\"\/fraedsla\/ritskyring\/efesusbrefid-5-kafli\/\">5<\/a><\/li>\n<li><a href=\"\/fraedsla\/ritskyring\/efesusbrefid-6-kafli\/\">6<\/a><\/li>\n<\/ul>\n<h2>Filipp\u00edbr\u00e9fi\u00f0<\/h2>\n<div class=\"kaflalisti\">\n<ul>\n<li><a href=\"\/fraedsla\/ritskyring\/filippibrefid-1-kafli\/\">1<\/a><\/li>\n<li><a href=\"\/fraedsla\/ritskyring\/filippibrefid-2-kafli\/\">2<\/a><\/li>\n<li><a href=\"\/fraedsla\/ritskyring\/filippibrefid-3-kafli\/\">3<\/a><\/li>\n<li><a href=\"\/fraedsla\/ritskyring\/filippibrefid-4-kafli\/\">4<\/a><\/li>\n<\/ul>\n<h2>K\u00f3lossubr\u00e9fi\u00f0<\/h2>\n<div class=\"kaflalisti\">\n<ul>\n<li><a href=\"\/fraedsla\/ritskyring\/kolossubrefid-1-kafli\/\">1<\/a><\/li>\n<li><a href=\"\/fraedsla\/ritskyring\/kolossubrefid-2-kafli\/\">2<\/a><\/li>\n<li><a href=\"\/fraedsla\/ritskyring\/kolossubrefid-3-kafli\/\">3<\/a><\/li>\n<li><a href=\"\/fraedsla\/ritskyring\/kolossubrefid-4-kafli\/\">4<\/a><\/li>\n<\/ul>\n<h2>Fyrra \u00deessalon\u00edkubr\u00e9f<\/h2>\n<div class=\"kaflalisti\">\n<ul>\n<li><a href=\"\/fraedsla\/ritskyring\/fyrra-thessalonikubref-1-kafli\/\">1<\/a><\/li>\n<li><a href=\"\/fraedsla\/ritskyring\/fyrra-thessalonikubref-2-kafli\/\">2<\/a><\/li>\n<li><a href=\"\/fraedsla\/ritskyring\/fyrra-thessalonikubref-3-kafli\/\">3<\/a><\/li>\n<li><a href=\"\/fraedsla\/ritskyring\/fyrra-thessalonikubref-4-kafli\/\">4<\/a><\/li>\n<li><a href=\"\/fraedsla\/ritskyring\/fyrra-thessalonikubref-5-kafli\/\">5<\/a><\/li>\n<\/ul>\n<h2>S\u00ed\u00f0ara \u00deessalon\u00edkubr\u00e9f<\/h2>\n<div class=\"kaflalisti\">\n<ul>\n<li><a href=\"\/fraedsla\/ritskyring\/sidara-thessalonikubref-1-kafli\/\">1<\/a><\/li>\n<li><a href=\"\/fraedsla\/ritskyring\/sidara-thessalonikubref-2-kafli\/\">2<\/a><\/li>\n<li><a href=\"\/fraedsla\/ritskyring\/sidara-thessalonikubref-3-kafli\/\">3<\/a><\/li>\n<\/ul>\n<h2>Fyrra T\u00edm\u00f3teusarbr\u00e9f<\/h2>\n<div class=\"kaflalisti\">\n<ul>\n<li><a href=\"\/fraedsla\/ritskyring\/fyrra-timoteusarbref-1-kafli\/\">1<\/a><\/li>\n<li><a href=\"\/fraedsla\/ritskyring\/fyrra-timoteusarbref-2-kafli\/\">2<\/a><\/li>\n<li><a href=\"\/fraedsla\/ritskyring\/fyrra-timoteusarbref-3-kafli\/\">3<\/a><\/li>\n<li><a href=\"\/fraedsla\/ritskyring\/fyrra-timoteusarbref-4-kafli\/\">4<\/a><\/li>\n<li><a href=\"\/fraedsla\/ritskyring\/fyrra-timoteusarbref-5-kafli\/\">5<\/a><\/li>\n<li><a href=\"\/fraedsla\/ritskyring\/fyrra-timoteusarbref-6-kafli\/\">6<\/a><\/li>\n<\/ul>\n<h2>S\u00ed\u00f0ara T\u00edm\u00f3teusarbr\u00e9f<\/h2>\n<div class=\"kaflalisti\">\n<ul>\n<li><a href=\"\/fraedsla\/ritskyring\/sidara-timoteusarbref-1-kafli\/\">1<\/a><\/li>\n<li><a href=\"\/fraedsla\/ritskyring\/sidara-timoteusarbref-2-kafli\/\">2<\/a><\/li>\n<li><a href=\"\/fraedsla\/ritskyring\/sidara-timoteusarbref-3-kafli\/\">3<\/a><\/li>\n<li><a href=\"\/fraedsla\/ritskyring\/sidara-timoteusarbref-4-kafli\/\">4<\/a><\/li>\n<\/ul>\n<h2>T\u00edtusarbr\u00e9fi\u00f0<\/h2>\n<div class=\"kaflalisti\">\n<ul>\n<li><a href=\"\/fraedsla\/ritskyring\/titusarbrefid-1-kafli\/\">1<\/a><\/li>\n<li><a href=\"\/fraedsla\/ritskyring\/titusarbrefid-2-kafli\/\">2<\/a><\/li>\n<li><a href=\"\/fraedsla\/ritskyring\/titusarbrefid-3-kafli\/\">3<\/a><\/li>\n<\/ul>\n<h2>F\u00edlemonsbr\u00e9fi\u00f0<\/h2>\n<div class=\"kaflalisti\">\n<ul>\n<li><a href=\"\/fraedsla\/ritskyring\/filemonsbrefid-1-kafli\/\">1<\/a><\/li>\n<\/ul>\n<h2>Hebreabr\u00e9fi\u00f0<\/h2>\n<div class=\"kaflalisti\">\n<ul>\n<li><a href=\"\/fraedsla\/ritskyring\/hebreabrefid-1-kafli\/\">1<\/a><\/li>\n<li><a href=\"\/fraedsla\/ritskyring\/hebreabrefid-2-kafli\/\">2<\/a><\/li>\n<li><a href=\"\/fraedsla\/ritskyring\/hebreabrefid-3-kafli\/\">3<\/a><\/li>\n<li><a href=\"\/fraedsla\/ritskyring\/hebreabrefid-4-kafli\/\">4<\/a><\/li>\n<li><a href=\"\/fraedsla\/ritskyring\/hebreabrefid-5-kafli\/\">5<\/a><\/li>\n<li><a href=\"\/fraedsla\/ritskyring\/hebreabrefid-6-kafli\/\">6<\/a><\/li>\n<li><a href=\"\/fraedsla\/ritskyring\/hebreabrefid-7-kafli\/\">7<\/a><\/li>\n<li><a href=\"\/fraedsla\/ritskyring\/hebreabrefid-8-kafli\/\">8<\/a><\/li>\n<li><a href=\"\/fraedsla\/ritskyring\/hebreabrefid-9-kafli\/\">9<\/a><\/li>\n<li><a href=\"\/fraedsla\/ritskyring\/hebreabrefid-10-kafli\/\">10<\/a><\/li>\n<li><a href=\"\/fraedsla\/ritskyring\/hebreabrefid-11-kafli\/\">11<\/a><\/li>\n<li><a href=\"\/fraedsla\/ritskyring\/hebreabrefid-12-kafli\/\">12<\/a><\/li>\n<li><a href=\"\/fraedsla\/ritskyring\/hebreabrefid-13-kafli\/\">13<\/a><\/li>\n<\/ul>\n<h2>Jakobsbr\u00e9fi\u00f0<\/h2>\n<div class=\"kaflalisti\">\n<ul>\n<li><a href=\"\/fraedsla\/ritskyring\/jakobsbrefid-1-kafli\/\">1<\/a><\/li>\n<li><a href=\"\/fraedsla\/ritskyring\/jakobsbrefid-2-kafli\/\">2<\/a><\/li>\n<li><a href=\"\/fraedsla\/ritskyring\/jakobsbrefid-3-kafli\/\">3<\/a><\/li>\n<li><a href=\"\/fraedsla\/ritskyring\/jakobsbrefid-4-kafli\/\">4<\/a><\/li>\n<li><a href=\"\/fraedsla\/ritskyring\/jakobsbrefid-5-kafli\/\">5<\/a><\/li>\n<\/ul>\n<h2>Fyrra P\u00e9tursbr\u00e9f<\/h2>\n<div class=\"kaflalisti\">\n<ul>\n<li><a href=\"\/fraedsla\/ritskyring\/fyrra-petursbref-1-kafli\/\">1<\/a><\/li>\n<li><a href=\"\/fraedsla\/ritskyring\/fyrra-petursbref-2-kafli\/\">2<\/a><\/li>\n<li><a href=\"\/fraedsla\/ritskyring\/fyrra-petursbref-3-kafli\/\">3<\/a><\/li>\n<li><a href=\"\/fraedsla\/ritskyring\/fyrra-petursbref-4-kafli\/\">4<\/a><\/li>\n<li><a href=\"\/fraedsla\/ritskyring\/fyrra-petursbref-5-kafli\/\">5<\/a><\/li>\n<\/ul>\n<h2>S\u00ed\u00f0ara P\u00e9tursbr\u00e9f<\/h2>\n<div class=\"kaflalisti\">\n<ul>\n<li><a href=\"\/fraedsla\/ritskyring\/sidara-petursbref-1-kafli\/\">1<\/a><\/li>\n<li><a href=\"\/fraedsla\/ritskyring\/sidara-petursbref-2-kafli\/\">2<\/a><\/li>\n<li><a href=\"\/fraedsla\/ritskyring\/sidara-petursbref-3-kafli\/\">3<\/a><\/li>\n<\/ul>\n<h2>Fyrsta J\u00f3hannesarbr\u00e9f<\/h2>\n<div class=\"kaflalisti\">\n<ul>\n<li><a href=\"\/fraedsla\/ritskyring\/fyrsta-johannesarbref-1-kafli\/\">1<\/a><\/li>\n<li><a href=\"\/fraedsla\/ritskyring\/fyrsta-johannesarbref-2-kafli\/\">2<\/a><\/li>\n<li><a href=\"\/fraedsla\/ritskyring\/fyrsta-johannesarbref-3-kafli\/\">3<\/a><\/li>\n<li><a href=\"\/fraedsla\/ritskyring\/fyrsta-johannesarbref-4-kafli\/\">4<\/a><\/li>\n<li><a href=\"\/fraedsla\/ritskyring\/fyrsta-johannesarbref-5-kafli\/\">5<\/a><\/li>\n<\/ul>\n<h2>Anna\u00f0 J\u00f3hannesarbr\u00e9f<\/h2>\n<div class=\"kaflalisti\">\n<ul>\n<li><a href=\"\/fraedsla\/ritskyring\/annad-johannesarbref-1-kafli\/\">1<\/a><\/li>\n<\/ul>\n<h2>\u00deri\u00f0ja J\u00f3hannesarbr\u00e9f<\/h2>\n<div class=\"kaflalisti\">\n<ul>\n<li><a href=\"\/fraedsla\/ritskyring\/thridja-johannesarbref-1-kafli\/\">1<\/a><\/li>\n<\/ul>\n<h2>J\u00fadasarbr\u00e9fi\u00f0<\/h2>\n<div class=\"kaflalisti\">\n<ul>\n<li><a href=\"\/fraedsla\/ritskyring\/judasarbrefid-1-kafli\/\">1<\/a><\/li>\n<\/ul>\n<h2>Opinberunarb\u00f3k J\u00f3hannesar<\/h2>\n<div class=\"kaflalisti\">\n<ul>\n<li><a href=\"\/fraedsla\/ritskyring\/opinberunarbok-johannesar-1-kafli\/\">1<\/a><\/li>\n<li><a href=\"\/fraedsla\/ritskyring\/opinberunarbok-johannesar-2-kafli\/\">2<\/a><\/li>\n<li><a href=\"\/fraedsla\/ritskyring\/opinberunarbok-johannesar-3-kafli\/\">3<\/a><\/li>\n<li><a href=\"\/fraedsla\/ritskyring\/opinberunarbok-johannesar-4-kafli\/\">4<\/a><\/li>\n<li><a href=\"\/fraedsla\/ritskyring\/opinberunarbok-johannesar-5-kafli\/\">5<\/a><\/li>\n<li><a href=\"\/fraedsla\/ritskyring\/opinberunarbok-johannesar-6-kafli\/\">6<\/a><\/li>\n<li><a href=\"\/fraedsla\/ritskyring\/opinberunarbok-johannesar-7-kafli\/\">7<\/a><\/li>\n<li><a href=\"\/fraedsla\/ritskyring\/opinberunarbok-johannesar-8-kafli\/\">8<\/a><\/li>\n<li><a href=\"\/fraedsla\/ritskyring\/opinberunarbok-johannesar-9-kafli\/\">9<\/a><\/li>\n<li><a href=\"\/fraedsla\/ritskyring\/opinberunarbok-johannesar-10-kafli\/\">10<\/a><\/li>\n<li><a href=\"\/fraedsla\/ritskyring\/opinberunarbok-johannesar-11-kafli\/\">11<\/a><\/li>\n<li><a href=\"\/fraedsla\/ritskyring\/opinberunarbok-johannesar-12-kafli\/\">12<\/a><\/li>\n<li><a href=\"\/fraedsla\/ritskyring\/opinberunarbok-johannesar-13-kafli\/\">13<\/a><\/li>\n<li><a href=\"\/fraedsla\/ritskyring\/opinberunarbok-johannesar-14-kafli\/\">14<\/a><\/li>\n<li><a href=\"\/fraedsla\/ritskyring\/opinberunarbok-johannesar-15-kafli\/\">15<\/a><\/li>\n<li><a href=\"\/fraedsla\/ritskyring\/opinberunarbok-johannesar-16-kafli\/\">16<\/a><\/li>\n<li><a href=\"\/fraedsla\/ritskyring\/opinberunarbok-johannesar-17-kafli\/\">17<\/a><\/li>\n<li><a href=\"\/fraedsla\/ritskyring\/opinberunarbok-johannesar-18-kafli\/\">18<\/a><\/li>\n<li><a href=\"\/fraedsla\/ritskyring\/opinberunarbok-johannesar-19-kafli\/\">19<\/a><\/li>\n<li><a href=\"\/fraedsla\/ritskyring\/opinberunarbok-johannesar-20-kafli\/\">20<\/a><\/li>\n<li><a href=\"\/fraedsla\/ritskyring\/opinberunarbok-johannesar-21-kafli\/\">21<\/a><\/li>\n<li><a href=\"\/fraedsla\/ritskyring\/opinberunarbok-johannesar-22-kafli\/\">22<\/a><\/li>\n<\/ul>\n<\/div>\n<\/div>\n<\/div>\n<\/div>\n<\/div>\n<\/div>\n<\/div>\n<\/div>\n<\/div>\n<\/div>\n<\/div>\n<\/div>\n<\/div>\n<\/div>\n<\/div>\n<\/div>\n<\/div>\n<\/div>\n<\/div>\n<\/div>\n<\/div>\n<\/div>\n<\/div>\n<\/div>\n<\/div>\n<\/div>\n<\/div>\n<\/div><div class=\"fusion-clearfix\"><\/div><\/div><\/div><\/div><\/div>\n","protected":false},"excerpt":{"rendered":"","protected":false},"author":1,"featured_media":0,"parent":0,"menu_order":0,"comment_status":"closed","ping_status":"closed","template":"","meta":{"footnotes":""},"class_list":["post-4829","page","type-page","status-publish","hentry"],"_links":{"self":[{"href":"https:\/\/biblian.is\/fraedsla\/wp-json\/wp\/v2\/pages\/4829","targetHints":{"allow":["GET"]}}],"collection":[{"href":"https:\/\/biblian.is\/fraedsla\/wp-json\/wp\/v2\/pages"}],"about":[{"href":"https:\/\/biblian.is\/fraedsla\/wp-json\/wp\/v2\/types\/page"}],"author":[{"embeddable":true,"href":"https:\/\/biblian.is\/fraedsla\/wp-json\/wp\/v2\/users\/1"}],"replies":[{"embeddable":true,"href":"https:\/\/biblian.is\/fraedsla\/wp-json\/wp\/v2\/comments?post=4829"}],"version-history":[{"count":0,"href":"https:\/\/biblian.is\/fraedsla\/wp-json\/wp\/v2\/pages\/4829\/revisions"}],"wp:attachment":[{"href":"https:\/\/biblian.is\/fraedsla\/wp-json\/wp\/v2\/media?parent=4829"}],"curies":[{"name":"wp","href":"https:\/\/api.w.org\/{rel}","templated":true}]}}