{"id":4825,"date":"2019-03-22T17:31:24","date_gmt":"2019-03-22T17:31:24","guid":{"rendered":"https:\/\/biblian.is\/fraedsla\/?page_id=4825"},"modified":"2026-04-17T13:01:05","modified_gmt":"2026-04-17T13:01:05","slug":"guds-sonur","status":"publish","type":"page","link":"https:\/\/biblian.is\/fraedsla\/ordtakasafn\/guds-sonur\/","title":{"rendered":"Gu\u00f0s sonur"},"content":{"rendered":"<p>V\u00ed\u00f0a \u00ed helgiritum Gy\u00f0inga, sem kristnir menn kalla Gamla testamenti, er \u00cdsraels\u00fej\u00f3\u00f0in nefnd sonur Gu\u00f0s e\u00f0a barn hans (2M\u00f3s 4.22,23; Jer 31.19,20; H\u00f3s 11.1), en \u00f3nefndur konungur \u00cdsraels hl\u00fdtur beinl\u00ednis titilinn &#8222;Gu\u00f0s sonur&#8220; (Slm 2.7).\u00a0 Gu\u00f0 kva\u00f0st gera Dav\u00ed\u00f0 konung a\u00f0 &#8222;frumbur\u00f0i m\u00ednum, a\u00f0 hinum \u00e6\u00f0sta me\u00f0al konunga jar\u00f0ar&#8220; (Slm 89.28).\u00a0 Dav\u00ed\u00f0 er l\u00edka sagt a\u00f0 eitt barna hans muni ver\u00f0a sonur Gu\u00f0s (2Sam 7.14). S\u00ed\u00f0ar t\u00f3ku sp\u00e1mennirnir a\u00f0 kalla hina tr\u00faf\u00f6stu me\u00f0al \u00cdsraels\u00fej\u00f3\u00f0arinnar b\u00f6rn Gu\u00f0s (Jes 43.6; H\u00f3s 1.10).<\/p>\n<p>\u00cd yngri helgiritum Gy\u00f0inga er Mess\u00edas nefndur Gu\u00f0s sonur (\u00ed Enoksb\u00f3k 105.2 og og ap\u00f3kr\u00fdfa (&#8222;leynilega, \u00f3ekta&#8220;) ritinu 2. Esdrasb\u00f3k 7.28-29).\u00a0 Sj\u00e1 n\u00e1nar um \u00feessar b\u00e6kur \u00ed &#8222;Hva\u00f0a rit tilheyra Bibl\u00edunni?&#8220; \u00e1 bls. 15.<\/p>\n<p>\u00cd gu\u00f0spj\u00f6llum N\u00fdja testamentis er Jes\u00fas hinn eini sanni Gu\u00f0s sonur, eins og r\u00f6dd af himnum kunngj\u00f6rir vi\u00f0 sk\u00edrn hans (Mrk 1.11).\u00a0Tr\u00faarlei\u00f0togarnir sem vildu hann feigan spur\u00f0u hann hvort hann v\u00e6ri Gu\u00f0s sonur og svara\u00f0i hann \u00fev\u00ed j\u00e1tandi (Mrk 14.61,62).\u00a0 Dj\u00f6fullinn veit a\u00f0 Jes\u00fas er Gu\u00f0s sonur (L\u00fak 4.1-12)\u00a0 og illu andarnir sem hann rak \u00fat vita \u00fea\u00f0 l\u00edka (Mrk 3.11; 5.7).<\/p>\n<p>\u00deyngst vega \u00feau umm\u00e6li Jes\u00fa sj\u00e1lfs a\u00f0 hann s\u00e9 Gu\u00f0s sonur og hafi hloti\u00f0 speki Gu\u00f0s \u00e1samt me\u00f0 \u00feeim sem treysta\u00a0 \u00fev\u00ed a\u00f0 hann s\u00e9 af Gu\u00f0i sendur (L\u00fak 10.21,22).\u00a0 \u00c1\u00f0ur en hann f\u00e6ddist nefndi engillinn hann Gu\u00f0s son (L\u00fak 1.32-35).\u00a0 Matteus gu\u00f0spjallama\u00f0ur vitnar \u00ed sp\u00e1d\u00f3msb\u00f3k H\u00f3sea \u00fear sem segir a\u00f0 Gu\u00f0i hafi kalla\u00f0 son sinn fr\u00e1 Egyptalandi (Matt 2.15; H\u00f3s 11.1).\u00a0 P\u00e1ll postuli rita\u00f0i \u00ed einu br\u00e9fa sinna a\u00f0 ma\u00f0urinn Jes\u00fas hafi veri\u00f0 f\u00e6ddur af kyni Dav\u00ed\u00f0s en um lei\u00f0 kr\u00f6ftuglega augl\u00fdstur a\u00f0 vera sonur Gu\u00f0s fyrir upprisuna fr\u00e1 dau\u00f0um (R\u00f3m 1.3,4).\u00a0 J\u00f3hannes gu\u00f0spjallama\u00f0ur segir Jes\u00fa vera Gu\u00f0s son (1.12-14) sem Gu\u00f0 hafi sent \u00ed heiminn til \u00feess a\u00f0 frelsa hann (3.16,17).\u00a0 Hann vinnur verk Gu\u00f0s \u00ed heiminum (10.34-36) og er \u00ed f\u00f6\u00f0urnum og fa\u00f0irinn \u00ed honum (17.1,22).<\/p>\n","protected":false},"excerpt":{"rendered":"<p>V\u00ed\u00f0a \u00ed helgiritum Gy\u00f0inga, sem kristnir menn kalla Gamla testamenti, <a href=\"https:\/\/biblian.is\/fraedsla\/ordtakasafn\/guds-sonur\/\"> [&#8230;]<\/a><\/p>\n","protected":false},"author":1,"featured_media":0,"parent":4827,"menu_order":0,"comment_status":"closed","ping_status":"closed","template":"","meta":{"footnotes":""},"class_list":["post-4825","page","type-page","status-publish","hentry"],"_links":{"self":[{"href":"https:\/\/biblian.is\/fraedsla\/wp-json\/wp\/v2\/pages\/4825","targetHints":{"allow":["GET"]}}],"collection":[{"href":"https:\/\/biblian.is\/fraedsla\/wp-json\/wp\/v2\/pages"}],"about":[{"href":"https:\/\/biblian.is\/fraedsla\/wp-json\/wp\/v2\/types\/page"}],"author":[{"embeddable":true,"href":"https:\/\/biblian.is\/fraedsla\/wp-json\/wp\/v2\/users\/1"}],"replies":[{"embeddable":true,"href":"https:\/\/biblian.is\/fraedsla\/wp-json\/wp\/v2\/comments?post=4825"}],"version-history":[{"count":0,"href":"https:\/\/biblian.is\/fraedsla\/wp-json\/wp\/v2\/pages\/4825\/revisions"}],"up":[{"embeddable":true,"href":"https:\/\/biblian.is\/fraedsla\/wp-json\/wp\/v2\/pages\/4827"}],"wp:attachment":[{"href":"https:\/\/biblian.is\/fraedsla\/wp-json\/wp\/v2\/media?parent=4825"}],"curies":[{"name":"wp","href":"https:\/\/api.w.org\/{rel}","templated":true}]}}