{"id":4822,"date":"2019-03-22T16:44:25","date_gmt":"2019-03-22T16:44:25","guid":{"rendered":"https:\/\/biblian.is\/fraedsla\/?page_id=4822"},"modified":"2022-12-16T13:59:01","modified_gmt":"2022-12-16T13:59:01","slug":"johannesargudspjall-1-kafli","status":"publish","type":"page","link":"https:\/\/biblian.is\/fraedsla\/ritskyring\/johannesargudspjall-1-kafli\/","title":{"rendered":"J\u00f3hannesargu\u00f0spjall 1. kafli"},"content":{"rendered":"<h3>Hver er Jes\u00fas?<\/h3>\n<p><em>\u00deegar \u00ed 1. kap\u00edtula J\u00f3hannesagu\u00f0spjalls m\u00e1 vera fullkomlega lj\u00f3st hver Jes\u00fas er. Fyrstu 14 versin eru sem s\u00e1lmur, er l\u00fdsir \u00fev\u00ed \u00e1 lj\u00f3\u00f0r\u00e6nan h\u00e1tt a\u00f0 ma\u00f0urinn Jes\u00fas s\u00e9 Or\u00f0i\u00f0. J\u00f3hannes sk\u00edrari og nokkrir fyrstu l\u00e6risveina Jes\u00fa segja hann vera lamb Gu\u00f0s, Mess\u00edas, l\u00e6rimeistara og Gu\u00f0s son.<\/em><\/p>\n<p><em>* Lj\u00f3s og myrkur: <\/em>B\u00e6\u00f0i lj\u00f3s og myrkur eru fyrirfer\u00f0armikil t\u00e1kn \u00ed J\u00f3hannesargu\u00f0spjalli. Gu\u00f0 skapa\u00f0i lj\u00f3si\u00f0 fyrsta af \u00f6llu (1M\u00f3s 1.3). V\u00ed\u00f0a \u00ed Bibl\u00edunni t\u00e1knar lj\u00f3si\u00f0 Gu\u00f0 e\u00f0a Gu\u00f0s or\u00f0 (1J\u00f3h 1.5; Slm 119.105), en auk \u00feess f\u00f3lk og vi\u00f0bur\u00f0i sem birta sannleika Gu\u00f0s (Jes 49.6). Myrkri\u00f0 t\u00e1knar \u00fej\u00e1ningu, eymd (Slm 107.10) og heimsku (Pr\u00e9d 2.14). Andst\u00e6\u00f0ingar Gu\u00f0s eru kalla\u00f0ir &#8222;heimsdrottnar myrkursins&#8220; (Ef 6.12) og \u00feeim sem ekki gj\u00f6ra vilja hans kann a\u00f0 ver\u00f0a &#8222;varpa\u00f0 \u00ed ystu myrkur&#8220; (Matt 22.13). \u00cd J\u00f3hannesargu\u00f0spjalli v\u00edsa andst\u00e6\u00f0urnar &#8222;lj\u00f3s&#8220; og &#8222;myrkur&#8220; til bar\u00e1ttunnar \u00e1 milli \u00feeirra sem a\u00f0hyllast Jes\u00fa og hinna sem hafna tr\u00fanni \u00e1 hann (sj\u00e1 t.d. 1.19-21; 8.12-20).<\/p>\n<p>* <em>Jes\u00fa fr\u00e1 Nasaret, son J\u00f3sefs: <\/em>\u00deeir Matteus og L\u00fakas gu\u00f0spjallamenn segja Mar\u00edu hafa veri\u00f0 mey \u00feegar h\u00fan var\u00f0 \u00feungu\u00f0 a\u00f0 Jes\u00fa (Matt 1.18; L\u00fak 1.30-35). J\u00f3sef, ma\u00f0ur hennar, var tr\u00e9smi\u00f0ur fr\u00e1 Nasaret (Matt 1.18-2.23). Matteus rekur \u00e6ttir Jes\u00fa (Matt 1.1-17) og segir \u00fea\u00f0 allra manna m\u00e1l a\u00f0 J\u00f3sef hafi veri\u00f0 fa\u00f0ir Jes\u00fa.<\/p>\n<p>Nasaret var l\u00edti\u00f0 \u00feorp \u00e1 sy\u00f0stu h\u00e6\u00f0um Gal\u00edleufjalla og bl\u00f6stu \u00fea\u00f0an vi\u00f0 hinar miklu samg\u00f6ngulei\u00f0ir Palest\u00ednu. \u00dear sem b\u00faist var vi\u00f0 a\u00f0 Mess\u00edas yr\u00f0i af \u00e6tt Dav\u00ed\u00f0s konungs og heimab\u00e6r hans var Betlehem \u00ed J\u00fadeu efu\u00f0ust \u00fdmsir um \u00fea\u00f0 a\u00f0 Jes\u00fas fr\u00e1 Nasaret g\u00e6ti veri\u00f0 hann (sj\u00e1 t.d.1.46).<\/p>\n<p>* <em>Gu\u00f0s lamb: <\/em>J\u00f3hannes sk\u00edrari sag\u00f0i a\u00f0 Jes\u00fas v\u00e6ri eins og lamb sem \u00feegir \u00feegar \u00fea\u00f0 er leitt til sl\u00e1trunar (1.29; sj\u00e1 og Jes 53.4-12) til \u00feess a\u00f0 reisa vi\u00f0 Gu\u00f0s l\u00fd\u00f0. &#8222;Lambi\u00f0&#8220; sk\u00edrskotar l\u00edka til f\u00f3rnarlambsins sem prestarnir sl\u00e1tru\u00f0u \u00e1 p\u00e1skah\u00e1t\u00ed\u00f0inni (2.M\u00f3s 12), en s\u00fa h\u00e1t\u00ed\u00f0 var haldin \u00e1rlega til \u00feess a\u00f0 minnast brottfararinnar \u00far \u00fer\u00e6lah\u00fasinu \u00ed Egyptalandi. P\u00e1ll postuli \u00e1 l\u00edka vi\u00f0 Jes\u00fa, \u00feegar hann ritar: &#8222;P\u00e1skalambi okkar er sl\u00e1tra\u00f0 sem er Kristur&#8220; (1Kor 5.7). Sj\u00e1 og R\u00f3m 3.24,25; Heb 10.12-14; Opb 5.6-13).<\/p>\n<p><strong>1.1-3<\/strong>\u00a0 <em>\u00cd upphafi var Or\u00f0i\u00f0:\u00a0<\/em>\u00deessi or\u00f0 minna \u00e1 upphaf Fyrstu M\u00f3seb\u00f3kar \u00fear sem segir fr\u00e1 \u00fev\u00ed er Gu\u00f0 skapa\u00f0i heiminn.<\/p>\n<p>Gr\u00edska or\u00f0i\u00f0 &#8222;logos&#8220; sem h\u00e9r er \u00fe\u00fdtt \u00e1 \u00edslensku me\u00f0 &#8222;or\u00f0&#8220; getur l\u00edka merkt &#8222;vit&#8220; e\u00f0a &#8222;tilgangur.&#8220; \u00a0\u00a0\u00cd helgiritum Gy\u00f0inga (Gamla testamenti) skapar Gu\u00f0 heiminn me\u00f0 atbeina Viskunnar (Okv 8.22,23).\u00a0 Or\u00f0i\u00f0 birtir og kraft Gu\u00f0s, sem skapar me\u00f0 \u00fev\u00ed sem hann segir (sj\u00e1 &#8222;Og Gu\u00f0 sag\u00f0i&#8220; \u00ed 1M\u00f3s 1).\u00a0 \u00cd J\u00f3h 1.1-3 er Or\u00f0i\u00f0 Jes\u00fas Kristur, sem flytur bo\u00f0skap Gu\u00f0s \u00f6llum \u00fej\u00f3\u00f0um og birtir kraft hans og fyrir\u00e6tlanir.\u00a0 \u00cd \u00feessum versum kemur sk\u00fdrt fram a\u00f0 \u00fe\u00f3tt Gu\u00f0s sonur s\u00e9 f\u00e6ddur \u00ed mannlegu holdi,\u00a0 \u00fe\u00e1 er hann jafnframt sannur Gu\u00f0 af \u00fev\u00ed a\u00f0 hann hefur veri\u00f0 til hj\u00e1 Gu\u00f0i fr\u00e1 \u00f6ndver\u00f0u.<\/p>\n<p><strong>1.4,5<\/strong><em>\u00a0lj\u00f3s&#8230;myrkur:\u00a0<\/em>Sj\u00e1 n\u00e1nar \u00ed or\u00f0takasafni.<\/p>\n<p><strong>1.5 <\/strong><em>\u00a0t\u00f3k ekki \u00e1 m\u00f3ti \u00fev\u00ed:<\/em>\u00a0E\u00f0a &#8222;skildi \u00fea\u00f0 ekki.&#8220;<\/p>\n<p><strong>1.6 <\/strong>\u00a0<em>J\u00f3hannes:\u00a0<\/em>Sj\u00e1 &#8222;J\u00f3hannes sk\u00edrari&#8220; \u00ed or\u00f0takasafni. Matt 3.1; Mrk 1.4; L\u00fak 3.1,2.<\/p>\n<p><strong>1.7<\/strong><em>\u00a0lj\u00f3si\u00f0:<\/em>\u00a0\u00a0H\u00e9r er &#8222;lj\u00f3si\u00f0&#8220; sama og Jes\u00fas.\u00a0Sj\u00e1 og 9. vers.<\/p>\n<p><strong>1.11<\/strong><em>\u00a0hans eigi\u00f0 f\u00f3lk:<\/em>\u00a0\u00a0 Jes\u00fas var Gy\u00f0ingur.\u00a0 Hann kom til \u00fej\u00f3\u00f0ar sinnar sem hinn \u00fatvaldi Drottins (Mess\u00edas), en margir landa hans hvorki tr\u00fa\u00f0u \u00e1 hann n\u00e9 vildu \u00fe\u00fd\u00f0ast bo\u00f0skap hans.<\/p>\n<p><strong>1.12<\/strong>\u00a0 <em>Gu\u00f0s b\u00f6rn:\u00a0<\/em>\u00deau sem treysta Jes\u00fa og vita a\u00f0 hann er hi\u00f0 sanna lj\u00f3s Gu\u00f0s.<\/p>\n<p><strong>1.14<\/strong>\u00a0 <em>Or\u00f0i\u00f0 var\u00f0 hold: <\/em>\u00a0Hold \u00fe\u00fd\u00f0ir h\u00e9r ma\u00f0ur. Or\u00f0i\u00f0 hj\u00e1 Gu\u00f0i var\u00f0 ma\u00f0urinn Jes\u00fas og s\u00fdndi okkur d\u00fdr\u00f0 Gu\u00f0s.\u00a0\u00deessi atbur\u00f0ur er oft nefndur &#8222;holdtekjan.&#8220;<\/p>\n<p><strong>1.14<\/strong><em>\u00a0sonurinn: <\/em>\u00a0\u00a0Jes\u00fas.\u00a0<a href=\"https:\/\/biblian.is\/fraedsla\/ordtakasafn\/guds-sonur\/\">Sj\u00e1 &#8222;Gu\u00f0s sonur&#8220; \u00ed or\u00f0takasafni.<\/a><\/p>\n<p><strong>1.15<\/strong><em>\u00a0J\u00f3hannes: <\/em>\u00a0\u00a0Sj\u00e1 athugagrein vi\u00f0 1.6.\u00a0 Sj\u00e1 og 1.29,30.<\/p>\n<p><strong>1.16<\/strong><em>\u00a0n\u00e1\u00f0 \u00e1 n\u00e1\u00f0 ofan: <\/em>\u00a0E\u00f0a &#8222;eina n\u00e1\u00f0 \u00ed sta\u00f0 annarrar.&#8220;<\/p>\n<p><strong>1.17<\/strong><em>\u00a0L\u00f6gm\u00e1li\u00f0 var gefi\u00f0 me\u00f0 M\u00f3se:\u00a0 \u00a0<\/em>L\u00f6gm\u00e1l M\u00f3se kva\u00f0 \u00e1 um \u00fea\u00f0 hversu \u00cdsraelsmenn\u00a0skyldu haga l\u00edfi s\u00ednu og tilbi\u00f0ja Gu\u00f0.\u00a0Jes\u00fas \u00e6tla\u00f0i s\u00e9r ekki a\u00f0 nema l\u00f6gm\u00e1li\u00f0 \u00far gildi, en hann vildi s\u00fdna hvernig f\u00f3lk getur g\u00e6tt l\u00edf sitt r\u00edkulegu innihaldi &#8222;n\u00e1\u00f0ar og sannleika.&#8220;<\/p>\n<p><strong>1.19-20\u00a0\u00a0 <em>\u00a0<\/em><\/strong><em>r\u00e1\u00f0amenn&#8230;presta og Lev\u00edta:<\/em>\u00a0\u00a0Me\u00f0 &#8222;r\u00e1\u00f0am\u00f6nnum&#8220; kann a\u00f0 vera \u00e1tt vi\u00f0 \u00e6\u00f0sta prestinn, sem var yfirma\u00f0ur musterisins \u00ed Jer\u00fasalem, \u00e1hrifamikla kennara svo sem far\u00edseana og fleiri fyrirmenn.\u00a0 Yfirv\u00f6ldin \u00ed R\u00f3m h\u00f6f\u00f0u fengi\u00f0 \u00feessum lei\u00f0togum v\u00f6ld \u00ed hendur, \u00fe\u00f3 takm\u00f6rku\u00f0 vi\u00f0 s\u00e9rm\u00e1l Gy\u00f0inga og einkanlega tr\u00faarbr\u00f6g\u00f0 \u00feeirra.\u00a0 Sj\u00e1 og &#8222;<a href=\"https:\/\/biblian.is\/fraedsla\/ordtakasafn\/prestarnir-i-israel\/\">Prestar \u00ed \u00cdsrael<\/a>&#8220; \u00ed or\u00f0takasafni.<\/p>\n<p><strong>1.19-20<\/strong><em>\u00a0Mess\u00edas:<\/em>\u00a0Sj\u00e1 &#8222;Mess\u00edas (hinn \u00fatvaldi)&#8220; \u00ed or\u00f0takasafni.<\/p>\n<p><strong>1.21<\/strong><em>\u00a0El\u00eda:<\/em>\u00a0Sj\u00e1 &#8222;El\u00eda&#8220; \u00ed or\u00f0takasafni. Sj\u00e1 og Mal 4.5.<\/p>\n<p><strong>1.23<\/strong><em>\u00a0Jesaja: <\/em>\u00a0Sp\u00e1ma\u00f0ur \u00ed J\u00fada kringum 740 til 701 f. Kr. Sj\u00e1, Jes 40.3 (Sept\u00faaginta).<\/p>\n<p><strong>1.24<\/strong><em>far\u00edsea:\u00a0 <\/em>Flokkur gu\u00f0r\u00e6kinna Gy\u00f0inga sem leitu\u00f0ust vi\u00f0 a\u00f0 hl\u00fd\u00f0a l\u00f6gm\u00e1li M\u00f3se \u00fat \u00ed \u00e6sar.\u00a0 Sj\u00e1 n\u00e1nar \u00ed or\u00f0takasafni.<\/p>\n<p><strong>1.26<\/strong><em>\u00a0\u00c9g sk\u00edri me\u00f0 vatni:<\/em>\u00a0 Sj\u00e1 &#8222;Sk\u00edrn&#8220; \u00ed or\u00f0takasafni.<\/p>\n<p><strong>1.27<\/strong>\u00a0 <em>sk\u00f3\u00feveng hans&#8230;leysa:<\/em>\u00a0 \u00dea\u00f0 var \u00ed verkahring \u00fej\u00f3na og \u00fer\u00e6la.<\/p>\n<p><strong>1.29<\/strong><em>\u00a0Gu\u00f0s lamb: <\/em>\u00a0Sj\u00e1 \u00ed or\u00f0takasafni.<\/p>\n<p><strong>1.32<\/strong><em>\u00a0andann: <\/em>\u00a0Sj\u00e1 &#8222;Heilagur andi&#8220; \u00ed or\u00f0takasafni.<\/p>\n<p><strong>1.33<\/strong><em>sk\u00edrir me\u00f0 heil\u00f6gum anda:\u00a0 <\/em>Eins og Gu\u00f0 \u00fathellti anda s\u00ednum yfir Jes\u00fa (1.32) mun Jes\u00fas gefa anda sinn \u00feeim sem hafa hann a\u00f0 lei\u00f0toga.<\/p>\n<p><strong>1.34 <em>\u00a0<\/em><\/strong><em>sonur Gu\u00f0s: <\/em>\u00a0\u00a0J\u00f3hannes fullyr\u00f0ir a\u00f0 Gu\u00f0 hafi \u00fatvali\u00f0 Jes\u00fa til \u00feess a\u00f0 r\u00edkja yfir \u00cdsrael.\u00a0 Sj\u00e1 og &#8222;<a href=\"https:\/\/biblian.is\/fraedsla\/ordtakasafn\/guds-sonur\/\">Gu\u00f0s sonur<\/a>&#8220; \u00ed or\u00f0takasafni.<\/p>\n<p><strong>1.36<\/strong>\u00a0 <em>Gu\u00f0s lamb:<\/em>\u00a0 Sj\u00e1 \u00ed or\u00f0takasafni.<\/p>\n<p><strong>1.40<\/strong>\u00a0 <em>Andr\u00e9s:<\/em>\u00a0Hann var fiskima\u00f0ur fr\u00e1 Betsa\u00edda og \u00e1tti heima \u00ed Kaperna\u00fam (Mrk 1.29) \u00e1samt br\u00f3\u00f0ur s\u00ednum, S\u00edmoni P\u00e9tri.<\/p>\n<p><strong>1.41<\/strong><em>\u00a0Mess\u00edas&#8230;Kristur: <\/em>\u00a0B\u00e6\u00f0i Mess\u00edas (\u00e1 hebresku; sj\u00e1 athugagrein vi\u00f0 1.19,20) og Kristur (\u00e1 gr\u00edsku) \u00fe\u00fd\u00f0a &#8222;hinn smur\u00f0i,&#8220; e\u00f0a s\u00e1 sem Gu\u00f0 hefur \u00fatvali\u00f0 til \u00feess a\u00f0 lei\u00f0a l\u00fd\u00f0 sinn.<\/p>\n<p><strong>1.42<\/strong><em>\u00a0S\u00edmon&#8230;Kefas, P\u00e9tur:<\/em>\u00a0 B\u00e6\u00f0i arame\u00edska nafni\u00f0 &#8222;Kefas&#8220; og gr\u00edska nafni\u00f0 &#8222;P\u00e9tur&#8220; \u00fe\u00fd\u00f0a &#8222;klettur.&#8220;<\/p>\n<p><strong>1.43-44<\/strong>\u00a0<em>Gal\u00edleu&#8230;Betsa\u00eddu:<\/em>\u00a0 Gal\u00edlea h\u00e9t h\u00e9ra\u00f0i\u00f0 fyrir vestan \u00e1na J\u00f3rdan og Gal\u00edleuvatni\u00f0.\u00a0 Betsa\u00edda var gy\u00f0inga\u00feorp r\u00e9tt austan vi\u00f0 \u00e1na J\u00f3rdan \u00e1 nor\u00f0austurstr\u00f6nd Gal\u00edleuvatns.<\/p>\n<p><strong>1.45<\/strong>\u00a0<em>Filippus&#8230;Natanael&#8230;J\u00f3sefs:<\/em> Filippus var fr\u00e1 Betsa\u00eddu og tr\u00falega kunnugur \u00feeim Andr\u00e9si og S\u00edmoni. Nafni\u00f0 Natanael \u00fe\u00fd\u00f0ir &#8222;Gu\u00f0s gj\u00f6f.&#8220;\u00a0 Hann s\u00e9r a\u00f0 Jes\u00fas er Gu\u00f0s sonur og konungur \u00cdsraels (1.49).\u00a0Sj\u00e1 um son J\u00f3sefs \u00ed or\u00f0takasafni.<\/p>\n<p><strong>1.45<\/strong>\u00a0<em>l\u00f6gm\u00e1linu&#8230;sp\u00e1mennirnir<\/em>:\u00a0Helgirit Gy\u00f0ingar, sem kristnir menn kalla Gamla testamenti.<\/p>\n<p><strong>1.47<\/strong>\u00a0 <em>\u00cdsrael\u00edti<\/em>:\u00a0 Afkomandi \u00cdsraels, en svo nefndi Gu\u00f0 Jakob (1M\u00f3s 27.36; 32.22-32).\u00a0 Sj\u00e1 og &#8222;\u00cdsrael&#8220; \u00ed or\u00f0takasafni.<\/p>\n<p><strong>1.51<\/strong>\u00a0 <em>engla Gu\u00f0s st\u00edga upp og st\u00edga ni\u00f0ur yfir Mannssoninn<\/em>:\u00a0Jakob dreymdi, a\u00f0 honum \u00fe\u00f3tti stigi standa \u00e1 j\u00f6r\u00f0u og n\u00e1 til himins og englar Gu\u00f0s f\u00f3ru upp og ofan stigann (1M\u00f3s 28.10-17).\u00a0 Sj\u00e1 og &#8222;Mannssonurinn&#8220; \u00ed or\u00f0takasafni.<\/p>\n","protected":false},"excerpt":{"rendered":"<p>Hver er Jes\u00fas? \u00deegar \u00ed 1. kap\u00edtula J\u00f3hannesagu\u00f0spjalls m\u00e1 vera <a href=\"https:\/\/biblian.is\/fraedsla\/ritskyring\/johannesargudspjall-1-kafli\/\"> [&#8230;]<\/a><\/p>\n","protected":false},"author":1,"featured_media":0,"parent":4829,"menu_order":0,"comment_status":"closed","ping_status":"closed","template":"","meta":{"footnotes":""},"class_list":["post-4822","page","type-page","status-publish","hentry"],"_links":{"self":[{"href":"https:\/\/biblian.is\/fraedsla\/wp-json\/wp\/v2\/pages\/4822","targetHints":{"allow":["GET"]}}],"collection":[{"href":"https:\/\/biblian.is\/fraedsla\/wp-json\/wp\/v2\/pages"}],"about":[{"href":"https:\/\/biblian.is\/fraedsla\/wp-json\/wp\/v2\/types\/page"}],"author":[{"embeddable":true,"href":"https:\/\/biblian.is\/fraedsla\/wp-json\/wp\/v2\/users\/1"}],"replies":[{"embeddable":true,"href":"https:\/\/biblian.is\/fraedsla\/wp-json\/wp\/v2\/comments?post=4822"}],"version-history":[{"count":0,"href":"https:\/\/biblian.is\/fraedsla\/wp-json\/wp\/v2\/pages\/4822\/revisions"}],"up":[{"embeddable":true,"href":"https:\/\/biblian.is\/fraedsla\/wp-json\/wp\/v2\/pages\/4829"}],"wp:attachment":[{"href":"https:\/\/biblian.is\/fraedsla\/wp-json\/wp\/v2\/media?parent=4822"}],"curies":[{"name":"wp","href":"https:\/\/api.w.org\/{rel}","templated":true}]}}