{"id":3819,"date":"2018-01-22T21:58:04","date_gmt":"2018-01-22T21:58:04","guid":{"rendered":"http:\/\/biblian.is\/fraedsla\/?page_id=3819"},"modified":"2026-04-17T13:32:13","modified_gmt":"2026-04-17T13:32:13","slug":"forsida","status":"publish","type":"page","link":"https:\/\/biblian.is\/fraedsla\/","title":{"rendered":"Fors\u00ed\u00f0a"},"content":{"rendered":"<div class=\"fusion-fullwidth fullwidth-box fusion-builder-row-1 nonhundred-percent-fullwidth non-hundred-percent-height-scrolling\" style=\"--awb-border-radius-top-left:0px;--awb-border-radius-top-right:0px;--awb-border-radius-bottom-right:0px;--awb-border-radius-bottom-left:0px;--awb-flex-wrap:wrap;\" ><div class=\"fusion-builder-row fusion-row\"><div class=\"fusion-layout-column fusion_builder_column fusion-builder-column-0 fusion_builder_column_1_1 1_1 fusion-one-full fusion-column-first fusion-column-last\" style=\"--awb-bg-size:cover;\"><div class=\"fusion-column-wrapper fusion-column-has-shadow fusion-flex-column-wrapper-legacy\"><div class=\"fusion-image-element in-legacy-container\" style=\"--awb-margin-bottom:-70px;--awb-caption-title-font-family:var(--h2_typography-font-family);--awb-caption-title-font-weight:var(--h2_typography-font-weight);--awb-caption-title-font-style:var(--h2_typography-font-style);--awb-caption-title-size:var(--h2_typography-font-size);--awb-caption-title-transform:var(--h2_typography-text-transform);--awb-caption-title-line-height:var(--h2_typography-line-height);--awb-caption-title-letter-spacing:var(--h2_typography-letter-spacing);\"><span class=\" fusion-imageframe imageframe-none imageframe-1 hover-type-none\"><a class=\"fusion-no-lightbox\" href=\"https:\/\/biblian.is\/fraedsla\/ordtakasafn\/\" target=\"_self\" aria-label=\"raphael-schaller-GkinCd2enIY-unsplash\"><img decoding=\"async\" width=\"1200\" height=\"300\" src=\"https:\/\/biblian.is\/fraedsla\/wp-content\/uploads\/sites\/11\/2020\/07\/raphael-schaller-GkinCd2enIY-unsplash.jpg\" alt class=\"img-responsive wp-image-5839\" srcset=\"https:\/\/biblian.is\/fraedsla\/wp-content\/uploads\/sites\/11\/2020\/07\/raphael-schaller-GkinCd2enIY-unsplash-200x50.jpg 200w, https:\/\/biblian.is\/fraedsla\/wp-content\/uploads\/sites\/11\/2020\/07\/raphael-schaller-GkinCd2enIY-unsplash-400x100.jpg 400w, https:\/\/biblian.is\/fraedsla\/wp-content\/uploads\/sites\/11\/2020\/07\/raphael-schaller-GkinCd2enIY-unsplash-600x150.jpg 600w, https:\/\/biblian.is\/fraedsla\/wp-content\/uploads\/sites\/11\/2020\/07\/raphael-schaller-GkinCd2enIY-unsplash-800x200.jpg 800w, https:\/\/biblian.is\/fraedsla\/wp-content\/uploads\/sites\/11\/2020\/07\/raphael-schaller-GkinCd2enIY-unsplash.jpg 1200w\" sizes=\"(max-width: 800px) 100vw, 1200px\" \/><\/a><\/span><\/div><div class=\"fusion-button-wrapper\"><a class=\"fusion-button button-flat fusion-button-default-size button-default fusion-button-default button-1 fusion-button-default-span fusion-button-default-type forsiduheiti\" target=\"_self\" href=\"https:\/\/biblian.is\/fraedsla\/ordtakasafn\/\"><span class=\"fusion-button-text awb-button__text awb-button__text--default\">Or\u00f0takasafn<\/span><\/a><\/div><div class=\"fusion-image-element in-legacy-container\" style=\"--awb-margin-bottom:-70px;--awb-caption-title-font-family:var(--h2_typography-font-family);--awb-caption-title-font-weight:var(--h2_typography-font-weight);--awb-caption-title-font-style:var(--h2_typography-font-style);--awb-caption-title-size:var(--h2_typography-font-size);--awb-caption-title-transform:var(--h2_typography-text-transform);--awb-caption-title-line-height:var(--h2_typography-line-height);--awb-caption-title-letter-spacing:var(--h2_typography-letter-spacing);\"><span class=\" fusion-imageframe imageframe-none imageframe-2 hover-type-none\"><a class=\"fusion-no-lightbox\" href=\"https:\/\/biblian.is\/fraedsla\/landakort\/\" target=\"_self\" aria-label=\"david-aler-S_5117ybQ7E-unsplash\"><img decoding=\"async\" width=\"1200\" height=\"300\" src=\"https:\/\/biblian.is\/fraedsla\/wp-content\/uploads\/sites\/11\/2020\/07\/david-aler-S_5117ybQ7E-unsplash.jpg\" alt class=\"img-responsive wp-image-5835\" srcset=\"https:\/\/biblian.is\/fraedsla\/wp-content\/uploads\/sites\/11\/2020\/07\/david-aler-S_5117ybQ7E-unsplash-200x50.jpg 200w, https:\/\/biblian.is\/fraedsla\/wp-content\/uploads\/sites\/11\/2020\/07\/david-aler-S_5117ybQ7E-unsplash-400x100.jpg 400w, https:\/\/biblian.is\/fraedsla\/wp-content\/uploads\/sites\/11\/2020\/07\/david-aler-S_5117ybQ7E-unsplash-600x150.jpg 600w, https:\/\/biblian.is\/fraedsla\/wp-content\/uploads\/sites\/11\/2020\/07\/david-aler-S_5117ybQ7E-unsplash-800x200.jpg 800w, https:\/\/biblian.is\/fraedsla\/wp-content\/uploads\/sites\/11\/2020\/07\/david-aler-S_5117ybQ7E-unsplash.jpg 1200w\" sizes=\"(max-width: 800px) 100vw, 1200px\" \/><\/a><\/span><\/div><div class=\"fusion-button-wrapper\"><a class=\"fusion-button button-flat fusion-button-default-size button-default fusion-button-default button-2 fusion-button-default-span fusion-button-default-type forsiduheiti\" target=\"_self\" href=\"https:\/\/biblian.is\/fraedsla\/landakort\/\"><span class=\"fusion-button-text awb-button__text awb-button__text--default\">Landakort<\/span><\/a><\/div><div class=\"fusion-image-element in-legacy-container\" style=\"--awb-margin-bottom:-70px;--awb-caption-title-font-family:var(--h2_typography-font-family);--awb-caption-title-font-weight:var(--h2_typography-font-weight);--awb-caption-title-font-style:var(--h2_typography-font-style);--awb-caption-title-size:var(--h2_typography-font-size);--awb-caption-title-transform:var(--h2_typography-text-transform);--awb-caption-title-line-height:var(--h2_typography-line-height);--awb-caption-title-letter-spacing:var(--h2_typography-letter-spacing);\"><span class=\" fusion-imageframe imageframe-none imageframe-3 hover-type-none\"><a class=\"fusion-no-lightbox\" href=\"https:\/\/biblian.is\/fraedsla\/samtidarsaga-bibliunnar\/\" target=\"_self\" aria-label=\"mariam-soliman-Ht5XmeuLyDg-unsplash\"><img decoding=\"async\" width=\"1200\" height=\"300\" src=\"https:\/\/biblian.is\/fraedsla\/wp-content\/uploads\/sites\/11\/2020\/07\/mariam-soliman-Ht5XmeuLyDg-unsplash.jpg\" alt class=\"img-responsive wp-image-5837\" srcset=\"https:\/\/biblian.is\/fraedsla\/wp-content\/uploads\/sites\/11\/2020\/07\/mariam-soliman-Ht5XmeuLyDg-unsplash-200x50.jpg 200w, https:\/\/biblian.is\/fraedsla\/wp-content\/uploads\/sites\/11\/2020\/07\/mariam-soliman-Ht5XmeuLyDg-unsplash-400x100.jpg 400w, https:\/\/biblian.is\/fraedsla\/wp-content\/uploads\/sites\/11\/2020\/07\/mariam-soliman-Ht5XmeuLyDg-unsplash-600x150.jpg 600w, https:\/\/biblian.is\/fraedsla\/wp-content\/uploads\/sites\/11\/2020\/07\/mariam-soliman-Ht5XmeuLyDg-unsplash-800x200.jpg 800w, https:\/\/biblian.is\/fraedsla\/wp-content\/uploads\/sites\/11\/2020\/07\/mariam-soliman-Ht5XmeuLyDg-unsplash.jpg 1200w\" sizes=\"(max-width: 800px) 100vw, 1200px\" \/><\/a><\/span><\/div><div class=\"fusion-button-wrapper\"><a class=\"fusion-button button-flat fusion-button-default-size button-default fusion-button-default button-3 fusion-button-default-span fusion-button-default-type forsiduheiti\" target=\"_self\" href=\"https:\/\/biblian.is\/fraedsla\/samtidarsaga-bibliunnar\/\"><span class=\"fusion-button-text awb-button__text awb-button__text--default\">Samt\u00ed\u00f0arsaga Bibl\u00edunnar<\/span><\/a><\/div><div class=\"fusion-image-element in-legacy-container\" style=\"--awb-margin-bottom:-70px;--awb-caption-title-font-family:var(--h2_typography-font-family);--awb-caption-title-font-weight:var(--h2_typography-font-weight);--awb-caption-title-font-style:var(--h2_typography-font-style);--awb-caption-title-size:var(--h2_typography-font-size);--awb-caption-title-transform:var(--h2_typography-text-transform);--awb-caption-title-line-height:var(--h2_typography-line-height);--awb-caption-title-letter-spacing:var(--h2_typography-letter-spacing);\"><span class=\" fusion-imageframe imageframe-none imageframe-4 hover-type-none\"><a class=\"fusion-no-lightbox\" href=\"https:\/\/biblian.is\/fraedsla\/ritskyring\/nyja-testamentid\/\" target=\"_self\" aria-label=\"priscilla-du-preez-9CMUPez8wLo-unsplash\"><img decoding=\"async\" width=\"1200\" height=\"300\" src=\"https:\/\/biblian.is\/fraedsla\/wp-content\/uploads\/sites\/11\/2020\/07\/priscilla-du-preez-9CMUPez8wLo-unsplash.jpg\" alt class=\"img-responsive wp-image-5838\" srcset=\"https:\/\/biblian.is\/fraedsla\/wp-content\/uploads\/sites\/11\/2020\/07\/priscilla-du-preez-9CMUPez8wLo-unsplash-200x50.jpg 200w, https:\/\/biblian.is\/fraedsla\/wp-content\/uploads\/sites\/11\/2020\/07\/priscilla-du-preez-9CMUPez8wLo-unsplash-400x100.jpg 400w, https:\/\/biblian.is\/fraedsla\/wp-content\/uploads\/sites\/11\/2020\/07\/priscilla-du-preez-9CMUPez8wLo-unsplash-600x150.jpg 600w, https:\/\/biblian.is\/fraedsla\/wp-content\/uploads\/sites\/11\/2020\/07\/priscilla-du-preez-9CMUPez8wLo-unsplash-800x200.jpg 800w, https:\/\/biblian.is\/fraedsla\/wp-content\/uploads\/sites\/11\/2020\/07\/priscilla-du-preez-9CMUPez8wLo-unsplash.jpg 1200w\" sizes=\"(max-width: 800px) 100vw, 1200px\" \/><\/a><\/span><\/div><div class=\"fusion-button-wrapper\"><a class=\"fusion-button button-flat fusion-button-default-size button-default fusion-button-default button-4 fusion-button-default-span fusion-button-default-type forsiduheiti\" target=\"_self\" href=\"https:\/\/biblian.is\/fraedsla\/ritskyring\/nyja-testamentid\/\"><span class=\"fusion-button-text awb-button__text awb-button__text--default\">Um N\u00fdja testamenti\u00f0<\/span><\/a><\/div><div class=\"fusion-image-element in-legacy-container\" style=\"--awb-margin-bottom:-70px;--awb-caption-title-font-family:var(--h2_typography-font-family);--awb-caption-title-font-weight:var(--h2_typography-font-weight);--awb-caption-title-font-style:var(--h2_typography-font-style);--awb-caption-title-size:var(--h2_typography-font-size);--awb-caption-title-transform:var(--h2_typography-text-transform);--awb-caption-title-line-height:var(--h2_typography-line-height);--awb-caption-title-letter-spacing:var(--h2_typography-letter-spacing);\"><span class=\" fusion-imageframe imageframe-none imageframe-5 hover-type-none\"><a class=\"fusion-no-lightbox\" href=\"https:\/\/biblian.is\/fraedsla\/ritskyring\/inngangur-einstakra-rita-nyja-testamentisins\/\" target=\"_self\" aria-label=\"aaron-burden-pCfJKUB5bes-unsplash\"><img decoding=\"async\" width=\"1200\" height=\"300\" src=\"https:\/\/biblian.is\/fraedsla\/wp-content\/uploads\/sites\/11\/2020\/07\/aaron-burden-pCfJKUB5bes-unsplash.jpg\" alt class=\"img-responsive wp-image-5834\" srcset=\"https:\/\/biblian.is\/fraedsla\/wp-content\/uploads\/sites\/11\/2020\/07\/aaron-burden-pCfJKUB5bes-unsplash-200x50.jpg 200w, https:\/\/biblian.is\/fraedsla\/wp-content\/uploads\/sites\/11\/2020\/07\/aaron-burden-pCfJKUB5bes-unsplash-400x100.jpg 400w, https:\/\/biblian.is\/fraedsla\/wp-content\/uploads\/sites\/11\/2020\/07\/aaron-burden-pCfJKUB5bes-unsplash-600x150.jpg 600w, https:\/\/biblian.is\/fraedsla\/wp-content\/uploads\/sites\/11\/2020\/07\/aaron-burden-pCfJKUB5bes-unsplash-800x200.jpg 800w, https:\/\/biblian.is\/fraedsla\/wp-content\/uploads\/sites\/11\/2020\/07\/aaron-burden-pCfJKUB5bes-unsplash.jpg 1200w\" sizes=\"(max-width: 800px) 100vw, 1200px\" \/><\/a><\/span><\/div><div class=\"fusion-button-wrapper\"><a class=\"fusion-button button-flat fusion-button-default-size button-default fusion-button-default button-5 fusion-button-default-span fusion-button-default-type forsiduheiti\" target=\"_self\" href=\"https:\/\/biblian.is\/fraedsla\/ritskyring\/inngangur-einstakra-rita-nyja-testamentisins\/\"><span class=\"fusion-button-text awb-button__text awb-button__text--default\">Um einst\u00f6k rit N\u00fdja testamentisins<\/span><\/a><\/div><div class=\"fusion-image-element in-legacy-container\" style=\"--awb-margin-bottom:-70px;--awb-caption-title-font-family:var(--h2_typography-font-family);--awb-caption-title-font-weight:var(--h2_typography-font-weight);--awb-caption-title-font-style:var(--h2_typography-font-style);--awb-caption-title-size:var(--h2_typography-font-size);--awb-caption-title-transform:var(--h2_typography-text-transform);--awb-caption-title-line-height:var(--h2_typography-line-height);--awb-caption-title-letter-spacing:var(--h2_typography-letter-spacing);\"><span class=\" fusion-imageframe imageframe-none imageframe-6 hover-type-none\"><a class=\"fusion-no-lightbox\" href=\"https:\/\/biblian.is\/fraedsla\/ritskyring\/\" target=\"_self\" aria-label=\"giorgio-parravicini-12IHVEFRacQ-unsplash\"><img decoding=\"async\" width=\"1200\" height=\"300\" src=\"https:\/\/biblian.is\/fraedsla\/wp-content\/uploads\/sites\/11\/2020\/07\/giorgio-parravicini-12IHVEFRacQ-unsplash.jpg\" alt class=\"img-responsive wp-image-5836\" srcset=\"https:\/\/biblian.is\/fraedsla\/wp-content\/uploads\/sites\/11\/2020\/07\/giorgio-parravicini-12IHVEFRacQ-unsplash-200x50.jpg 200w, https:\/\/biblian.is\/fraedsla\/wp-content\/uploads\/sites\/11\/2020\/07\/giorgio-parravicini-12IHVEFRacQ-unsplash-400x100.jpg 400w, https:\/\/biblian.is\/fraedsla\/wp-content\/uploads\/sites\/11\/2020\/07\/giorgio-parravicini-12IHVEFRacQ-unsplash-600x150.jpg 600w, https:\/\/biblian.is\/fraedsla\/wp-content\/uploads\/sites\/11\/2020\/07\/giorgio-parravicini-12IHVEFRacQ-unsplash-800x200.jpg 800w, https:\/\/biblian.is\/fraedsla\/wp-content\/uploads\/sites\/11\/2020\/07\/giorgio-parravicini-12IHVEFRacQ-unsplash.jpg 1200w\" sizes=\"(max-width: 800px) 100vw, 1200px\" \/><\/a><\/span><\/div><div class=\"fusion-button-wrapper\"><a class=\"fusion-button button-flat fusion-button-default-size button-default fusion-button-default button-6 fusion-button-default-span fusion-button-default-type forsiduheiti\" target=\"_self\" href=\"https:\/\/biblian.is\/fraedsla\/ritskyring\/\"><span class=\"fusion-button-text awb-button__text awb-button__text--default\">Ritsk\u00fdring N\u00fdja testamentisins<\/span><\/a><\/div><div class=\"fusion-sep-clear\"><\/div><div class=\"fusion-separator fusion-full-width-sep\" style=\"margin-left: auto;margin-right: auto;margin-top:40px;margin-bottom:40px;width:100%;\"><\/div><div class=\"fusion-sep-clear\"><\/div><div class=\"fusion-text fusion-text-1\"><h6>Lj\u00f3smyndir \u00e1 fors\u00ed\u00f0u koma fr\u00e1 lj\u00f3smyndas\u00ed\u00f0unni Unsplash og voru teknar af\u00a0<a href=\"https:\/\/unsplash.com\/@raphaelphotoch\">Raphael Schaller, <\/a><a href=\"https:\/\/unsplash.com\/@aaronburden\">Aaron Burden, <\/a><a href=\"https:\/\/unsplash.com\/@parradesign\">Giorgio Parravicini,<\/a> <a href=\"https:\/\/unsplash.com\/@mariamsoliman?utm_source=unsplash&amp;utm_medium=referral&amp;utm_content=creditCopyText\">Mariam Soliman<\/a>, <a href=\"https:\/\/unsplash.com\/@davidaler?utm_source=unsplash&amp;utm_medium=referral&amp;utm_content=creditCopyText\">David Aler<\/a>, and <a href=\"https:\/\/unsplash.com\/@priscilladupreez?utm_source=unsplash&amp;utm_medium=referral&amp;utm_content=creditCopyText\">Priscilla Du Preez<\/a>. Sr. Gunnar Bj\u00f6rnsson anna\u00f0ist \u00fe\u00fd\u00f0ingar \u00e1 texta sem fenginn er \u00far <em>The Learning Bible \u2013 Contemporary English Version\u00a0<\/em>og<em> The Learning Bible Notes and Reader&#8217;s Helps.<\/em><\/h6>\n<\/div><div class=\"fusion-clearfix\"><\/div><\/div><\/div><\/div><\/div>\n","protected":false},"excerpt":{"rendered":"","protected":false},"author":1,"featured_media":0,"parent":0,"menu_order":0,"comment_status":"closed","ping_status":"closed","template":"","meta":{"footnotes":""},"class_list":["post-3819","page","type-page","status-publish","hentry"],"_links":{"self":[{"href":"https:\/\/biblian.is\/fraedsla\/wp-json\/wp\/v2\/pages\/3819","targetHints":{"allow":["GET"]}}],"collection":[{"href":"https:\/\/biblian.is\/fraedsla\/wp-json\/wp\/v2\/pages"}],"about":[{"href":"https:\/\/biblian.is\/fraedsla\/wp-json\/wp\/v2\/types\/page"}],"author":[{"embeddable":true,"href":"https:\/\/biblian.is\/fraedsla\/wp-json\/wp\/v2\/users\/1"}],"replies":[{"embeddable":true,"href":"https:\/\/biblian.is\/fraedsla\/wp-json\/wp\/v2\/comments?post=3819"}],"version-history":[{"count":0,"href":"https:\/\/biblian.is\/fraedsla\/wp-json\/wp\/v2\/pages\/3819\/revisions"}],"wp:attachment":[{"href":"https:\/\/biblian.is\/fraedsla\/wp-json\/wp\/v2\/media?parent=3819"}],"curies":[{"name":"wp","href":"https:\/\/api.w.org\/{rel}","templated":true}]}}