{"id":2955,"date":"2017-12-30T21:05:19","date_gmt":"2017-12-30T21:05:19","guid":{"rendered":"http:\/\/biblian.is\/biblian\/b%c2%ben-manasse-1-kafli\/"},"modified":"2018-01-02T03:34:54","modified_gmt":"2018-01-02T03:34:54","slug":"baen-manasse-1-kafli","status":"publish","type":"page","link":"https:\/\/biblian.is\/biblian\/baen-manasse-1-kafli\/","title":{"rendered":"B\u00e6n Manasse 1. kafli"},"content":{"rendered":"<p><span class=\"ljodatexti\"> <a name=\"1\"><span class=\"versanumer_ljod\">1<\/span><\/a> Drottinn, alm\u00e1ttugi Gu\u00f0 fe\u00f0ra vorra,<br \/>Gu\u00f0 Abrahams, \u00cdsaks og Jakobs<br \/>og r\u00e9ttl\u00e1tra ni\u00f0ja \u00feeirra.<br \/> <\/span> <span class=\"ljodatexti\"> <a name=\"2\"><span class=\"versanumer_ljod\">2<\/span><\/a> \u00de\u00fa skapa\u00f0ir himin og j\u00f6r\u00f0<br \/>og alla d\u00e1semd \u00feeirra. <br \/> <\/span> <span class=\"ljodatexti\"> <a name=\"3\"><span class=\"versanumer_ljod\">3<\/span><\/a> Me\u00f0 bo\u00f0i or\u00f0s \u00fe\u00edns hlekkja\u00f0ir \u00fe\u00fa hafi\u00f0,<br \/>loka\u00f0ir undirdj\u00fapunum og innsigla\u00f0ir \u00feau<br \/>me\u00f0 \u00f3ttalegu og undursamlegu nafni \u00fe\u00ednu. <br \/> <\/span> <span class=\"ljodatexti\"> <a name=\"4\"><span class=\"versanumer_ljod\">4<\/span><\/a> Allt \u00f3ttast \u00feig<br \/>og skelfur frammi fyrir alm\u00e6tti \u00fe\u00ednu. <br \/> <\/span> <span class=\"ljodatexti\"> <a name=\"5\"><span class=\"versanumer_ljod\">5<\/span><\/a> Enginn afber h\u00e1tign d\u00fdr\u00f0ar \u00feinnar <br \/>og enginn syndari stenst \u00f3gn rei\u00f0i \u00feinnar. <br \/> <\/span> <span class=\"ljodatexti\"> <a name=\"6\"><span class=\"versanumer_ljod\">6<\/span><\/a> En n\u00e1\u00f0 \u00fe\u00edn er \u00f3m\u00e6lanleg<br \/>og fyrirheit \u00fe\u00edn \u00f3rekjandi. <br \/> <\/span> <span class=\"ljodatexti\"> <a name=\"7\"><span class=\"versanumer_ljod\">7<\/span><\/a> \u00dev\u00ed a\u00f0 \u00fe\u00fa ert Drottinn, Hinn \u00e6\u00f0sti, <br \/>sam\u00fa\u00f0arr\u00edkur, seinn til rei\u00f0i<br \/>og mildur \u00e1 miskunn. <br \/> \u00deegar menn l\u00ed\u00f0a fyrir syndir s\u00ednar<br \/>endurmetur \u00fe\u00fa vi\u00f0horf \u00feitt. <br \/>\u00de\u00fa, Drottinn, hefur af gn\u00e6g\u00f0 mildi \u00feinnar og g\u00e6sku <br \/>heiti\u00f0 \u00feeim sem broti\u00f0 hafa gegn \u00fe\u00e9r <br \/>a\u00f0 \u00feeir megi i\u00f0rast og fyrirgefningu hlj\u00f3ta. <br \/> \u00de\u00fa hefur afr\u00e1\u00f0i\u00f0 af mikilli miskunn <br \/>a\u00f0 syndarar megi i\u00f0rast og hlj\u00f3ta hj\u00e1lpr\u00e6\u00f0i. <br \/> <\/span> <span class=\"ljodatexti\"> <a name=\"8\"><span class=\"versanumer_ljod\">8<\/span><\/a> Vissulega kraf\u00f0ist \u00fe\u00fa, sem ert Gu\u00f0 r\u00e9ttl\u00e1tra, <br \/>ekki i\u00f0runar af hinum r\u00e9ttl\u00e1tu, <br \/>af Abraham, \u00cdsak og Jakobi<br \/>sem syndgu\u00f0u aldrei gegn \u00fe\u00e9r.<br \/>En af m\u00e9r krefst \u00fe\u00fa afturhvarfs<br \/>\u00fev\u00ed a\u00f0 syndari er \u00e9g.<br \/> <\/span> <span class=\"ljodatexti\"> <a name=\"9\"><span class=\"versanumer_ljod\">9<\/span><\/a> Syndir m\u00ednar eru fleiri en sandkorn \u00e1 sj\u00e1varstr\u00f6nd.<br \/>Brot m\u00edn gegn l\u00f6gm\u00e1linu, Drottinn, ver\u00f0a ekki talin,<br \/>\u00feau eru \u00f3teljandi.<br \/>\u00c9g er ekki \u00feess ver\u00f0ur a\u00f0 hefja upp augu<br \/>og horfa til himins<br \/>sakir alls rangl\u00e6tis m\u00edns. <br \/> <\/span> <span class=\"ljodatexti\"> <a name=\"10\"><span class=\"versanumer_ljod\">10<\/span><\/a> \u00c9g er \u00fejaka\u00f0ur af \u00feungum j\u00e1rnfj\u00f6trum <br \/>svo a\u00f0 \u00e9g m\u00e1 eigi h\u00f6fu\u00f0 hefja sakir synda minna.<br \/>Ekkert l\u00e9ttir \u00feeim af m\u00e9r<br \/>\u00fev\u00ed a\u00f0 \u00e9g egndi \u00feig til rei\u00f0i<br \/>er \u00e9g ger\u00f0i \u00fea\u00f0 sem illt er \u00ed augum \u00fe\u00ednum.<br \/>\u00c9g reisti vi\u00f0urstyggileg skur\u00f0go\u00f0<br \/>og fj\u00f6lga\u00f0i \u00feeim st\u00f3rum. <br \/> <\/span> <span class=\"ljodatexti\"> <a name=\"11\"><span class=\"versanumer_ljod\">11<\/span><\/a> N\u00fa beygi \u00e9g kn\u00e9 hjartans <br \/>og bi\u00f0 \u00feig a\u00f0 au\u00f0s\u00fdna m\u00e9r miskunn \u00fe\u00edna. <br \/> <\/span> <span class=\"ljodatexti\"> <a name=\"12\"><span class=\"versanumer_ljod\">12<\/span><\/a> \u00c9g hef syndga\u00f0, Drottinn, syndga\u00f0 <br \/>og vi\u00f0urkenni \u00fea\u00f0 sem \u00e9g hef af m\u00e9r broti\u00f0. <br \/> <\/span> <span class=\"ljodatexti\"> <a name=\"13\"><span class=\"versanumer_ljod\">13<\/span><\/a> \u00c9g \u00e1kalla og bi\u00f0 \u00feig: <br \/>fyrirgef m\u00e9r, Drottinn, fyrirgef, <br \/>l\u00e1t mig eigi glatast vegna afbrota minna.<br \/>Minnstu ekki synda minna <br \/>og ver m\u00e9r eigi a\u00f0 eil\u00edfu rei\u00f0ur. <br \/>D\u00e6m mig ekki ni\u00f0ur \u00ed undirdj\u00fap jar\u00f0ar <br \/>\u00fev\u00ed a\u00f0 \u00fe\u00fa, Gu\u00f0, ert Gu\u00f0 \u00feeirra sem i\u00f0rast. <br \/> <\/span> <span class=\"ljodatexti\"> <a name=\"14\"><span class=\"versanumer_ljod\">14<\/span><\/a> \u00de\u00e1 munt \u00fe\u00fa s\u00fdna \u00e1 m\u00e9r alla g\u00e6sku \u00fe\u00edna <br \/>er \u00fe\u00fa bjargar m\u00e9r af mikilli miskunn <br \/>\u00fe\u00f3tt \u00e9g s\u00e9 \u00f3ver\u00f0ugur.<br \/> <\/span> <span class=\"ljodatexti\"> <a name=\"15\"><span class=\"versanumer_ljod\">15<\/span><\/a> \u00c9g mun s\u00edfellt lofa \u00feig svo lengi sem \u00e9g lifi, <br \/>allir herskarar himna syngja \u00fe\u00e9r lof, <br \/>\u00fe\u00edn er d\u00fdr\u00f0in a\u00f0 eil\u00edfu. Amen. <\/span> <\/p>\n","protected":false},"excerpt":{"rendered":"<p>1 Drottinn, alm\u00e1ttugi Gu\u00f0 fe\u00f0ra vorra,Gu\u00f0 Abrahams, \u00cdsaks og Jakobsog r\u00e9ttl\u00e1tra ni\u00f0ja \u00feeirra. 2 \u00de\u00fa skapa\u00f0ir himin og j\u00f6r\u00f0og alla d\u00e1semd \u00feeirra. 3 Me\u00f0 bo\u00f0i or\u00f0s \u00fe\u00edns hlekkja\u00f0ir \u00fe\u00fa hafi\u00f0,loka\u00f0ir undirdj\u00fapunum og innsigla\u00f0ir \u00feaume\u00f0 \u00f3ttalegu og undursamlegu nafni \u00fe\u00ednu. 4 Allt \u00f3ttast \u00feigog skelfur frammi fyrir alm\u00e6tti \u00fe\u00ednu. 5 Enginn afber h\u00e1tign d\u00fdr\u00f0ar \u00feinnar og enginn syndari stenst \u00f3gn rei\u00f0i \u00feinnar. 6 En n\u00e1\u00f0 \u00fe\u00edn er \u00f3m\u00e6lanlegog fyrirheit \u00fe\u00edn \u00f3rekjandi. 7 \u00dev\u00ed a\u00f0 \u00fe\u00fa ert Drottinn, Hinn \u00e6\u00f0sti, sam\u00fa\u00f0arr\u00edkur, seinn til rei\u00f0iog mildur \u00e1 miskunn. \u00deegar menn l\u00ed\u00f0a fyrir syndir s\u00ednarendurmetur \u00fe\u00fa vi\u00f0horf \u00feitt. \u00de\u00fa, Drottinn, hefur af gn\u00e6g\u00f0 mildi <a href=\"https:\/\/biblian.is\/biblian\/baen-manasse-1-kafli\/\"> [&#8230;]<\/a><\/p>\n","protected":false},"author":1,"featured_media":0,"parent":0,"menu_order":0,"comment_status":"open","ping_status":"closed","template":"bibliukaflar.php","meta":{"footnotes":""},"class_list":["post-2955","page","type-page","status-publish","hentry"],"_links":{"self":[{"href":"https:\/\/biblian.is\/biblian\/wp-json\/wp\/v2\/pages\/2955","targetHints":{"allow":["GET"]}}],"collection":[{"href":"https:\/\/biblian.is\/biblian\/wp-json\/wp\/v2\/pages"}],"about":[{"href":"https:\/\/biblian.is\/biblian\/wp-json\/wp\/v2\/types\/page"}],"author":[{"embeddable":true,"href":"https:\/\/biblian.is\/biblian\/wp-json\/wp\/v2\/users\/1"}],"replies":[{"embeddable":true,"href":"https:\/\/biblian.is\/biblian\/wp-json\/wp\/v2\/comments?post=2955"}],"version-history":[{"count":0,"href":"https:\/\/biblian.is\/biblian\/wp-json\/wp\/v2\/pages\/2955\/revisions"}],"wp:attachment":[{"href":"https:\/\/biblian.is\/biblian\/wp-json\/wp\/v2\/media?parent=2955"}],"curies":[{"name":"wp","href":"https:\/\/api.w.org\/{rel}","templated":true}]}}