{"id":2951,"date":"2017-12-30T21:05:19","date_gmt":"2017-12-30T21:05:19","guid":{"rendered":"http:\/\/biblian.is\/biblian\/%c2%85nnur-makkabeab%c2%97k-12-kafli\/"},"modified":"2018-01-02T03:20:44","modified_gmt":"2018-01-02T03:20:44","slug":"onnur-makkabeabok-12-kafli","status":"publish","type":"page","link":"https:\/\/biblian.is\/biblian\/onnur-makkabeabok-12-kafli\/","title":{"rendered":"\u00d6nnur Makkabeab\u00f3k 12. kafli"},"content":{"rendered":"<h3 class=\"millifyrirsogn_2007\"> Mor\u00f0i\u00f0 \u00e1 Gy\u00f0ingum \u00ed Joppe<\/h3>\n<p><a name=\"1\"><span class=\"versanumer_2007\">1<\/span><\/a> \u00deegar n\u00fa samkomulag \u00feetta haf\u00f0i veri\u00f0 gert f\u00f3r L\u00fds\u00edas aftur til konungsins og Gy\u00f0ingar t\u00f3ku til vi\u00f0 jar\u00f0yrkju s\u00edna. <a name=\"2\"><span class=\"versanumer_2007\">2<\/span><\/a> En nokkrir af herstj\u00f3runum \u00ed h\u00e9ru\u00f0unum, svo sem T\u00edm\u00f3teus og Appoll\u00f3n\u00edus Genneusson, H\u00ederon\u00fdmus og Demof\u00f3n og auk \u00feeirra N\u00edkanor, sem var foringi li\u00f0s K\u00fdpurmanna, unnu \u00feeim ekki fri\u00f0ar.<br \/> <a name=\"3\"><span class=\"versanumer_2007\">3<\/span><\/a> \u00cd Joppe fr\u00f6mdu \u00edb\u00faarnir hr\u00e6\u00f0ilegt \u00f3d\u00e6\u00f0i. \u00deeir bu\u00f0u Gy\u00f0ingum, sem \u00fear bjuggu, \u00e1samt konum s\u00ednum og b\u00f6rnum, \u00fat \u00e1 skip sem \u00feeir l\u00f6g\u00f0u til. L\u00e9tu \u00feeir sem \u00feetta v\u00e6ri vinarbrag\u00f0 <a name=\"4\"><span class=\"versanumer_2007\">4<\/span><\/a> og v\u00e6ru allir borgarb\u00faar einhuga \u00ed \u00feessu. Gy\u00f0ingar \u00feekktust bo\u00f0i\u00f0 alls ugglausir og \u00ed \u00feeirri tr\u00fa a\u00f0 hinir vildu stu\u00f0la a\u00f0 fri\u00f0i. En er komi\u00f0 var \u00e1 haf \u00fat v\u00f6rpu\u00f0u Joppeb\u00faar Gy\u00f0ingunum fyrir bor\u00f0 og drekktu \u00feeim, fyllilega tv\u00f6 hundru\u00f0 manns.<br \/> <a name=\"5\"><span class=\"versanumer_2007\">5<\/span><\/a> \u00deegar J\u00fadas fr\u00e9tti um \u00feetta grimmdarverk \u00e1 l\u00f6ndum s\u00ednum kalla\u00f0i hann menn s\u00edna saman, <a name=\"6\"><span class=\"versanumer_2007\">6<\/span><\/a> \u00e1kalla\u00f0i Gu\u00f0, hinn r\u00e9ttl\u00e1ta d\u00f3mara, og r\u00e9\u00f0st s\u00ed\u00f0an \u00e1 mor\u00f0ingja br\u00e6\u00f0ra sinna. Hann lag\u00f0i eld a\u00f0 h\u00f6fninni \u00ed Joppe a\u00f0 n\u00e6tur\u00feeli, brenndi skip Joppeb\u00faa og felldi \u00fe\u00e1 sem \u00feanga\u00f0 h\u00f6f\u00f0u fl\u00fai\u00f0.<br \/> <a name=\"7\"><span class=\"versanumer_2007\">7<\/span><\/a> En \u00fear sem borgin var rammlega loku\u00f0 hvarf hann fr\u00e1 en \u00e6tla\u00f0i s\u00e9r a\u00f0 sn\u00faa aftur og gerey\u00f0a \u00f6llum Joppeb\u00faum. <a name=\"8\"><span class=\"versanumer_2007\">8<\/span><\/a> \u00deegar hann svo fr\u00e9tti a\u00f0 \u00edb\u00faar Jabne \u00e6tlu\u00f0u s\u00e9r a\u00f0 fara eins me\u00f0 \u00fe\u00e1 Gy\u00f0inga sem \u00fear h\u00f6f\u00f0u sest a\u00f0 <a name=\"9\"><span class=\"versanumer_2007\">9<\/span><\/a> ger\u00f0i hann \u00e1r\u00e1s \u00e1 \u00edb\u00faa Jabne \u00ed skj\u00f3li n\u00e1ttmyrkurs, kveikti \u00ed h\u00f6fninni og skipaflotanum og s\u00e1st bjarminn af eldinum alla lei\u00f0 til Jer\u00fasalem sem er tv\u00f6 hundru\u00f0 og fj\u00f6rut\u00edu skei\u00f0r\u00fam \u00fea\u00f0an.<\/p>\n<h3 class=\"millifyrirsogn_2007\">Sigurf\u00f6r J\u00fadasar um bygg\u00f0ir G\u00edlea\u00f0s<\/h3>\n<p><a name=\"10\"><span class=\"versanumer_2007\">10<\/span><\/a> \u00deegar J\u00fadas og menn hans voru komnir um n\u00edu skei\u00f0r\u00fam \u00fea\u00f0an \u00e1 lei\u00f0 til bardaga vi\u00f0 T\u00edm\u00f3teus r\u00e9\u00f0ust meira en fimm \u00fe\u00fasund Arabar \u00e1 \u00fe\u00e1 \u00e1samt fimm hundru\u00f0 riddurum. <a name=\"11\"><span class=\"versanumer_2007\">11<\/span><\/a> T\u00f3kst me\u00f0 \u00feeim sn\u00f6rp orrusta en me\u00f0 hj\u00e1lp Gu\u00f0s veitti J\u00fadasi og m\u00f6nnum hans betur og sigru\u00f0u \u00feeir hir\u00f0ingjana sem b\u00e1\u00f0u J\u00fadas um fri\u00f0. H\u00e9tu \u00feeir \u00fev\u00ed a\u00f0 gefa \u00feeim b\u00e6\u00f0i b\u00faf\u00e9 og li\u00f0sinna \u00feeim \u00e1 annan h\u00e1tt. <a name=\"12\"><span class=\"versanumer_2007\">12<\/span><\/a> Samdi J\u00fadas fri\u00f0 vi\u00f0 \u00fe\u00e1 enda taldi hann a\u00f0 \u00feeir g\u00e6tu or\u00f0i\u00f0 a\u00f0 gagni \u00e1 margan h\u00e1tt. Eftir a\u00f0 \u00feetta var bundi\u00f0 fastm\u00e6lum h\u00e9ldu \u00feeir aftur til tjalda sinna.<br \/> <a name=\"13\"><span class=\"versanumer_2007\">13<\/span><\/a> J\u00fadas r\u00e9\u00f0st einnig \u00e1 borg sem kallast Kasp\u00edn. Var h\u00fan v\u00edggirt rammgerum m\u00farum og bjuggu \u00fear menn af \u00fdmsu \u00fej\u00f3\u00f0erni. <a name=\"14\"><span class=\"versanumer_2007\">14<\/span><\/a> \u00cdb\u00faarnir b\u00e1ru sl\u00edkt traust til styrks m\u00faranna og \u00feess a\u00f0 \u00feeir hef\u00f0u n\u00f3gar vistir a\u00f0 \u00feeir \u00f6gru\u00f0u li\u00f0sm\u00f6nnum J\u00fadasar, ger\u00f0u gys a\u00f0 \u00feeim, l\u00e9tu sv\u00edvir\u00f0ingar dynja og gu\u00f0l\u00f6stu\u00f0u. <a name=\"15\"><span class=\"versanumer_2007\">15<\/span><\/a> En J\u00fadas og menn hans \u00e1k\u00f6llu\u00f0u hinn mikla Drottin veraldar sem felldi m\u00fara Jer\u00edk\u00f3 \u00e1 t\u00edmum J\u00f3s\u00faa \u00e1n m\u00farbrj\u00f3ta og v\u00edgv\u00e9la. Ger\u00f0u \u00feeir s\u00ed\u00f0an \u00e1kaft \u00e1hlaup \u00e1 virkisvegginn. <a name=\"16\"><span class=\"versanumer_2007\">16<\/span><\/a> A\u00f0 vilja Gu\u00f0s n\u00e1\u00f0u \u00feeir borginni \u00e1 sitt vald. \u00deeir ollu sl\u00edku bl\u00f3\u00f0ba\u00f0i a\u00f0 st\u00f6\u00f0uvatn \u00ed grenndinni, sem var um tv\u00f6 skei\u00f0r\u00fam \u00e1 breidd, var a\u00f0 sj\u00e1 sem fyllt af \u00fev\u00ed bl\u00f3\u00f0i sem \u00fat \u00ed \u00fea\u00f0 rann.<\/p>\n<h3 class=\"millifyrirsogn_2007\">J\u00fadas vinnur sigur \u00e1 her T\u00edm\u00f3teusar<\/h3>\n<p><a name=\"17\"><span class=\"versanumer_2007\">17<\/span><\/a> \u00dea\u00f0an h\u00e9ldu \u00feeir sj\u00f6 hundru\u00f0 og fimmt\u00edu skei\u00f0r\u00fama lei\u00f0 og komu til Karax, til Gy\u00f0inga sem kalla\u00f0ir eru T\u00f3b\u00edanar. <a name=\"18\"><span class=\"versanumer_2007\">18<\/span><\/a> \u00deeir r\u00e1kust ekki \u00e1 T\u00edm\u00f3teus \u00e1 \u00feeim sl\u00f3\u00f0um \u00fev\u00ed a\u00f0 hann var farinn \u00fea\u00f0an og haf\u00f0i ekki haft erindi sem erfi\u00f0i. En vel b\u00fai\u00f0 setuli\u00f0 haf\u00f0i hann skili\u00f0 eftir \u00e1 sta\u00f0 nokkrum.<br \/> <a name=\"19\"><span class=\"versanumer_2007\">19<\/span><\/a> Tveir af foringjum Makkabeusar, D\u00f3s\u00ed\u00feeus og S\u00f3s\u00edpater, r\u00e9\u00f0ust \u00e1 virki\u00f0 og felldu alla sem T\u00edm\u00f3teus haf\u00f0i skili\u00f0 eftir, meira en t\u00edu \u00fe\u00fasund.<br \/> <a name=\"20\"><span class=\"versanumer_2007\">20<\/span><\/a> Eftir \u00feetta skipti Makkabeus li\u00f0i s\u00ednu \u00ed herflokka, setti \u00feeim fyrirli\u00f0a og f\u00f3r gegn T\u00edm\u00f3teusi sem haf\u00f0i \u00e1 a\u00f0 skipa hundra\u00f0 og tuttugu \u00fe\u00fasund f\u00f3tg\u00f6nguli\u00f0um og tv\u00f6 \u00fe\u00fasund og fimm hundru\u00f0 riddurum.<br \/> <a name=\"21\"><span class=\"versanumer_2007\">21<\/span><\/a> Er T\u00edm\u00f3teus fr\u00e9tti a\u00f0 J\u00fadas n\u00e1lga\u00f0ist sendi hann konur, b\u00f6rn og farangur til borgar sem nefnist Karn\u00edon. S\u00e1 sta\u00f0ur er mj\u00f6g erfi\u00f0ur a\u00f0komu og n\u00e6r \u00f3gerlegt a\u00f0 sitja um hann vegna \u00feess hve \u00fer\u00f6ng glj\u00fafur liggja a\u00f0 honum. <a name=\"22\"><span class=\"versanumer_2007\">22<\/span><\/a> \u00d3\u00f0ara en fyrsta herdeild J\u00fadasar kom \u00ed lj\u00f3s greip \u00f3tti og ofbo\u00f0 \u00f3vinina vegna vitrunar fr\u00e1 alskyggnum Gu\u00f0i. \u00cd skelfingu fl\u00fd\u00f0u \u00feeir hver um annan \u00feveran svo a\u00f0 margir ur\u00f0u s\u00e1rir af vopnum f\u00e9laga sinna og hlutu sv\u00f6\u00f0us\u00e1r hver af annars sver\u00f0soddum.<br \/> <a name=\"23\"><span class=\"versanumer_2007\">23<\/span><\/a> J\u00fadas rak fl\u00f3ttann af mikilli \u00e1kef\u00f0 og felldi \u00feessa illvirkja, hartn\u00e6r \u00ferj\u00e1t\u00edu \u00fe\u00fasundir manna. <a name=\"24\"><span class=\"versanumer_2007\">24<\/span><\/a> T\u00edm\u00f3teus sj\u00e1lfur f\u00e9ll \u00ed hendur manna D\u00f3s\u00ed\u00feeusar og S\u00f3s\u00edpaters en t\u00f3kst me\u00f0 l\u00e6v\u00edsum fort\u00f6lum a\u00f0 sleppa heill \u00e1 h\u00fafi. Hann kva\u00f0st hafa foreldra og br\u00e6\u00f0ur margra \u00feeirra \u00e1 valdi s\u00ednu og yr\u00f0i \u00feeim ekki \u00feyrmt ef illa f\u00e6ri fyrir s\u00e9r. <a name=\"25\"><span class=\"versanumer_2007\">25<\/span><\/a> \u00deegar hann haf\u00f0i sannf\u00e6rt \u00fe\u00e1 me\u00f0 miklum fort\u00f6lum s\u00ednum og heiti\u00f0 a\u00f0 senda \u00e6ttingja \u00feeirra heim, heila \u00e1 h\u00fafi, l\u00e9tu \u00feeir hann lausan til a\u00f0 tryggja \u00f6ryggi br\u00e6\u00f0ra sinna.<\/p>\n<h3 class=\"millifyrirsogn_2007\">A\u00f0rir sigrar J\u00fadasar<\/h3>\n<p><a name=\"26\"><span class=\"versanumer_2007\">26<\/span><\/a> S\u00ed\u00f0an r\u00e9\u00f0st J\u00fadas \u00e1 Karn\u00edon og Atergatishofi\u00f0 og felldi tuttugu og fimm \u00fe\u00fasund manns. <a name=\"27\"><span class=\"versanumer_2007\">27<\/span><\/a> \u00deegar hann haf\u00f0i unni\u00f0 \u00feessa sta\u00f0i og eytt \u00feeim h\u00e9lt hann til virkisb\u00e6jarins Efron \u00fear sem margt f\u00f3lk af \u00fdmsu \u00fej\u00f3\u00f0erni bj\u00f3. Vaskir ungir menn t\u00f3ku s\u00e9r st\u00f6\u00f0u vi\u00f0 virkisveggina og v\u00f6r\u00f0ust hetjulega. Auk \u00feess var \u00fear inni fyrir miki\u00f0 af v\u00edgv\u00e9lum og kastvopnum.<br \/> <a name=\"28\"><span class=\"versanumer_2007\">28<\/span><\/a> \u00deegar J\u00fadas og menn hans h\u00f6f\u00f0u \u00e1kalla\u00f0 Hinn m\u00e1ttuga, sem mylur herstyrk \u00f3vina me\u00f0 krafti s\u00ednum, n\u00e1\u00f0u \u00feeir borginni og felldu \u00fear um tuttugu og fimm \u00fe\u00fasund manns.<br \/> <a name=\"29\"><span class=\"versanumer_2007\">29<\/span><\/a> \u00dea\u00f0an h\u00e9ldu \u00feeir og r\u00e9\u00f0ust \u00e1 Sk\u00fdt\u00f3p\u00f3lis sem er sex hundru\u00f0 skei\u00f0r\u00fam fr\u00e1 Jer\u00fasalem. <a name=\"30\"><span class=\"versanumer_2007\">30<\/span><\/a> Gy\u00f0ingar, sem \u00fear bjuggu, b\u00e1ru hins vegar a\u00f0 \u00edb\u00faar borgarinnar hef\u00f0u komi\u00f0 vel fram vi\u00f0 \u00fe\u00e1 og au\u00f0s\u00fdnt \u00feeim velvilja \u00feegar a\u00f0 \u00feeim kreppti. <a name=\"31\"><span class=\"versanumer_2007\">31<\/span><\/a> \u00de\u00f6kku\u00f0u li\u00f0smenn J\u00fadasar \u00feeim fyrir \u00feetta og hv\u00f6ttu \u00fe\u00e1 til a\u00f0 s\u00fdna \u00fej\u00f3\u00f0 \u00feeirra \u00e1fram vinsemd. Sneru \u00feeir s\u00ed\u00f0an aftur til Jer\u00fasalem en komi\u00f0 var a\u00f0 viknah\u00e1t\u00ed\u00f0inni. <\/p>\n<h3 class=\"millifyrirsogn_2007\">J\u00fadas sigrar Gorg\u00edas<\/h3>\n<p><a name=\"32\"><span class=\"versanumer_2007\">32<\/span><\/a> Eftir hv\u00edtasunnu, en svo kallast h\u00e1t\u00ed\u00f0in, h\u00e9ldu \u00feeir gegn Gorg\u00edasi herstj\u00f3ra \u00ed \u00cdd\u00fameu. <a name=\"33\"><span class=\"versanumer_2007\">33<\/span><\/a> Hann f\u00f3r \u00ed gegn \u00feeim me\u00f0 \u00ferj\u00fa \u00fe\u00fasund f\u00f3tg\u00f6nguli\u00f0a og fj\u00f6gur hundru\u00f0 riddara. <a name=\"34\"><span class=\"versanumer_2007\">34<\/span><\/a> \u00cd bardaganum f\u00e9llu f\u00e1einir Gy\u00f0ingar.<br \/> <a name=\"35\"><span class=\"versanumer_2007\">35<\/span><\/a> D\u00f3s\u00ed\u00feeus nokkur, sem var hraustur riddari \u00ed li\u00f0i Bakenors, n\u00e1\u00f0i taki \u00e1 skikkju Gorg\u00edasar og dr\u00f3 hann me\u00f0 s\u00e9r af \u00f6llum kr\u00f6ftum \u00fev\u00ed a\u00f0 hann \u00e6tla\u00f0i a\u00f0 n\u00e1 mannhundinum lifandi. En einn af \u00ferak\u00edsku riddurunum \u00feeysti a\u00f0 honum og hj\u00f3 handlegginn af honum svo a\u00f0 Gorg\u00edas komst undan til Mar\u00edsa. <br \/> <a name=\"36\"><span class=\"versanumer_2007\">36<\/span><\/a> Menn Esdr\u00edasar h\u00f6f\u00f0u lengi barist og voru or\u00f0nir \u00f6rmagna. J\u00fadas \u00e1kalla\u00f0i \u00fev\u00ed Drottin og ba\u00f0 hann a\u00f0 birtast sem bandama\u00f0ur \u00feeirra og lei\u00f0togi \u00ed str\u00ed\u00f0inu. <a name=\"37\"><span class=\"versanumer_2007\">37<\/span><\/a> Hann h\u00f3f s\u00ed\u00f0an upp her\u00f3pi\u00f0 me\u00f0 \u00fev\u00ed a\u00f0 syngja lofs\u00f6ngva \u00e1 m\u00f3\u00f0urm\u00e1linu, r\u00e9\u00f0st fyrirvaralaust \u00e1 menn Gorg\u00edasar og hrakti \u00fe\u00e1 \u00e1 fl\u00f3tta.<\/p>\n<h3 class=\"millifyrirsogn_2007\">B\u00e6n fyrir f\u00f6llnum \u00ed orrustu<\/h3>\n<p><a name=\"38\"><span class=\"versanumer_2007\">38<\/span><\/a> J\u00fadas leiddi herinn \u00fea\u00f0an til Ad\u00fallamborgar en \u00fear sem sj\u00f6undi dagurinn f\u00f3r \u00ed h\u00f6nd helgu\u00f0u \u00feeir sig a\u00f0 venju og h\u00e9ldu \u00fear hv\u00edldardaginn heilagan. <a name=\"39\"><span class=\"versanumer_2007\">39<\/span><\/a> Daginn eftir, \u00feegar br\u00fdnt var or\u00f0i\u00f0 a\u00f0 annast um fallna og b\u00faa \u00feeim leg hj\u00e1 \u00e6ttingjum s\u00ednum \u00ed gr\u00f6fum fe\u00f0ranna, h\u00e9ldu J\u00fadas og menn hans \u00fat til a\u00f0 gera \u00feetta. <a name=\"40\"><span class=\"versanumer_2007\">40<\/span><\/a> \u00de\u00e1 fundu \u00feeir innan kl\u00e6\u00f0a \u00e1 \u00f6llum l\u00edkunum helgigripi, tengda skur\u00f0go\u00f0unum \u00ed Jabne, sem l\u00f6gm\u00e1li\u00f0 bannar Gy\u00f0ingum a\u00f0 hafa \u00e1 s\u00e9r. Var\u00f0 \u00f6llum lj\u00f3st a\u00f0 \u00feetta var \u00e1st\u00e6\u00f0a \u00feess a\u00f0 \u00feeir f\u00e9llu. <a name=\"41\"><span class=\"versanumer_2007\">41<\/span><\/a> Lofu\u00f0u \u00feeir allir Drottin, sem er r\u00e9ttl\u00e1tur d\u00f3mari og lei\u00f0ir hi\u00f0 hulda \u00ed lj\u00f3s, <a name=\"42\"><span class=\"versanumer_2007\">42<\/span><\/a> og b\u00e1\u00f0u hann a\u00f0 fyrirgefa \u00feessa synd algj\u00f6rlega. Og g\u00f6fugmenni\u00f0 J\u00fadas \u00e1minnti f\u00f3lki\u00f0 um a\u00f0 halda sig fr\u00e1 syndum \u00feegar \u00fea\u00f0 s\u00e6i n\u00fa me\u00f0 eigin augum til hvers synd hinna f\u00f6llnu haf\u00f0i leitt.<br \/> <a name=\"43\"><span class=\"versanumer_2007\">43<\/span><\/a> Hann l\u00e9t alla s\u00edna menn skj\u00f3ta saman. Ur\u00f0u \u00fea\u00f0 tv\u00f6 \u00fe\u00fasund dr\u00f6kmur silfurs sem J\u00fadas sendi til Jer\u00fasalem til a\u00f0 kosta syndaf\u00f3rn. \u00deetta ger\u00f0i hann vel og skynsamlega \u00fev\u00ed a\u00f0 hann haf\u00f0i upprisuna \u00ed huga. <a name=\"44\"><span class=\"versanumer_2007\">44<\/span><\/a> Ef hann hef\u00f0i eigi v\u00e6nst \u00feess a\u00f0 hinir f\u00f6llnu risu upp hef\u00f0i \u00fea\u00f0 veri\u00f0 \u00f3\u00fearfi og heimska a\u00f0 bi\u00f0ja fyrir l\u00e1tnum. <a name=\"45\"><span class=\"versanumer_2007\">45<\/span><\/a> Auk \u00feess leit hann svo \u00e1 a\u00f0 d\u00fdrleg umbun bi\u00f0i \u00feeirra sem sofna \u00ed tr\u00fa. Heil\u00f6g og fr\u00f3m hugsun er \u00fea\u00f0. \u00deess vegna l\u00e9t hann f\u00e6ra s\u00e1ttarf\u00f3rn fyrir hina l\u00e1tnu til a\u00f0 \u00feeir leystust fr\u00e1 syndum s\u00ednum.<\/p>\n","protected":false},"excerpt":{"rendered":"<p>Mor\u00f0i\u00f0 \u00e1 Gy\u00f0ingum \u00ed Joppe 1 \u00deegar n\u00fa samkomulag \u00feetta haf\u00f0i veri\u00f0 gert f\u00f3r L\u00fds\u00edas aftur til konungsins og Gy\u00f0ingar t\u00f3ku til vi\u00f0 jar\u00f0yrkju s\u00edna. 2 En nokkrir af herstj\u00f3runum \u00ed h\u00e9ru\u00f0unum, svo sem T\u00edm\u00f3teus og Appoll\u00f3n\u00edus Genneusson, H\u00ederon\u00fdmus og Demof\u00f3n og auk \u00feeirra N\u00edkanor, sem var foringi li\u00f0s K\u00fdpurmanna, unnu \u00feeim ekki fri\u00f0ar. 3 \u00cd Joppe fr\u00f6mdu \u00edb\u00faarnir hr\u00e6\u00f0ilegt \u00f3d\u00e6\u00f0i. \u00deeir bu\u00f0u Gy\u00f0ingum, sem \u00fear bjuggu, \u00e1samt konum s\u00ednum og b\u00f6rnum, \u00fat \u00e1 skip sem \u00feeir l\u00f6g\u00f0u til. L\u00e9tu \u00feeir sem \u00feetta v\u00e6ri vinarbrag\u00f0 4 og v\u00e6ru allir borgarb\u00faar einhuga \u00ed \u00feessu. Gy\u00f0ingar \u00feekktust bo\u00f0i\u00f0 alls ugglausir og \u00ed <a href=\"https:\/\/biblian.is\/biblian\/onnur-makkabeabok-12-kafli\/\"> [&#8230;]<\/a><\/p>\n","protected":false},"author":1,"featured_media":0,"parent":0,"menu_order":0,"comment_status":"open","ping_status":"open","template":"bibliukaflar.php","meta":{"footnotes":""},"class_list":["post-2951","page","type-page","status-publish","hentry"],"_links":{"self":[{"href":"https:\/\/biblian.is\/biblian\/wp-json\/wp\/v2\/pages\/2951","targetHints":{"allow":["GET"]}}],"collection":[{"href":"https:\/\/biblian.is\/biblian\/wp-json\/wp\/v2\/pages"}],"about":[{"href":"https:\/\/biblian.is\/biblian\/wp-json\/wp\/v2\/types\/page"}],"author":[{"embeddable":true,"href":"https:\/\/biblian.is\/biblian\/wp-json\/wp\/v2\/users\/1"}],"replies":[{"embeddable":true,"href":"https:\/\/biblian.is\/biblian\/wp-json\/wp\/v2\/comments?post=2951"}],"version-history":[{"count":0,"href":"https:\/\/biblian.is\/biblian\/wp-json\/wp\/v2\/pages\/2951\/revisions"}],"wp:attachment":[{"href":"https:\/\/biblian.is\/biblian\/wp-json\/wp\/v2\/media?parent=2951"}],"curies":[{"name":"wp","href":"https:\/\/api.w.org\/{rel}","templated":true}]}}