{"id":2947,"date":"2017-12-30T21:05:19","date_gmt":"2017-12-30T21:05:19","guid":{"rendered":"http:\/\/biblian.is\/biblian\/%c2%85nnur-makkabeab%c2%97k-8-kafli\/"},"modified":"2018-01-11T19:38:11","modified_gmt":"2018-01-11T19:38:11","slug":"onnur-makkabeabok-8-kafli","status":"publish","type":"page","link":"https:\/\/biblian.is\/biblian\/onnur-makkabeabok-8-kafli\/","title":{"rendered":"\u00d6nnur Makkabeab\u00f3k 8. kafli"},"content":{"rendered":"<h3 class=\"millifyrirsogn_2007\"> J\u00fadas Makkabeus gerir uppreisn<\/h3>\n<p><a name=\"1\"><span class=\"versanumer_2007\">1<\/span><\/a> J\u00fadas, sem kalla\u00f0ur var Makkabeus, og menn hans f\u00f3ru \u00e1 laun um \u00feorpin og s\u00f6fnu\u00f0u um sig li\u00f0i me\u00f0al landa sinna. Gengu sex \u00fe\u00fasund, sem haldi\u00f0 h\u00f6f\u00f0u tr\u00fana\u00f0 vi\u00f0 gy\u00f0ingd\u00f3m, til li\u00f0s vi\u00f0 \u00fe\u00e1.<br \/> <a name=\"2\"><span class=\"versanumer_2007\">2<\/span><\/a> \u00deeir \u00e1k\u00f6llu\u00f0u Drottin a\u00f0 l\u00edta til \u00fej\u00f3\u00f0arinnar, sem var \u00fej\u00f6ku\u00f0 af \u00f6llum, taka a\u00f0 s\u00e9r musteri\u00f0, sem gu\u00f0lausir h\u00f6f\u00f0u saurga\u00f0, <a name=\"3\"><span class=\"versanumer_2007\">3<\/span><\/a> og miskunna sig yfir hina eyddu borg sem var n\u00e6r j\u00f6fnu\u00f0 vi\u00f0 j\u00f6r\u00f0u. B\u00e1\u00f0u \u00feeir Drottin a\u00f0 heyra bl\u00f3\u00f0 hinna myrtu sem hr\u00f3pa\u00f0i \u00e1 hann <a name=\"4\"><span class=\"versanumer_2007\">4<\/span><\/a> og minnast \u00feess a\u00f0 gu\u00f0leysingjarnir hef\u00f0u myrt saklaus b\u00f6rn og lasta\u00f0 nafn hans. B\u00e1\u00f0u \u00feeir hann a\u00f0 s\u00fdna a\u00f0 hann hata\u00f0i vonskuna.<br \/> <a name=\"5\"><span class=\"versanumer_2007\">5<\/span><\/a> \u00deegar Makkabeus haf\u00f0i safna\u00f0 li\u00f0i var\u00f0 \u00f3gerlegt fyrir hei\u00f0ingjana a\u00f0 standa gegn honum \u00fev\u00ed a\u00f0 rei\u00f0i Drottins haf\u00f0i sn\u00faist \u00ed miskunn. <a name=\"6\"><span class=\"versanumer_2007\">6<\/span><\/a> Er minnst var\u00f0i r\u00e9\u00f0st J\u00fadas \u00e1 borgir og \u00feorp og brenndi \u00feau. Hann vann herna\u00f0arlega mikilv\u00e6ga sta\u00f0i er hann hrakti \u00fea\u00f0an fj\u00f6lmenn li\u00f0 <a name=\"7\"><span class=\"versanumer_2007\">7<\/span><\/a> en sl\u00edkar \u00e1r\u00e1sir ger\u00f0i hann oftast me\u00f0 bestum \u00e1rangri \u00ed skj\u00f3li n\u00e1ttmyrkurs. Hvarvetna f\u00f3r or\u00f0 af hreysti hans.<\/p>\n<h3 class=\"millifyrirsogn_2007\">Pt\u00f3lemeus sendir N\u00edkanor til \u00e1r\u00e1sar \u00e1 J\u00fadas<\/h3>\n<p><a name=\"8\"><span class=\"versanumer_2007\">8<\/span><\/a> \u00deegar Filippusi var\u00f0 lj\u00f3st a\u00f0 ma\u00f0ur \u00feessi styrkti sm\u00e1m saman st\u00f6\u00f0u s\u00edna og bar s\u00edfellt oftar h\u00e6rri hlut skrifa\u00f0i hann Pt\u00f3lemeusi, landstj\u00f3ra \u00ed Nor\u00f0ur-S\u00fdrlandi og F\u00f6nik\u00edu, og ba\u00f0 hann a\u00f0 koma m\u00e1lsta\u00f0 konungs til hj\u00e1lpar. <a name=\"9\"><span class=\"versanumer_2007\">9<\/span><\/a> Hann valdi strax N\u00edkanor Patr\u00f3klusson, sem var einn fremstur vina konungs, og setti hann yfir r\u00edflega tuttugu \u00fe\u00fasundir manna, sem voru af \u00f6llu hugsanlegu hei\u00f0nu \u00fej\u00f3\u00f0erni, og sendi hann af sta\u00f0 til a\u00f0 ey\u00f0a allri Gy\u00f0inga\u00fej\u00f3\u00f0inni. Hann sendi Gorg\u00edas me\u00f0 honum en hann var gamalreyndur herforingi.<br \/> <a name=\"10\"><span class=\"versanumer_2007\">10<\/span><\/a> N\u00edkanor einsetti s\u00e9r a\u00f0 afla tv\u00f6 \u00fe\u00fasund talentna, sem konungur skulda\u00f0i R\u00f3mverjum \u00ed skatt, me\u00f0 \u00fev\u00ed a\u00f0 selja hertekna Gy\u00f0inga \u00ed \u00e1nau\u00f0. <a name=\"11\"><span class=\"versanumer_2007\">11<\/span><\/a> L\u00e9t hann \u00fe\u00e1 \u00feegar bo\u00f0 \u00fat ganga til borganna vi\u00f0 str\u00f6ndina og bau\u00f0 \u00feeim gy\u00f0inglega \u00fer\u00e6la til kaups. Bau\u00f0 hann n\u00edut\u00edu fyrir talentuna og var grunlaus um a\u00f0 refsing Hins alm\u00e1ttuga vof\u00f0i yfir honum.<\/p>\n<h3 class=\"millifyrirsogn_2007\">J\u00fadas kemst a\u00f0 fyrir\u00e6tlunum N\u00edkanors<\/h3>\n<p><a name=\"12\"><span class=\"versanumer_2007\">12<\/span><\/a> J\u00fadasi b\u00e1rust fregnir af herf\u00f6r N\u00edkanors og \u00feegar hann haf\u00f0i sagt li\u00f0sm\u00f6nnum s\u00ednum fr\u00e1 \u00fev\u00ed a\u00f0 senn mundi her a\u00f0 m\u00e6ta <a name=\"13\"><span class=\"versanumer_2007\">13<\/span><\/a> fl\u00fd\u00f0u \u00feeir sem huglausir voru og \u00feeir sem ekki b\u00e1ru traust til r\u00e9ttl\u00e6tis Gu\u00f0s og komu s\u00e9r undan. <a name=\"14\"><span class=\"versanumer_2007\">14<\/span><\/a> Hinir seldu allt sem \u00feeir \u00e1ttu og sameinu\u00f0ust \u00ed b\u00e6n til Drottins um a\u00f0 bjarga s\u00e9r fr\u00e1 hinum gu\u00f0lausa N\u00edkanor, sem haf\u00f0i selt \u00fe\u00e1 \u00ed \u00e1nau\u00f0, \u00e1\u00f0ur en \u00e1 h\u00f3lminn v\u00e6ri komi\u00f0, <a name=\"15\"><span class=\"versanumer_2007\">15<\/span><\/a> ef ekki \u00feeirra vegna \u00fe\u00e1 sakir s\u00e1ttm\u00e1lanna sem Drottinn haf\u00f0i gert vi\u00f0 fe\u00f0ur \u00feeirra og vegna hins h\u00e1a og heilaga nafns sem \u00fej\u00f3\u00f0in bar. <br \/> <a name=\"16\"><span class=\"versanumer_2007\">16<\/span><\/a> S\u00ed\u00f0an safna\u00f0i J\u00fadas m\u00f6nnum s\u00ednum saman, en \u00feeir voru sex \u00fe\u00fasund talsins, og hvatti \u00fe\u00e1 til a\u00f0 missa ekki m\u00f3\u00f0inn, er \u00feeir s\u00e6ju \u00feennan aragr\u00faa hei\u00f0ingja stefna gegn s\u00e9r me\u00f0 illt \u00ed huga, heldur berjast \u00f3deigir. <a name=\"17\"><span class=\"versanumer_2007\">17<\/span><\/a> Skyldu \u00feeir hafa hugfast ofbeldi\u00f0 sem hinn heilagi sta\u00f0ur haf\u00f0i m\u00e1tt \u00feola af hei\u00f0ingjunum og \u00fea\u00f0 hv\u00edl\u00edk sv\u00edvir\u00f0a og mis\u00feyrmingar h\u00f6f\u00f0u gengi\u00f0 yfir borgina og valdi\u00f0 upplausn arfhelgra si\u00f0a. <a name=\"18\"><span class=\"versanumer_2007\">18<\/span><\/a> \u201e\u00deeir treysta \u00e1 vopn s\u00edn og dirfsku,\u201c sag\u00f0i hann, \u201een vi\u00f0 treystum alm\u00e1ttugum Gu\u00f0i sem me\u00f0 einni bendingu megnar a\u00f0 ey\u00f0a b\u00e6\u00f0i \u00feessu \u00e1r\u00e1sarli\u00f0i og jafnvel \u00f6llum heimi.\u201c<br \/> <a name=\"19\"><span class=\"versanumer_2007\">19<\/span><\/a> Einnig minnti hann \u00fe\u00e1 \u00e1 hve fe\u00f0rum \u00feeirra var oft komi\u00f0 til hj\u00e1lpar, svo sem \u00feegar eitt hundra\u00f0 \u00e1ttat\u00edu og fimm \u00fe\u00fasund \u00f3vinum var eytt \u00e1 t\u00edmum Sanher\u00edbs, <a name=\"20\"><span class=\"versanumer_2007\">20<\/span><\/a> og hvernig str\u00ed\u00f0inu gegn Gal\u00f6tum \u00ed Bab\u00fdlon\u00edu lykta\u00f0i. \u00de\u00e1 h\u00f6f\u00f0u einungis \u00e1tta \u00fe\u00fasund \u00feeirra gengi\u00f0 til li\u00f0s vi\u00f0 fj\u00f6gur \u00fe\u00fasund Maked\u00f3n\u00edumenn \u00ed orrustu. Maked\u00f3n\u00edum\u00f6nnum f\u00e9llust hendur en \u00e1tta \u00fe\u00fasund eyddu eitt hundra\u00f0 og tuttugu \u00fe\u00fasund \u00f3vinum me\u00f0 Gu\u00f0s hj\u00e1lp og t\u00f3ku miki\u00f0 herfang.<\/p>\n<h3 class=\"millifyrirsogn_2007\">J\u00fadas sigrar N\u00edkanor<\/h3>\n<p><a name=\"21\"><span class=\"versanumer_2007\">21<\/span><\/a> \u00deegar J\u00fadas haf\u00f0i stappa\u00f0 \u00ed \u00fe\u00e1 st\u00e1linu me\u00f0 or\u00f0um s\u00ednum voru \u00feeir alb\u00fanir a\u00f0 deyja fyrir l\u00f6gm\u00e1li\u00f0 og f\u00f6\u00f0urlandi\u00f0. Hann skipa\u00f0i her s\u00ednum \u00ed fj\u00f3rar fylkingar <a name=\"22\"><span class=\"versanumer_2007\">22<\/span><\/a> og setti br\u00e6\u00f0ur s\u00edna yfir hverja \u00feeirra. S\u00edmon, J\u00f3sef og J\u00f3natan h\u00f6f\u00f0u hver fimmt\u00e1n hundru\u00f0 m\u00f6nnum \u00e1 a\u00f0 skipa <a name=\"23\"><span class=\"versanumer_2007\">23<\/span><\/a> og einnig Eleasar. Er J\u00fadas haf\u00f0i lesi\u00f0 fyrir \u00fe\u00e1 upp \u00far hinni helgu b\u00f3k gaf hann \u00feeim her\u00f3pi\u00f0: \u201eMe\u00f0 Gu\u00f0s hj\u00e1lp!\u201c F\u00f3r hann sj\u00e1lfur fyrir fremstu hersveitinni og lag\u00f0i til atl\u00f6gu vi\u00f0 N\u00edkanor.<br \/> <a name=\"24\"><span class=\"versanumer_2007\">24<\/span><\/a> \u00dear sem Hinn alm\u00e1ttugi var \u00ed li\u00f0i me\u00f0 \u00feeim felldu \u00feeir meira en n\u00edu \u00fe\u00fasund \u00f3vini, s\u00e6r\u00f0u og limlestu br\u00f3\u00f0urpartinn af her N\u00edkanors og st\u00f6kktu \u00f6llu li\u00f0i hans \u00e1 fl\u00f3tta. <a name=\"25\"><span class=\"versanumer_2007\">25<\/span><\/a> \u00deeir t\u00f3ku peningana af \u00feeim sem komnir voru til a\u00f0 kaupa \u00fe\u00e1 sj\u00e1lfa og r\u00e1ku fl\u00f3tta \u00f3vinanna lengi en ur\u00f0u a\u00f0 sn\u00faa aftur \u00fev\u00ed a\u00f0 t\u00edminn var naumur. <a name=\"26\"><span class=\"versanumer_2007\">26<\/span><\/a> \u00deetta var enda a\u00f0fangadagur hv\u00edldardagsins og \u00feess vegna g\u00e1tu \u00feeir ekki veitt \u00feeim eftirf\u00f6r. <a name=\"27\"><span class=\"versanumer_2007\">27<\/span><\/a> \u00deegar \u00feeir h\u00f6f\u00f0u safna\u00f0 vopnum \u00f3vinanna saman og f\u00e6rt \u00fe\u00e1 \u00far herkl\u00e6\u00f0um h\u00e9ldu \u00feeir hv\u00edldardaginn, fluttu Drottni \u00feakkargj\u00f6r\u00f0 og f\u00f6gnu\u00f0u og lofsungu honum sem bjarga\u00f0i \u00feeim \u00feennan dag og au\u00f0s\u00fdndi \u00feeim fyrsta t\u00e1kn miskunnar sinnar.<br \/> <a name=\"28\"><span class=\"versanumer_2007\">28<\/span><\/a> A\u00f0 hv\u00edldardeginum li\u00f0num deildu \u00feeir hluta herfangsins me\u00f0al f\u00f3rnarlamba ofs\u00f3knanna, ekkna og muna\u00f0arleysingja. Afganginum skiptu \u00feeir milli s\u00edn og barna sinna. <a name=\"29\"><span class=\"versanumer_2007\">29<\/span><\/a> \u00deegar \u00fev\u00ed var loki\u00f0 sameinu\u00f0ust \u00feeir \u00ed b\u00e6n og b\u00e1\u00f0u miskunnsaman Drottin a\u00f0 taka \u00fej\u00f3na s\u00edna a\u00f0 fullu \u00ed s\u00e1tt.<\/p>\n<h3 class=\"millifyrirsogn_2007\">J\u00fadas sigrar T\u00edm\u00f3teus og Bakk\u00eddes<\/h3>\n<p><a name=\"30\"><span class=\"versanumer_2007\">30<\/span><\/a> S\u00ed\u00f0ar kom til bardaga milli \u00feeirra og manna T\u00edm\u00f3teusar og Bakk\u00eddesar. Felldu \u00feeir meira en tuttugu \u00fe\u00fasund af li\u00f0i \u00feeirra og t\u00f3ku nokkrar rammlega v\u00edggirtar borgir herskildi. \u00deegar \u00feeir skiptu miklu herfangi l\u00e9tu \u00feeir f\u00f3rnarl\u00f6mb \u00far ofs\u00f3knunum, ekkjur, muna\u00f0arlausa og gamalmenni hafa til jafns vi\u00f0 sig. <a name=\"31\"><span class=\"versanumer_2007\">31<\/span><\/a> \u00deeir s\u00f6fnu\u00f0u vopnum \u00f3vinanna vandlega saman og komu \u00feeim fyrir \u00e1 hentugum st\u00f6\u00f0um en \u00fea\u00f0 sem eftir var af herfanginu fluttu \u00feeir til Jer\u00fasalem. <a name=\"32\"><span class=\"versanumer_2007\">32<\/span><\/a> \u00deeir deyddu foringja riddarali\u00f0s T\u00edm\u00f3teusar. Var \u00fea\u00f0 mesta hrakmenni sem gert haf\u00f0i Gy\u00f0ingum miki\u00f0 til miska.<br \/> <a name=\"33\"><span class=\"versanumer_2007\">33<\/span><\/a> \u00deegar \u00feeir s\u00ed\u00f0an f\u00f6gnu\u00f0u sigri \u00ed borg fe\u00f0ranna brenndu \u00feeir \u00fe\u00e1 inni sem kveikt h\u00f6f\u00f0u \u00ed musterishli\u00f0unum. Me\u00f0al \u00feeirra var Kallistenes sem haf\u00f0i fali\u00f0 sig \u00ed litlu h\u00fasi. Hann f\u00e9kk \u00fear makleg m\u00e1lagj\u00f6ld fyrir \u00f3d\u00e6\u00f0i s\u00edn.<br \/> <a name=\"34\"><span class=\"versanumer_2007\">34<\/span><\/a> En erkihrakmenni\u00f0 N\u00edkanor, sem kom me\u00f0 \u00fe\u00fasund kaupmenn til a\u00f0 selja \u00feeim Gy\u00f0inga, <a name=\"35\"><span class=\"versanumer_2007\">35<\/span><\/a> var n\u00fa au\u00f0m\u00fdktur me\u00f0 Gu\u00f0s hj\u00e1lp af \u00feeim sem hann sj\u00e1lfur taldi aumasta allra. Var\u00f0 hann a\u00f0 afskr\u00fd\u00f0ast veglegum skr\u00fa\u00f0a s\u00ednum og fl\u00fdja aleinn um landi\u00f0 \u00fevert r\u00e9tt eins og stroku\u00fer\u00e6ll. En hann m\u00e1tti sannarlega hr\u00f3sa happi a\u00f0 komast \u00fe\u00f3 til Ant\u00edokk\u00edu eins og fari\u00f0 haf\u00f0i fyrir her hans. <a name=\"36\"><span class=\"versanumer_2007\">36<\/span><\/a> Og \u00feessi ma\u00f0ur, sem \u00e6tla\u00f0i a\u00f0 n\u00e1 inn fyrir \u00f6llum str\u00ed\u00f0sskattinum til R\u00f3mverja me\u00f0 \u00fev\u00ed a\u00f0 selja fanga fr\u00e1 Jer\u00fasalem, var\u00f0 n\u00fa a\u00f0 tilkynna a\u00f0 Gy\u00f0ingar \u00e6ttu Gu\u00f0 a\u00f0 bandamanni og v\u00e6ru \u00feeir \u00f3sigrandi af \u00fev\u00ed a\u00f0 \u00feeir hl\u00fdddu l\u00f6gm\u00e1linu sem hann haf\u00f0i sett \u00feeim.<\/p>\n","protected":false},"excerpt":{"rendered":"<p>J\u00fadas Makkabeus gerir uppreisn 1 J\u00fadas, sem kalla\u00f0ur var Makkabeus, og menn hans f\u00f3ru \u00e1 laun um \u00feorpin og s\u00f6fnu\u00f0u um sig li\u00f0i me\u00f0al landa sinna. Gengu sex \u00fe\u00fasund, sem haldi\u00f0 h\u00f6f\u00f0u tr\u00fana\u00f0 vi\u00f0 gy\u00f0ingd\u00f3m, til li\u00f0s vi\u00f0 \u00fe\u00e1. 2 \u00deeir \u00e1k\u00f6llu\u00f0u Drottin a\u00f0 l\u00edta til \u00fej\u00f3\u00f0arinnar, sem var \u00fej\u00f6ku\u00f0 af \u00f6llum, taka a\u00f0 s\u00e9r musteri\u00f0, sem gu\u00f0lausir h\u00f6f\u00f0u saurga\u00f0, 3 og miskunna sig yfir hina eyddu borg sem var n\u00e6r j\u00f6fnu\u00f0 vi\u00f0 j\u00f6r\u00f0u. B\u00e1\u00f0u \u00feeir Drottin a\u00f0 heyra bl\u00f3\u00f0 hinna myrtu sem hr\u00f3pa\u00f0i \u00e1 hann 4 og minnast \u00feess a\u00f0 gu\u00f0leysingjarnir hef\u00f0u myrt saklaus b\u00f6rn og lasta\u00f0 nafn hans. <a href=\"https:\/\/biblian.is\/biblian\/onnur-makkabeabok-8-kafli\/\"> [&#8230;]<\/a><\/p>\n","protected":false},"author":1,"featured_media":0,"parent":0,"menu_order":0,"comment_status":"open","ping_status":"open","template":"bibliukaflar.php","meta":{"footnotes":""},"class_list":["post-2947","page","type-page","status-publish","hentry"],"_links":{"self":[{"href":"https:\/\/biblian.is\/biblian\/wp-json\/wp\/v2\/pages\/2947","targetHints":{"allow":["GET"]}}],"collection":[{"href":"https:\/\/biblian.is\/biblian\/wp-json\/wp\/v2\/pages"}],"about":[{"href":"https:\/\/biblian.is\/biblian\/wp-json\/wp\/v2\/types\/page"}],"author":[{"embeddable":true,"href":"https:\/\/biblian.is\/biblian\/wp-json\/wp\/v2\/users\/1"}],"replies":[{"embeddable":true,"href":"https:\/\/biblian.is\/biblian\/wp-json\/wp\/v2\/comments?post=2947"}],"version-history":[{"count":0,"href":"https:\/\/biblian.is\/biblian\/wp-json\/wp\/v2\/pages\/2947\/revisions"}],"wp:attachment":[{"href":"https:\/\/biblian.is\/biblian\/wp-json\/wp\/v2\/media?parent=2947"}],"curies":[{"name":"wp","href":"https:\/\/api.w.org\/{rel}","templated":true}]}}