{"id":2945,"date":"2017-12-30T21:05:19","date_gmt":"2017-12-30T21:05:19","guid":{"rendered":"http:\/\/biblian.is\/biblian\/%c2%85nnur-makkabeab%c2%97k-6-kafli\/"},"modified":"2018-01-11T19:31:12","modified_gmt":"2018-01-11T19:31:12","slug":"onnur-makkabeabok-6-kafli","status":"publish","type":"page","link":"https:\/\/biblian.is\/biblian\/onnur-makkabeabok-6-kafli\/","title":{"rendered":"\u00d6nnur Makkabeab\u00f3k 6. kafli"},"content":{"rendered":"<h3 class=\"millifyrirsogn_2007\"> Gy\u00f0ingar s\u00e6ta tr\u00faarofs\u00f3knum<\/h3>\n<p><a name=\"1\"><span class=\"versanumer_2007\">1<\/span><\/a> Sk\u00f6mmu eftir \u00feetta sendi konungur \u00f6ldung fr\u00e1 A\u00feenu til a\u00f0 \u00fevinga Gy\u00f0inga til a\u00f0 sn\u00faa baki vi\u00f0 l\u00f6gm\u00e1li fe\u00f0ranna og l\u00e1ta af a\u00f0 lifa eftir l\u00f6gm\u00e1li Gu\u00f0s. <a name=\"2\"><span class=\"versanumer_2007\">2<\/span><\/a> Honum bar einnig a\u00f0 vanhelga musteri\u00f0 \u00ed Jer\u00fasalem og v\u00edgja \u00fea\u00f0 hinum \u00f3lymp\u00edska Seifi, sem og musteri\u00f0 \u00e1 Gar\u00eds\u00edm Gesta-Seifi, en margt \u00fatlendinga bj\u00f3 \u00fear.<br \/> <a name=\"3\"><span class=\"versanumer_2007\">3<\/span><\/a> \u00deessi yfir\u00feyrmandi illska var \u00feungb\u00e6r og \u00fejakandi \u00e1 allan h\u00e1tt. <a name=\"4\"><span class=\"versanumer_2007\">4<\/span><\/a> Hei\u00f0ingjarnir l\u00f6g\u00f0u musteri\u00f0 undir svallveislu, d\u00f6\u00f0ru\u00f0u \u00fear vi\u00f0 dr\u00f3sir og l\u00f6g\u00f0ust me\u00f0 d\u00e6kjum innan v\u00e9banda og b\u00e1ru \u00feanga\u00f0 margt sem \u00f3h\u00e6fa var a\u00f0 hafa \u00e1 \u00feeim sta\u00f0. <a name=\"5\"><span class=\"versanumer_2007\">5<\/span><\/a> \u00deeir \u00fe\u00f6ktu altari\u00f0 me\u00f0 vi\u00f0urstyggilegum f\u00f3rnum sem l\u00f6gm\u00e1li\u00f0 bannar me\u00f0 \u00f6llu. <a name=\"6\"><span class=\"versanumer_2007\">6<\/span><\/a> Hv\u00edldardaginn var ekki unnt a\u00f0 halda heilagan e\u00f0a h\u00e1t\u00ed\u00f0ir fe\u00f0ranna. Jafnvel var \u00f3kleift a\u00f0 j\u00e1ta sig Gy\u00f0ing. <a name=\"7\"><span class=\"versanumer_2007\">7<\/span><\/a> M\u00e1na\u00f0arlega, \u00e1 f\u00e6\u00f0ingardegi konungs, var f\u00f3lki\u00f0 neytt af mikilli h\u00f6rku til a\u00f0 taka \u00fe\u00e1tt \u00ed bl\u00f3tum \u00fear sem m\u00f6nnum var gert a\u00f0 neyta innyfla f\u00f3rnard\u00fdra. \u00deegar svo Bakkusarh\u00e1t\u00ed\u00f0in var haldin voru Gy\u00f0ingar \u00fevinga\u00f0ir til a\u00f0 vera me\u00f0 \u00ed skr\u00fa\u00f0g\u00f6ngu til hei\u00f0urs Bakkusi og bera laufsveig \u00e1 h\u00f6f\u00f0i. <a name=\"8\"><span class=\"versanumer_2007\">8<\/span><\/a> Enn fremur var gr\u00edsku borgunum \u00ed grenndinni bo\u00f0i\u00f0, a\u00f0 undirlagi Pt\u00f3lemeusar, a\u00f0 \u00fevinga Gy\u00f0inga til hins sama og ney\u00f0a \u00fe\u00e1 til a\u00f0 taka \u00fe\u00e1tt \u00ed bl\u00f3tum. <a name=\"9\"><span class=\"versanumer_2007\">9<\/span><\/a> \u00deeir sem vildu ekki taka upp gr\u00edska si\u00f0i skyldu drepnir.<br \/>\u00dea\u00f0 var degi lj\u00f3sara a\u00f0 h\u00f6rmungart\u00edmar f\u00f3ru \u00ed h\u00f6nd. <a name=\"10\"><span class=\"versanumer_2007\">10<\/span><\/a> Tv\u00e6r konur voru teknar h\u00f6ndum fyrir a\u00f0 hafa l\u00e1ti\u00f0 umskera syni s\u00edna. \u00de\u00e6r voru reknar fyrir allra augum um borgina \u00fevera me\u00f0 sm\u00e1b\u00f6rnin hengd vi\u00f0 brj\u00f3st s\u00edn og loks hrundi\u00f0 fram af borgarm\u00farunum. <a name=\"11\"><span class=\"versanumer_2007\">11<\/span><\/a> Vi\u00f0 Filippus var lj\u00f3stra\u00f0 upp um nokkra a\u00f0ra Gy\u00f0inga sem h\u00f6f\u00f0u komi\u00f0 saman \u00e1 laun \u00ed hellum \u00fear \u00ed grenndinni til a\u00f0 halda hv\u00edldardaginn h\u00e1t\u00ed\u00f0legan. \u00deeir voru allir brenndir til bana \u00fev\u00ed a\u00f0 \u00feeir h\u00f6f\u00f0u ekki fengi\u00f0 sig til a\u00f0 verja sig vegna d\u00fdr\u00f0ar og helgi dagsins.<\/p>\n<h3 class=\"millifyrirsogn_2007\">Drottinn hegnir og miskunnar<\/h3>\n<p><a name=\"12\"><span class=\"versanumer_2007\">12<\/span><\/a> \u00c9g hvet alla sem lesa \u00feessa b\u00f3k til a\u00f0 l\u00e1ta ekki hugfallast af \u00feessum h\u00f6rmungum heldur hugsa sem svo a\u00f0 pr\u00f3fraunirnar s\u00e9u ekki til a\u00f0 tort\u00edma \u00fej\u00f3\u00f0 okkar heldur til a\u00f0 aga hana. <a name=\"13\"><span class=\"versanumer_2007\">13<\/span><\/a> Enda er \u00fea\u00f0 merki um mikla n\u00e1\u00f0 a\u00f0 hegna syndurum skj\u00f3tt fyrir syndir fremur en a\u00f0 l\u00e1ta \u00fe\u00e1 b\u00ed\u00f0a hegningar lengi. <a name=\"14\"><span class=\"versanumer_2007\">14<\/span><\/a> Drottinn fer ekki me\u00f0 okkur eins og a\u00f0rar \u00fej\u00f3\u00f0ir sem hann dregur vi\u00f0 sig a\u00f0 refsa allt \u00fear til \u00fe\u00e6r hafa fyllt m\u00e6li synda sinna. Hann \u00e1kva\u00f0 a\u00f0 breyta \u00f6\u00f0ruv\u00edsi vi\u00f0 okkur <a name=\"15\"><span class=\"versanumer_2007\">15<\/span><\/a> svo a\u00f0 hann \u00feyrfti ekki a\u00f0 refsa okkur \u00feegar vi\u00f0 hef\u00f0um syndga\u00f0 \u00far \u00f6llu h\u00f3fi. <a name=\"16\"><span class=\"versanumer_2007\">16<\/span><\/a> \u00deess vegna sviptir hann okkur aldrei miskunn sinni og \u00fe\u00f3tt hann agi l\u00fd\u00f0 sinn me\u00f0 \u00e1f\u00f6llum yfirgefur hann okkur aldrei. <a name=\"17\"><span class=\"versanumer_2007\">17<\/span><\/a> \u00deetta hef \u00e9g sagt ykkur til \u00edhugunar og eftir \u00feennan \u00fat\u00fard\u00far sn\u00fd \u00e9g m\u00e9r aftur a\u00f0 fr\u00e1s\u00f6gninni.<\/p>\n<h3 class=\"millifyrirsogn_2007\">Eleasar deyr fyrir tr\u00fa s\u00edna<\/h3>\n<p><a name=\"18\"><span class=\"versanumer_2007\">18<\/span><\/a> Einna virtastur af fr\u00e6\u00f0im\u00f6nnunum var Eleasar. Hann var aldra\u00f0ur ma\u00f0ur og sviphreinn. Hann var \u00fevinga\u00f0ur til a\u00f0 opna munninn og sv\u00ednakj\u00f6ti tro\u00f0i\u00f0 upp \u00ed hann. <a name=\"19\"><span class=\"versanumer_2007\">19<\/span><\/a> En hann kaus fremur a\u00f0 deyja me\u00f0 s\u00e6md en a\u00f0 lifa vi\u00f0 sk\u00f6mm. Hr\u00e6kti hann kj\u00f6tinu \u00fat \u00far s\u00e9r og gekk sj\u00e1lfviljugur a\u00f0 pyntingarsta\u00f0num. <a name=\"20\"><span class=\"versanumer_2007\">20<\/span><\/a> Sl\u00edkt s\u00e6mir \u00feeim sem eru n\u00f3gu huga\u00f0ir til a\u00f0 hafna \u00fev\u00ed sem \u00f3heimilt er a\u00f0 neyta, jafnvel \u00fe\u00f3tt \u00feeir unni l\u00edfinu og viti a\u00f0 dau\u00f0as\u00f6k var\u00f0i.<br \/> <a name=\"21\"><span class=\"versanumer_2007\">21<\/span><\/a> En \u00feeir sem settir voru yfir hina l\u00f6glausu f\u00f3rnarm\u00e1lt\u00ed\u00f0 h\u00f6f\u00f0u \u00feekkt Eleasar lengi. \u00deeir t\u00f3ku hann \u00e1 eintal og hv\u00f6ttu hann til a\u00f0 ver\u00f0a s\u00e9r \u00fati um kj\u00f6t sem honum v\u00e6ri frj\u00e1lst a\u00f0 neyta og hann hef\u00f0i sj\u00e1lfur l\u00e1ti\u00f0 matrei\u00f0a. G\u00e6ti hann l\u00e1tist eta af f\u00f3rnarkj\u00f6tinu svo sem konungurinn haf\u00f0i fyrirskipa\u00f0. <a name=\"22\"><span class=\"versanumer_2007\">22<\/span><\/a> Me\u00f0 \u00fev\u00ed m\u00f3ti g\u00e6ti hann komist hj\u00e1 l\u00edfl\u00e1ti og \u00feeir mundu fara mildilega me\u00f0 hann vegna langrar vin\u00e1ttu \u00feeirra.<br \/> <a name=\"23\"><span class=\"versanumer_2007\">23<\/span><\/a> En Eleasar t\u00f3k \u00e1kv\u00f6r\u00f0un sem s\u00e6mdi \u00e1rum hans og aldurstign og h\u00e6rum sem b\u00e1ru vott um g\u00f6fugt l\u00edferni. Fr\u00e1 bernsku haf\u00f0i dagfar hans veri\u00f0 til fyrirmyndar og auk \u00feess \u00ed samr\u00e6mi vi\u00f0 heilagt l\u00f6gm\u00e1l Gu\u00f0s. \u00deess vegna svara\u00f0i hann og ba\u00f0 \u00fe\u00e1 um a\u00f0 dey\u00f0a sig \u00e1n tafar. <a name=\"24\"><span class=\"versanumer_2007\">24<\/span><\/a> \u201e\u00dea\u00f0 s\u00e6mir ekki aldri m\u00ednum,\u201c sag\u00f0i hann, \u201ea\u00f0 hr\u00e6sna \u00feannig. \u00dea\u00f0 g\u00e6ti komi\u00f0 m\u00f6rgum ungum manni til a\u00f0 halda a\u00f0 n\u00edr\u00e6\u00f0ur hef\u00f0i Eleasar teki\u00f0 hei\u00f0na tr\u00fa. <a name=\"25\"><span class=\"versanumer_2007\">25<\/span><\/a> Hr\u00e6sni m\u00edn og l\u00f6ngun til a\u00f0 treina l\u00edfi\u00f0 l\u00edtillega mundi afvegalei\u00f0a \u00fe\u00e1 og \u00e9g sv\u00edvir\u00f0a og flekka elli m\u00edna. <a name=\"26\"><span class=\"versanumer_2007\">26<\/span><\/a> \u00dev\u00ed a\u00f0 \u00fe\u00f3tt \u00e9g k\u00e6mist hj\u00e1 hegningu manna um sinn g\u00e6ti \u00e9g aldrei umfl\u00fai\u00f0 h\u00f6nd Hins alm\u00e1ttuga, hvorki l\u00edfs n\u00e9 li\u00f0inn. <a name=\"27\"><span class=\"versanumer_2007\">27<\/span><\/a> \u00deess vegna \u00e6tla \u00e9g a\u00f0 l\u00e1ta l\u00edfi\u00f0 karlmannlega og s\u00fdna a\u00f0 \u00e9g var ver\u00f0ur langra l\u00edfdaga. <a name=\"28\"><span class=\"versanumer_2007\">28<\/span><\/a> Me\u00f0 \u00fev\u00ed a\u00f0 l\u00e1ta l\u00edfi\u00f0 f\u00faslega og g\u00f6fugmannlega fyrir hi\u00f0 h\u00e1a og heilaga l\u00f6gm\u00e1l gef \u00e9g \u00e6skunni fagurt ford\u00e6mi.\u201c<br \/>A\u00f0 svo m\u00e6ltu gekk hann raklei\u00f0is a\u00f0 pyntingart\u00f3lunum.<br \/> <a name=\"29\"><span class=\"versanumer_2007\">29<\/span><\/a> En velvildin sem b\u00f6\u00f0larnir s\u00fdndu honum sk\u00f6mmu \u00e1\u00f0ur umhverf\u00f0ist \u00ed \u00f3vild af \u00fev\u00ed a\u00f0 \u00feeim fannst \u00fea\u00f0 sem hann sag\u00f0i f\u00e1sinna. <a name=\"30\"><span class=\"versanumer_2007\">30<\/span><\/a> Er hann svo haf\u00f0i n\u00e6r veri\u00f0 barinn til bana stundi hann og sag\u00f0i: \u201eDrottinn, sem hefur hina heil\u00f6gu \u00feekkingu, veit a\u00f0 \u00e9g gat komist hj\u00e1 dau\u00f0a. \u00deess \u00ed sta\u00f0 er \u00e9g n\u00fa lostinn svipuh\u00f6ggum og l\u00ed\u00f0 \u00f3b\u00e6rilegar kvalir \u00e1 l\u00edkama m\u00ednum. En Drottinn veit l\u00edka a\u00f0 s\u00e1l m\u00edn ber \u00feetta me\u00f0 gle\u00f0i af \u00fev\u00ed a\u00f0 \u00e9g \u00f3ttast hann.\u201c<br \/> <a name=\"31\"><span class=\"versanumer_2007\">31<\/span><\/a> \u00c1 \u00feennan h\u00e1tt f\u00f3r hann h\u00e9\u00f0an af heimi og l\u00e9t me\u00f0 dau\u00f0a s\u00ednum ekki a\u00f0eins hinum ungu heldur st\u00e6rstum hluta \u00fej\u00f3\u00f0arinnar eftir g\u00f6fugt d\u00e6mi a\u00f0 breyta eftir og hetjud\u00e1\u00f0 a\u00f0 minnast.<\/p>\n","protected":false},"excerpt":{"rendered":"<p>Gy\u00f0ingar s\u00e6ta tr\u00faarofs\u00f3knum 1 Sk\u00f6mmu eftir \u00feetta sendi konungur \u00f6ldung fr\u00e1 A\u00feenu til a\u00f0 \u00fevinga Gy\u00f0inga til a\u00f0 sn\u00faa baki vi\u00f0 l\u00f6gm\u00e1li fe\u00f0ranna og l\u00e1ta af a\u00f0 lifa eftir l\u00f6gm\u00e1li Gu\u00f0s. 2 Honum bar einnig a\u00f0 vanhelga musteri\u00f0 \u00ed Jer\u00fasalem og v\u00edgja \u00fea\u00f0 hinum \u00f3lymp\u00edska Seifi, sem og musteri\u00f0 \u00e1 Gar\u00eds\u00edm Gesta-Seifi, en margt \u00fatlendinga bj\u00f3 \u00fear. 3 \u00deessi yfir\u00feyrmandi illska var \u00feungb\u00e6r og \u00fejakandi \u00e1 allan h\u00e1tt. 4 Hei\u00f0ingjarnir l\u00f6g\u00f0u musteri\u00f0 undir svallveislu, d\u00f6\u00f0ru\u00f0u \u00fear vi\u00f0 dr\u00f3sir og l\u00f6g\u00f0ust me\u00f0 d\u00e6kjum innan v\u00e9banda og b\u00e1ru \u00feanga\u00f0 margt sem \u00f3h\u00e6fa var a\u00f0 hafa \u00e1 \u00feeim sta\u00f0. 5 \u00deeir \u00fe\u00f6ktu altari\u00f0 <a href=\"https:\/\/biblian.is\/biblian\/onnur-makkabeabok-6-kafli\/\"> [&#8230;]<\/a><\/p>\n","protected":false},"author":1,"featured_media":0,"parent":0,"menu_order":0,"comment_status":"open","ping_status":"open","template":"bibliukaflar.php","meta":{"footnotes":""},"class_list":["post-2945","page","type-page","status-publish","hentry"],"_links":{"self":[{"href":"https:\/\/biblian.is\/biblian\/wp-json\/wp\/v2\/pages\/2945","targetHints":{"allow":["GET"]}}],"collection":[{"href":"https:\/\/biblian.is\/biblian\/wp-json\/wp\/v2\/pages"}],"about":[{"href":"https:\/\/biblian.is\/biblian\/wp-json\/wp\/v2\/types\/page"}],"author":[{"embeddable":true,"href":"https:\/\/biblian.is\/biblian\/wp-json\/wp\/v2\/users\/1"}],"replies":[{"embeddable":true,"href":"https:\/\/biblian.is\/biblian\/wp-json\/wp\/v2\/comments?post=2945"}],"version-history":[{"count":0,"href":"https:\/\/biblian.is\/biblian\/wp-json\/wp\/v2\/pages\/2945\/revisions"}],"wp:attachment":[{"href":"https:\/\/biblian.is\/biblian\/wp-json\/wp\/v2\/media?parent=2945"}],"curies":[{"name":"wp","href":"https:\/\/api.w.org\/{rel}","templated":true}]}}