{"id":2944,"date":"2017-12-30T21:05:19","date_gmt":"2017-12-30T21:05:19","guid":{"rendered":"http:\/\/biblian.is\/biblian\/%c2%85nnur-makkabeab%c2%97k-5-kafli\/"},"modified":"2018-01-11T19:24:32","modified_gmt":"2018-01-11T19:24:32","slug":"onnur-makkabeabok-5-kafli","status":"publish","type":"page","link":"https:\/\/biblian.is\/biblian\/onnur-makkabeabok-5-kafli\/","title":{"rendered":"\u00d6nnur Makkabeab\u00f3k 5. kafli"},"content":{"rendered":"<h3 class=\"millifyrirsogn_2007\"> Fyrirbo\u00f0ar styrjalda<\/h3>\n<p><a name=\"1\"><span class=\"versanumer_2007\">1<\/span><\/a> Um \u00feetta leyti f\u00f3r Ant\u00edokkus \u00ed a\u00f0ra herfer\u00f0 s\u00edna til Egyptalands.<br \/> <a name=\"2\"><span class=\"versanumer_2007\">2<\/span><\/a> \u00de\u00e1 bar svo vi\u00f0 a\u00f0 vitranir birtust \u00ed allri Jer\u00fasalem \u00ed n\u00e6r fj\u00f6rut\u00edu daga. Birtust m\u00f6nnum riddarar sem f\u00f3ru \u00ed loftinu, b\u00fanir gullofnum skikkjum og vopna\u00f0ir lensum. F\u00f3ru \u00feeir h\u00f3pum saman og var \u00feeim fylkt \u00ed li\u00f0ssveitir <a name=\"3\"><span class=\"versanumer_2007\">3<\/span><\/a> sem brug\u00f0u sver\u00f0um og \u00fdmist renndu hver gegn annarri e\u00f0a hopu\u00f0u. \u00dea\u00f0 s\u00e1st sindra af skj\u00f6ldum og s\u00e6g spj\u00f3ta. \u00d6rvadr\u00edfa var og glampa\u00f0i \u00e1 gullb\u00fain hertygi og hvers kyns brynjur. <a name=\"4\"><span class=\"versanumer_2007\">4<\/span><\/a> B\u00e6n allra var a\u00f0 \u00feetta m\u00e6tti \u00e1 gott vita.<\/p>\n<h3 class=\"millifyrirsogn_2007\">Jason r\u00e6\u00f0st \u00e1 Jer\u00fasalem<\/h3>\n<p><a name=\"5\"><span class=\"versanumer_2007\">5<\/span><\/a> \u00de\u00e1 kom upp s\u00e1 lygakvittur a\u00f0 Ant\u00edokkus v\u00e6ri allur. Neytti Jason \u00fe\u00e1 f\u00e6ris, safna\u00f0i meira en \u00fe\u00fasund m\u00f6nnum og ger\u00f0i leiftur\u00e1r\u00e1s \u00e1 Jer\u00fasalem. \u00deegar var\u00f0li\u00f0i\u00f0 \u00e1 m\u00farunum var broti\u00f0 \u00e1 bak aftur og borgin n\u00e6r \u00f6ll tekin herskildi fl\u00fd\u00f0i Menelaus \u00ed virki\u00f0. <a name=\"6\"><span class=\"versanumer_2007\">6<\/span><\/a> En Jason brytja\u00f0i samborgara s\u00edna miskunnarlaust ni\u00f0ur og l\u00e9t s\u00e9r ekki skiljast a\u00f0 \u00fea\u00f0 er hin mesta \u00f3g\u00e6fa a\u00f0 bera siguror\u00f0 af saml\u00f6ndum. Hann \u00edmynda\u00f0i s\u00e9r a\u00f0 hann b\u00e6ri h\u00e6rri hlut af \u00f3vinum en ekki eigin \u00fej\u00f3\u00f0. <a name=\"7\"><span class=\"versanumer_2007\">7<\/span><\/a> En ekki l\u00e1na\u00f0ist honum \u00fe\u00f3 a\u00f0 hrifsa stj\u00f3rnartaumana heldur hlaut hann sk\u00f6mm eina a\u00f0 launum fyrir svik s\u00edn og hr\u00f6kkla\u00f0ist landfl\u00f3tta aftur til Amm\u00f3n.<br \/> <a name=\"8\"><span class=\"versanumer_2007\">8<\/span><\/a> A\u00f0 lokum kom \u00f3g\u00e6fan yfir hann. Hann var k\u00e6r\u00f0ur fyrir Aretasi, einvaldi Araba, og var\u00f0 a\u00f0 fl\u00fdja fr\u00e1 einni borg til annarrar og var ofs\u00f3ttur og hata\u00f0ur af \u00f6llum fyrir l\u00f6gm\u00e1lsbrot. H\u00f6f\u00f0u allir andstygg\u00f0 \u00e1 honum sem b\u00f6\u00f0li lands s\u00edns og \u00fej\u00f3\u00f0ar. \u00c1 f\u00f6r sinni hraktist hann til Egyptalands <a name=\"9\"><span class=\"versanumer_2007\">9<\/span><\/a> og \u00fea\u00f0an h\u00e9lt hann sj\u00f3lei\u00f0ina til Sp\u00f6rtu en \u00fear \u00e6tla\u00f0i hann a\u00f0 leita \u00e1 n\u00e1\u00f0ir \u00e6ttingja sinna. \u00deessi ma\u00f0ur, sem hraki\u00f0 haf\u00f0i svo marga \u00far landi, bar sj\u00e1lfur beinin fjarri \u00e1tth\u00f6gum s\u00ednum. <a name=\"10\"><span class=\"versanumer_2007\">10<\/span><\/a> Hann, sem varpa\u00f0 haf\u00f0i svo m\u00f6rgum \u00fat \u00e1n \u00feess a\u00f0 jar\u00f0a \u00fe\u00e1, var ekki trega\u00f0ur af neinum og hlaut hvorki \u00fatf\u00f6r n\u00e9 leg hj\u00e1 fe\u00f0rum s\u00ednum.<\/p>\n<h3 class=\"millifyrirsogn_2007\">Ant\u00edokkus r\u00e6\u00f0st \u00e1 Jer\u00fasalem<\/h3>\n<p><a name=\"11\"><span class=\"versanumer_2007\">11<\/span><\/a> \u00deegar konungi b\u00e1rust t\u00ed\u00f0indin um \u00fea\u00f0 sem vi\u00f0 haf\u00f0i bori\u00f0 taldi hann a\u00f0 uppreisnar\u00e1stand r\u00edkti \u00ed allri J\u00fadeu. Sneri hann \u00fev\u00ed fr\u00e1 Egyptalandi brennandi af heift og l\u00e9t li\u00f0 sitt hertaka Jer\u00fasalem. <a name=\"12\"><span class=\"versanumer_2007\">12<\/span><\/a> Hann bau\u00f0 herm\u00f6nnum s\u00ednum a\u00f0 beita vopnum v\u00e6g\u00f0arlaust \u00e1 hvern sem fyrir yr\u00f0i og brytja einnig ni\u00f0ur \u00fe\u00e1 sem reyndu a\u00f0 komast undan me\u00f0 \u00fev\u00ed a\u00f0 fara upp \u00e1 h\u00fasin. <a name=\"13\"><span class=\"versanumer_2007\">13<\/span><\/a> \u00deeir deyddu unga og gamla, konur og b\u00f6rn voru myrt, meyjum og ungb\u00f6rnum var sl\u00e1tra\u00f0. <a name=\"14\"><span class=\"versanumer_2007\">14<\/span><\/a> \u00c1 einungis \u00ferem d\u00f6gum ur\u00f0u f\u00f3rnarl\u00f6mbin \u00e1ttat\u00edu \u00fe\u00fasund. Fj\u00f6rut\u00edu \u00fe\u00fasund voru felld \u00ed bardaga og fullt svo margir voru seldir \u00ed \u00e1nau\u00f0.<br \/> <a name=\"15\"><span class=\"versanumer_2007\">15<\/span><\/a> En ekki l\u00e9t konungur vi\u00f0 \u00feetta sitja heldur dirf\u00f0ist hann a\u00f0 arka inn \u00ed helgasta musteri h\u00e9r \u00e1 j\u00f6r\u00f0u. Menelaus v\u00edsa\u00f0i honum lei\u00f0ina en hann haf\u00f0i \u00fe\u00e1 \u00feegar sviki\u00f0 b\u00e6\u00f0i l\u00f6gm\u00e1li\u00f0 og f\u00f6\u00f0urlandi\u00f0. <a name=\"16\"><span class=\"versanumer_2007\">16<\/span><\/a> Me\u00f0 flekku\u00f0um h\u00f6ndum t\u00f3k konungur heil\u00f6g \u00e1h\u00f6ld og l\u00e9t saurugar greipar s\u00f3pa um helgigjafir sem a\u00f0rir konungar h\u00f6f\u00f0u gefi\u00f0 sta\u00f0num til a\u00f0 auka vegsemd hans og pr\u00fd\u00f0i.<br \/> <a name=\"17\"><span class=\"versanumer_2007\">17<\/span><\/a> Ant\u00edokkus ofmetna\u00f0ist og skildi ekki a\u00f0 Drottinn haf\u00f0i um sinn rei\u00f0st \u00edb\u00faum borgarinnar vegna synda \u00feeirra og \u00feess vegna haf\u00f0i hann gefi\u00f0 helgid\u00f3minn honum \u00e1 vald. <a name=\"18\"><span class=\"versanumer_2007\">18<\/span><\/a> Ef borgarb\u00faar hef\u00f0u ekki veri\u00f0 syndum hla\u00f0nir hef\u00f0i Ant\u00edokkusi farnast eins og Hel\u00ed\u00f3d\u00f3rusi \u00feegar Selevkus konungur sendi hann til a\u00f0 rannsaka fj\u00e1rhirsluna. Honum hef\u00f0i \u00feegar veri\u00f0 refsa\u00f0 me\u00f0 svipuh\u00f6ggum er hann ruddist inn \u00ed musteri\u00f0 og honum aftra\u00f0 \u00ed ofdirfsku sinni. <a name=\"19\"><span class=\"versanumer_2007\">19<\/span><\/a> En Drottinn haf\u00f0i ekki \u00fatvali\u00f0 \u00fej\u00f3\u00f0ina vegna hins helga sta\u00f0ar heldur sta\u00f0inn hennar vegna. <a name=\"20\"><span class=\"versanumer_2007\">20<\/span><\/a> Sta\u00f0urinn hlaut \u00fev\u00ed fyrst sinn skerf af \u00feeirri \u00f3g\u00e6fu sem yfir \u00fej\u00f3\u00f0ina gekk en s\u00ed\u00f0ar hlutdeild \u00ed velgj\u00f6r\u00f0um Gu\u00f0s. Sakir rei\u00f0i Hins alm\u00e1ttka haf\u00f0i hann yfirgefi\u00f0 sta\u00f0inn en h\u00f3f hann til vegs \u00e1 n\u00fd og til mikillar d\u00fdr\u00f0ar \u00feegar hinn m\u00e1ttugi Drottinn var s\u00e1ttur or\u00f0inn.<\/p>\n<h3 class=\"millifyrirsogn_2007\">Enn r\u00e1\u00f0ist \u00e1 Jer\u00fasalem<\/h3>\n<p><a name=\"21\"><span class=\"versanumer_2007\">21<\/span><\/a> Eftir a\u00f0 Ant\u00edokkus haf\u00f0i numi\u00f0 \u00e1 brott \u00far musterinu \u00e1tj\u00e1n hundru\u00f0 talentur hra\u00f0a\u00f0i hann s\u00e9r til Ant\u00edokk\u00edu. \u00cd drambsemi sinni taldi hann sig geta siglt \u00feurrlendi\u00f0 og gengi\u00f0 hafi\u00f0, svo mj\u00f6g gekk hroki hans \u00far \u00f6llu h\u00f3fi. <a name=\"22\"><span class=\"versanumer_2007\">22<\/span><\/a> Hann skildi landstj\u00f3ra eftir til a\u00f0 \u00fejaka \u00fej\u00f3\u00f0ina. \u00cd Jer\u00fasalem var \u00fea\u00f0 Filippus, \u00e6tta\u00f0ur fr\u00e1 Fr\u00fdg\u00edu, og var hann h\u00e1lfu si\u00f0lausari en s\u00e1 sem veitti honum emb\u00e6tti\u00f0. <a name=\"23\"><span class=\"versanumer_2007\">23<\/span><\/a> \u00c1 Gar\u00eds\u00edm var \u00fea\u00f0 Andron\u00edkus og auk \u00feeirra Menelaus sem k\u00faga\u00f0i borgarana enn meir en hinir.<br \/>Af fjandskap vi\u00f0 Gy\u00f0inga <a name=\"24\"><span class=\"versanumer_2007\">24<\/span><\/a> sendi konungur Appoll\u00f3n\u00edus, sem st\u00fdr\u00f0i m\u00fds\u00edskum hersveitum me\u00f0 tuttugu og tv\u00e6r \u00fe\u00fasundir hermanna, og skipa\u00f0i honum a\u00f0 drepa alla vopnf\u00e6ra menn en selja konur og \u00e6skuf\u00f3lk mansali. <a name=\"25\"><span class=\"versanumer_2007\">25<\/span><\/a> Er hann kom til Jer\u00fasalem l\u00e9t hann sem hann f\u00e6ri me\u00f0 fri\u00f0i og haf\u00f0ist ekki a\u00f0 fyrr en helgi hv\u00edldardagsins h\u00f3fst. \u00deegar hann s\u00e1 a\u00f0 \u00fe\u00e1 h\u00e9ldu Gy\u00f0ingar heilagt l\u00e9t hann menn s\u00edna b\u00faast vopnum <a name=\"26\"><span class=\"versanumer_2007\">26<\/span><\/a> og leggja hvern \u00feann \u00ed gegn sem kom til a\u00f0 sj\u00e1 hva\u00f0 um v\u00e6ri a\u00f0 vera. S\u00ed\u00f0an r\u00e9\u00f0st hann inn \u00ed borgina me\u00f0 vopna\u00f0 li\u00f0 sitt og lag\u00f0i fj\u00f6lda manns a\u00f0 velli. <a name=\"27\"><span class=\"versanumer_2007\">27<\/span><\/a> En J\u00fadas, sem kalla\u00f0ur var Makkabeus, fl\u00fd\u00f0i \u00fat \u00ed au\u00f0nina vi\u00f0 n\u00edunda mann. Hann haf\u00f0ist vi\u00f0 \u00ed fj\u00f6llunum \u00e1samt m\u00f6nnum s\u00ednum, l\u00edkt og d\u00fdr merkurinnar, og h\u00f6f\u00f0u \u00feeir jurtir s\u00e9r til vi\u00f0urv\u00e6ris til \u00feess a\u00f0 saurgast ekki af si\u00f0leysinu sem r\u00edkti.<\/p>\n","protected":false},"excerpt":{"rendered":"<p>Fyrirbo\u00f0ar styrjalda 1 Um \u00feetta leyti f\u00f3r Ant\u00edokkus \u00ed a\u00f0ra herfer\u00f0 s\u00edna til Egyptalands. 2 \u00de\u00e1 bar svo vi\u00f0 a\u00f0 vitranir birtust \u00ed allri Jer\u00fasalem \u00ed n\u00e6r fj\u00f6rut\u00edu daga. Birtust m\u00f6nnum riddarar sem f\u00f3ru \u00ed loftinu, b\u00fanir gullofnum skikkjum og vopna\u00f0ir lensum. F\u00f3ru \u00feeir h\u00f3pum saman og var \u00feeim fylkt \u00ed li\u00f0ssveitir 3 sem brug\u00f0u sver\u00f0um og \u00fdmist renndu hver gegn annarri e\u00f0a hopu\u00f0u. \u00dea\u00f0 s\u00e1st sindra af skj\u00f6ldum og s\u00e6g spj\u00f3ta. \u00d6rvadr\u00edfa var og glampa\u00f0i \u00e1 gullb\u00fain hertygi og hvers kyns brynjur. 4 B\u00e6n allra var a\u00f0 \u00feetta m\u00e6tti \u00e1 gott vita. Jason r\u00e6\u00f0st \u00e1 Jer\u00fasalem 5 \u00de\u00e1 kom <a href=\"https:\/\/biblian.is\/biblian\/onnur-makkabeabok-5-kafli\/\"> [&#8230;]<\/a><\/p>\n","protected":false},"author":1,"featured_media":0,"parent":0,"menu_order":0,"comment_status":"open","ping_status":"open","template":"bibliukaflar.php","meta":{"footnotes":""},"class_list":["post-2944","page","type-page","status-publish","hentry"],"_links":{"self":[{"href":"https:\/\/biblian.is\/biblian\/wp-json\/wp\/v2\/pages\/2944","targetHints":{"allow":["GET"]}}],"collection":[{"href":"https:\/\/biblian.is\/biblian\/wp-json\/wp\/v2\/pages"}],"about":[{"href":"https:\/\/biblian.is\/biblian\/wp-json\/wp\/v2\/types\/page"}],"author":[{"embeddable":true,"href":"https:\/\/biblian.is\/biblian\/wp-json\/wp\/v2\/users\/1"}],"replies":[{"embeddable":true,"href":"https:\/\/biblian.is\/biblian\/wp-json\/wp\/v2\/comments?post=2944"}],"version-history":[{"count":0,"href":"https:\/\/biblian.is\/biblian\/wp-json\/wp\/v2\/pages\/2944\/revisions"}],"wp:attachment":[{"href":"https:\/\/biblian.is\/biblian\/wp-json\/wp\/v2\/media?parent=2944"}],"curies":[{"name":"wp","href":"https:\/\/api.w.org\/{rel}","templated":true}]}}