{"id":2942,"date":"2017-12-30T21:05:19","date_gmt":"2017-12-30T21:05:19","guid":{"rendered":"http:\/\/biblian.is\/biblian\/%c2%85nnur-makkabeab%c2%97k-3-kafli\/"},"modified":"2018-01-02T03:09:11","modified_gmt":"2018-01-02T03:09:11","slug":"onnur-makkabeabok-3-kafli","status":"publish","type":"page","link":"https:\/\/biblian.is\/biblian\/onnur-makkabeabok-3-kafli\/","title":{"rendered":"\u00d6nnur Makkabeab\u00f3k 3. kafli"},"content":{"rendered":"<h3 class=\"millifyrirsogn_2007\"> Deilur \u00d3n\u00edasar og S\u00edmonar<\/h3>\n<p><a name=\"1\"><span class=\"versanumer_2007\">1<\/span><\/a> \u00c1 \u00feeim t\u00edmum r\u00edkti fri\u00f0ur \u00ed hinni heil\u00f6gu borg og l\u00f6gin voru dyggilega haldin \u00fear sem \u00d3n\u00edas \u00e6\u00f0sti prestur var ma\u00f0ur gu\u00f0r\u00e6kinn og haf\u00f0i andstygg\u00f0 \u00e1 gu\u00f0leysi. <a name=\"2\"><span class=\"versanumer_2007\">2<\/span><\/a> \u00dea\u00f0 bar vi\u00f0 a\u00f0 sj\u00e1lfir konungarnir hei\u00f0ru\u00f0u sta\u00f0inn og pr\u00fdddu musteri\u00f0 me\u00f0 d\u00fdrm\u00e6tum gj\u00f6fum. <a name=\"3\"><span class=\"versanumer_2007\">3<\/span><\/a> Jafnvel Selevkus As\u00edukonungur bar sj\u00e1lfur allan kostna\u00f0 vi\u00f0 f\u00f3rnar\u00fej\u00f3nustuna.<br \/> <a name=\"4\"><span class=\"versanumer_2007\">4<\/span><\/a> En S\u00edmon nokkur af \u00e6tt Bilga, sem skipa\u00f0ur haf\u00f0i veri\u00f0 r\u00e1\u00f0sma\u00f0ur musterisins, var\u00f0 \u00f3s\u00e1ttur vi\u00f0 \u00e6\u00f0sta prestinn \u00fat af marka\u00f0sm\u00e1lum \u00ed borginni. <a name=\"5\"><span class=\"versanumer_2007\">5<\/span><\/a> \u00deegar hann gat ekki komi\u00f0 s\u00ednu fram fyrir \u00d3n\u00edasi sneri hann s\u00e9r til Appoll\u00f3n\u00edusar \u00derasaissonar, sem \u00fe\u00e1 var landstj\u00f3ri \u00ed Nor\u00f0ur-S\u00fdrlandi og F\u00f6nik\u00edu. <a name=\"6\"><span class=\"versanumer_2007\">6<\/span><\/a> Hann uppl\u00fdsti hann um a\u00f0 fj\u00e1rhirslan \u00ed Jer\u00fasalem hef\u00f0i \u00f3l\u00fdsanlegan au\u00f0 a\u00f0 geyma, \u00f3teljandi peninga, langt fram yfir kostna\u00f0 vi\u00f0 f\u00f3rnirnar, og mundi \u00feess kostur a\u00f0 \u00fea\u00f0 f\u00e9lli allt til konungs.<\/p>\n<h3 class=\"millifyrirsogn_2007\">Hel\u00ed\u00f3d\u00f3rus sendur til Jer\u00fasalem<\/h3>\n<p><a name=\"7\"><span class=\"versanumer_2007\">7<\/span><\/a> \u00deegar svo Appoll\u00f3n\u00edus hitti konunginn sk\u00fdr\u00f0i hann honum fr\u00e1 au\u00f0\u00e6fum \u00feeim sem l\u00fdst haf\u00f0i veri\u00f0 fyrir honum. Valdi konungur Hel\u00ed\u00f3d\u00f3rus r\u00e1\u00f0sherra og f\u00f3l honum a\u00f0 f\u00e1 umr\u00e6dda peninga afhenta.<br \/> <a name=\"8\"><span class=\"versanumer_2007\">8<\/span><\/a> Hel\u00ed\u00f3d\u00f3rus h\u00e9lt \u00feegar af sta\u00f0 og l\u00e9t \u00ed ve\u00f0ri vaka a\u00f0 hann \u00e6tla\u00f0i a\u00f0 vitja borganna \u00ed Nor\u00f0ur-S\u00fdrlandi og F\u00f6nik\u00edu, en f\u00f3r \u00ed raun til a\u00f0 reka erindi konungs. <a name=\"9\"><span class=\"versanumer_2007\">9<\/span><\/a> Er hann svo var kominn til Jer\u00fasalem og haf\u00f0i veri\u00f0 vel teki\u00f0 af \u00e6\u00f0sta prestinum og borgarb\u00faum, greindi hann fr\u00e1 \u00feeirri v\u00edsbendingu sem hann haf\u00f0i fengi\u00f0, ger\u00f0i uppsk\u00e1tt erindi sitt og spur\u00f0ist n\u00e1nar fyrir um hvort uppl\u00fdsingarnar v\u00e6ru r\u00e9ttar.<br \/> <a name=\"10\"><span class=\"versanumer_2007\">10<\/span><\/a> \u00c6\u00f0sti presturinn \u00fatsk\u00fdr\u00f0i fyrir honum a\u00f0 \u00feetta v\u00e6ri f\u00e9 sem var\u00f0veitt v\u00e6ri fyrir ekkjur og muna\u00f0arleysingja <a name=\"11\"><span class=\"versanumer_2007\">11<\/span><\/a> en sumt af f\u00e9nu \u00e6tti H\u00fdrkanus T\u00f3b\u00edasson, ma\u00f0ur \u00ed miklum metum. V\u00e6ri ekki f\u00f3tur fyrir lygum hins illr\u00e6mda S\u00edmonar. A\u00f0 \u00f6llu t\u00f6ldu n\u00e6mi upph\u00e6\u00f0in fj\u00f6gur hundru\u00f0 talentum silfurs og tv\u00f6 hundru\u00f0 talentum gulls <a name=\"12\"><span class=\"versanumer_2007\">12<\/span><\/a> og algj\u00f6r \u00f3h\u00e6fa v\u00e6ri a\u00f0 ganga \u00e1 hlut \u00feeirra sem treyst hef\u00f0u helgi sta\u00f0arins og \u00f3skora\u00f0ri fri\u00f0helgi musterisins sem allur heimur virti.<\/p>\n<h3 class=\"millifyrirsogn_2007\">Hel\u00ed\u00f3d\u00f3rus hyggst ry\u00f0jast inn \u00ed musteri\u00f0<\/h3>\n<p><a name=\"13\"><span class=\"versanumer_2007\">13<\/span><\/a> Hel\u00ed\u00f3d\u00f3rus bar fyrir sig fyrirm\u00e6li konungs og st\u00f3\u00f0 fast \u00e1 \u00fev\u00ed a\u00f0 gera allt f\u00e9\u00f0 uppt\u00e6kt fyrir konung. <a name=\"14\"><span class=\"versanumer_2007\">14<\/span><\/a> Hann tilt\u00f3k s\u00ed\u00f0an dag og bj\u00f3st til a\u00f0 halda \u00ed musteri\u00f0 til a\u00f0 kanna sj\u00f3\u00f0inn.<br \/>Mikil angist r\u00edkti \u00ed allri borginni. <a name=\"15\"><span class=\"versanumer_2007\">15<\/span><\/a> Prestarnir v\u00f6rpu\u00f0u s\u00e9r ni\u00f0ur fyrir framan altari\u00f0 \u00ed skr\u00fa\u00f0a s\u00ednum, hr\u00f3pu\u00f0u til himins og \u00e1k\u00f6llu\u00f0u \u00feann sem gefi\u00f0 haf\u00f0i l\u00f6gin um geymsluf\u00e9 a\u00f0 var\u00f0veita \u00fea\u00f0 \u00f3skert sem h\u00e9r var fali\u00f0 til geymslu. <a name=\"16\"><span class=\"versanumer_2007\">16<\/span><\/a> Hver sem leit \u00e1sj\u00f3nu \u00e6\u00f0sta prestsins hlaut a\u00f0 komast vi\u00f0. Svipur hans og litarh\u00e1ttur gaf s\u00e1larstr\u00ed\u00f0 hans til kynna. <a name=\"17\"><span class=\"versanumer_2007\">17<\/span><\/a> Hann var gagntekinn angist og skalf allur og engum duldist hve mj\u00f6g \u00feetta gekk honum til hjarta. <a name=\"18\"><span class=\"versanumer_2007\">18<\/span><\/a> H\u00f3pum saman flykktist f\u00f3lk \u00far h\u00fasum s\u00ednum til a\u00f0 safnast til b\u00e6nagj\u00f6r\u00f0ar sakir \u00feeirrar miklu sm\u00e1nar sem vof\u00f0i yfir musterinu. <a name=\"19\"><span class=\"versanumer_2007\">19<\/span><\/a> Fj\u00f6lmargar konur f\u00f3ru um str\u00e6tin b\u00fanar h\u00e6rusekkjum sem \u00fe\u00e6r gyrtu undir brj\u00f3stum og meyjar, sem ella f\u00f3ru ekki \u00far h\u00fasi, hlupu sumar \u00fat \u00ed hli\u00f0in, a\u00f0rar \u00fat \u00e1 m\u00farana en sumar teyg\u00f0u sig \u00fat um gluggana. <a name=\"20\"><span class=\"versanumer_2007\">20<\/span><\/a> Allar h\u00f3fu \u00fe\u00e6r hendur til himins \u00ed b\u00e6n. <a name=\"21\"><span class=\"versanumer_2007\">21<\/span><\/a> \u00dea\u00f0 var \u00e1takanleg sj\u00f3n a\u00f0 sj\u00e1 allt f\u00f3lki\u00f0 falli\u00f0 fram hva\u00f0 innan um anna\u00f0 og angist og \u00f6rv\u00e6ntingu \u00e6\u00f0sta prestsins.<\/p>\n<h3 class=\"millifyrirsogn_2007\">Drottinn ver musteri sitt<\/h3>\n<p><a name=\"22\"><span class=\"versanumer_2007\">22<\/span><\/a> Me\u00f0an f\u00f3lki\u00f0 \u00e1kalla\u00f0i alm\u00e1ttugan Gu\u00f0 um a\u00f0 var\u00f0veita geymsluf\u00e9\u00f0 \u00f3skert og \u00f3hult handa \u00feeim sem fali\u00f0 h\u00f6f\u00f0u honum \u00fea\u00f0 til var\u00f0veislu <a name=\"23\"><span class=\"versanumer_2007\">23<\/span><\/a> t\u00f3k Hel\u00ed\u00f3d\u00f3rus a\u00f0 framkv\u00e6ma \u00e6tlunarverk sitt.<br \/> <a name=\"24\"><span class=\"versanumer_2007\">24<\/span><\/a> En um lei\u00f0 og hann kom \u00ed fj\u00e1rhirsluna me\u00f0 var\u00f0m\u00f6nnum s\u00ednum sendi Drottinn allra anda og m\u00e1tta volduga opinberun svo a\u00f0 allir sem dirfst h\u00f6f\u00f0u a\u00f0 koma \u00feanga\u00f0 me\u00f0 Hel\u00ed\u00f3d\u00f3rusi voru lostnir af m\u00e6tti Gu\u00f0s og st\u00f3\u00f0u l\u00e9magna og hj\u00e1lparvana. <a name=\"25\"><span class=\"versanumer_2007\">25<\/span><\/a> \u00deeim birtist hestur, b\u00fainn fegurstu tygjum, sem \u00f3gnvekjandi riddari sat. Hann ruddist fram m\u00f3t Hel\u00ed\u00f3d\u00f3rusi og r\u00e9\u00f0st a\u00f0 honum me\u00f0 framh\u00f3funum. S\u00e1 sem hestinn sat var b\u00fainn hertygjum af gulli.<br \/> <a name=\"26\"><span class=\"versanumer_2007\">26<\/span><\/a> Auk \u00feess birtust Hel\u00ed\u00f3d\u00f3rusi tveir ungir menn, afbur\u00f0a sterkir og f\u00e1g\u00e6ta fr\u00ed\u00f0ir og fagurb\u00fanir. \u00deeir gengu hvor s\u00ednum megin a\u00f0 honum og l\u00f6mdu hann linnulaust. <a name=\"27\"><span class=\"versanumer_2007\">27<\/span><\/a> Hann f\u00e9ll jafnskj\u00f3tt til jar\u00f0ar og var umluktur svartasta myrkri. \u00deeir sem hj\u00e1 st\u00f3\u00f0u gripu hann og l\u00f6g\u00f0u \u00e1 b\u00f6rur <a name=\"28\"><span class=\"versanumer_2007\">28<\/span><\/a> og b\u00e1ru \u00fat me\u00f0 \u00f6llu \u00f3sj\u00e1lfbjarga \u00feann mann sem litlu fyrr haf\u00f0i gengi\u00f0 inn \u00ed fj\u00e1rhirsluna me\u00f0 vopna\u00f0 li\u00f0 og l\u00edfver\u00f0i. Svo berlega haf\u00f0i hann fengi\u00f0 a\u00f0 kenna \u00e1 m\u00e6tti Gu\u00f0s.<\/p>\n<h3 class=\"millifyrirsogn_2007\">\u00d3n\u00edas bi\u00f0ur Hel\u00ed\u00f3d\u00f3rusi bata<\/h3>\n<p><a name=\"29\"><span class=\"versanumer_2007\">29<\/span><\/a> \u00dear l\u00e1 svo Hel\u00ed\u00f3d\u00f3rus felldur af m\u00e1ttarverki Gu\u00f0s og var m\u00e1llaus og \u00f6rvona um hj\u00e1lp. <a name=\"30\"><span class=\"versanumer_2007\">30<\/span><\/a> En Gy\u00f0ingarnir lofu\u00f0u Drottin sem gert haf\u00f0i musteri sitt d\u00fdrlegt. Og f\u00f6gnu\u00f0ur og gla\u00f0v\u00e6r\u00f0 fyllti musteri\u00f0 sakir \u00feess a\u00f0 alm\u00e1ttugur Drottinn haf\u00f0i birst, en sk\u00f6mmu \u00e1\u00f0ur haf\u00f0i r\u00edkt \u00fear \u00f3gn og skelfing.<br \/> <a name=\"31\"><span class=\"versanumer_2007\">31<\/span><\/a> En br\u00e1tt b\u00e1\u00f0u nokkrir af fylgdarli\u00f0i Hel\u00ed\u00f3d\u00f3rusar \u00d3n\u00edas um a\u00f0 \u00e1kalla Hinn h\u00e6sta og bjarga l\u00edfi vesalingsins sem var \u00ed andarslitrunum. <a name=\"32\"><span class=\"versanumer_2007\">32<\/span><\/a> \u00dear sem \u00e6\u00f0sti presturinn var ekki ugglaus um a\u00f0 konungurinn kynni a\u00f0 \u00e1lykta a\u00f0 Gy\u00f0ingar hef\u00f0u gert Hel\u00ed\u00f3d\u00f3rusi eitthva\u00f0 til miska bar hann fram f\u00f3rn til bjargar manninum. <a name=\"33\"><span class=\"versanumer_2007\">33<\/span><\/a> Me\u00f0an \u00e6\u00f0sti presturinn var a\u00f0 bera fram fri\u00f0\u00fe\u00e6gingarf\u00f3rnina birtust Hel\u00ed\u00f3d\u00f3rusi s\u00f6mu ungu mennirnir aftur. Voru \u00feeir b\u00fanir s\u00f6mu kl\u00e6\u00f0um og fyrr. \u00deeir gengu til hans og m\u00e6ltu: \u201e\u00cd mikilli \u00feakkarskuld stendur \u00fe\u00fa vi\u00f0 \u00d3n\u00edas \u00e6\u00f0sta prest \u00fev\u00ed a\u00f0 hans vegna hefur Drottinn leyft \u00fe\u00e9r a\u00f0 halda l\u00edfi. <a name=\"34\"><span class=\"versanumer_2007\">34<\/span><\/a> Svipuh\u00f6gg af himni hafa duni\u00f0 \u00e1 \u00fe\u00e9r. N\u00fa skalt \u00fe\u00fa kunngj\u00f6ra \u00f6llum mikinn m\u00e1tt Gu\u00f0s.\u201c A\u00f0 svo m\u00e6ltu hurfu \u00feeir.<\/p>\n<h3 class=\"millifyrirsogn_2007\">Hel\u00ed\u00f3d\u00f3rus lofar Gu\u00f0<\/h3>\n<p><a name=\"35\"><span class=\"versanumer_2007\">35<\/span><\/a> Hel\u00ed\u00f3d\u00f3rus f\u00e6r\u00f0i Drottni f\u00f3rn og ger\u00f0i honum mikil heit fyrir a\u00f0 hafa unnt s\u00e9r a\u00f0 halda l\u00edfi. S\u00ed\u00f0an kvaddi hann \u00d3n\u00edas og h\u00e9lt me\u00f0 li\u00f0 sitt aftur til konungs. <a name=\"36\"><span class=\"versanumer_2007\">36<\/span><\/a> Vitna\u00f0i hann fyrir \u00f6llum um \u00feau miklu m\u00e1ttarverk Gu\u00f0s sem hann haf\u00f0i s\u00e9\u00f0 me\u00f0 eigin augum.<br \/> <a name=\"37\"><span class=\"versanumer_2007\">37<\/span><\/a> \u00deegar konungur innti Hel\u00ed\u00f3d\u00f3rus eftir \u00fev\u00ed hver mundi til \u00feess fallinn a\u00f0 vera sendur a\u00f0 n\u00fdju til Jer\u00fasalem m\u00e6lti hann: <a name=\"38\"><span class=\"versanumer_2007\">38<\/span><\/a> \u201eEf \u00fe\u00fa \u00e1tt \u00f3vin e\u00f0a einhver situr \u00e1 svikr\u00e1\u00f0um vi\u00f0 r\u00edkisstj\u00f3rn \u00fe\u00edna \u00fe\u00e1 skalt \u00fe\u00fa senda hann \u00feanga\u00f0. \u00de\u00e1 f\u00e6r\u00f0 \u00fe\u00fa hann aftur kagh\u00fdddan, ef hann \u00fe\u00e1 heldur l\u00edfi, \u00fev\u00ed a\u00f0 svo sannarlega hv\u00edlir gu\u00f0d\u00f3mlegur kraftur yfir \u00feeim sta\u00f0. <a name=\"39\"><span class=\"versanumer_2007\">39<\/span><\/a> Sj\u00e1lfur hann sem \u00e1 himni situr er v\u00f6r\u00f0ur og verndari \u00feessa sta\u00f0ar og hann lemur \u00fe\u00e1 til bana sem \u00feanga\u00f0 koma me\u00f0 illum \u00e1setningi.\u201c<br \/> <a name=\"40\"><span class=\"versanumer_2007\">40<\/span><\/a> Svona bar \u00fea\u00f0 n\u00fa til er musterisf\u00e9nu var bjarga\u00f0 fr\u00e1 Hel\u00ed\u00f3d\u00f3rusi.<\/p>\n","protected":false},"excerpt":{"rendered":"<p>Deilur \u00d3n\u00edasar og S\u00edmonar 1 \u00c1 \u00feeim t\u00edmum r\u00edkti fri\u00f0ur \u00ed hinni heil\u00f6gu borg og l\u00f6gin voru dyggilega haldin \u00fear sem \u00d3n\u00edas \u00e6\u00f0sti prestur var ma\u00f0ur gu\u00f0r\u00e6kinn og haf\u00f0i andstygg\u00f0 \u00e1 gu\u00f0leysi. 2 \u00dea\u00f0 bar vi\u00f0 a\u00f0 sj\u00e1lfir konungarnir hei\u00f0ru\u00f0u sta\u00f0inn og pr\u00fdddu musteri\u00f0 me\u00f0 d\u00fdrm\u00e6tum gj\u00f6fum. 3 Jafnvel Selevkus As\u00edukonungur bar sj\u00e1lfur allan kostna\u00f0 vi\u00f0 f\u00f3rnar\u00fej\u00f3nustuna. 4 En S\u00edmon nokkur af \u00e6tt Bilga, sem skipa\u00f0ur haf\u00f0i veri\u00f0 r\u00e1\u00f0sma\u00f0ur musterisins, var\u00f0 \u00f3s\u00e1ttur vi\u00f0 \u00e6\u00f0sta prestinn \u00fat af marka\u00f0sm\u00e1lum \u00ed borginni. 5 \u00deegar hann gat ekki komi\u00f0 s\u00ednu fram fyrir \u00d3n\u00edasi sneri hann s\u00e9r til Appoll\u00f3n\u00edusar \u00derasaissonar, sem \u00fe\u00e1 var landstj\u00f3ri <a href=\"https:\/\/biblian.is\/biblian\/onnur-makkabeabok-3-kafli\/\"> [&#8230;]<\/a><\/p>\n","protected":false},"author":1,"featured_media":0,"parent":0,"menu_order":0,"comment_status":"open","ping_status":"open","template":"bibliukaflar.php","meta":{"footnotes":""},"class_list":["post-2942","page","type-page","status-publish","hentry"],"_links":{"self":[{"href":"https:\/\/biblian.is\/biblian\/wp-json\/wp\/v2\/pages\/2942","targetHints":{"allow":["GET"]}}],"collection":[{"href":"https:\/\/biblian.is\/biblian\/wp-json\/wp\/v2\/pages"}],"about":[{"href":"https:\/\/biblian.is\/biblian\/wp-json\/wp\/v2\/types\/page"}],"author":[{"embeddable":true,"href":"https:\/\/biblian.is\/biblian\/wp-json\/wp\/v2\/users\/1"}],"replies":[{"embeddable":true,"href":"https:\/\/biblian.is\/biblian\/wp-json\/wp\/v2\/comments?post=2942"}],"version-history":[{"count":0,"href":"https:\/\/biblian.is\/biblian\/wp-json\/wp\/v2\/pages\/2942\/revisions"}],"wp:attachment":[{"href":"https:\/\/biblian.is\/biblian\/wp-json\/wp\/v2\/media?parent=2942"}],"curies":[{"name":"wp","href":"https:\/\/api.w.org\/{rel}","templated":true}]}}