{"id":2939,"date":"2017-12-30T21:05:19","date_gmt":"2017-12-30T21:05:19","guid":{"rendered":"http:\/\/biblian.is\/biblian\/fyrsta-makkabeab%c2%97k-16-kafli\/"},"modified":"2018-01-16T02:35:36","modified_gmt":"2018-01-16T02:35:36","slug":"fyrsta-makkabeabok-16-kafli","status":"publish","type":"page","link":"https:\/\/biblian.is\/biblian\/fyrsta-makkabeabok-16-kafli\/","title":{"rendered":"Fyrsta Makkabeab\u00f3k 16. kafli"},"content":{"rendered":"<h3 class=\"millifyrirsogn_2007\"> J\u00f3hannes S\u00edmonarson sigrar Kendebeus<\/h3>\n<p><a name=\"1\"><span class=\"versanumer_2007\">1<\/span><\/a> J\u00f3hannes h\u00e9lt upp fr\u00e1 Geser til S\u00edmonar f\u00f6\u00f0ur s\u00edns til a\u00f0 segja honum fr\u00e1 a\u00f0ger\u00f0um Kendebeusar. <a name=\"2\"><span class=\"versanumer_2007\">2<\/span><\/a> S\u00edmon kalla\u00f0i \u00fe\u00e1 til s\u00edn elstu syni s\u00edna tvo, \u00fe\u00e1 J\u00fadas og J\u00f3hannes, og sag\u00f0i vi\u00f0 \u00fe\u00e1:<br \/>\u201eVi\u00f0 br\u00e6\u00f0ur m\u00ednir og fj\u00f6lskylda f\u00f6\u00f0ur m\u00edns h\u00f6fum h\u00e1\u00f0 styrjaldir vi\u00f0 \u00f3vini \u00cdsraels fr\u00e1 \u00e6sku og allt til \u00feessa dags. Vi\u00f0 b\u00e1rum t\u00ed\u00f0um g\u00e6fu til a\u00f0 bjarga \u00cdsrael. <a name=\"3\"><span class=\"versanumer_2007\">3<\/span><\/a> N\u00fa er \u00e9g hniginn a\u00f0 aldri en \u00fei\u00f0 or\u00f0nir fullt\u00ed\u00f0a fyrir Gu\u00f0s n\u00e1\u00f0. Komi\u00f0 n\u00fa \u00ed minn sta\u00f0 og br\u00f3\u00f0ur m\u00edns, fari\u00f0 og berjist fyrir \u00fej\u00f3\u00f0 okkar og megi hj\u00e1lpin af himni vera me\u00f0 ykkur.\u201c<br \/> <a name=\"4\"><span class=\"versanumer_2007\">4<\/span><\/a> S\u00ed\u00f0an valdi hann tuttugu \u00fe\u00fasund hermenn me\u00f0al landa sinna og auk \u00feess riddara. \u00deeir h\u00e9ldu gegn Kendebeusi og h\u00f6f\u00f0u n\u00e1ttsta\u00f0 \u00ed M\u00f3dein. <a name=\"5\"><span class=\"versanumer_2007\">5<\/span><\/a> \u00c1rla morguns t\u00f3ku \u00feeir sig upp og h\u00e9ldu \u00fat \u00e1 sl\u00e9ttuna. \u00dear kom \u00ed m\u00f3ti \u00feeim mikill her f\u00f3tg\u00f6nguli\u00f0a og riddara en \u00e1rfarvegur skildi herina a\u00f0. <a name=\"6\"><span class=\"versanumer_2007\">6<\/span><\/a> J\u00f3hannes og li\u00f0 hans komu s\u00e9r fyrir gegnt \u00f3vinunum. \u00deegar hann s\u00e1 li\u00f0 sitt hika vi\u00f0 a\u00f0 halda yfir \u00e1na f\u00f3r hann fyrstur og er menn hans s\u00e1u \u00fea\u00f0 fylgdu \u00feeir ford\u00e6mi hans. <a name=\"7\"><span class=\"versanumer_2007\">7<\/span><\/a> J\u00f3hannes skipti li\u00f0i s\u00ednu \u00ed sveitir og kom riddurum fyrir me\u00f0al f\u00f3tg\u00f6nguli\u00f0anna. Riddarali\u00f0 andst\u00e6\u00f0inganna var afar miki\u00f0. <a name=\"8\"><span class=\"versanumer_2007\">8<\/span><\/a> \u00deegar \u00feeir \u00feeyttu herl\u00fa\u00f0rana hr\u00f6kkla\u00f0ist Kendebeus og her hans \u00e1 fl\u00f3tta og f\u00e9llu margir manna hans hels\u00e1rir. \u00deeir sem af komust fl\u00fd\u00f0u \u00ed virki\u00f0. <a name=\"9\"><span class=\"versanumer_2007\">9<\/span><\/a> J\u00fadas, br\u00f3\u00f0ir J\u00f3hannesar, hlaut s\u00e1r en J\u00f3hannes rak fl\u00f3ttann alla lei\u00f0 til Kedron sem Kendebeus haf\u00f0i v\u00edggirt. <a name=\"10\"><span class=\"versanumer_2007\">10<\/span><\/a> Nokkrir fl\u00fd\u00f0u \u00ed turnana \u00e1 Asd\u00f3d\u00f6krum en J\u00f3hannes brenndi borgina. F\u00e9llu um tv\u00f6 \u00fe\u00fasund manns af \u00f3vinunum en J\u00f3hannes sneri heill \u00e1 h\u00fafi aftur til J\u00fadeu.<\/p>\n<h3 class=\"millifyrirsogn_2007\">S\u00edmon myrtur og tveir sona hans<\/h3>\n<p><a name=\"11\"><span class=\"versanumer_2007\">11<\/span><\/a> Pt\u00f3lemeus Ab\u00fabsson haf\u00f0i veri\u00f0 settur yfir herinn \u00e1 v\u00f6llum Jer\u00edk\u00f3. Hann var au\u00f0ugur mj\u00f6g a\u00f0 gulli og silfri <a name=\"12\"><span class=\"versanumer_2007\">12<\/span><\/a> enda tengdasonur \u00e6\u00f0sta prestsins. <a name=\"13\"><span class=\"versanumer_2007\">13<\/span><\/a> \u00dea\u00f0 steig honum til h\u00f6fu\u00f0s og vildi hann leggja landi\u00f0 undir sig. Brugga\u00f0i hann svik vi\u00f0 S\u00edmon og syni hans og \u00e6tla\u00f0i a\u00f0 ry\u00f0ja \u00feeim \u00far vegi.<br \/> <a name=\"14\"><span class=\"versanumer_2007\">14<\/span><\/a> S\u00edmon f\u00f3r gjarnan um borgir landsins til a\u00f0 g\u00e6ta a\u00f0 hvers \u00fe\u00e6r \u00feyrftu me\u00f0. Kom hann ofan til Jer\u00edk\u00f3 me\u00f0 Mattat\u00edasi og J\u00fadasi sonum s\u00ednum \u00e1ri\u00f0 eitt hundra\u00f0 sj\u00f6t\u00edu og sj\u00f6<span class=\"nedan_mal\" title=\" \u00de.e. 134 f.Kr.\">[<\/span> \u00ed ellefta m\u00e1nu\u00f0i. Er \u00fea\u00f0 m\u00e1nu\u00f0urinn sabbat. <a name=\"15\"><span class=\"versanumer_2007\">15<\/span><\/a> Sonur Ab\u00fabs t\u00f3k \u00e1 m\u00f3ti \u00feeim \u00ed litlum kastala sem hann haf\u00f0i reist og nefndi Dok. Hann hugsa\u00f0i fl\u00e1tt, sl\u00f3 upp mikilli veislu fyrir gestina en kom m\u00f6nnum fyrir \u00e1 laun \u00ed h\u00fasinu. <a name=\"16\"><span class=\"versanumer_2007\">16<\/span><\/a> \u00deegar S\u00edmon og synir hans ger\u00f0ust \u00f6lva\u00f0ir f\u00f3ru Pt\u00f3lemeus og menn hans \u00fat og s\u00f3ttu vopn s\u00edn. R\u00e9\u00f0ust \u00feeir s\u00ed\u00f0an \u00e1 S\u00edmon \u00ed veislusalnum, dr\u00e1pu hann, syni hans b\u00e1\u00f0a og nokkra \u00fej\u00f3na hans. <a name=\"17\"><span class=\"versanumer_2007\">17<\/span><\/a> \u00deannig endurgalt Pt\u00f3lemeus gott me\u00f0 illu og dr\u00fdg\u00f0i hi\u00f0 mesta \u00f3d\u00e6\u00f0i.<br \/> <a name=\"18\"><span class=\"versanumer_2007\">18<\/span><\/a> Hann rita\u00f0i s\u00ed\u00f0an konungi br\u00e9f og greindi honum fr\u00e1 \u00feessu og ba\u00f0 hann a\u00f0 senda s\u00e9r herli\u00f0 til hj\u00e1lpar og afhenda s\u00e9r landi\u00f0 og borgirnar. <a name=\"19\"><span class=\"versanumer_2007\">19<\/span><\/a> Nokkra manna sinna sendi hann til Geser til a\u00f0 ry\u00f0ja J\u00f3hannesi \u00far vegi og skrifa\u00f0i hersveitaforingjum a\u00f0 koma til s\u00edn og \u00feiggja silfur, gull og gjafir. <a name=\"20\"><span class=\"versanumer_2007\">20<\/span><\/a> Enn a\u00f0ra sendi hann til a\u00f0 hertaka Jer\u00fasalem og musterisfjalli\u00f0.<br \/> <a name=\"21\"><span class=\"versanumer_2007\">21<\/span><\/a> En einhver hra\u00f0a\u00f0i s\u00e9r \u00e1 undan til Geser til a\u00f0 tilkynna J\u00f3hannesi a\u00f0 fa\u00f0ir hans og br\u00e6\u00f0ur v\u00e6ru vegnir og a\u00f0 sendimenn v\u00e6ru \u00e1 lei\u00f0inni til a\u00f0 dey\u00f0a hann. <a name=\"22\"><span class=\"versanumer_2007\">22<\/span><\/a> \u00deegar J\u00f3hannes heyr\u00f0i t\u00ed\u00f0indin komst hann \u00ed mikla ge\u00f0shr\u00e6ringu og er mennirnir komu til a\u00f0 l\u00edfl\u00e1ta hann l\u00e9t hann taka \u00fe\u00e1 og dey\u00f0a enda vissi hann a\u00f0 \u00feeir s\u00e1tu um l\u00edf hans.<br \/> <a name=\"23\"><span class=\"versanumer_2007\">23<\/span><\/a>\/<a name=\"24\"><span class=\"versanumer_2007\">24<\/span><\/a> \u00dea\u00f0 sem \u00f3sagt er af J\u00f3hannesi fr\u00e1 \u00fev\u00ed hann var\u00f0 \u00e6\u00f0sti prestur \u00e1 eftir f\u00f6\u00f0ur s\u00ednum, styrj\u00f6ldum hans og dr\u00fdg\u00f0um hetjud\u00e1\u00f0um og af m\u00farunum sem hann reisti og \u00f6llu \u00f6\u00f0ru sem hann kom \u00ed verk m\u00e1 finna skr\u00e1\u00f0 \u00ed ann\u00e1l \u00e6\u00f0staprestd\u00f3ms hans. <\/p>\n","protected":false},"excerpt":{"rendered":"<p>J\u00f3hannes S\u00edmonarson sigrar Kendebeus 1 J\u00f3hannes h\u00e9lt upp fr\u00e1 Geser til S\u00edmonar f\u00f6\u00f0ur s\u00edns til a\u00f0 segja honum fr\u00e1 a\u00f0ger\u00f0um Kendebeusar. 2 S\u00edmon kalla\u00f0i \u00fe\u00e1 til s\u00edn elstu syni s\u00edna tvo, \u00fe\u00e1 J\u00fadas og J\u00f3hannes, og sag\u00f0i vi\u00f0 \u00fe\u00e1:\u201eVi\u00f0 br\u00e6\u00f0ur m\u00ednir og fj\u00f6lskylda f\u00f6\u00f0ur m\u00edns h\u00f6fum h\u00e1\u00f0 styrjaldir vi\u00f0 \u00f3vini \u00cdsraels fr\u00e1 \u00e6sku og allt til \u00feessa dags. Vi\u00f0 b\u00e1rum t\u00ed\u00f0um g\u00e6fu til a\u00f0 bjarga \u00cdsrael. 3 N\u00fa er \u00e9g hniginn a\u00f0 aldri en \u00fei\u00f0 or\u00f0nir fullt\u00ed\u00f0a fyrir Gu\u00f0s n\u00e1\u00f0. Komi\u00f0 n\u00fa \u00ed minn sta\u00f0 og br\u00f3\u00f0ur m\u00edns, fari\u00f0 og berjist fyrir \u00fej\u00f3\u00f0 okkar og megi hj\u00e1lpin af himni vera <a href=\"https:\/\/biblian.is\/biblian\/fyrsta-makkabeabok-16-kafli\/\"> [&#8230;]<\/a><\/p>\n","protected":false},"author":1,"featured_media":0,"parent":0,"menu_order":0,"comment_status":"open","ping_status":"open","template":"bibliukaflar.php","meta":{"footnotes":""},"class_list":["post-2939","page","type-page","status-publish","hentry"],"_links":{"self":[{"href":"https:\/\/biblian.is\/biblian\/wp-json\/wp\/v2\/pages\/2939","targetHints":{"allow":["GET"]}}],"collection":[{"href":"https:\/\/biblian.is\/biblian\/wp-json\/wp\/v2\/pages"}],"about":[{"href":"https:\/\/biblian.is\/biblian\/wp-json\/wp\/v2\/types\/page"}],"author":[{"embeddable":true,"href":"https:\/\/biblian.is\/biblian\/wp-json\/wp\/v2\/users\/1"}],"replies":[{"embeddable":true,"href":"https:\/\/biblian.is\/biblian\/wp-json\/wp\/v2\/comments?post=2939"}],"version-history":[{"count":0,"href":"https:\/\/biblian.is\/biblian\/wp-json\/wp\/v2\/pages\/2939\/revisions"}],"wp:attachment":[{"href":"https:\/\/biblian.is\/biblian\/wp-json\/wp\/v2\/media?parent=2939"}],"curies":[{"name":"wp","href":"https:\/\/api.w.org\/{rel}","templated":true}]}}