{"id":2937,"date":"2017-12-30T21:05:14","date_gmt":"2017-12-30T21:05:14","guid":{"rendered":"http:\/\/biblian.is\/biblian\/fyrsta-makkabeab%c2%97k-14-kafli\/"},"modified":"2018-01-02T03:04:20","modified_gmt":"2018-01-02T03:04:20","slug":"fyrsta-makkabeabok-14-kafli","status":"publish","type":"page","link":"https:\/\/biblian.is\/biblian\/fyrsta-makkabeabok-14-kafli\/","title":{"rendered":"Fyrsta Makkabeab\u00f3k 14. kafli"},"content":{"rendered":"<h3 class=\"millifyrirsogn_2007\"> Par\u00fear taka Demetr\u00edus II til fanga<\/h3>\n<p><a name=\"1\"><span class=\"versanumer_2007\">1<\/span><\/a> \u00c1ri\u00f0 eitt hundra\u00f0 sj\u00f6t\u00edu og tv\u00f6<span class=\"nedan_mal\" title=\" \u00de.e. 140 f.Kr.\">[<\/span> safna\u00f0i Demetr\u00edus konungur li\u00f0i s\u00ednu og h\u00e9lt til Med\u00edu til a\u00f0 afla s\u00e9r li\u00f0styrks til herna\u00f0ar gegn Tr\u00fdfoni. <a name=\"2\"><span class=\"versanumer_2007\">2<\/span><\/a> En \u00feegar Arsakes, konungur Persa og Med\u00edu, haf\u00f0i spurnir af \u00fev\u00ed a\u00f0 Demetr\u00edus v\u00e6ri kominn \u00ed land sitt sendi Arsakes einn hersh\u00f6f\u00f0ingja sinna til a\u00f0 n\u00e1 honum lifandi \u00e1 sitt vald. <a name=\"3\"><span class=\"versanumer_2007\">3<\/span><\/a> Hersh\u00f6f\u00f0inginn f\u00f3r \u00feegar og sigra\u00f0i her Demetr\u00edusar, t\u00f3k hann h\u00f6ndum og f\u00f3r me\u00f0 hann til Arsakesar sem setti hann \u00ed fangelsi.<\/p>\n<h3 class=\"millifyrirsogn_2007\">Lofgj\u00f6r\u00f0 um S\u00edmon<\/h3>\n<p><span class=\"ljodatexti\"> <a name=\"4\"><span class=\"versanumer_ljod\">4<\/span><\/a>\u00cd landinu var\u00f0 fri\u00f0ur um daga S\u00edmonar.<br \/>Hann vann a\u00f0 heill \u00fej\u00f3\u00f0ar sinnar.<br \/>Vald hans og tign var henni til gle\u00f0i<br \/>svo lengi sem hann lif\u00f0i.<br \/> <\/span> <span class=\"ljodatexti\"> <a name=\"5\"><span class=\"versanumer_ljod\">5<\/span><\/a> Auk allra annarra d\u00e1\u00f0a vann hann Joppe<br \/>sem var\u00f0 hafnarborg og opna\u00f0i lei\u00f0 til eyja hafsins.<br \/> <\/span> <span class=\"ljodatexti\"> <a name=\"6\"><span class=\"versanumer_ljod\">6<\/span><\/a> Hann f\u00e6r\u00f0i \u00fat landam\u00e6ri \u00fej\u00f3\u00f0ar sinnar<br \/>og styrkti v\u00f6ld s\u00edn \u00ed landi.<br \/> <\/span> <span class=\"ljodatexti\"> <a name=\"7\"><span class=\"versanumer_ljod\">7<\/span><\/a> Hann leiddi fj\u00f6ld herfanga heim,<br \/>n\u00e1\u00f0i v\u00f6ldum \u00ed Geser og Bet S\u00far<br \/>og virkinu \u00ed Jer\u00fasalem.<br \/>\u00dea\u00f0an hrakti hann allt \u00f3hreint,<br \/>enginn reis gegn honum.<br \/> <\/span> <span class=\"ljodatexti\"> <a name=\"8\"><span class=\"versanumer_ljod\">8<\/span><\/a> Menn g\u00e1tu r\u00e6kta\u00f0 land sitt \u00ed fri\u00f0i,<br \/>j\u00f6r\u00f0in gaf af s\u00e9r<br \/>og tr\u00e9 merkurinnar b\u00e1ru \u00e1vexti.<br \/> <\/span> <span class=\"ljodatexti\"> <a name=\"9\"><span class=\"versanumer_ljod\">9<\/span><\/a> \u00d6ldungar s\u00e1tu \u00e1 str\u00e6tum \u00fati,<br \/>skeggr\u00e6ddu hagfelldar t\u00ed\u00f0ir,<br \/>en \u00e6skumenn kl\u00e6ddust veglegum herskr\u00fa\u00f0a.<br \/> <\/span> <span class=\"ljodatexti\"> <a name=\"10\"><span class=\"versanumer_ljod\">10<\/span><\/a> S\u00edmon birg\u00f0i borgirnar upp,<br \/>bj\u00f3 \u00fe\u00e6r m\u00e1ttugum vopnum til varnar<br \/>svo a\u00f0 or\u00f0st\u00edr hans barst til endimarka jar\u00f0ar.<br \/> <\/span> <span class=\"ljodatexti\"> <a name=\"11\"><span class=\"versanumer_ljod\">11<\/span><\/a> Hann kom \u00e1 fri\u00f0i \u00ed landi<br \/>og mikill f\u00f6gnu\u00f0ur r\u00edkti \u00ed \u00cdsrael.<br \/> <\/span> <span class=\"ljodatexti\"> <a name=\"12\"><span class=\"versanumer_ljod\">12<\/span><\/a> S\u00e9rhver sat undir v\u00ednvi\u00f0 s\u00ednum e\u00f0a f\u00edkjutr\u00e9<br \/>og st\u00f3\u00f0 ekki beygur af neinum.<br \/> <\/span> <span class=\"ljodatexti\"> <a name=\"13\"><span class=\"versanumer_ljod\">13<\/span><\/a> Enginn r\u00e9\u00f0st lengur a\u00f0 \u00feeim \u00ed landinu,<br \/>\u00e1 \u00feeim d\u00f6gum var vald konunga broti\u00f0 \u00e1 bak aftur.<br \/> <\/span> <span class=\"ljodatexti\"> <a name=\"14\"><span class=\"versanumer_ljod\">14<\/span><\/a> Hann var sto\u00f0 b\u00e1gst\u00f6ddum me\u00f0al \u00fej\u00f3\u00f0ar sinnar.<br \/>Ritningarnar rannsaka\u00f0i S\u00edmon<br \/>og afm\u00e1\u00f0i alla sem n\u00edddu l\u00f6gm\u00e1li\u00f0 og voru illir.<br \/> <\/span> <span class=\"ljodatexti\"> <a name=\"15\"><span class=\"versanumer_ljod\">15<\/span><\/a> Hann j\u00f3k vegsemd helgid\u00f3msins<br \/>og fj\u00f6lga\u00f0i helgum \u00e1h\u00f6ldum hans. <\/span> <\/p>\n<h3 class=\"millifyrirsogn_2007\">Bandalag vi\u00f0 R\u00f3mverja og Spartverja endurn\u00fdja\u00f0<\/h3>\n<p><a name=\"16\"><span class=\"versanumer_2007\">16<\/span><\/a> T\u00ed\u00f0indin um dau\u00f0a J\u00f3natans b\u00e1rust til R\u00f3mar og Sp\u00f6rtu og v\u00f6ktu \u00feau mikla hrygg\u00f0. <a name=\"17\"><span class=\"versanumer_2007\">17<\/span><\/a> \u00deegar R\u00f3mverjar heyr\u00f0u a\u00f0 S\u00edmon br\u00f3\u00f0ir hans v\u00e6ri tekinn vi\u00f0 \u00e6\u00f0staprestsemb\u00e6ttinu og hef\u00f0i borgir og land \u00e1 valdi s\u00ednu <a name=\"18\"><span class=\"versanumer_2007\">18<\/span><\/a> ritu\u00f0u \u00feeir honum br\u00e9f \u00e1 eirt\u00f6flur til a\u00f0 endurn\u00fdja \u00fe\u00e1 vin\u00e1ttu og bandalag sem \u00feeir \u00e1\u00f0ur ger\u00f0u vi\u00f0 J\u00fadas og J\u00f3natan, br\u00e6\u00f0ur hans. <a name=\"19\"><span class=\"versanumer_2007\">19<\/span><\/a> Var br\u00e9f \u00feeirra lesi\u00f0 upp fyrir s\u00f6fnu\u00f0inn \u00ed Jer\u00fasalem. <a name=\"20\"><span class=\"versanumer_2007\">20<\/span><\/a> H\u00e9r fer \u00e1 eftir afrit af br\u00e9finu sem Spartverjar sendu:<br \/>\u201eLei\u00f0togar Spartverja og borgarb\u00faar senda S\u00edmoni \u00e6\u00f0sta presti kve\u00f0ju, sem og \u00f6ldungum, prestum og allri Gy\u00f0inga\u00fej\u00f3\u00f0 sem er br\u00e6\u00f0ur okkar. <a name=\"21\"><span class=\"versanumer_2007\">21<\/span><\/a> Sendimenn \u00feeir sem \u00fei\u00f0 sendu\u00f0 til \u00fej\u00f3\u00f0ar okkar hafa greint okkur fr\u00e1 vegsemd ykkar og hei\u00f0ri og gladdi heims\u00f3kn \u00feeirra okkur. <a name=\"22\"><span class=\"versanumer_2007\">22<\/span><\/a> Erindi \u00feeirra h\u00f6fum vi\u00f0 skr\u00e1\u00f0 \u00ed \u00fej\u00f3\u00f0arsam\u00feykktirnar sem h\u00e9r segir:<br \/>N\u00famen\u00edus Ant\u00edokkusson og Ant\u00edpater Jasonarson, fulltr\u00faar Gy\u00f0inga, eru komnir til okkar til a\u00f0 endurn\u00fdja vin\u00e1ttu vi\u00f0 okkur. <a name=\"23\"><span class=\"versanumer_2007\">23<\/span><\/a> \u00c1kva\u00f0 \u00fej\u00f3\u00f0in a\u00f0 taka veglega \u00e1 m\u00f3ti \u00feeim, skr\u00e1 or\u00f0 \u00feeirra og koma afriti fyrir \u00ed r\u00edkisskjalasafni svo a\u00f0 Spartverjar eigi \u00feau til minja.<br \/>Afrit af skjalinu er h\u00e9r me\u00f0 sent S\u00edmoni \u00e6\u00f0sta presti.\u201c<br \/> <a name=\"24\"><span class=\"versanumer_2007\">24<\/span><\/a> S\u00ed\u00f0an sendi S\u00edmon N\u00famen\u00edus til R\u00f3mar me\u00f0 st\u00f3ran gullskj\u00f6ld sem v\u00f3 eitt \u00fe\u00fasund m\u00ednur til a\u00f0 sta\u00f0festa bandalagi\u00f0 vi\u00f0 \u00fe\u00e1.<\/p>\n<h3 class=\"millifyrirsogn_2007\">\u00dej\u00f3\u00f0in launar S\u00edmoni<\/h3>\n<p><a name=\"25\"><span class=\"versanumer_2007\">25<\/span><\/a> \u00deegar \u00feetta barst landsl\u00fd\u00f0 til eyrna sag\u00f0i hver vi\u00f0 annan: \u201eHvernig eigum vi\u00f0 a\u00f0 s\u00fdna S\u00edmoni og sonum hans \u00feakkl\u00e6ti okkar? <a name=\"26\"><span class=\"versanumer_2007\">26<\/span><\/a> Hann og br\u00e6\u00f0ur hans og fj\u00f6lskylda f\u00f6\u00f0ur hans hafa s\u00fdnt sta\u00f0festu og hrundi\u00f0 \u00f3vinum \u00cdsraels af h\u00f6ndum og tryggt \u00fej\u00f3\u00f0inni frelsi.\u201c Var \u00e1letrun ger\u00f0 \u00e1 eirskj\u00f6ld sem komi\u00f0 var fyrir \u00e1 s\u00falum \u00e1 S\u00edonfjalli. <a name=\"27\"><span class=\"versanumer_2007\">27<\/span><\/a> H\u00e9r fylgir afrit af \u00fev\u00ed sem \u00fear var skr\u00e1\u00f0:<br \/>\u201e\u00c1tj\u00e1nda dag el\u00falm\u00e1na\u00f0ar \u00e1ri\u00f0 eitt hundra\u00f0 sj\u00f6t\u00edu og tv\u00f6,<span class=\"nedan_mal\" title=\" \u00de.e. mi\u00f0ur september 140 f.Kr.\">[<\/span> \u00fea\u00f0 er \u00feri\u00f0ja stj\u00f3rnar\u00e1r S\u00edmonar \u00e6\u00f0sta prests og saramels, <a name=\"28\"><span class=\"versanumer_2007\">28<\/span><\/a> var okkur kunngj\u00f6rt eftirfarandi \u00e1 mikilli samkomu presta, \u00fej\u00f3\u00f0ar og lei\u00f0toga landsins:<br \/> <a name=\"29\"><span class=\"versanumer_2007\">29<\/span><\/a> Oft hefur landi\u00f0 veri\u00f0 hrj\u00e1\u00f0 af styrj\u00f6ldum en S\u00edmon Mattat\u00edasson af \u00e6tt J\u00f3jar\u00edbs og br\u00e6\u00f0ur hans hafa stefnt l\u00edfi s\u00ednu \u00ed h\u00e6ttu me\u00f0 \u00fev\u00ed a\u00f0 veita andst\u00e6\u00f0ingum \u00fej\u00f3\u00f0ar sinnar m\u00f3tspyrnu til a\u00f0 tryggja a\u00f0 helgid\u00f3mur hennar og l\u00f6gm\u00e1l fengi haldist. \u00deeir hafa auki\u00f0 hr\u00f3\u00f0ur \u00fej\u00f3\u00f0ar sinnar st\u00f3rum. <a name=\"30\"><span class=\"versanumer_2007\">30<\/span><\/a> J\u00f3natan sameina\u00f0i \u00fej\u00f3\u00f0 \u00feeirra og var\u00f0 \u00e6\u00f0sti prestur hennar. \u00deegar hann safna\u00f0ist til fe\u00f0ra sinna <a name=\"31\"><span class=\"versanumer_2007\">31<\/span><\/a> \u00e6tlu\u00f0u \u00f3vinir \u00fej\u00f3\u00f0arinnar a\u00f0 r\u00e1\u00f0ast inn \u00ed landi\u00f0 til a\u00f0 ey\u00f0a \u00fev\u00ed og spilla helgid\u00f3minum. <a name=\"32\"><span class=\"versanumer_2007\">32<\/span><\/a> \u00de\u00e1 gekk S\u00edmon fram fyrir skj\u00f6ldu og bar\u00f0ist fyrir \u00fej\u00f3\u00f0 s\u00edna. Hann var\u00f0i miklu af eigum s\u00ednum til a\u00f0 b\u00faa hermenn \u00fej\u00f3\u00f0ar sinnar vopnum og gjalda \u00feeim m\u00e1la. <a name=\"33\"><span class=\"versanumer_2007\">33<\/span><\/a> V\u00edggirti hann borgir J\u00fadeu, einkum Bet S\u00far vi\u00f0 landam\u00e6ri J\u00fadeu \u00fear sem vopnab\u00far \u00f3vina var \u00e1\u00f0ur. \u00dear kom hann fyrir setuli\u00f0i Gy\u00f0inga. <a name=\"34\"><span class=\"versanumer_2007\">34<\/span><\/a> Einnig v\u00edggirti hann Joppe vi\u00f0 hafi\u00f0 og Geser sem liggur a\u00f0 bygg\u00f0um Asd\u00f3d. \u00cd \u00feeim borgum bjuggu fyrr meir \u00f3vinir en S\u00edmon bygg\u00f0i \u00fe\u00e6r Gy\u00f0ingum og s\u00e1 \u00feeim fyrir \u00f6llu sem \u00feeir \u00feurftu til vi\u00f0urv\u00e6ris. <a name=\"35\"><span class=\"versanumer_2007\">35<\/span><\/a> \u00deegar \u00fej\u00f3\u00f0in s\u00e1 tr\u00fafesti S\u00edmonar og \u00fea\u00f0 sem hann vildi vinna henni til vegsemdar ger\u00f0i \u00fej\u00f3\u00f0in hann a\u00f0 lei\u00f0toga s\u00ednum og \u00e6\u00f0sta presti \u00ed \u00feakkar skyni fyrir allt sem hann haf\u00f0i unni\u00f0 henni vel og fyrir a\u00f0 hafa \u00e6t\u00ed\u00f0 s\u00fdnt henni r\u00e9ttl\u00e6ti og tr\u00fafesti. \u00cd \u00f6llu haf\u00f0i hann leitast vi\u00f0 a\u00f0 hefja \u00fej\u00f3\u00f0 s\u00edna til vegs.<br \/> <a name=\"36\"><span class=\"versanumer_2007\">36<\/span><\/a> \u00c1 d\u00f6gum hans og undir stj\u00f3rn hans au\u00f0na\u00f0ist a\u00f0 hrekja hei\u00f0ingjana \u00far landi, einnig \u00fe\u00e1 sem h\u00e9ldu til \u00ed Dav\u00ed\u00f0sborg \u00ed Jer\u00fasalem. \u00deeir h\u00f6f\u00f0u gert s\u00e9r virki og ger\u00f0u i\u00f0ulega \u00fathlaup \u00fea\u00f0an, saurgu\u00f0u allt umhverfi helgid\u00f3msins og spilltu hreinleik hans mj\u00f6g. <a name=\"37\"><span class=\"versanumer_2007\">37<\/span><\/a> Kom S\u00edmon Gy\u00f0ingum fyrir \u00ed virkinu, v\u00edggirti \u00fea\u00f0 til verndar landi og borg og h\u00e6kka\u00f0i m\u00fara Jer\u00fasalem. <a name=\"38\"><span class=\"versanumer_2007\">38<\/span><\/a> S\u00f6kum \u00feessa sta\u00f0festi Demetr\u00edus konungur \u00e6\u00f0staprestd\u00f3m S\u00edmonar, <a name=\"39\"><span class=\"versanumer_2007\">39<\/span><\/a> ger\u00f0i hann a\u00f0 vini konungs og veitti honum mikla vegsemd. <a name=\"40\"><span class=\"versanumer_2007\">40<\/span><\/a> Enda haf\u00f0i hann l\u00edka fr\u00e9tt a\u00f0 R\u00f3mverjar veittu sendim\u00f6nnum S\u00edmonar veglegar m\u00f3tt\u00f6kur og l\u00fdstu Gy\u00f0inga vini s\u00edna, br\u00e6\u00f0ur og bandamenn.<br \/> <a name=\"41\"><span class=\"versanumer_2007\">41<\/span><\/a> Af \u00feessum \u00e1st\u00e6\u00f0um hafa Gy\u00f0ingar og prestarnir \u00e1kve\u00f0i\u00f0 a\u00f0 S\u00edmon skuli vera lei\u00f0togi og \u00e6\u00f0sti prestur til framb\u00fa\u00f0ar, allt \u00fear til sannur sp\u00e1ma\u00f0ur kemur fram. <a name=\"42\"><span class=\"versanumer_2007\">42<\/span><\/a> Skal hann og vera hersh\u00f6f\u00f0ingi \u00feeirra og ala \u00f6nn fyrir helgid\u00f3minum og skal hann og hafa vald til a\u00f0 setja menn yfir st\u00f6rf \u00ed almanna\u00fe\u00e1gu, landi\u00f0, vopnin og virkin. <a name=\"43\"><span class=\"versanumer_2007\">43<\/span><\/a> Hann skal bera \u00e1byrg\u00f0 \u00e1 helgid\u00f3minum og allir skulu hl\u00fd\u00f0a honum. Allir samningar \u00ed landinu skulu mi\u00f0a\u00f0ir vi\u00f0 stj\u00f3rnart\u00ed\u00f0 hans. Hann skal bera purpurakyrtil og gullmen. <a name=\"44\"><span class=\"versanumer_2007\">44<\/span><\/a> Engum af landsl\u00fd\u00f0, hvorki l\u00e6r\u00f0um n\u00e9 leikum, er heimilt a\u00f0 fella neitt \u00feessara \u00e1kv\u00e6\u00f0a \u00far gildi e\u00f0a m\u00e6la m\u00f3ti neinu sem S\u00edmon hefur sagt. Hvorki er neinum heimilt a\u00f0 stefna f\u00f3lki saman nokkurs sta\u00f0ar \u00ed landinu \u00e1n hans leyfis n\u00e9 a\u00f0 kl\u00e6\u00f0ast purpura e\u00f0a bera gullsylgju. <a name=\"45\"><span class=\"versanumer_2007\">45<\/span><\/a> S\u00e9rhverjum skal hegnt sem br\u00fdtur gegn einhverju \u00feessara \u00e1kv\u00e6\u00f0a e\u00f0a fellir eitthvert \u00feeirra \u00far gildi. <a name=\"46\"><span class=\"versanumer_2007\">46<\/span><\/a> Allur landsl\u00fd\u00f0ur hefur sam\u00feykkt a\u00f0 veita S\u00edmoni \u00feau r\u00e9ttindi sem a\u00f0 ofan greinir. <a name=\"47\"><span class=\"versanumer_2007\">47<\/span><\/a> S\u00edmon hefur fallist \u00e1 \u00e1kv\u00f6r\u00f0un \u00feessa og a\u00f0 gegna emb\u00e6tti \u00e6\u00f0sta prests, hersh\u00f6f\u00f0ingja og \u00fej\u00f3\u00f0h\u00f6f\u00f0ingja Gy\u00f0inga og prestanna og st\u00fdra \u00f6llum m\u00e1lum \u00feeirra.<br \/> <a name=\"48\"><span class=\"versanumer_2007\">48<\/span><\/a> \u00c1kve\u00f0i\u00f0 var a\u00f0 \u00feessi \u00e1kv\u00e6\u00f0i skyldu ritu\u00f0 \u00e1 eirspj\u00f6ld og \u00feau hengd upp \u00e1 \u00e1berandi sta\u00f0 \u00e1 musterissv\u00e6\u00f0inu. <a name=\"49\"><span class=\"versanumer_2007\">49<\/span><\/a> Afrit skal leggja \u00ed fj\u00e1rhirsluna, S\u00edmoni og sonum hans til eignar.\u201c<\/p>\n","protected":false},"excerpt":{"rendered":"<p>Par\u00fear taka Demetr\u00edus II til fanga 1 \u00c1ri\u00f0 eitt hundra\u00f0 sj\u00f6t\u00edu og tv\u00f6[ safna\u00f0i Demetr\u00edus konungur li\u00f0i s\u00ednu og h\u00e9lt til Med\u00edu til a\u00f0 afla s\u00e9r li\u00f0styrks til herna\u00f0ar gegn Tr\u00fdfoni. 2 En \u00feegar Arsakes, konungur Persa og Med\u00edu, haf\u00f0i spurnir af \u00fev\u00ed a\u00f0 Demetr\u00edus v\u00e6ri kominn \u00ed land sitt sendi Arsakes einn hersh\u00f6f\u00f0ingja sinna til a\u00f0 n\u00e1 honum lifandi \u00e1 sitt vald. 3 Hersh\u00f6f\u00f0inginn f\u00f3r \u00feegar og sigra\u00f0i her Demetr\u00edusar, t\u00f3k hann h\u00f6ndum og f\u00f3r me\u00f0 hann til Arsakesar sem setti hann \u00ed fangelsi. Lofgj\u00f6r\u00f0 um S\u00edmon 4\u00cd landinu var\u00f0 fri\u00f0ur um daga S\u00edmonar.Hann vann a\u00f0 heill \u00fej\u00f3\u00f0ar sinnar.Vald <a href=\"https:\/\/biblian.is\/biblian\/fyrsta-makkabeabok-14-kafli\/\"> [&#8230;]<\/a><\/p>\n","protected":false},"author":1,"featured_media":0,"parent":0,"menu_order":0,"comment_status":"open","ping_status":"open","template":"bibliukaflar.php","meta":{"footnotes":""},"class_list":["post-2937","page","type-page","status-publish","hentry"],"_links":{"self":[{"href":"https:\/\/biblian.is\/biblian\/wp-json\/wp\/v2\/pages\/2937","targetHints":{"allow":["GET"]}}],"collection":[{"href":"https:\/\/biblian.is\/biblian\/wp-json\/wp\/v2\/pages"}],"about":[{"href":"https:\/\/biblian.is\/biblian\/wp-json\/wp\/v2\/types\/page"}],"author":[{"embeddable":true,"href":"https:\/\/biblian.is\/biblian\/wp-json\/wp\/v2\/users\/1"}],"replies":[{"embeddable":true,"href":"https:\/\/biblian.is\/biblian\/wp-json\/wp\/v2\/comments?post=2937"}],"version-history":[{"count":0,"href":"https:\/\/biblian.is\/biblian\/wp-json\/wp\/v2\/pages\/2937\/revisions"}],"wp:attachment":[{"href":"https:\/\/biblian.is\/biblian\/wp-json\/wp\/v2\/media?parent=2937"}],"curies":[{"name":"wp","href":"https:\/\/api.w.org\/{rel}","templated":true}]}}