{"id":2935,"date":"2017-12-30T21:05:14","date_gmt":"2017-12-30T21:05:14","guid":{"rendered":"http:\/\/biblian.is\/biblian\/fyrsta-makkabeab%c2%97k-12-kafli\/"},"modified":"2018-01-02T02:56:27","modified_gmt":"2018-01-02T02:56:27","slug":"fyrsta-makkabeabok-12-kafli","status":"publish","type":"page","link":"https:\/\/biblian.is\/biblian\/fyrsta-makkabeabok-12-kafli\/","title":{"rendered":"Fyrsta Makkabeab\u00f3k 12. kafli"},"content":{"rendered":"<h3 class=\"millifyrirsogn_2007\"> Bandalag vi\u00f0 R\u00f3mverja og Spartverja<\/h3>\n<p><a name=\"1\"><span class=\"versanumer_2007\">1<\/span><\/a> J\u00f3natan s\u00e1 n\u00fa a\u00f0 a\u00f0st\u00e6\u00f0ur h\u00f6f\u00f0u \u00fer\u00f3ast honum \u00ed vil. Valdi hann menn til farar til R\u00f3mar til a\u00f0 sta\u00f0festa og endurn\u00fdja vin\u00e1ttusamning vi\u00f0 R\u00f3mverja. <a name=\"2\"><span class=\"versanumer_2007\">2<\/span><\/a> S\u00f6mulei\u00f0is sendi hann br\u00e9f sama efnis til Sp\u00f6rtu og annarra \u00fej\u00f3\u00f0a. <a name=\"3\"><span class=\"versanumer_2007\">3<\/span><\/a> Sendimennirnir komu til R\u00f3mar, gengu fyrir r\u00e1\u00f0i\u00f0 og \u00e1v\u00f6rpu\u00f0u \u00fea\u00f0: \u201eJ\u00f3natan \u00e6\u00f0sti prestur og Gy\u00f0inga\u00fej\u00f3\u00f0in senda okkur til a\u00f0 endurn\u00fdja fyrri samning okkar um vin\u00e1ttu og bandalag.\u201c <a name=\"4\"><span class=\"versanumer_2007\">4<\/span><\/a> R\u00f3mverjar fengu \u00feeim br\u00e9f sem \u00e1minnti yfirv\u00f6ld hvers sta\u00f0ar um a\u00f0 grei\u00f0a g\u00f6tu \u00feeirra heim til Gy\u00f0ingalands.<br \/> <a name=\"5\"><span class=\"versanumer_2007\">5<\/span><\/a> H\u00e9r fer \u00e1 eftir afrit af br\u00e9fi J\u00f3natans til Spartverja. <a name=\"6\"><span class=\"versanumer_2007\">6<\/span><\/a> \u201eJ\u00f3natan \u00e6\u00f0sti prestur, \u00f6ldungar\u00e1\u00f0 \u00fej\u00f3\u00f0arinnar, prestarnir og \u00f6ll Gy\u00f0inga\u00fej\u00f3\u00f0 sendir br\u00e6\u00f0rum s\u00ednum, Spartverjum, kve\u00f0ju. <a name=\"7\"><span class=\"versanumer_2007\">7<\/span><\/a> Fyrir l\u00f6ngu sendi Ar\u00edus, \u00fe\u00e1verandi konungur ykkar, \u00d3n\u00edasi \u00e6\u00f0sta presti br\u00e9f um a\u00f0 \u00fei\u00f0 s\u00e9u\u00f0 br\u00e6\u00f0ur okkar eins og me\u00f0fylgjandi afrit \u00feess s\u00fdnir. <a name=\"8\"><span class=\"versanumer_2007\">8<\/span><\/a> \u00d3n\u00edas t\u00f3k sendibo\u00f0anum me\u00f0 kostum og kynjum og einnig br\u00e9funum sem kv\u00e1\u00f0u \u00e1 um bandalag og vin\u00e1ttu. <a name=\"9\"><span class=\"versanumer_2007\">9<\/span><\/a> Vissulega \u00fe\u00f6rfnumst vi\u00f0 sl\u00edks ekki \u00fev\u00ed a\u00f0 vi\u00f0 h\u00f6fum hj\u00e1sto\u00f0 hinna helgu b\u00f3ka sem vi\u00f0 eigum. <a name=\"10\"><span class=\"versanumer_2007\">10<\/span><\/a> Samt sendum vi\u00f0 ykkur \u00feetta br\u00e9f til endurn\u00fdjunar br\u00e6\u00f0ralags og vin\u00e1ttu vi\u00f0 ykkur svo a\u00f0 vi\u00f0 ver\u00f0um ykkur eigi framandi en langt er um li\u00f0i\u00f0 s\u00ed\u00f0an okkur barst sending ykkar. <a name=\"11\"><span class=\"versanumer_2007\">11<\/span><\/a> Aldrei l\u00e1tum vi\u00f0 undir h\u00f6fu\u00f0 leggjast a\u00f0 minnast ykkar hvert sinn er vi\u00f0 f\u00e6rum f\u00f3rn og \u00ed b\u00e6num okkar, jafnt \u00e1 h\u00e1t\u00ed\u00f0um sem vi\u00f0 \u00f6nnur t\u00e6kif\u00e6ri, eins og b\u00e6\u00f0i er skylt og r\u00e9tt a\u00f0 minnast br\u00e6\u00f0ra sinna. <a name=\"12\"><span class=\"versanumer_2007\">12<\/span><\/a> Vi\u00f0 f\u00f6gnum yfir fr\u00e6g\u00f0 ykkar. <a name=\"13\"><span class=\"versanumer_2007\">13<\/span><\/a> \u00ddmsir \u00f6r\u00f0ugleikar hafa ste\u00f0ja\u00f0 a\u00f0 okkur \u00far \u00f6llum \u00e1ttum, og margt str\u00ed\u00f0i\u00f0, og konungarnir \u00ed grannr\u00edkjunum hafa herja\u00f0 \u00e1 okkur. <a name=\"14\"><span class=\"versanumer_2007\">14<\/span><\/a> Ekki vildum vi\u00f0 \u00fe\u00f3 \u00f3maka ykkur n\u00e9 a\u00f0ra bandamenn okkar og vini \u00ed \u00feessum styrj\u00f6ldum <a name=\"15\"><span class=\"versanumer_2007\">15<\/span><\/a> \u00fev\u00ed a\u00f0 vi\u00f0 h\u00f6fum hj\u00e1lp \u00e1 himni sem veitir okkur fulltingi og hefur frelsa\u00f0 okkur fr\u00e1 \u00f3vinum okkar og komi\u00f0 \u00feeim \u00e1 kn\u00e9.<br \/> <a name=\"16\"><span class=\"versanumer_2007\">16<\/span><\/a> N\u00fa h\u00f6fum vi\u00f0 kj\u00f6ri\u00f0 N\u00famen\u00edus Ant\u00edokkusson og Ant\u00edpater Jasonarson til farar til R\u00f3mverja til a\u00f0 endurn\u00fdja fyrri vin\u00e1ttu og bandalag vi\u00f0 \u00fe\u00e1. <a name=\"17\"><span class=\"versanumer_2007\">17<\/span><\/a> Vi\u00f0 h\u00f6fum einnig fali\u00f0 \u00feeim a\u00f0 fara til ykkar og bera ykkur kve\u00f0ju okkar og afhenda ykkur \u00feetta br\u00e9f um endurn\u00fdjun \u00e1 br\u00e6\u00f0ralagi okkar. <a name=\"18\"><span class=\"versanumer_2007\">18<\/span><\/a> Vel geri\u00f0 \u00fei\u00f0 ef \u00fei\u00f0 sendi\u00f0 okkur svar vi\u00f0 \u00feessu.\u201c<br \/> <a name=\"19\"><span class=\"versanumer_2007\">19<\/span><\/a> Afrit af br\u00e9finu sem \u00d3n\u00edas f\u00e9kk er svohlj\u00f3\u00f0andi: <a name=\"20\"><span class=\"versanumer_2007\">20<\/span><\/a> \u201eAr\u00edus, konungur Spartverja, sendir \u00d3n\u00edasi \u00e6\u00f0sta presti kve\u00f0ju. <a name=\"21\"><span class=\"versanumer_2007\">21<\/span><\/a> \u00cd riti einu um Spartverja og Gy\u00f0inga er fr\u00e1 \u00fev\u00ed greint a\u00f0 \u00feeir s\u00e9u br\u00e6\u00f0ur enda hvorir tveggja af \u00e6tt Abrahams. <a name=\"22\"><span class=\"versanumer_2007\">22<\/span><\/a> \u00dear sem v\u00e9r h\u00f6fum komist a\u00f0 \u00feessu ger\u00f0u\u00f0 \u00fei\u00f0 vel a\u00f0 skrifa oss um hagi ykkar. <a name=\"23\"><span class=\"versanumer_2007\">23<\/span><\/a> V\u00e9r munum svo svara br\u00e9fi ykkar. B\u00fasmali ykkar og eigur eru vorar og allt vort er ykkar og gefum v\u00e9r fyrirm\u00e6li um a\u00f0 \u00feetta ver\u00f0i kunngj\u00f6rt ykkur.\u201c<\/p>\n<h3 class=\"millifyrirsogn_2007\">Herfer\u00f0ir J\u00f3natans og S\u00edmonar<\/h3>\n<p><a name=\"24\"><span class=\"versanumer_2007\">24<\/span><\/a> J\u00f3natan fr\u00e9tti a\u00f0 hersh\u00f6f\u00f0ingjar Demetr\u00edusar v\u00e6ru komnir aftur me\u00f0 enn meiri herafla en \u00e1\u00f0ur til a\u00f0 r\u00e1\u00f0ast \u00e1 hann. <a name=\"25\"><span class=\"versanumer_2007\">25<\/span><\/a> Vildi hann ekki gefa \u00feeim t\u00f3m til a\u00f0 komast inn \u00ed land sitt og f\u00f3r \u00fev\u00ed fr\u00e1 Jer\u00fasalem og bj\u00f3 sig til atl\u00f6gu gegn \u00feeim \u00ed Hamath\u00e9ra\u00f0i. <a name=\"26\"><span class=\"versanumer_2007\">26<\/span><\/a> Hann sendi nj\u00f3snara \u00ed herb\u00fa\u00f0ir \u00feeirra og komu \u00feeir aftur me\u00f0 \u00fe\u00e6r nj\u00f3snir a\u00f0 \u00f3vinurinn v\u00e6ri a\u00f0 b\u00faa sig undir \u00e1r\u00e1s \u00e1 \u00fe\u00e1 um n\u00f3ttina. <a name=\"27\"><span class=\"versanumer_2007\">27<\/span><\/a> Vi\u00f0 s\u00f3lsetur skipa\u00f0i J\u00f3natan m\u00f6nnum s\u00ednum a\u00f0 vaka og vera undir vopnum og alb\u00fanir til bardaga alla n\u00f3ttina. Setti hann einnig var\u00f0menn umhverfis herb\u00fa\u00f0irnar.<br \/> <a name=\"28\"><span class=\"versanumer_2007\">28<\/span><\/a> Andst\u00e6\u00f0ingar J\u00f3natans fr\u00e9ttu a\u00f0 hann og menn hans v\u00e6ru b\u00fanir til bardaga. Olli \u00fea\u00f0 \u00feeim \u00f3tta og skelfingu. Kveiktu \u00feeir b\u00e1l \u00ed herb\u00fa\u00f0unum og h\u00e9ldu \u00e1 brott. <a name=\"29\"><span class=\"versanumer_2007\">29<\/span><\/a> J\u00f3natan og menn hans ur\u00f0u einskis v\u00edsari fyrr en \u00ed morguns\u00e1ri\u00f0 sakir eldbjarmans sem \u00feeir s\u00e1u. <a name=\"30\"><span class=\"versanumer_2007\">30<\/span><\/a> \u00deeir veittu \u00f3vinunum eftirf\u00f6r en n\u00e1\u00f0u \u00feeim ekki \u00fear sem \u00feeir komust yfir Elevterusflj\u00f3t. <a name=\"31\"><span class=\"versanumer_2007\">31<\/span><\/a> J\u00f3natan sneri \u00fe\u00e1 gegn Ar\u00f6bum, sem kallast Sabadear, sigra\u00f0i \u00fe\u00e1 og r\u00e6ndi herfangi. <a name=\"32\"><span class=\"versanumer_2007\">32<\/span><\/a> T\u00f3k hann sig upp \u00fea\u00f0an, h\u00e9lt til Damaskus og f\u00f3r um landi\u00f0 allt.<br \/> <a name=\"33\"><span class=\"versanumer_2007\">33<\/span><\/a> S\u00edmon f\u00f3r einnig herf\u00f6r um landi\u00f0 til Askalon og til v\u00edggirtu borganna \u00fear \u00ed grennd. Sneri hann s\u00ed\u00f0an til Joppe og t\u00f3k hana herskildi <a name=\"34\"><span class=\"versanumer_2007\">34<\/span><\/a> enda haf\u00f0i hann fregna\u00f0 a\u00f0 \u00e6tlunin v\u00e6ri a\u00f0 afhenda m\u00f6nnum Demetr\u00edusar virki\u00f0. Hann setti setuli\u00f0 \u00fear til a\u00f0 g\u00e6ta virkisins.<br \/> <a name=\"35\"><span class=\"versanumer_2007\">35<\/span><\/a> \u00deegar J\u00f3natan kom heim kalla\u00f0i hann \u00f6ldunga l\u00fd\u00f0sins saman og \u00e1kva\u00f0 \u00ed samr\u00e1\u00f0i vi\u00f0 \u00fe\u00e1 a\u00f0 reisa virki \u00ed J\u00fadeu. <a name=\"36\"><span class=\"versanumer_2007\">36<\/span><\/a> Einnig var afr\u00e1\u00f0i\u00f0 a\u00f0 h\u00e6kka m\u00fara Jer\u00fasalem og hla\u00f0a h\u00e1an m\u00far milli virkisins og borgarinnar til a\u00f0 skilja \u00fea\u00f0 fr\u00e1 borginni svo a\u00f0 virki\u00f0 einangra\u00f0ist og setuli\u00f0i\u00f0 g\u00e6ti hvorki selt neitt n\u00e9 keypt.<br \/> <a name=\"37\"><span class=\"versanumer_2007\">37<\/span><\/a> Menn dreif a\u00f0 til byggingarstarfa, en nokkur hluti m\u00farsins vi\u00f0 \u00e1rfarveginn a\u00f0 austanver\u00f0u var hruninn, og einnig ger\u00f0i hann vi\u00f0 hi\u00f0 svokalla\u00f0a Kafenata. <a name=\"38\"><span class=\"versanumer_2007\">38<\/span><\/a> S\u00edmon bygg\u00f0i einnig upp b\u00e6inn Had\u00edd \u00ed Sefela, v\u00edggirti hann og bj\u00f3 hann hli\u00f0um me\u00f0 slagbr\u00f6ndum.<\/p>\n<h3 class=\"millifyrirsogn_2007\">Tr\u00fdfon tekur J\u00f3natan til fanga<\/h3>\n<p><a name=\"39\"><span class=\"versanumer_2007\">39<\/span><\/a> Tr\u00fdfon sat um l\u00edf Ant\u00edokkusar konungs \u00fev\u00ed a\u00f0 sj\u00e1lfur vildi hann n\u00e1 v\u00f6ldum \u00ed As\u00edu og ver\u00f0a kr\u00fdndur konungur. <a name=\"40\"><span class=\"versanumer_2007\">40<\/span><\/a> Var hann ekki ugglaus um a\u00f0 J\u00f3natan mundi standa \u00ed vegi fyrir fyrir\u00e6tlunum \u00feeirra og halda me\u00f0 her gegn s\u00e9r. Tr\u00fdfon leita\u00f0i \u00fev\u00ed r\u00e1\u00f0a til a\u00f0 n\u00e1 J\u00f3natan og ry\u00f0ja honum \u00far vegi og h\u00e9lt til Bet Sean. <a name=\"41\"><span class=\"versanumer_2007\">41<\/span><\/a> J\u00f3natan f\u00f3r \u00ed m\u00f3ti honum me\u00f0 fj\u00f6rut\u00edu \u00fe\u00fasund \u00farvals bardagamenn og kom til Bet Sean. <a name=\"42\"><span class=\"versanumer_2007\">42<\/span><\/a> \u00deegar Tr\u00fdfon s\u00e1 a\u00f0 J\u00f3natan kom svo li\u00f0sterkur \u00feor\u00f0i hann ekki a\u00f0 leggja til atl\u00f6gu gegn honum. <a name=\"43\"><span class=\"versanumer_2007\">43<\/span><\/a> \u00deess \u00ed sta\u00f0 t\u00f3k hann veglega \u00e1 m\u00f3ti J\u00f3natan, kynnti hann fyrir \u00f6llum vinum s\u00ednum og gaf honum gjafir. Bau\u00f0 hann vinum s\u00ednum og herli\u00f0i a\u00f0 hl\u00fd\u00f0a J\u00f3natan eins og sj\u00e1lfum s\u00e9r.<br \/> <a name=\"44\"><span class=\"versanumer_2007\">44<\/span><\/a> Vi\u00f0 J\u00f3natan sag\u00f0i hann: \u201eHv\u00ed hefur \u00fe\u00fa lagt erfi\u00f0i \u00e1 allt \u00feetta li\u00f0 \u00far \u00fev\u00ed a\u00f0 enginn \u00f3fri\u00f0ur er okkar \u00ed milli? <a name=\"45\"><span class=\"versanumer_2007\">45<\/span><\/a> Sendu \u00fea\u00f0 til s\u00edns heima og veldu \u00fe\u00e9r f\u00e1eina a\u00f0 fylgisveinum. Komdu s\u00ed\u00f0an me\u00f0 m\u00e9r til Pt\u00f3lemais. \u00de\u00e1 skal \u00e9g afhenda \u00fe\u00e9r borgina og a\u00f0 auki hinar v\u00edggirtu borgirnar og hersveitirnar sem eftir eru og alla emb\u00e6ttismenn. S\u00ed\u00f0an mun \u00e9g fara og halda heimlei\u00f0is enda hinga\u00f0 kominn \u00feessara erinda.\u201c<br \/> <a name=\"46\"><span class=\"versanumer_2007\">46<\/span><\/a> J\u00f3natan lag\u00f0i tr\u00fana\u00f0 \u00e1 or\u00f0 hans og ger\u00f0i svo sem hann sag\u00f0i. Hann l\u00e9t li\u00f0i\u00f0 fara, og h\u00e9lt \u00fea\u00f0 til J\u00fadeu, <a name=\"47\"><span class=\"versanumer_2007\">47<\/span><\/a> en haf\u00f0i \u00ferj\u00fa \u00fe\u00fasund manns hj\u00e1 s\u00e9r. Tv\u00f6 \u00fe\u00fasund \u00feeirra skildi hann eftir \u00ed Gal\u00edleu en \u00fe\u00fasund f\u00f3ru me\u00f0 honum.<br \/> <a name=\"48\"><span class=\"versanumer_2007\">48<\/span><\/a> \u00deegar J\u00f3natan kom inn \u00ed Pt\u00f3lemais loku\u00f0u borgarb\u00faar hli\u00f0unum, gripu hann og hjuggu ni\u00f0ur alla sem me\u00f0 honum voru. <a name=\"49\"><span class=\"versanumer_2007\">49<\/span><\/a> Tr\u00fdfon sendi s\u00ed\u00f0an herli\u00f0 og riddara til Gal\u00edleu og \u00fat \u00e1 sl\u00e9ttuna miklu til a\u00f0 gera \u00fat af vi\u00f0 menn J\u00f3natans. <a name=\"50\"><span class=\"versanumer_2007\">50<\/span><\/a> \u00deegar m\u00f6nnum J\u00f3natans var\u00f0 lj\u00f3st a\u00f0 hann haf\u00f0i veri\u00f0 gripinn og farist me\u00f0 m\u00f6nnum s\u00ednum, st\u00f6ppu\u00f0u \u00feeir st\u00e1linu hver \u00ed annan og s\u00f3ttu fram fylktu li\u00f0i, alb\u00fanir til orrustu. <a name=\"51\"><span class=\"versanumer_2007\">51<\/span><\/a> Hinum, sem \u00fe\u00e1 ofs\u00f3ttu, skildist \u00fe\u00e1 a\u00f0 \u00feeir mundu berjast fyrir l\u00edfi s\u00ednu og sneru aftur. <a name=\"52\"><span class=\"versanumer_2007\">52<\/span><\/a> Menn J\u00f3natans komust \u00fev\u00ed allir heilir \u00e1 h\u00fafi til J\u00fadeu og h\u00f6rmu\u00f0u J\u00f3natan og li\u00f0smenn hans. Einnig voru \u00feeir \u00f3ttaslegnir mj\u00f6g og allur \u00cdsrael var harmi lostinn.<br \/> <a name=\"53\"><span class=\"versanumer_2007\">53<\/span><\/a> Allar \u00fej\u00f3\u00f0irnar umhverfis gripu t\u00e6kif\u00e6ri\u00f0 og reyndu a\u00f0 tort\u00edma \u00cdsraelsm\u00f6nnum og s\u00f6g\u00f0u sem svo: \u201e\u00deeir hafa hvorki fyrirli\u00f0a n\u00e9 neinn sem hj\u00e1lpar. Vi\u00f0 skulum r\u00e1\u00f0ast \u00e1 \u00fe\u00e1 og afm\u00e1 minningu \u00feeirra me\u00f0al manna.\u201c<\/p>\n","protected":false},"excerpt":{"rendered":"<p>Bandalag vi\u00f0 R\u00f3mverja og Spartverja 1 J\u00f3natan s\u00e1 n\u00fa a\u00f0 a\u00f0st\u00e6\u00f0ur h\u00f6f\u00f0u \u00fer\u00f3ast honum \u00ed vil. Valdi hann menn til farar til R\u00f3mar til a\u00f0 sta\u00f0festa og endurn\u00fdja vin\u00e1ttusamning vi\u00f0 R\u00f3mverja. 2 S\u00f6mulei\u00f0is sendi hann br\u00e9f sama efnis til Sp\u00f6rtu og annarra \u00fej\u00f3\u00f0a. 3 Sendimennirnir komu til R\u00f3mar, gengu fyrir r\u00e1\u00f0i\u00f0 og \u00e1v\u00f6rpu\u00f0u \u00fea\u00f0: \u201eJ\u00f3natan \u00e6\u00f0sti prestur og Gy\u00f0inga\u00fej\u00f3\u00f0in senda okkur til a\u00f0 endurn\u00fdja fyrri samning okkar um vin\u00e1ttu og bandalag.\u201c 4 R\u00f3mverjar fengu \u00feeim br\u00e9f sem \u00e1minnti yfirv\u00f6ld hvers sta\u00f0ar um a\u00f0 grei\u00f0a g\u00f6tu \u00feeirra heim til Gy\u00f0ingalands. 5 H\u00e9r fer \u00e1 eftir afrit af br\u00e9fi J\u00f3natans til Spartverja. <a href=\"https:\/\/biblian.is\/biblian\/fyrsta-makkabeabok-12-kafli\/\"> [&#8230;]<\/a><\/p>\n","protected":false},"author":1,"featured_media":0,"parent":0,"menu_order":0,"comment_status":"open","ping_status":"open","template":"bibliukaflar.php","meta":{"footnotes":""},"class_list":["post-2935","page","type-page","status-publish","hentry"],"_links":{"self":[{"href":"https:\/\/biblian.is\/biblian\/wp-json\/wp\/v2\/pages\/2935","targetHints":{"allow":["GET"]}}],"collection":[{"href":"https:\/\/biblian.is\/biblian\/wp-json\/wp\/v2\/pages"}],"about":[{"href":"https:\/\/biblian.is\/biblian\/wp-json\/wp\/v2\/types\/page"}],"author":[{"embeddable":true,"href":"https:\/\/biblian.is\/biblian\/wp-json\/wp\/v2\/users\/1"}],"replies":[{"embeddable":true,"href":"https:\/\/biblian.is\/biblian\/wp-json\/wp\/v2\/comments?post=2935"}],"version-history":[{"count":0,"href":"https:\/\/biblian.is\/biblian\/wp-json\/wp\/v2\/pages\/2935\/revisions"}],"wp:attachment":[{"href":"https:\/\/biblian.is\/biblian\/wp-json\/wp\/v2\/media?parent=2935"}],"curies":[{"name":"wp","href":"https:\/\/api.w.org\/{rel}","templated":true}]}}