{"id":2932,"date":"2017-12-30T21:05:14","date_gmt":"2017-12-30T21:05:14","guid":{"rendered":"http:\/\/biblian.is\/biblian\/fyrsta-makkabeab%c2%97k-9-kafli\/"},"modified":"2018-01-02T02:47:34","modified_gmt":"2018-01-02T02:47:34","slug":"fyrsta-makkabeabok-9-kafli","status":"publish","type":"page","link":"https:\/\/biblian.is\/biblian\/fyrsta-makkabeabok-9-kafli\/","title":{"rendered":"Fyrsta Makkabeab\u00f3k 9. kafli"},"content":{"rendered":"<h3 class=\"millifyrirsogn_2007\"> J\u00fadas Makkabeus fellur<\/h3>\n<p><a name=\"1\"><span class=\"versanumer_2007\">1<\/span><\/a> \u00deegar Demetr\u00edus fr\u00e9tti a\u00f0 N\u00edkanor v\u00e6ri fallinn \u00ed str\u00ed\u00f0inu \u00e1samt li\u00f0i s\u00ednu sendi hann Bakk\u00eddes og Alk\u00edmus \u00f6\u00f0ru sinni til J\u00fadeu og me\u00f0 \u00feeim h\u00e6gri fylkingararm hersins. <a name=\"2\"><span class=\"versanumer_2007\">2<\/span><\/a> H\u00e9ldu \u00feeir veginn til Gilgal, settust um Massal\u00f3t \u00ed Arbela, unnu borgina og t\u00f3ku fj\u00f6lda manns af l\u00edfi. <a name=\"3\"><span class=\"versanumer_2007\">3<\/span><\/a> \u00cd fyrsta m\u00e1nu\u00f0i \u00e1rsins eitt hundra\u00f0 fimmt\u00edu og tv\u00f6 sl\u00f3gu \u00feeir s\u00ed\u00f0an upp herb\u00fa\u00f0um vi\u00f0 Jer\u00fasalem. <a name=\"4\"><span class=\"versanumer_2007\">4<\/span><\/a> \u00dea\u00f0an t\u00f3ku \u00feeir sig upp og h\u00e9ldu til Beret me\u00f0 tuttugu \u00fe\u00fasund f\u00f3tg\u00f6nguli\u00f0a og tv\u00f6 \u00fe\u00fasund riddara. <a name=\"5\"><span class=\"versanumer_2007\">5<\/span><\/a> J\u00fadas haf\u00f0i sett upp herb\u00fa\u00f0ir \u00ed Elasa og haf\u00f0i \u00ferj\u00fa \u00fe\u00fasund manna einvalali\u00f0i \u00e1 a\u00f0 skipa. <a name=\"6\"><span class=\"versanumer_2007\">6<\/span><\/a> En er menn hans s\u00e1u hve \u00f3vinali\u00f0i\u00f0 var geysifj\u00f6lmennt ur\u00f0u \u00feeir \u00f3ttaslegnir og margir \u00feeirra komu s\u00e9r burt \u00far herb\u00fa\u00f0unum svo a\u00f0 eftir ur\u00f0u a\u00f0eins \u00e1tta hundru\u00f0 manns.<br \/> <a name=\"7\"><span class=\"versanumer_2007\">7<\/span><\/a> \u00deegar J\u00fadas var\u00f0 \u00feess var a\u00f0 her hans var brott hlaupinn og ekki hj\u00e1 bardaga komist missti hann m\u00f3\u00f0inn \u00fev\u00ed a\u00f0 enginn t\u00edmi var til a\u00f0 safna li\u00f0i. <a name=\"8\"><span class=\"versanumer_2007\">8<\/span><\/a> Vonsvikinn sag\u00f0i hann vi\u00f0 \u00fe\u00e1 sem eftir voru: \u201eKomum og f\u00f6rum gegn \u00f3vinum okkar. Hver veit nema vi\u00f0 getum sta\u00f0ist \u00fe\u00e1 \u00ed orrustu!\u201c <a name=\"9\"><span class=\"versanumer_2007\">9<\/span><\/a> \u00deeir reyndu a\u00f0 f\u00e1 hann ofan af \u00feessu og s\u00f6g\u00f0u: \u201e\u00dea\u00f0 er me\u00f0 \u00f6llu \u00f3f\u00e6rt. Reynum heldur a\u00f0 bjarga l\u00edfinu. S\u00ed\u00f0ar skulum vi\u00f0 og br\u00e6\u00f0ur okkar sn\u00faa aftur og berjast vi\u00f0 \u00f3vinina. Vi\u00f0 erum allt of f\u00e1ir.\u201c <a name=\"10\"><span class=\"versanumer_2007\">10<\/span><\/a> En J\u00fadas svara\u00f0i: \u201eAldrei skal \u00fea\u00f0 ver\u00f0a a\u00f0 \u00e9g fl\u00fdi undan \u00feeim. Ef stund okkar er komin \u00fe\u00e1 skulum vi\u00f0 deyja hughraustir fyrir br\u00e6\u00f0ur okkar og ekki l\u00e1ta eftir flekk \u00e1 mannor\u00f0i okkar.\u201c<br \/> <a name=\"11\"><span class=\"versanumer_2007\">11<\/span><\/a> \u00d3vinaherinn kom n\u00fa \u00fat \u00far herb\u00fa\u00f0unum og t\u00f3k s\u00e9r st\u00f6\u00f0u gegnt li\u00f0i J\u00fadasar. Riddurum \u00f3vinanna var skipt \u00ed tv\u00e6r fylkingar og undan li\u00f0inu f\u00f3ru menn me\u00f0 steinsl\u00f6ngvur og bogmenn. \u00cd broddi fylkingar voru allir hraustustu hermennirnir. <a name=\"12\"><span class=\"versanumer_2007\">12<\/span><\/a> Bakk\u00eddes h\u00e9lt sig \u00ed h\u00e6gri fylkingararminum.<br \/>Me\u00f0 l\u00fa\u00f0ra\u00feyt s\u00f3ttu fylkingar \u00f3vinanna fram \u00far tveimur \u00e1ttum. Menn J\u00fadasar \u00feeyttu einnig l\u00fa\u00f0ra s\u00edna. <a name=\"13\"><span class=\"versanumer_2007\">13<\/span><\/a> J\u00f6r\u00f0in skalf af h\u00e1va\u00f0a \u00feegar herjunum laust saman og st\u00f3\u00f0 orrustan fr\u00e1 morgni til kv\u00f6lds. <a name=\"14\"><span class=\"versanumer_2007\">14<\/span><\/a> J\u00fadas t\u00f3k eftir \u00fev\u00ed a\u00f0 Bakk\u00eddes og kjarni hers hans var \u00ed h\u00e6gra fylkingararmi. S\u00f6fnu\u00f0ust \u00fe\u00e1 allir til hans sem huga\u00f0ir voru <a name=\"15\"><span class=\"versanumer_2007\">15<\/span><\/a> og sigru\u00f0u J\u00fadas og menn hans h\u00e6gri fylkinguna og r\u00e1ku fl\u00f3tta \u00feeirra er hana skipu\u00f0u allt a\u00f0 Asotusfjalli. <a name=\"16\"><span class=\"versanumer_2007\">16<\/span><\/a> \u00deegar \u00feeir sem voru \u00ed vinstri fylkingararmi s\u00e1u a\u00f0 h\u00e6gri armurinn laut \u00ed l\u00e6gra haldi sneru \u00feeir vi\u00f0 og h\u00e9ldu \u00e1 h\u00e6la J\u00fadasi og m\u00f6nnum hans og r\u00e9\u00f0ust a\u00f0 \u00feeim aftan fr\u00e1. <a name=\"17\"><span class=\"versanumer_2007\">17<\/span><\/a> Har\u00f0na\u00f0i \u00fe\u00e1 bardaginn og f\u00e9llu margir s\u00e1rir \u00far b\u00e1\u00f0um li\u00f0um. <a name=\"18\"><span class=\"versanumer_2007\">18<\/span><\/a> Einnig f\u00e9ll J\u00fadas og fl\u00fd\u00f0u \u00fe\u00e1 hinir.<br \/> <a name=\"19\"><span class=\"versanumer_2007\">19<\/span><\/a> J\u00f3natan og S\u00edmon t\u00f3ku J\u00fadas br\u00f3\u00f0ur sinn og j\u00f6r\u00f0u\u00f0u hann \u00ed gr\u00f6f fe\u00f0ra hans \u00ed M\u00f3dein. <a name=\"20\"><span class=\"versanumer_2007\">20<\/span><\/a> \u00deeir gr\u00e9tu hann og allur \u00cdsrael harma\u00f0i hann mj\u00f6g, kveina\u00f0i og syrg\u00f0i d\u00f6gum saman og sag\u00f0i:<br \/> <span class=\"ljodatexti\"> <a name=\"21\"><span class=\"versanumer_ljod\">21<\/span><\/a> Hvernig m\u00e1 hetjan vera fallin, <br \/>frelsari \u00cdsraels? <\/span><a name=\"22\"><span class=\"versanumer_2007\">22<\/span><\/a> \u00dea\u00f0 sem \u00f3sagt er um J\u00fadas, str\u00ed\u00f0 hans og hetjud\u00e1\u00f0ir og st\u00f3rfengleik er \u00f3skr\u00e1\u00f0 l\u00e1ti\u00f0. \u00dear er af sl\u00edkum firnum a\u00f0 taka. <\/p>\n<h3 class=\"millifyrirsogn_2007\">J\u00f3natan tekur vi\u00f0 af J\u00fadasi<\/h3>\n<p><a name=\"23\"><span class=\"versanumer_2007\">23<\/span><\/a> \u00deegar J\u00fadas var fallinn fr\u00e1 \u00e1r\u00e6ddu l\u00f6gm\u00e1lsbrj\u00f3tar a\u00f0 s\u00fdna sig hvarvetna \u00ed bygg\u00f0um \u00cdsraels og \u00f6ll handbendi rangl\u00e6tisins a\u00f0 l\u00e1ta til s\u00edn taka. <a name=\"24\"><span class=\"versanumer_2007\">24<\/span><\/a> Um s\u00f6mu mundir var\u00f0 mikil hungursney\u00f0 og snerist \u00fej\u00f3\u00f0in til fylgis vi\u00f0 \u00fe\u00e1. <a name=\"25\"><span class=\"versanumer_2007\">25<\/span><\/a> Bakk\u00eddes valdi gu\u00f0lausa menn og ger\u00f0i \u00fe\u00e1 a\u00f0 r\u00e1\u00f0am\u00f6nnum \u00ed landinu. <a name=\"26\"><span class=\"versanumer_2007\">26<\/span><\/a> \u00deeir leitu\u00f0u vini J\u00fadasar uppi og f\u00e6r\u00f0u Bakk\u00eddesi \u00fe\u00e1 og hann hegndi \u00feeim og au\u00f0m\u00fdkti \u00fe\u00e1. <a name=\"27\"><span class=\"versanumer_2007\">27<\/span><\/a> Var\u00f0 \u00fev\u00edl\u00edk \u00ferenging \u00ed \u00cdsrael a\u00f0 ekki haf\u00f0i \u00f6nnur sl\u00edk veri\u00f0 s\u00ed\u00f0an sp\u00e1ma\u00f0ur birtist s\u00ed\u00f0ast hj\u00e1 \u00cdsraelsm\u00f6nnum.<br \/> <a name=\"28\"><span class=\"versanumer_2007\">28<\/span><\/a> \u00de\u00e1 s\u00f6fnu\u00f0ust allir vinir J\u00fadasar saman og s\u00f6g\u00f0u vi\u00f0 J\u00f3natan: <a name=\"29\"><span class=\"versanumer_2007\">29<\/span><\/a> \u201eFr\u00e1 \u00fev\u00ed J\u00fadas br\u00f3\u00f0ir \u00feinn l\u00e9st finnst enginn hans l\u00edki til a\u00f0 berjast gegn \u00f3vinunum og Bakk\u00eddesi og \u00feeim l\u00f6ndum okkar sem s\u00fdna fjandskap. <a name=\"30\"><span class=\"versanumer_2007\">30<\/span><\/a> \u00deess vegna h\u00f6fum vi\u00f0 \u00ed dag kj\u00f6ri\u00f0 \u00feig foringja okkar \u00ed hans sta\u00f0 og lei\u00f0toga \u00ed str\u00ed\u00f0i okkar.\u201c <a name=\"31\"><span class=\"versanumer_2007\">31<\/span><\/a> \u00deann dag t\u00f3k J\u00f3natan forystu og kom \u00ed sta\u00f0 J\u00fadasar br\u00f3\u00f0ur s\u00edns. <\/p>\n<h3 class=\"millifyrirsogn_2007\">Orrustur J\u00f3natans<\/h3>\n<p><a name=\"32\"><span class=\"versanumer_2007\">32<\/span><\/a> Bakk\u00eddes var\u00f0 \u00feessa v\u00eds og leita\u00f0i f\u00e6ris a\u00f0 dey\u00f0a J\u00f3natan. <a name=\"33\"><span class=\"versanumer_2007\">33<\/span><\/a> A\u00f0 \u00feessu komust J\u00f3natan og S\u00edmon br\u00f3\u00f0ir hans og allir li\u00f0smenn \u00feeirra. Fl\u00fd\u00f0u \u00feeir \u00fat \u00ed au\u00f0nina vi\u00f0 Tek\u00f3a og settu herb\u00fa\u00f0ir vi\u00f0 Asfarvatnsb\u00f3lin. <a name=\"34\"><span class=\"versanumer_2007\">34<\/span><\/a> Bakk\u00eddes fr\u00e9tti \u00feetta \u00e1 hv\u00edldardegi og h\u00e9lt me\u00f0 li\u00f0 sitt yfir \u00e1na J\u00f3rdan. <br \/> <a name=\"35\"><span class=\"versanumer_2007\">35<\/span><\/a> J\u00f3natan haf\u00f0i sent J\u00f3hannes br\u00f3\u00f0ur sinn, sem var foringi \u00feeirra sem ekki b\u00e1ru vopn, til vina sinna, Nabatea, til a\u00f0 bi\u00f0ja \u00fe\u00e1 um a\u00f0 geyma farangur \u00feeirra sem var mikill. <a name=\"36\"><span class=\"versanumer_2007\">36<\/span><\/a> En Jambr\u00edtar komu fr\u00e1 Medeba, gripu J\u00f3hannes og allt sem hann var me\u00f0 og h\u00e9ldu burt me\u00f0 feng sinn.<br \/> <a name=\"37\"><span class=\"versanumer_2007\">37<\/span><\/a> Nokkru eftir \u00feessa atbur\u00f0i b\u00e1rust J\u00f3natan og S\u00edmoni br\u00f3\u00f0ur hans \u00feau t\u00ed\u00f0indi a\u00f0 miki\u00f0 br\u00fa\u00f0kaup st\u00e6\u00f0i fyrir dyrum hj\u00e1 Jambr\u00edtum. F\u00e6ru \u00feeir fr\u00e1 Nadabat me\u00f0 br\u00fa\u00f0ina, sem var d\u00f3ttir eins fremsta h\u00f6f\u00f0ingjans \u00ed Kanaan, og v\u00e6ri fylgdarli\u00f0i\u00f0 fj\u00f6lmennt. <a name=\"38\"><span class=\"versanumer_2007\">38<\/span><\/a> \u00deeir h\u00f6f\u00f0u ekki gleymt mor\u00f0i J\u00f3hannesar br\u00f3\u00f0ur s\u00edns og f\u00f3ru og f\u00f6ldu sig \u00ed leyni vi\u00f0 fjalli\u00f0. <a name=\"39\"><span class=\"versanumer_2007\">39<\/span><\/a> \u00deegar \u00feeir litu\u00f0ust um komu \u00feeir auga \u00e1 h\u00e1v\u00e6ran h\u00f3p manna sem haf\u00f0i mikinn farangur me\u00f0fer\u00f0is. Til m\u00f3ts vi\u00f0 hann komu br\u00fa\u00f0guminn, vinir hans og br\u00e6\u00f0ur me\u00f0 bumbur, hlj\u00f3\u00f0f\u00e6ri og mikinn vopnab\u00fana\u00f0. <a name=\"40\"><span class=\"versanumer_2007\">40<\/span><\/a> J\u00f3natan og menn hans r\u00e9\u00f0ust \u00e1 \u00fe\u00e1 \u00far launs\u00e1trinu, v\u00f3gu a\u00f0 \u00feeim og f\u00e9llu margir s\u00e1rir. \u00deeir sem af komust fl\u00fd\u00f0u til fjalls. T\u00f3ku \u00feeir J\u00f3natan allan farangur \u00feeirra herfangi. <a name=\"41\"><span class=\"versanumer_2007\">41<\/span><\/a> Br\u00fa\u00f0kaupi\u00f0 breyttist \u00ed sorg og hlj\u00f3\u00f0f\u00e6raleikurinn \u00ed harmakvein. <a name=\"42\"><span class=\"versanumer_2007\">42<\/span><\/a> En J\u00f3natan og S\u00edmon h\u00f6f\u00f0u grimmilega hefnt mor\u00f0sins \u00e1 br\u00f3\u00f0ur s\u00ednum, sneru aftur og h\u00e9ldu \u00fat \u00e1 m\u00fdrarnar vi\u00f0 J\u00f3rdan.<\/p>\n<h3 class=\"millifyrirsogn_2007\">Orrustan vi\u00f0 J\u00f3rdan<\/h3>\n<p><a name=\"43\"><span class=\"versanumer_2007\">43<\/span><\/a> Bakk\u00eddes fr\u00e9tti um \u00feetta og kom \u00e1 hv\u00edldardegi me\u00f0 mikinn her a\u00f0 b\u00f6kkum J\u00f3rdanar. <a name=\"44\"><span class=\"versanumer_2007\">44<\/span><\/a> \u00de\u00e1 sag\u00f0i J\u00f3natan vi\u00f0 menn s\u00edna: \u201eN\u00fa ver\u00f0um vi\u00f0 a\u00f0 berjast fyrir l\u00edfi okkar en aldrei hefur \u00feunglegar horft. <a name=\"45\"><span class=\"versanumer_2007\">45<\/span><\/a> Vi\u00f0 megum b\u00faast vi\u00f0 \u00e1r\u00e1s b\u00e6\u00f0i \u00e1 bak og brj\u00f3st. J\u00f3rdan er \u00e1 a\u00f0ra hli\u00f0 og \u00e1 hina m\u00fdrar og kjarr. \u00dev\u00ed er hvergi undanf\u00e6ri. <a name=\"46\"><span class=\"versanumer_2007\">46<\/span><\/a> Hr\u00f3pi\u00f0 til himins \u00e1 hj\u00e1lp svo a\u00f0 vi\u00f0 bj\u00f6rgumst \u00far h\u00f6ndum \u00f3vina okkar.\u201c<br \/> <a name=\"47\"><span class=\"versanumer_2007\">47<\/span><\/a> \u00deegar orrustan h\u00f3fst komst J\u00f3natan \u00ed h\u00f6ggf\u00e6ri vi\u00f0 Bakk\u00eddes en hann h\u00f6rfa\u00f0i undan honum aftur fyrir li\u00f0 sitt. <a name=\"48\"><span class=\"versanumer_2007\">48<\/span><\/a> \u00de\u00e1 v\u00f6rpu\u00f0u J\u00f3natan og menn hans s\u00e9r \u00fat \u00ed J\u00f3rdan og syntu yfir um. \u00d3vinirnir komu ekki yfir flj\u00f3ti\u00f0 \u00e1 eftir \u00feeim. <a name=\"49\"><span class=\"versanumer_2007\">49<\/span><\/a> Af li\u00f0i Bakk\u00eddesar f\u00e9llu um \u00fe\u00fasund manns \u00feann daginn.<br \/> <a name=\"50\"><span class=\"versanumer_2007\">50<\/span><\/a> Bakk\u00eddes h\u00e9lt aftur til Jer\u00fasalem og l\u00e9t reisa \u00f6flug virki \u00ed J\u00fadeu: virki vi\u00f0 Jer\u00edk\u00f3, Emmaus, Bet H\u00f3ron, Betel, Tamnat, Faraton og Tef\u00f3n. Voru \u00feau b\u00fain h\u00e1um m\u00farum, hli\u00f0um og slagbr\u00f6ndum. <a name=\"51\"><span class=\"versanumer_2007\">51<\/span><\/a> \u00dear var komi\u00f0 fyrir setuli\u00f0um til a\u00f0 fjandskapast vi\u00f0 \u00cdsrael. <a name=\"52\"><span class=\"versanumer_2007\">52<\/span><\/a> Enn fremur v\u00edggirti hann borgirnar Bet S\u00far og Geser, kom fyrir herli\u00f0i og vistum \u00ed \u00feeim og styrkti virki\u00f0 \u00ed Jer\u00fasalem. <a name=\"53\"><span class=\"versanumer_2007\">53<\/span><\/a> Syni fremstu manna landsins t\u00f3k hann \u00ed g\u00edslingu og hneppti \u00fe\u00e1 \u00ed var\u00f0hald \u00ed virkinu \u00ed Jer\u00fasalem.<br \/> <a name=\"54\"><span class=\"versanumer_2007\">54<\/span><\/a> \u00cd \u00f6\u00f0rum m\u00e1nu\u00f0i \u00e1ri\u00f0 eitt hundra\u00f0 fimmt\u00edu og \u00ferj\u00fa<span class=\"nedan_mal\" title=\" \u00de.e. apr\u00edl\/ma\u00ed 159 f.Kr.\">[<\/span> fyrirskipa\u00f0i Alk\u00edmus a\u00f0 r\u00edfa ni\u00f0ur m\u00farinn kringum innri forgar\u00f0 musterisins. Var \u00fea\u00f0 verk sp\u00e1manna sem hann vildi ey\u00f0ileggja. En um lei\u00f0 og byrja\u00f0 var a\u00f0 r\u00edfa <a name=\"55\"><span class=\"versanumer_2007\">55<\/span><\/a> f\u00e9kk Alk\u00edmus slag sem batt enda \u00e1 athafnir hans. Hann lama\u00f0ist, missti m\u00e1li\u00f0 og gat upp fr\u00e1 \u00fev\u00ed hvorki tj\u00e1\u00f0 sig n\u00e9 r\u00e1\u00f0stafa\u00f0 eigum s\u00ednum. <a name=\"56\"><span class=\"versanumer_2007\">56<\/span><\/a> \u00c1\u00f0ur en langt um lei\u00f0 d\u00f3 Alk\u00edmus s\u00e1rlega kvalinn.<br \/> <a name=\"57\"><span class=\"versanumer_2007\">57<\/span><\/a> \u00deegar Bakk\u00eddes komst a\u00f0 \u00fev\u00ed a\u00f0 Alk\u00edmus var l\u00e1tinn f\u00f3r hann aftur til konungs. Naut J\u00fadea \u00fe\u00e1 fri\u00f0ar \u00ed tv\u00f6 \u00e1r.<\/p>\n<h3 class=\"millifyrirsogn_2007\">Bakk\u00eddes b\u00ed\u00f0ur \u00f3sigur og semur fri\u00f0<\/h3>\n<p><a name=\"58\"><span class=\"versanumer_2007\">58<\/span><\/a> Allir hinir gu\u00f0lausu t\u00f3ku a\u00f0 r\u00e1\u00f0a r\u00e1\u00f0um s\u00ednum. S\u00f6g\u00f0u \u00feeir: \u201eJ\u00f3natan og menn hans sitja n\u00fa \u00ed n\u00e1\u00f0um og eru grandalausir. S\u00e6kjum n\u00fa Bakk\u00eddes svo a\u00f0 hann geti teki\u00f0 \u00fe\u00e1 alla \u00e1 einni n\u00f3ttu.\u201c <a name=\"59\"><span class=\"versanumer_2007\">59<\/span><\/a> F\u00f3ru \u00feeir s\u00ed\u00f0an og r\u00e1\u00f0gu\u00f0ust vi\u00f0 Bakk\u00eddes. <a name=\"60\"><span class=\"versanumer_2007\">60<\/span><\/a> Hann lag\u00f0i af sta\u00f0 me\u00f0 mikinn her. Sendi hann einnig br\u00e9f \u00e1 laun til allra bandamanna sinna \u00ed J\u00fadeu um a\u00f0 \u00feeir \u00e6ttu a\u00f0 taka J\u00f3natan og menn hans h\u00f6ndum. En \u00fea\u00f0 t\u00f3kst ekki \u00fev\u00ed a\u00f0 uppv\u00edst var\u00f0 um r\u00e1\u00f0ager\u00f0 \u00feeirra. <a name=\"61\"><span class=\"versanumer_2007\">61<\/span><\/a> Menn J\u00f3natans n\u00e1\u00f0u um fimmt\u00edu af \u00feeim m\u00f6nnum sem \u00ed landinu h\u00f6f\u00f0u veri\u00f0 hvatamenn \u00feessa \u00f3d\u00e6\u00f0is og t\u00f3ku \u00fe\u00e1 af l\u00edfi. <a name=\"62\"><span class=\"versanumer_2007\">62<\/span><\/a> J\u00f3natan og menn hans og S\u00edmon f\u00f3ru s\u00ed\u00f0an til Bet Basi \u00ed au\u00f0ninni. Endurreistu \u00feeir \u00fea\u00f0 sem rifi\u00f0 haf\u00f0i veri\u00f0 ni\u00f0ur \u00ed b\u00e6num og v\u00edggirtu hann.<br \/> <a name=\"63\"><span class=\"versanumer_2007\">63<\/span><\/a> Bakk\u00eddes komst a\u00f0 \u00feessu. Safna\u00f0i hann \u00f6llu li\u00f0i s\u00ednu og kom bo\u00f0um til manna sinna \u00ed J\u00fadeu. <a name=\"64\"><span class=\"versanumer_2007\">64<\/span><\/a> Kom hann s\u00ed\u00f0an og settist um Bet Basi, herja\u00f0i \u00e1 borgina d\u00f6gum saman og kom upp ums\u00e1tursv\u00e9lum. <a name=\"65\"><span class=\"versanumer_2007\">65<\/span><\/a> En J\u00f3natan skildi S\u00edmon br\u00f3\u00f0ur sinn eftir \u00ed borginni og f\u00f3r sj\u00e1lfur \u00fat \u00ed sveitina me\u00f0 f\u00e1eina menn. <a name=\"66\"><span class=\"versanumer_2007\">66<\/span><\/a> Hann felldi \u00d3d\u00f3mera og br\u00e6\u00f0ur hans og Fas\u00ednor\u00edta \u00ed tjaldb\u00fa\u00f0um \u00feeirra. \u00deegar J\u00f3natan t\u00f3k a\u00f0 vegna betur me\u00f0 li\u00f0i s\u00ednu <a name=\"67\"><span class=\"versanumer_2007\">67<\/span><\/a> ger\u00f0u S\u00edmon og menn hans \u00fatr\u00e1s \u00far borginni og l\u00f6g\u00f0u eld \u00ed ums\u00e1tursv\u00e9larnar. <a name=\"68\"><span class=\"versanumer_2007\">68<\/span><\/a> \u00deeir r\u00e9\u00f0ust \u00e1 Bakk\u00eddes sem bei\u00f0 fullkominn \u00f3sigur fyrir \u00feeim. Gengu \u00feeir mj\u00f6g hart a\u00f0 honum svo a\u00f0 r\u00e1\u00f0ager\u00f0 hans og herf\u00f6r f\u00f3r \u00fat um \u00fe\u00fafur. <a name=\"69\"><span class=\"versanumer_2007\">69<\/span><\/a> Bakk\u00eddes var\u00f0 ofsarei\u00f0ur gu\u00f0leysingjunum sem h\u00f6f\u00f0u r\u00e1\u00f0lagt honum a\u00f0 fara inn \u00ed landi\u00f0, drap marga \u00feeirra og afr\u00e9\u00f0 a\u00f0 halda aftur til s\u00edns heima.<br \/> <a name=\"70\"><span class=\"versanumer_2007\">70<\/span><\/a> Er J\u00f3natan fr\u00e9tti \u00feetta sendi hann fulltr\u00faa til Bakk\u00eddesar til a\u00f0 semja fri\u00f0 vi\u00f0 hann og f\u00e1 str\u00ed\u00f0sfanga afhenta.<br \/> <a name=\"71\"><span class=\"versanumer_2007\">71<\/span><\/a> Bakk\u00eddes t\u00f3k \u00fev\u00ed vel og f\u00f3r a\u00f0 tilm\u00e6lum J\u00f3natans. Hann lag\u00f0i ei\u00f0 a\u00f0 \u00fev\u00ed a\u00f0 hann mundi aldrei leitast vi\u00f0 a\u00f0 gera honum neitt til miska svo lengi sem hann lif\u00f0i. <a name=\"72\"><span class=\"versanumer_2007\">72<\/span><\/a> Afhenti Bakk\u00eddes J\u00f3natan \u00fe\u00e1 str\u00ed\u00f0sfanga sem hann haf\u00f0i \u00e1\u00f0ur teki\u00f0 \u00ed J\u00fadeu. F\u00f3r hann s\u00ed\u00f0an aftur til lands s\u00edns og st\u00e9 aldrei framar f\u00e6ti \u00e1 landsv\u00e6\u00f0i Gy\u00f0inga. <a name=\"73\"><span class=\"versanumer_2007\">73<\/span><\/a> \u00deannig linnti \u00f3fri\u00f0i \u00ed \u00cdsrael. J\u00f3natan settist a\u00f0 \u00ed Mikmas, ger\u00f0ist d\u00f3mari \u00fej\u00f3\u00f0arinnar og uppr\u00e6tti hina gu\u00f0lausu \u00far \u00cdsrael.<\/p>\n","protected":false},"excerpt":{"rendered":"<p>J\u00fadas Makkabeus fellur 1 \u00deegar Demetr\u00edus fr\u00e9tti a\u00f0 N\u00edkanor v\u00e6ri fallinn \u00ed str\u00ed\u00f0inu \u00e1samt li\u00f0i s\u00ednu sendi hann Bakk\u00eddes og Alk\u00edmus \u00f6\u00f0ru sinni til J\u00fadeu og me\u00f0 \u00feeim h\u00e6gri fylkingararm hersins. 2 H\u00e9ldu \u00feeir veginn til Gilgal, settust um Massal\u00f3t \u00ed Arbela, unnu borgina og t\u00f3ku fj\u00f6lda manns af l\u00edfi. 3 \u00cd fyrsta m\u00e1nu\u00f0i \u00e1rsins eitt hundra\u00f0 fimmt\u00edu og tv\u00f6 sl\u00f3gu \u00feeir s\u00ed\u00f0an upp herb\u00fa\u00f0um vi\u00f0 Jer\u00fasalem. 4 \u00dea\u00f0an t\u00f3ku \u00feeir sig upp og h\u00e9ldu til Beret me\u00f0 tuttugu \u00fe\u00fasund f\u00f3tg\u00f6nguli\u00f0a og tv\u00f6 \u00fe\u00fasund riddara. 5 J\u00fadas haf\u00f0i sett upp herb\u00fa\u00f0ir \u00ed Elasa og haf\u00f0i \u00ferj\u00fa \u00fe\u00fasund manna einvalali\u00f0i \u00e1 <a href=\"https:\/\/biblian.is\/biblian\/fyrsta-makkabeabok-9-kafli\/\"> [&#8230;]<\/a><\/p>\n","protected":false},"author":1,"featured_media":0,"parent":0,"menu_order":0,"comment_status":"open","ping_status":"open","template":"bibliukaflar.php","meta":{"footnotes":""},"class_list":["post-2932","page","type-page","status-publish","hentry"],"_links":{"self":[{"href":"https:\/\/biblian.is\/biblian\/wp-json\/wp\/v2\/pages\/2932","targetHints":{"allow":["GET"]}}],"collection":[{"href":"https:\/\/biblian.is\/biblian\/wp-json\/wp\/v2\/pages"}],"about":[{"href":"https:\/\/biblian.is\/biblian\/wp-json\/wp\/v2\/types\/page"}],"author":[{"embeddable":true,"href":"https:\/\/biblian.is\/biblian\/wp-json\/wp\/v2\/users\/1"}],"replies":[{"embeddable":true,"href":"https:\/\/biblian.is\/biblian\/wp-json\/wp\/v2\/comments?post=2932"}],"version-history":[{"count":0,"href":"https:\/\/biblian.is\/biblian\/wp-json\/wp\/v2\/pages\/2932\/revisions"}],"wp:attachment":[{"href":"https:\/\/biblian.is\/biblian\/wp-json\/wp\/v2\/media?parent=2932"}],"curies":[{"name":"wp","href":"https:\/\/api.w.org\/{rel}","templated":true}]}}