{"id":2931,"date":"2017-12-30T21:05:14","date_gmt":"2017-12-30T21:05:14","guid":{"rendered":"http:\/\/biblian.is\/biblian\/fyrsta-makkabeab%c2%97k-8-kafli\/"},"modified":"2018-01-02T02:45:57","modified_gmt":"2018-01-02T02:45:57","slug":"fyrsta-makkabeabok-8-kafli","status":"publish","type":"page","link":"https:\/\/biblian.is\/biblian\/fyrsta-makkabeabok-8-kafli\/","title":{"rendered":"Fyrsta Makkabeab\u00f3k 8. kafli"},"content":{"rendered":"<h3 class=\"millifyrirsogn_2007\"> S\u00e1ttm\u00e1li vi\u00f0 R\u00f3mverja<\/h3>\n<p><a name=\"1\"><span class=\"versanumer_2007\">1<\/span><\/a> Or\u00f0st\u00edr R\u00f3mverja barst J\u00fadasi til eyrna. Var mikill herstyrkur \u00feeirra r\u00f3ma\u00f0ur og af \u00fev\u00ed l\u00e1ti\u00f0 hve g\u00f3\u00f0gjarnir \u00feeir v\u00e6ru \u00f6llum bandam\u00f6nnum s\u00ednum, \u00feeir veittu s\u00e9rhverjum nau\u00f0leitarmanni vin\u00e1ttu s\u00edna <a name=\"2\"><span class=\"versanumer_2007\">2<\/span><\/a> og a\u00f0 \u00feeir hef\u00f0u mj\u00f6g sterkan her. Var J\u00fadasi sk\u00fdrt fr\u00e1 styrj\u00f6ldum \u00feeirra og hetjud\u00e1\u00f0um \u00ed vi\u00f0ureigninni vi\u00f0 Galla, sem \u00feeir sigru\u00f0u og ger\u00f0u skattskylda s\u00e9r, <a name=\"3\"><span class=\"versanumer_2007\">3<\/span><\/a> og fr\u00e1 \u00f6llum d\u00e1\u00f0um \u00feeirra \u00e1 Sp\u00e1ni, en \u00fear n\u00e1\u00f0u \u00feeir silfur- og gulln\u00e1munum \u00e1 sitt vald. <a name=\"4\"><span class=\"versanumer_2007\">4<\/span><\/a> \u00de\u00f3tt land \u00fea\u00f0 v\u00e6ri \u00e6\u00f0i fjarri heimkynnum R\u00f3mverja t\u00f3kst \u00feeim me\u00f0 r\u00e1\u00f0snilld og \u00feolg\u00e6\u00f0i a\u00f0 leggja \u00fea\u00f0 allt undir sig. \u00deeir h\u00f6f\u00f0u bori\u00f0 h\u00e6rri hlut er konungar fr\u00e1 fj\u00e6rstu heimshornum ger\u00f0u atl\u00f6gu a\u00f0 \u00feeim, gj\u00f6rsigra\u00f0 \u00fe\u00e1 og baka\u00f0 \u00feeim miki\u00f0 tj\u00f3n. \u00de\u00e1 sem af komust l\u00e9tu \u00feeir gjalda s\u00e9r \u00e1rlegan skatt. <a name=\"5\"><span class=\"versanumer_2007\">5<\/span><\/a> B\u00e6\u00f0i Filippus og Persevs, konung Kitta, og alla a\u00f0ra er lagt h\u00f6f\u00f0u til atl\u00f6gu vi\u00f0 \u00fe\u00e1 sigru\u00f0u \u00feeir \u00ed orrustu og l\u00f6g\u00f0u undir sig. <a name=\"6\"><span class=\"versanumer_2007\">6<\/span><\/a> R\u00f3mverjar h\u00f6f\u00f0u jafnvel sigra\u00f0 Ant\u00edokkus mikla As\u00edukonung sem h\u00f3f str\u00ed\u00f0 gegn \u00feeim me\u00f0 eitt hundra\u00f0 og tuttugu f\u00edla, riddarali\u00f0 og vagna og g\u00edfurlegan her. <a name=\"7\"><span class=\"versanumer_2007\">7<\/span><\/a> Honum n\u00e1\u00f0u \u00feeir lifandi og skuldbundu b\u00e6\u00f0i hann og eftirmenn hans \u00e1 h\u00e1s\u00e6ti a\u00f0 gjalda s\u00e9r mikinn skatt, afhenda s\u00e9r g\u00edsla og l\u00e1ta af hendi vi\u00f0 sig <a name=\"8\"><span class=\"versanumer_2007\">8<\/span><\/a> Indland, Med\u00edu og L\u00fdd\u00edu og sum \u00f6nnur au\u00f0ugustu l\u00f6nd s\u00edn. \u00deegar Ant\u00edokkus haf\u00f0i selt \u00feeim l\u00f6ndin \u00ed hendur g\u00e1fu R\u00f3mverjar Evmenesi konungi \u00feau.<br \/> <a name=\"9\"><span class=\"versanumer_2007\">9<\/span><\/a> J\u00fadasi var einnig sagt fr\u00e1 \u00fev\u00ed \u00feegar Grikkir \u00e1kv\u00e1\u00f0u a\u00f0 tort\u00edma \u00feeim. <a name=\"10\"><span class=\"versanumer_2007\">10<\/span><\/a> R\u00f3mverjar komust a\u00f0 \u00feessu og sendu einn einasta hersh\u00f6f\u00f0ingja gegn \u00feeim. Bar\u00f0ist hann vi\u00f0 \u00fe\u00e1 og f\u00e9llu margir af Grikkjum s\u00e1rir til \u00f3l\u00edfis. Voru b\u00e6\u00f0i konur \u00feeirra og b\u00f6rn tekin herfangi og eigum \u00feeirra r\u00e6nt og land \u00feeirra l\u00f6g\u00f0u R\u00f3mverjar undir sig. Rifu \u00feeir virki landsins og ger\u00f0u \u00edb\u00faana \u00fer\u00e6la s\u00edna eins og \u00feeir eru fram \u00e1 \u00feennan dag.<br \/> <a name=\"11\"><span class=\"versanumer_2007\">11<\/span><\/a> \u00d6nnur \u00feau r\u00edki og eyjar sem einhvern t\u00edma risu gegn R\u00f3mverjum l\u00e9ku \u00feeir hart og ger\u00f0u \u00e1nau\u00f0ug s\u00e9r. <a name=\"12\"><span class=\"versanumer_2007\">12<\/span><\/a> En \u00feeir reyndust traustir vinir vina sinna og \u00feeirra sem leitu\u00f0u a\u00f0sto\u00f0ar \u00feeirra. \u00deeir undiroku\u00f0u konunga n\u00e6r og fj\u00e6r og allir sem heyr\u00f0u \u00feeirra geti\u00f0 fengu beyg af \u00feeim. <a name=\"13\"><span class=\"versanumer_2007\">13<\/span><\/a> Ef R\u00f3mverjar vildu hj\u00e1lpa einhverjum til r\u00edkis \u00fe\u00e1 settist s\u00e1 a\u00f0 v\u00f6ldum. En \u00feeir g\u00e1tu l\u00edka steypt hverjum sem var. \u00deeir voru st\u00f3rveldi.<br \/> <a name=\"14\"><span class=\"versanumer_2007\">14<\/span><\/a> \u00der\u00e1tt fyrir \u00feetta haf\u00f0i enginn R\u00f3mverji l\u00e1ti\u00f0 kr\u00fdna sig n\u00e9 heldur skr\u00fd\u00f0st purpura til a\u00f0 hreykja s\u00e9r. <a name=\"15\"><span class=\"versanumer_2007\">15<\/span><\/a> En \u00feeir h\u00f6f\u00f0u komi\u00f0 s\u00e9r upp \u00ferj\u00fa hundru\u00f0 og tuttugu manna r\u00e1\u00f0i sem kom saman dag hvern til a\u00f0 r\u00e1\u00f0gast um almannahag og g\u00f3\u00f0a skipan m\u00e1la \u00fej\u00f3\u00f0arinnar. <a name=\"16\"><span class=\"versanumer_2007\">16<\/span><\/a> \u00c1 hverju \u00e1ri f\u00f3lu \u00feeir einum manni stj\u00f3rn r\u00e1\u00f0sins og landsins alls. Hl\u00fd\u00f0a allir \u00feessum eina \u00fev\u00ed a\u00f0 hvorki g\u00e6tir hj\u00e1 \u00feeim \u00f6fundar n\u00e9 metings.<\/p>\n<h3 class=\"millifyrirsogn_2007\">Samningur vi\u00f0 R\u00f3m<\/h3>\n<p><a name=\"17\"><span class=\"versanumer_2007\">17<\/span><\/a> \u00de\u00e1 valdi J\u00fadas Evp\u00f3lemeus J\u00f3hannesson Akkossonar og Jason Eleasarsson og sendi \u00fe\u00e1 til R\u00f3mar til a\u00f0 gera vi\u00f0 R\u00f3mverja samning um vin\u00e1ttu og stu\u00f0ning <a name=\"18\"><span class=\"versanumer_2007\">18<\/span><\/a> til a\u00f0 l\u00e9tta okinu af \u00fej\u00f3\u00f0inni enda s\u00e1u \u00feeir a\u00f0 r\u00edki Grikkja var a\u00f0 hneppa \u00cdsrael \u00ed \u00fer\u00e6ld\u00f3m. <a name=\"19\"><span class=\"versanumer_2007\">19<\/span><\/a> \u00deeir h\u00e9ldu til R\u00f3mar, en \u00fea\u00f0 er afar l\u00f6ng lei\u00f0, gengu fyrir r\u00e1\u00f0i\u00f0 og \u00e1v\u00f6rpu\u00f0u \u00fea\u00f0: <a name=\"20\"><span class=\"versanumer_2007\">20<\/span><\/a> \u201eJ\u00fadas, sem nefndur er Makkabeus, og br\u00e6\u00f0ur hans og al\u00fej\u00f3\u00f0 Gy\u00f0inga sendi okkur til ykkar til a\u00f0 gera vi\u00f0 ykkur samning um bandalag og fri\u00f0 og til a\u00f0 f\u00e1 okkur skr\u00e1\u00f0a bandamenn ykkar og vini.\u201c<br \/> <a name=\"21\"><span class=\"versanumer_2007\">21<\/span><\/a> R\u00e1\u00f0i\u00f0 t\u00f3k \u00feessari m\u00e1laleitan vel. <a name=\"22\"><span class=\"versanumer_2007\">22<\/span><\/a> Fer h\u00e9r \u00e1 eftir afrit af skjali \u00fev\u00ed sem R\u00f3mverjar sendu til Jer\u00fasalem til var\u00f0veislu til a\u00f0 sta\u00f0festa fri\u00f0 og bandalag. Var \u00fea\u00f0 skr\u00e1\u00f0 \u00e1 eirt\u00f6flur. <br \/> <a name=\"23\"><span class=\"versanumer_2007\">23<\/span><\/a> \u201eVel vegni R\u00f3mverjum og \u00fej\u00f3\u00f0 Gy\u00f0inga til sj\u00f3s og lands um aldur og \u00e6vi. Sver\u00f0 og \u00f3vinir s\u00e9u \u00feeim fjarri.<br \/> <a name=\"24\"><span class=\"versanumer_2007\">24<\/span><\/a> En beri \u00f3fri\u00f0 fyrr a\u00f0 h\u00f6ndum R\u00f3mar e\u00f0a einhvers bandamanns R\u00f3mverja einhvers sta\u00f0ar \u00ed r\u00edki \u00feeirra, <a name=\"25\"><span class=\"versanumer_2007\">25<\/span><\/a> \u00fe\u00e1 skal \u00fej\u00f3\u00f0 Gy\u00f0inga veita afdr\u00e1ttarlausan stu\u00f0ning eftir \u00fev\u00ed sem a\u00f0st\u00e6\u00f0ur krefja. <a name=\"26\"><span class=\"versanumer_2007\">26<\/span><\/a> \u00deeim sem halda \u00ed herna\u00f0 skulu ekki fengnar vistir, vopn, fj\u00e1rmunir e\u00f0a skip samkv\u00e6mt \u00e1kv\u00f6r\u00f0un R\u00f3mar. Gy\u00f0ingar skulu halda skilm\u00e1lana \u00e1n endurgjalds. <a name=\"27\"><span class=\"versanumer_2007\">27<\/span><\/a> Hi\u00f0 sama skal gilda ef \u00f3fri\u00f0 ber fyrr a\u00f0 h\u00f6ndum \u00fej\u00f3\u00f0ar Gy\u00f0inga. \u00de\u00e1 munu R\u00f3mverjar veita \u00feeim afdr\u00e1ttarlausan stu\u00f0ning eftir \u00fev\u00ed sem a\u00f0st\u00e6\u00f0ur krefja. <a name=\"28\"><span class=\"versanumer_2007\">28<\/span><\/a> \u00de\u00e1 hefur veri\u00f0 afr\u00e1\u00f0i\u00f0 \u00ed R\u00f3m a\u00f0 \u00f3vinum Gy\u00f0inga skuli ekki fengnar vistir, vopn, fj\u00e1rmunir e\u00f0a skip. Skilm\u00e1lar \u00feessir skulu haldnir svikalaust.<br \/> <a name=\"29\"><span class=\"versanumer_2007\">29<\/span><\/a> Samkv\u00e6mt ofangreindum skilm\u00e1lum hafa R\u00f3mverjar gert samning vi\u00f0 Gy\u00f0inga\u00fej\u00f3\u00f0. <a name=\"30\"><span class=\"versanumer_2007\">30<\/span><\/a> Ef samningsa\u00f0ilar koma s\u00e9r s\u00ed\u00f0ar saman um a\u00f0 b\u00e6ta h\u00e9r einhverju vi\u00f0 e\u00f0a nema eitthva\u00f0 \u00e1 brott skal \u00fea\u00f0 heimilt. Hva\u00f0 svo sem vi\u00f0 ver\u00f0ur auki\u00f0 e\u00f0a brott numi\u00f0 skal gilda. <a name=\"31\"><span class=\"versanumer_2007\">31<\/span><\/a> Um rangindin sem Demetr\u00edus konungur beitir Gy\u00f0inga h\u00f6fum vi\u00f0 sent honum eftirfarandi br\u00e9f: Hv\u00ed hefur \u00fe\u00fa \u00fejaka\u00f0 vini okkar og bandamenn okkar Gy\u00f0inga svo mj\u00f6g? <a name=\"32\"><span class=\"versanumer_2007\">32<\/span><\/a> Ef \u00feeir bera sig oftar upp undan \u00fe\u00e9r \u00fe\u00e1 munum vi\u00f0 reka r\u00e9ttar \u00feeirra og herja \u00e1 \u00feig \u00e1 sj\u00f3 og landi.\u201c<\/p>\n","protected":false},"excerpt":{"rendered":"<p>S\u00e1ttm\u00e1li vi\u00f0 R\u00f3mverja 1 Or\u00f0st\u00edr R\u00f3mverja barst J\u00fadasi til eyrna. Var mikill herstyrkur \u00feeirra r\u00f3ma\u00f0ur og af \u00fev\u00ed l\u00e1ti\u00f0 hve g\u00f3\u00f0gjarnir \u00feeir v\u00e6ru \u00f6llum bandam\u00f6nnum s\u00ednum, \u00feeir veittu s\u00e9rhverjum nau\u00f0leitarmanni vin\u00e1ttu s\u00edna 2 og a\u00f0 \u00feeir hef\u00f0u mj\u00f6g sterkan her. Var J\u00fadasi sk\u00fdrt fr\u00e1 styrj\u00f6ldum \u00feeirra og hetjud\u00e1\u00f0um \u00ed vi\u00f0ureigninni vi\u00f0 Galla, sem \u00feeir sigru\u00f0u og ger\u00f0u skattskylda s\u00e9r, 3 og fr\u00e1 \u00f6llum d\u00e1\u00f0um \u00feeirra \u00e1 Sp\u00e1ni, en \u00fear n\u00e1\u00f0u \u00feeir silfur- og gulln\u00e1munum \u00e1 sitt vald. 4 \u00de\u00f3tt land \u00fea\u00f0 v\u00e6ri \u00e6\u00f0i fjarri heimkynnum R\u00f3mverja t\u00f3kst \u00feeim me\u00f0 r\u00e1\u00f0snilld og \u00feolg\u00e6\u00f0i a\u00f0 leggja \u00fea\u00f0 allt undir sig. \u00deeir h\u00f6f\u00f0u <a href=\"https:\/\/biblian.is\/biblian\/fyrsta-makkabeabok-8-kafli\/\"> [&#8230;]<\/a><\/p>\n","protected":false},"author":1,"featured_media":0,"parent":0,"menu_order":0,"comment_status":"open","ping_status":"open","template":"bibliukaflar.php","meta":{"footnotes":""},"class_list":["post-2931","page","type-page","status-publish","hentry"],"_links":{"self":[{"href":"https:\/\/biblian.is\/biblian\/wp-json\/wp\/v2\/pages\/2931","targetHints":{"allow":["GET"]}}],"collection":[{"href":"https:\/\/biblian.is\/biblian\/wp-json\/wp\/v2\/pages"}],"about":[{"href":"https:\/\/biblian.is\/biblian\/wp-json\/wp\/v2\/types\/page"}],"author":[{"embeddable":true,"href":"https:\/\/biblian.is\/biblian\/wp-json\/wp\/v2\/users\/1"}],"replies":[{"embeddable":true,"href":"https:\/\/biblian.is\/biblian\/wp-json\/wp\/v2\/comments?post=2931"}],"version-history":[{"count":0,"href":"https:\/\/biblian.is\/biblian\/wp-json\/wp\/v2\/pages\/2931\/revisions"}],"wp:attachment":[{"href":"https:\/\/biblian.is\/biblian\/wp-json\/wp\/v2\/media?parent=2931"}],"curies":[{"name":"wp","href":"https:\/\/api.w.org\/{rel}","templated":true}]}}