{"id":2930,"date":"2017-12-30T21:05:14","date_gmt":"2017-12-30T21:05:14","guid":{"rendered":"http:\/\/biblian.is\/biblian\/fyrsta-makkabeab%c2%97k-7-kafli\/"},"modified":"2017-12-30T21:05:15","modified_gmt":"2017-12-30T21:05:15","slug":"fyrsta-makkabeabok-7-kafli","status":"publish","type":"page","link":"https:\/\/biblian.is\/biblian\/fyrsta-makkabeabok-7-kafli\/","title":{"rendered":"Fyrsta Makkabeab\u00f3k 7. kafli"},"content":{"rendered":"<h3 class=\"millifyrirsogn_2007\"> Demetr\u00edus I tekur vi\u00f0 konungd\u00f3mi<\/h3>\n<p><a name=\"1\"><span class=\"versanumer_2007\">1<\/span><\/a> \u00c1ri\u00f0 eitt hundra\u00f0 fimmt\u00edu og eitt f\u00f3r Demetr\u00edus Selevkusson fr\u00e1 R\u00f3m og st\u00e9 \u00e1 land me\u00f0 nokkrum lagsmanna sinna \u00ed borg einni vi\u00f0 hafi\u00f0. \u00dear t\u00f3k hann s\u00e9r konungstign. <a name=\"2\"><span class=\"versanumer_2007\">2<\/span><\/a> \u00deegar hann svo var \u00e1 lei\u00f0inni til konungshallar fe\u00f0ra sinna t\u00f3ku li\u00f0ssveitir hans \u00fe\u00e1 Ant\u00edokkus og L\u00fds\u00edas h\u00f6ndum til a\u00f0 fara me\u00f0 \u00fe\u00e1 til Demetr\u00edusar. <a name=\"3\"><span class=\"versanumer_2007\">3<\/span><\/a> \u00deegar honum var sk\u00fdrt fr\u00e1 \u00feessu sag\u00f0i hann: \u201e\u00c9g k\u00e6ri mig ekki um a\u00f0 sj\u00e1 \u00fe\u00e1.\u201c <a name=\"4\"><span class=\"versanumer_2007\">4<\/span><\/a> \u00de\u00e1 t\u00f3ku hermennirnir \u00fe\u00e1 af l\u00edfi en Demetr\u00edus settist \u00ed h\u00e1s\u00e6ti r\u00edkis s\u00edns.<br \/> <a name=\"5\"><span class=\"versanumer_2007\">5<\/span><\/a> Til hans komu allir l\u00f6gm\u00e1lslausir og gu\u00f0lausir \u00cdsraelsmenn. Fyrir \u00feeim f\u00f3r Alk\u00edmus sem stefndi a\u00f0 \u00fev\u00ed a\u00f0 ver\u00f0a \u00e6\u00f0sti prestur. <a name=\"6\"><span class=\"versanumer_2007\">6<\/span><\/a> \u00deeir k\u00e6r\u00f0u \u00fej\u00f3\u00f0 s\u00edna fyrir konunginum og s\u00f6g\u00f0u: \u201eJ\u00fadas og br\u00e6\u00f0ur hans hafa drepi\u00f0 alla vini \u00fe\u00edna og hraki\u00f0 okkur \u00far landi okkar. <a name=\"7\"><span class=\"versanumer_2007\">7<\/span><\/a> Sendu n\u00fa einhvern sem \u00fe\u00fa treystir til a\u00f0 fara og sj\u00e1 allt \u00fea\u00f0 tj\u00f3n sem J\u00fadas hefur baka\u00f0 okkur og landi konungs. L\u00e1t \u00fe\u00fa hann refsa J\u00fadasi og \u00f6llum sem veita honum li\u00f0.\u201c<\/p>\n<h3 class=\"millifyrirsogn_2007\">Bakk\u00eddes og Alk\u00edmus herja \u00e1 J\u00fadeu<\/h3>\n<p><a name=\"8\"><span class=\"versanumer_2007\">8<\/span><\/a> Konungur tilnefndi Bakk\u00eddes, sem var einn af vinum hans, mikils metinn ma\u00f0ur \u00ed r\u00edkinu og tr\u00far konungi og landstj\u00f3ri handan flj\u00f3tsins. <a name=\"9\"><span class=\"versanumer_2007\">9<\/span><\/a> Sendi hann \u00feennan mann \u00e1samt hinum gu\u00f0lausa Alk\u00edmusi, sem hann veitti \u00e6\u00f0staprestsemb\u00e6tti\u00f0, og gaf honum fyrirm\u00e6li um a\u00f0 refsa \u00cdsraelsm\u00f6nnum. <a name=\"10\"><span class=\"versanumer_2007\">10<\/span><\/a> F\u00f3ru \u00feeir af sta\u00f0 og komu me\u00f0 mikinn her til J\u00fadeu. Bakk\u00eddes sendi bo\u00f0bera til J\u00fadasar og br\u00e6\u00f0ra hans me\u00f0 fri\u00f0m\u00e6li en svik bjuggu undir. <a name=\"11\"><span class=\"versanumer_2007\">11<\/span><\/a> \u00deeim \u00fe\u00f3ttu or\u00f0 hans l\u00edtt traustvekjandi enda s\u00e1u \u00feeir a\u00f0 Bakk\u00eddes var kominn me\u00f0 mikinn her.<br \/> <a name=\"12\"><span class=\"versanumer_2007\">12<\/span><\/a> H\u00f3pur fr\u00e6\u00f0imanna sameina\u00f0ist um a\u00f0 fara til Alk\u00edmusar og Bakk\u00eddesar og leita r\u00e9ttl\u00e1tra skilm\u00e1la. <a name=\"13\"><span class=\"versanumer_2007\">13<\/span><\/a> Voru Has\u00eddear fyrstir \u00cdsraelsmanna til a\u00f0 fri\u00f0m\u00e6last vi\u00f0 \u00fe\u00e1. <a name=\"14\"><span class=\"versanumer_2007\">14<\/span><\/a> S\u00f6g\u00f0u \u00feeir sem svo: \u201eMe\u00f0 hernum er kominn prestur af Arons \u00e6tt. Ekki mun hann vinna okkur mein.\u201c <a name=\"15\"><span class=\"versanumer_2007\">15<\/span><\/a> Alk\u00edmus l\u00e9t l\u00edka fri\u00f0arvilja \u00ed lj\u00f3s vi\u00f0 \u00fe\u00e1 og lag\u00f0i ei\u00f0 a\u00f0: \u201eEkki munum vi\u00f0 reyna a\u00f0 gera ykkur e\u00f0a vinum ykkar illt,\u201c sag\u00f0i hann.<br \/> <a name=\"16\"><span class=\"versanumer_2007\">16<\/span><\/a> \u00deeir treystu honum en hann t\u00f3k sext\u00edu \u00feeirra h\u00f6ndum og drap \u00fe\u00e1 \u00e1 einum og sama degi eins og segir \u00ed ritningunni:<br \/> <a name=\"17\"><span class=\"versanumer_2007\">17<\/span><\/a> \u201e\u00deeir \u00fathelltu bl\u00f3\u00f0i \u00feinna heil\u00f6gu og dreif\u00f0u \u00feeim umhverfis Jer\u00fasalem og enginn var til a\u00f0 jar\u00f0a \u00fe\u00e1.\u201c <br \/> <a name=\"18\"><span class=\"versanumer_2007\">18<\/span><\/a> \u00d6ll \u00fej\u00f3\u00f0in \u00f3tta\u00f0ist \u00fe\u00e1 og var\u00f0 gripin skelfingu. \u201e\u00deeir vanvir\u00f0a sannleika og r\u00e9ttl\u00e6ti,\u201c var sagt, \u201e\u00fev\u00ed a\u00f0 \u00feeir rufu b\u00e6\u00f0i samninginn og ei\u00f0inn sem \u00feeir s\u00f3ru.\u201c<br \/> <a name=\"19\"><span class=\"versanumer_2007\">19<\/span><\/a> Bakk\u00eddes f\u00f3r s\u00ed\u00f0an fr\u00e1 Jer\u00fasalem og setti herb\u00fa\u00f0ir vi\u00f0 Bet Said. Hann sendi menn til a\u00f0 handtaka marga af li\u00f0hlaupunum sem gengi\u00f0 h\u00f6f\u00f0u honum \u00e1 h\u00f6nd og auk \u00feess fj\u00f6lda annarra landa \u00feeirra. Sl\u00e1tra\u00f0i hann \u00feeim \u00f6llum og varpa\u00f0i ofan \u00ed brunninn mikla. <a name=\"20\"><span class=\"versanumer_2007\">20<\/span><\/a> Bakk\u00eddes f\u00f3l Alk\u00edmusi stj\u00f3rn landsins, skildi eftir herli\u00f0 honum til varnar og sneri aftur til konungsins.<br \/> <a name=\"21\"><span class=\"versanumer_2007\">21<\/span><\/a> En Alk\u00edmus var\u00f0 a\u00f0 berjast fyrir \u00e6\u00f0staprestsemb\u00e6ttinu. <a name=\"22\"><span class=\"versanumer_2007\">22<\/span><\/a> A\u00f0 honum s\u00f6fnu\u00f0ust allir \u00feeir sem hrellt h\u00f6f\u00f0u \u00fej\u00f3\u00f0 s\u00edna. Brutu \u00feeir J\u00fadeu undir sig og ur\u00f0u hin mesta pl\u00e1ga \u00ed \u00cdsrael.<br \/> <a name=\"23\"><span class=\"versanumer_2007\">23<\/span><\/a> J\u00fadas s\u00e1 a\u00f0 \u00f6ll s\u00fa \u00f3g\u00e6fa sem Alk\u00edmus og menn hans b\u00f6ku\u00f0u \u00cdsraelsm\u00f6nnum t\u00f3k \u00feeirri fram sem hei\u00f0ingjarnir h\u00f6f\u00f0u valdi\u00f0. <a name=\"24\"><span class=\"versanumer_2007\">24<\/span><\/a> H\u00e9lt hann af sta\u00f0 og f\u00f3r v\u00ed\u00f0a um bygg\u00f0ir J\u00fadeu. Kom hann fram hefndum \u00e1 li\u00f0hlaupum og ger\u00f0i \u00feeim \u00f3kleift a\u00f0 fara frj\u00e1lsir fer\u00f0a sinna \u00e1 landsbygg\u00f0inni. <a name=\"25\"><span class=\"versanumer_2007\">25<\/span><\/a> En \u00feegar \u00fea\u00f0 rann upp fyrir Alk\u00edmusi a\u00f0 li\u00f0 J\u00fadasar efldist var\u00f0 honum lj\u00f3st a\u00f0 hann g\u00e6ti ekki sta\u00f0ist \u00fe\u00e1. Sneri hann aftur til konungs og bar menn J\u00fadasar \u00feungum s\u00f6kum.<\/p>\n<h3 class=\"millifyrirsogn_2007\">N\u00edkanor \u00ed Jer\u00fasalem<\/h3>\n<p><a name=\"26\"><span class=\"versanumer_2007\">26<\/span><\/a> Konungur sendi \u00fe\u00e1 N\u00edkanor, einn d\u00e1\u00f0asta herforingja sinn og hatramman fjandmann \u00cdsraels, og f\u00f3l honum a\u00f0 afm\u00e1 \u00fej\u00f3\u00f0ina.<br \/> <a name=\"27\"><span class=\"versanumer_2007\">27<\/span><\/a> N\u00edkanor kom til Jer\u00fasalem me\u00f0 miki\u00f0 li\u00f0 og sendi bo\u00f0 til J\u00fadasar og br\u00e6\u00f0ra hans og bau\u00f0 fri\u00f0 \u00fevert um hug s\u00e9r. <a name=\"28\"><span class=\"versanumer_2007\">28<\/span><\/a> \u201eMilli m\u00edn og ykkar skal enginn \u00f3fri\u00f0ur vera,\u201c sag\u00f0i hann. \u201e\u00deess vegna skal \u00e9g koma f\u00e1li\u00f0a\u00f0ur til fundar vi\u00f0 ykkur svo a\u00f0 vi\u00f0 getum r\u00e6\u00f0st vi\u00f0 fri\u00f0samlega og augliti til auglitis.\u201c <a name=\"29\"><span class=\"versanumer_2007\">29<\/span><\/a> Kom hann til J\u00fadasar og skiptust \u00feeir vinsamlega \u00e1 kve\u00f0jum en \u00f3vinirnir bi\u00f0u tilb\u00fanir a\u00f0 gr\u00edpa J\u00fadas. <a name=\"30\"><span class=\"versanumer_2007\">30<\/span><\/a> J\u00fadas komst a\u00f0 \u00fev\u00ed a\u00f0 N\u00edkanor var kominn me\u00f0 sviksamlegum \u00e1setningi. Var\u00f0 hann \u00f3ttasleginn og f\u00e9kkst ekki framar til a\u00f0 hitta hann. <a name=\"31\"><span class=\"versanumer_2007\">31<\/span><\/a> N\u00edkanor var\u00f0 \u00fe\u00e1 lj\u00f3st a\u00f0 komist haf\u00f0i upp um r\u00e1\u00f0ager\u00f0 hans og f\u00f3r til a\u00f0 m\u00e6ta J\u00fadasi \u00ed bardaga vi\u00f0 Kafar Salama. <a name=\"32\"><span class=\"versanumer_2007\">32<\/span><\/a> F\u00e9llu um fimm hundru\u00f0 manns af li\u00f0i N\u00edkanors en hinir fl\u00fd\u00f0u til borgar Dav\u00ed\u00f0s.<br \/> <a name=\"33\"><span class=\"versanumer_2007\">33<\/span><\/a> Eftir \u00feessa atbur\u00f0i f\u00f3r N\u00edkanor upp \u00e1 S\u00edonfjall. Komu nokkrir af prestunum til m\u00f3ts vi\u00f0 hann \u00fat \u00far helgid\u00f3minum og nokkrir \u00f6ldunganna. \u00c6tlu\u00f0u \u00feeir a\u00f0 heilsa N\u00edkanor vinsamlega og s\u00fdna honum brennif\u00f3rnina sem f\u00e6r\u00f0 var konungi til heilla. <a name=\"34\"><span class=\"versanumer_2007\">34<\/span><\/a> En hann ger\u00f0i gys a\u00f0 \u00feeim, h\u00e6ddi \u00fe\u00e1 og saurga\u00f0i, tala\u00f0i drambsamlega <a name=\"35\"><span class=\"versanumer_2007\">35<\/span><\/a> og s\u00f3r \u00ed br\u00e6\u00f0i: \u201eEf J\u00fadas og her hans ver\u00f0ur ekki seldur m\u00e9r \u00ed hendur n\u00fa \u00feegar, \u00fe\u00e1 mun \u00e9g brenna \u00feetta h\u00fas \u00feegar \u00e9g kem aftur heill \u00e1 h\u00fafi.\u201c F\u00f3r hann s\u00ed\u00f0an hamslaus af br\u00e6\u00f0i.<br \/> <a name=\"36\"><span class=\"versanumer_2007\">36<\/span><\/a> Prestarnir gengu inn, t\u00f3ku s\u00e9r st\u00f6\u00f0u frammi fyrir f\u00f3rnaraltarinu og musterinu og s\u00f6g\u00f0u gr\u00e1tandi: <a name=\"37\"><span class=\"versanumer_2007\">37<\/span><\/a> \u201e\u00de\u00fa \u00fatvaldir h\u00fas \u00feetta til a\u00f0 bera nafn \u00feitt og vera h\u00fas b\u00e6na og \u00e1kalls fyrir l\u00fd\u00f0 \u00feinn. <a name=\"38\"><span class=\"versanumer_2007\">38<\/span><\/a> Refsa \u00fe\u00fa manni \u00feessum og her hans. L\u00e1t \u00fe\u00e1 falla fyrir sver\u00f0i. Minnstu gu\u00f0lasts \u00feeirra og gef\u00f0u \u00feeim engin gri\u00f0.\u201c<\/p>\n<h3 class=\"millifyrirsogn_2007\">\u00d3sigur N\u00edkanors<\/h3>\n<p><a name=\"39\"><span class=\"versanumer_2007\">39<\/span><\/a> En N\u00edkanor f\u00f3r fr\u00e1 Jer\u00fasalem og setti herb\u00fa\u00f0ir \u00ed Bet Horon \u00fear sem s\u00fdrlenskur her kom til li\u00f0s vi\u00f0 hann. <a name=\"40\"><span class=\"versanumer_2007\">40<\/span><\/a> J\u00fadas setti herb\u00fa\u00f0ir \u00ed Asada \u00e1samt \u00ferj\u00fa \u00fe\u00fasund manna li\u00f0i. Og J\u00fadas ba\u00f0 \u00feessarar b\u00e6nar: <a name=\"41\"><span class=\"versanumer_2007\">41<\/span><\/a> \u201eEinu sinni, \u00feegar konungsmenn gu\u00f0l\u00f6stu\u00f0u, f\u00f3r engill \u00feinn og deyddi hundra\u00f0 \u00e1ttat\u00edu og fimm \u00fe\u00fasund \u00ed her \u00feeirra. <a name=\"42\"><span class=\"versanumer_2007\">42<\/span><\/a> Ey\u00f0 \u00fe\u00fa her \u00feessum \u00e1 sama h\u00e1tt \u00ed \u00e1r\u00e1s okkar \u00ed dag. L\u00e1t \u00fe\u00e1 sem af komast skilja a\u00f0 \u00fea\u00f0 var \u00f3h\u00e6fa af N\u00edkanor a\u00f0 sm\u00e1na helgid\u00f3m \u00feinn me\u00f0 or\u00f0um og refsa honum eins og hann \u00e1 skili\u00f0.\u201c<br \/> <a name=\"43\"><span class=\"versanumer_2007\">43<\/span><\/a> Herjunum laust saman \u00ferett\u00e1nda dag adarm\u00e1na\u00f0ar og bei\u00f0 her N\u00edkanors \u00f3sigur. Sj\u00e1lfur f\u00e9ll hann fyrstur \u00ed orrustunni. <a name=\"44\"><span class=\"versanumer_2007\">44<\/span><\/a> \u00deegar li\u00f0smenn hans s\u00e1u a\u00f0 N\u00edkanor var fallinn fleyg\u00f0u \u00feeir vopnum s\u00ednum og fl\u00fd\u00f0u. <a name=\"45\"><span class=\"versanumer_2007\">45<\/span><\/a> Menn J\u00fadasar eltu \u00fe\u00e1 eina daglei\u00f0 fr\u00e1 Asada alla lei\u00f0 a\u00f0 Geser og \u00feeyttu herl\u00fa\u00f0ra \u00e1 eftirf\u00f6rinni. <a name=\"46\"><span class=\"versanumer_2007\">46<\/span><\/a> Menn \u00feustu \u00fe\u00e1 \u00fat \u00far \u00f6llum \u00feorpum J\u00fadeu \u00fear umhverfis og umkringdu fl\u00f3ttali\u00f0i\u00f0 og hr\u00f6ktu \u00fea\u00f0 aftur \u00ed fangi\u00f0 \u00e1 \u00feeim sem veittu eftirf\u00f6r. F\u00e9ll li\u00f0i\u00f0 allt fyrir sver\u00f0i og enginn komst af.<br \/> <a name=\"47\"><span class=\"versanumer_2007\">47<\/span><\/a> \u00cdsraelsmenn t\u00f3ku vopn og vistir \u00f3vinanna. \u00deeir hjuggu h\u00f6fu\u00f0i\u00f0 af N\u00edkanor og h\u00e6gri h\u00f6ndina sem hann haf\u00f0i lyft \u00ed ofurdrambi og f\u00f3ru me\u00f0 hvort tveggja og hengdu upp fyrir utan Jer\u00fasalem. <a name=\"48\"><span class=\"versanumer_2007\">48<\/span><\/a> \u00dej\u00f3\u00f0in gladdist st\u00f3rum og h\u00e9lt daginn h\u00e1t\u00ed\u00f0legan me\u00f0 miklum f\u00f6gnu\u00f0i. <a name=\"49\"><span class=\"versanumer_2007\">49<\/span><\/a> Var \u00e1kve\u00f0i\u00f0 a\u00f0 halda \u00feennan dag h\u00e1t\u00ed\u00f0legan \u00e1rlega \u00ferett\u00e1nda dag adarm\u00e1na\u00f0ar. <br \/> <a name=\"50\"><span class=\"versanumer_2007\">50<\/span><\/a> R\u00edkti n\u00fa fri\u00f0ur \u00ed J\u00fadeu skamma hr\u00ed\u00f0.<\/p>\n","protected":false},"excerpt":{"rendered":"<p>Demetr\u00edus I tekur vi\u00f0 konungd\u00f3mi 1 \u00c1ri\u00f0 eitt hundra\u00f0 fimmt\u00edu og eitt f\u00f3r Demetr\u00edus Selevkusson fr\u00e1 R\u00f3m og st\u00e9 \u00e1 land me\u00f0 nokkrum lagsmanna sinna \u00ed borg einni vi\u00f0 hafi\u00f0. \u00dear t\u00f3k hann s\u00e9r konungstign. 2 \u00deegar hann svo var \u00e1 lei\u00f0inni til konungshallar fe\u00f0ra sinna t\u00f3ku li\u00f0ssveitir hans \u00fe\u00e1 Ant\u00edokkus og L\u00fds\u00edas h\u00f6ndum til a\u00f0 fara me\u00f0 \u00fe\u00e1 til Demetr\u00edusar. 3 \u00deegar honum var sk\u00fdrt fr\u00e1 \u00feessu sag\u00f0i hann: \u201e\u00c9g k\u00e6ri mig ekki um a\u00f0 sj\u00e1 \u00fe\u00e1.\u201c 4 \u00de\u00e1 t\u00f3ku hermennirnir \u00fe\u00e1 af l\u00edfi en Demetr\u00edus settist \u00ed h\u00e1s\u00e6ti r\u00edkis s\u00edns. 5 Til hans komu allir l\u00f6gm\u00e1lslausir og gu\u00f0lausir <a href=\"https:\/\/biblian.is\/biblian\/fyrsta-makkabeabok-7-kafli\/\"> [&#8230;]<\/a><\/p>\n","protected":false},"author":1,"featured_media":0,"parent":0,"menu_order":0,"comment_status":"open","ping_status":"open","template":"bibliukaflar.php","meta":{"footnotes":""},"class_list":["post-2930","page","type-page","status-publish","hentry"],"_links":{"self":[{"href":"https:\/\/biblian.is\/biblian\/wp-json\/wp\/v2\/pages\/2930","targetHints":{"allow":["GET"]}}],"collection":[{"href":"https:\/\/biblian.is\/biblian\/wp-json\/wp\/v2\/pages"}],"about":[{"href":"https:\/\/biblian.is\/biblian\/wp-json\/wp\/v2\/types\/page"}],"author":[{"embeddable":true,"href":"https:\/\/biblian.is\/biblian\/wp-json\/wp\/v2\/users\/1"}],"replies":[{"embeddable":true,"href":"https:\/\/biblian.is\/biblian\/wp-json\/wp\/v2\/comments?post=2930"}],"version-history":[{"count":0,"href":"https:\/\/biblian.is\/biblian\/wp-json\/wp\/v2\/pages\/2930\/revisions"}],"wp:attachment":[{"href":"https:\/\/biblian.is\/biblian\/wp-json\/wp\/v2\/media?parent=2930"}],"curies":[{"name":"wp","href":"https:\/\/api.w.org\/{rel}","templated":true}]}}