{"id":2929,"date":"2017-12-30T21:05:14","date_gmt":"2017-12-30T21:05:14","guid":{"rendered":"http:\/\/biblian.is\/biblian\/fyrsta-makkabeab%c2%97k-6-kafli\/"},"modified":"2018-01-02T02:41:42","modified_gmt":"2018-01-02T02:41:42","slug":"fyrsta-makkabeabok-6-kafli","status":"publish","type":"page","link":"https:\/\/biblian.is\/biblian\/fyrsta-makkabeabok-6-kafli\/","title":{"rendered":"Fyrsta Makkabeab\u00f3k 6. kafli"},"content":{"rendered":"<h3 class=\"millifyrirsogn_2007\"> Ant\u00edokkus Ep\u00edfanes veikist og deyr<\/h3>\n<p><a name=\"1\"><span class=\"versanumer_2007\">1<\/span><\/a> \u00c1 fer\u00f0 sinni um uppl\u00f6ndin fr\u00e9tti Ant\u00edokkus konungur af borg \u00ed Pers\u00edu, El\u00fdma\u00eds a\u00f0 nafni. Var h\u00fan or\u00f0l\u00f6g\u00f0 fyrir au\u00f0 af gulli og silfri. <a name=\"2\"><span class=\"versanumer_2007\">2<\/span><\/a> Hofi\u00f0 \u00fear var vellau\u00f0ugt. Haf\u00f0i Alexander konungur Filippusson fr\u00e1 Maked\u00f3n\u00edu, sem fyrstur r\u00edkti yfir Grikkjum, skili\u00f0 \u00fear eftir gullna skildi, brynjur og vopn. <a name=\"3\"><span class=\"versanumer_2007\">3<\/span><\/a> Ant\u00edokkus h\u00e9lt \u00feanga\u00f0 og \u00e6tla\u00f0i a\u00f0 taka borgina og r\u00e6na hana. \u00dea\u00f0 mist\u00f3kst honum \u00fev\u00ed a\u00f0 borgarb\u00faar komust a\u00f0 \u00e1setningi hans. <a name=\"4\"><span class=\"versanumer_2007\">4<\/span><\/a> Veittu \u00feeir honum vopna\u00f0a m\u00f3tspyrnu og fl\u00fd\u00f0i hann \u00feungur \u00ed huga og \u00e6tla\u00f0i aftur til Bab\u00fdlonar.<br \/> <a name=\"5\"><span class=\"versanumer_2007\">5<\/span><\/a> \u00cd Pers\u00edu bar sendibo\u00f0i Ant\u00edokkusi \u00feau bo\u00f0 a\u00f0 herir hans, sem h\u00e9ldu inn \u00ed J\u00fadeu, hef\u00f0u be\u00f0i\u00f0 \u00f3sigur. <a name=\"6\"><span class=\"versanumer_2007\">6<\/span><\/a> Hef\u00f0i L\u00fds\u00edas fari\u00f0 fyrstur \u00feanga\u00f0 me\u00f0 \u00f6flugan her sem andst\u00e6\u00f0ingarnir hrundu. Vi\u00f0 \u00fea\u00f0 hef\u00f0u Gy\u00f0ingar eflst mj\u00f6g a\u00f0 vopnum, \u00f6\u00f0rum herg\u00f6gnum og hvers kyns b\u00fana\u00f0i sem \u00feeir t\u00f3ku af hersveitunum sem \u00feeir brytju\u00f0u ni\u00f0ur. <a name=\"7\"><span class=\"versanumer_2007\">7<\/span><\/a> S\u00ed\u00f0an hef\u00f0u \u00feeir rifi\u00f0 ni\u00f0ur vi\u00f0urstygg\u00f0ina sem konungur reisti \u00e1 f\u00f3rnaraltarinu \u00ed Jer\u00fasalem og hla\u00f0i\u00f0 h\u00e1a m\u00fara kringum helgid\u00f3minn, eins og \u00e1\u00f0ur voru \u00fear, og einnig umhverfis borg hans Bet S\u00far.<br \/> <a name=\"8\"><span class=\"versanumer_2007\">8<\/span><\/a> \u00deegar konungur heyr\u00f0i \u00feessi t\u00ed\u00f0indi t\u00f3k hann a\u00f0 skj\u00e1lfa af ge\u00f0shr\u00e6ringu. Lag\u00f0ist hann \u00ed r\u00fami\u00f0, yfirkominn af harmi yfir a\u00f0 hafa mistekist \u00fea\u00f0 sem hann \u00e6tla\u00f0i s\u00e9r. <a name=\"9\"><span class=\"versanumer_2007\">9<\/span><\/a> L\u00e1 hann d\u00f6gum saman \u00fev\u00ed a\u00f0 hugarv\u00edl s\u00f3tti s\u00edfellt a\u00f0 n\u00fdju \u00e1 hann og bj\u00f3st hann vi\u00f0 dau\u00f0a s\u00ednum. <a name=\"10\"><span class=\"versanumer_2007\">10<\/span><\/a> Kalla\u00f0i hann alla vini s\u00edna til s\u00edn og sag\u00f0i vi\u00f0 \u00fe\u00e1: \u201eM\u00e9r er varna\u00f0 svefns og hjarta mitt er lama\u00f0 af \u00e1hyggjum. <a name=\"11\"><span class=\"versanumer_2007\">11<\/span><\/a> \u00c9g sag\u00f0i vi\u00f0 sj\u00e1lfan mig: Hvers konar ney\u00f0 og \u00f3g\u00e6fa er yfir mig komin? \u00c9g var \u00fe\u00f3 g\u00f3\u00f0ur og elska\u00f0ur valdhafi. <a name=\"12\"><span class=\"versanumer_2007\">12<\/span><\/a> En n\u00fa leita \u00e1 hugann \u00f3d\u00e6\u00f0in sem \u00e9g dr\u00fdg\u00f0i \u00ed Jer\u00fasalem \u00feegar \u00e9g t\u00f3k \u00f6ll silfur- og gullkerin \u00fea\u00f0an og sendi li\u00f0 til a\u00f0 afm\u00e1 \u00edb\u00faa J\u00fadeu a\u00f0 tilefnislausu. <a name=\"13\"><span class=\"versanumer_2007\">13<\/span><\/a> N\u00fa skil \u00e9g a\u00f0 \u00fea\u00f0 er vegna \u00feessa sem \u00f3g\u00e6fan er yfir mig komin og a\u00f0 \u00e9g dey sorgbitinn mj\u00f6g \u00ed framandi landi.\u201c <a name=\"14\"><span class=\"versanumer_2007\">14<\/span><\/a> S\u00ed\u00f0an kalla\u00f0i hann \u00e1 Filippus, einn vina sinna, og setti hann yfir allt r\u00edki sitt. <a name=\"15\"><span class=\"versanumer_2007\">15<\/span><\/a> F\u00e9kk hann honum k\u00f3r\u00f3nu s\u00edna, skikkju og fingurgull. \u00c1tti hann a\u00f0 f\u00f3stra Ant\u00edokkus son hans og ala hann upp til a\u00f0 taka vi\u00f0 konungd\u00f3mi. <a name=\"16\"><span class=\"versanumer_2007\">16<\/span><\/a> \u00dearna d\u00f3 Ant\u00edokkus konungur \u00e1ri\u00f0 eitt hundra\u00f0 fj\u00f6rut\u00edu og n\u00edu. <br \/> <a name=\"17\"><span class=\"versanumer_2007\">17<\/span><\/a> \u00deegar L\u00fds\u00edas fr\u00e9tti l\u00e1t konungs setti hann Ant\u00edokkus son hans jafnskj\u00f3tt til valda \u00ed hans sta\u00f0 en L\u00fds\u00edas haf\u00f0i f\u00f3stra\u00f0 hann fr\u00e1 \u00e6sku. Gaf hann honum nafni\u00f0 Evpator.<\/p>\n<h3 class=\"millifyrirsogn_2007\">Ums\u00e1tur um virki\u00f0 \u00ed Jer\u00fasalem<\/h3>\n<p><a name=\"18\"><span class=\"versanumer_2007\">18<\/span><\/a> Setuli\u00f0i\u00f0 \u00ed virkinu loka\u00f0i lei\u00f0um fyrir \u00cdsraelsm\u00f6nnum kringum helgid\u00f3minn. Leita\u00f0ist \u00fea\u00f0 st\u00f6\u00f0ugt vi\u00f0 a\u00f0 vinna \u00feeim mein og styrkja hei\u00f0ingjana. <a name=\"19\"><span class=\"versanumer_2007\">19<\/span><\/a> Afr\u00e9\u00f0 J\u00fadas a\u00f0 afm\u00e1 li\u00f0i\u00f0 og kalla\u00f0i alla \u00fej\u00f3\u00f0ina saman til a\u00f0 hefja ums\u00e1tur. <a name=\"20\"><span class=\"versanumer_2007\">20<\/span><\/a> S\u00f6fnu\u00f0ust allir til ums\u00e1turs, sm\u00ed\u00f0u\u00f0u skotpalla og ums\u00e1tursv\u00e9lar og settust um virki\u00f0. Var \u00fea\u00f0 \u00e1ri\u00f0 eitt hundra\u00f0 og fimmt\u00edu.<span class=\"nedan_mal\" title=\" \u00de.e. 163 e\u00f0a 162 f.Kr.\">[<\/span> <a name=\"21\"><span class=\"versanumer_2007\">21<\/span><\/a> En nokkrir hinna umsetnu sluppu \u00fat og ger\u00f0ust sumir gu\u00f0lausir \u00cdsraelsmenn li\u00f0smenn \u00feeirra. <a name=\"22\"><span class=\"versanumer_2007\">22<\/span><\/a> F\u00f3ru \u00feeir til konungs og s\u00f6g\u00f0u: \u201eHve lengi hyggst \u00fe\u00fa draga a\u00f0 koma \u00e1 r\u00e9tti og hefna br\u00e6\u00f0ra okkar? <a name=\"23\"><span class=\"versanumer_2007\">23<\/span><\/a> Vi\u00f0 \u00fej\u00f3nu\u00f0um f\u00f6\u00f0ur \u00fe\u00ednum af f\u00fasu ge\u00f0i, f\u00f3rum a\u00f0 fyrirm\u00e6lum hans og hl\u00fdddum bo\u00f0um hans. <a name=\"24\"><span class=\"versanumer_2007\">24<\/span><\/a> \u00deess vegna hafa landar okkar, sem sitja um virki\u00f0, sn\u00fai\u00f0 vi\u00f0 okkur baki. Og ekki n\u00f3g me\u00f0 \u00fea\u00f0. \u00deeir drepa hvern \u00feann af okkur sem \u00feeir n\u00e1 og r\u00e6na eigum okkar. <a name=\"25\"><span class=\"versanumer_2007\">25<\/span><\/a> Og ekki beita \u00feeir okkur eina ofbeldi heldur landi\u00f0 allt. <a name=\"26\"><span class=\"versanumer_2007\">26<\/span><\/a> \u00c1 \u00feessari stundu sitja \u00feeir um virki\u00f0 \u00ed Jer\u00fasalem til a\u00f0 taka \u00fea\u00f0 og hafa v\u00edggirt b\u00e6\u00f0i helgid\u00f3minn og Bet S\u00far. <a name=\"27\"><span class=\"versanumer_2007\">27<\/span><\/a> Ef \u00fe\u00fa tekur ekki fram fyrir hendurnar \u00e1 \u00feeim, og \u00fea\u00f0 strax, \u00fe\u00e1 munu \u00feeir gera \u00fea\u00f0 sem meira er \u00feessu og \u00fe\u00fa munt ekkert f\u00e1 vi\u00f0 \u00fe\u00e1 r\u00e1\u00f0i\u00f0.\u201c<\/p>\n<h3 class=\"millifyrirsogn_2007\">Herf\u00f6r Ant\u00edokkusar V til J\u00fadeu<\/h3>\n<p><a name=\"28\"><span class=\"versanumer_2007\">28<\/span><\/a> Konungur reiddist er hann heyr\u00f0i \u00feetta. Kalla\u00f0i hann saman alla \u00fe\u00e1 vini s\u00edna sem voru foringjar \u00ed her hans og riddarali\u00f0i. <a name=\"29\"><span class=\"versanumer_2007\">29<\/span><\/a> Fr\u00e1 \u00f6\u00f0rum konungsr\u00edkjum og fr\u00e1 eyjunum \u00ed hafinu f\u00e9kk hann m\u00e1laher til li\u00f0s. <a name=\"30\"><span class=\"versanumer_2007\">30<\/span><\/a> Var\u00f0 herafli hans eitt hundra\u00f0 \u00fe\u00fasund f\u00f3tg\u00f6nguli\u00f0ar, tuttugu \u00fe\u00fasund riddarar og \u00ferj\u00e1t\u00edu og tveir f\u00edlar \u00fej\u00e1lfa\u00f0ir til bardaga. <a name=\"31\"><span class=\"versanumer_2007\">31<\/span><\/a> H\u00e9lt herinn um \u00cdd\u00fameu, settist um Bet S\u00far og herja\u00f0i \u00e1 borgina d\u00f6gum saman. \u00deeir sm\u00ed\u00f0u\u00f0u ums\u00e1tursv\u00e9lar en hinir umsetnu ger\u00f0u \u00fatr\u00e1s, kveiktu \u00ed \u00feeim og v\u00f6r\u00f0ust hetjulega.<br \/> <a name=\"32\"><span class=\"versanumer_2007\">32<\/span><\/a> \u00de\u00e1 yfirgaf J\u00fadas virki\u00f0 \u00ed Jer\u00fasalem, f\u00f3r me\u00f0 her sinn til Bet Sakar\u00eda og kom honum fyrir gegnt herb\u00fa\u00f0um konungs. <a name=\"33\"><span class=\"versanumer_2007\">33<\/span><\/a> Snemma n\u00e6sta morgun l\u00e9t konungur her sinn taka sig upp og h\u00e9lt me\u00f0 hann gunnreifan \u00e1lei\u00f0is til Bet Sakar\u00eda. \u00dear fylkti li\u00f0i\u00f0 s\u00e9r til bardaga og \u00feeytti herl\u00fa\u00f0ra. <a name=\"34\"><span class=\"versanumer_2007\">34<\/span><\/a> F\u00edlunum var s\u00fdndur l\u00f6gur \u00far \u00fer\u00fagum og m\u00f3rberjum til a\u00f0 gera \u00fe\u00e1 bardagatryllta. <a name=\"35\"><span class=\"versanumer_2007\">35<\/span><\/a> D\u00fdrunum var s\u00ed\u00f0an skipt ni\u00f0ur \u00e1 fylkingarnar. Fylgdu hverjum f\u00edl eitt \u00fe\u00fasund menn b\u00fanir hringabrynjum og me\u00f0 koparhj\u00e1lma \u00e1 h\u00f6f\u00f0i og auk \u00feess var fimm hundru\u00f0 \u00farvalsriddurum skipa\u00f0 me\u00f0 hverju d\u00fdri. <a name=\"36\"><span class=\"versanumer_2007\">36<\/span><\/a> \u00deeir h\u00e9ldu sig \u00fe\u00e9tt a\u00f0 d\u00fdri s\u00ednu fyrir bardagann. Gengi \u00fea\u00f0 fram ger\u00f0u \u00feeir hi\u00f0 sama og viku ekki fr\u00e1 \u00fev\u00ed. <a name=\"37\"><span class=\"versanumer_2007\">37<\/span><\/a> Hver f\u00edll var brynvarinn og bar sterkan tr\u00e9turn sem festur var me\u00f0 gj\u00f6r\u00f0um \u00e1 d\u00fdri\u00f0. \u00cd hverjum turni voru fj\u00f3rir hermenn sem \u00fea\u00f0an b\u00f6r\u00f0ust auk Indverjans sem st\u00fdr\u00f0i. <a name=\"38\"><span class=\"versanumer_2007\">38<\/span><\/a> Hinir riddararnir voru settir beggja vegna vi\u00f0 b\u00e1\u00f0a fylkingararma hersins og g\u00e1tu \u00f3gna\u00f0 \u00f3vinum \u00ed skj\u00f3li vi\u00f0 fylkingarnar.<br \/> <a name=\"39\"><span class=\"versanumer_2007\">39<\/span><\/a> Er s\u00f3lin l\u00fdsti \u00e1 gull- og eirslegna skildi v\u00f6rpu\u00f0u \u00feeir lj\u00f3ma \u00e1 fj\u00f6llin svo a\u00f0 \u00feau skinu sem brennandi blys. <a name=\"40\"><span class=\"versanumer_2007\">40<\/span><\/a> Nokkur hluti konungshersins kom s\u00e9r fyrir \u00e1 h\u00e1fjallinu og annar \u00e1 sl\u00e9ttunni. S\u00ed\u00f0an s\u00f3ttu \u00feeir fram fast og skipulega. <a name=\"41\"><span class=\"versanumer_2007\">41<\/span><\/a> S\u00e9rhver, sem heyr\u00f0i hr\u00f3p \u00feessa fj\u00f6lda og tra\u00f0k skarans og glamri\u00f0 \u00ed vopnunum, hlaut a\u00f0 skj\u00e1lfa, svo yfirtaks mikill sem \u00feessi herafli var.<br \/> <a name=\"42\"><span class=\"versanumer_2007\">42<\/span><\/a> J\u00fadas lag\u00f0i til atl\u00f6gu me\u00f0 her sinn og felldi sex hundru\u00f0 manns \u00far her konungs. <a name=\"43\"><span class=\"versanumer_2007\">43<\/span><\/a> Eleasar Avaran t\u00f3k eftir a\u00f0 eitt d\u00fdranna bar af \u00f6llum \u00f6\u00f0rum og haf\u00f0i konunglega brynju. Virtist honum sem \u00fear f\u00e6ri konungurinn. <a name=\"44\"><span class=\"versanumer_2007\">44<\/span><\/a> Hann f\u00f3rna\u00f0i l\u00edfi s\u00ednu til a\u00f0 bjarga \u00fej\u00f3\u00f0 sinni og geta s\u00e9r eil\u00edfan or\u00f0st\u00edr. <a name=\"45\"><span class=\"versanumer_2007\">45<\/span><\/a> Hlj\u00f3p hann djarflega a\u00f0 d\u00fdrinu inn \u00ed fylkinguna mi\u00f0ja, brytja\u00f0i \u00f3vini ni\u00f0ur til h\u00e6gri og vinstri svo a\u00f0 \u00feeir hrukku til beggja handa. <a name=\"46\"><span class=\"versanumer_2007\">46<\/span><\/a> Hann smaug undir f\u00edlinn og lag\u00f0i hann banas\u00e1ri \u00ed kvi\u00f0inn. F\u00e9ll f\u00edllinn dau\u00f0ur ofan \u00e1 Eleasar og bei\u00f0 hann \u00fear bana.<br \/> <a name=\"47\"><span class=\"versanumer_2007\">47<\/span><\/a> En er \u00cdsraelsm\u00f6nnum var\u00f0 lj\u00f3s li\u00f0styrkur konungs og bar\u00e1ttuvilji hersins ur\u00f0u \u00feeir a\u00f0 h\u00f6rfa undan.<\/p>\n<h3 class=\"millifyrirsogn_2007\">Konungur hertekur S\u00edonfjall<\/h3>\n<p><a name=\"48\"><span class=\"versanumer_2007\">48<\/span><\/a> Hermenn konungs h\u00e9ldu til Jer\u00fasalem til a\u00f0 berjast vi\u00f0 Jer\u00fasalemb\u00faa. Reisti konungur herb\u00fa\u00f0ir gegnt J\u00fadeu og S\u00edonfjalli. <a name=\"49\"><span class=\"versanumer_2007\">49<\/span><\/a> Hann samdi fri\u00f0 vi\u00f0 \u00edb\u00faa Bet S\u00far. F\u00f3ru \u00feeir \u00far borginni en \u00fear var or\u00f0i\u00f0 fulll\u00edti\u00f0 um vistir til a\u00f0 standast langt ums\u00e1tur enda var hv\u00edldar\u00e1r. <a name=\"50\"><span class=\"versanumer_2007\">50<\/span><\/a> Hert\u00f3k konungur Bet S\u00far og skildi \u00fear eftir setuli\u00f0 til a\u00f0 g\u00e6ta sta\u00f0arins.<br \/> <a name=\"51\"><span class=\"versanumer_2007\">51<\/span><\/a> S\u00ed\u00f0an settist hann um helgid\u00f3minn. St\u00f3\u00f0 ums\u00e1tri\u00f0 lengi. Reisti hann \u00fear skotpalla og ums\u00e1tursv\u00e9lar, eldv\u00f6rpur, grj\u00f3tv\u00f6rpur, \u00f6rva\u00feeyta og valsl\u00f6ngvur. <a name=\"52\"><span class=\"versanumer_2007\">52<\/span><\/a> Hinir umsetnu sm\u00ed\u00f0u\u00f0u einnig v\u00edgv\u00e9lar gegn ums\u00e1tursv\u00e9lum \u00f3vinanna og str\u00ed\u00f0i\u00f0 dr\u00f3st \u00e1 langinn. <a name=\"53\"><span class=\"versanumer_2007\">53<\/span><\/a> L\u00edti\u00f0 var or\u00f0i\u00f0 um matv\u00e6li \u00ed b\u00fari musterisins \u00fear sem \u00feetta var sj\u00f6unda \u00e1ri\u00f0 og \u00feeir sem bjarga\u00f0 var fr\u00e1 hei\u00f0ingjunum og komust til J\u00fadeu h\u00f6f\u00f0u loki\u00f0 \u00fev\u00ed sem eftir var af fyrningum. <a name=\"54\"><span class=\"versanumer_2007\">54<\/span><\/a> Svarf hungur svo mj\u00f6g a\u00f0 m\u00f6nnum a\u00f0 \u00feeir tv\u00edstru\u00f0ust hver til s\u00edns heima og voru einungis f\u00e1ir eftir \u00ed helgid\u00f3minum.<\/p>\n<h3 class=\"millifyrirsogn_2007\">Tilbo\u00f0 um fri\u00f0 og tr\u00fafrelsi<\/h3>\n<p><a name=\"55\"><span class=\"versanumer_2007\">55<\/span><\/a> N\u00fa barst L\u00fds\u00edasi til eyrna a\u00f0 Filippus, sem Ant\u00edokkus konungur haf\u00f0i \u00ed lifanda l\u00edfi fali\u00f0 a\u00f0 ala son sinn Ant\u00edokkus upp til a\u00f0 taka vi\u00f0 konungd\u00f3mi, <a name=\"56\"><span class=\"versanumer_2007\">56<\/span><\/a> v\u00e6ri kominn aftur fr\u00e1 Pers\u00edu og Med\u00edu me\u00f0 herli\u00f0 \u00fea\u00f0 sem konungur h\u00e9lt me\u00f0 austur. Hef\u00f0i hann \u00ed hyggju a\u00f0 taka v\u00f6ldin. <a name=\"57\"><span class=\"versanumer_2007\">57<\/span><\/a> \u00c1kva\u00f0 L\u00fds\u00edas a\u00f0 l\u00e9tta \u00feegar ums\u00e1trinu og hra\u00f0a s\u00e9r brott. Sag\u00f0i hann vi\u00f0 konung, li\u00f0sforingjana og menn s\u00edna: \u201eMe\u00f0 hverjum degi sverfur meir a\u00f0 okkur og vistir eru \u00e1 \u00ferotum. Svo er virki\u00f0 sem vi\u00f0 sitjum um vel vari\u00f0. Enn fremur er br\u00fdnt a\u00f0 huga a\u00f0 m\u00e1lefnum r\u00edkisins. <a name=\"58\"><span class=\"versanumer_2007\">58<\/span><\/a> \u00c6ttum vi\u00f0 \u00fev\u00ed ekki a\u00f0 r\u00e9tta m\u00f6nnum \u00feessum s\u00e1ttarh\u00f6nd og semja fri\u00f0 vi\u00f0 \u00fe\u00e1 og \u00fej\u00f3\u00f0 \u00feeirra alla? <a name=\"59\"><span class=\"versanumer_2007\">59<\/span><\/a> Vi\u00f0 skulum heimila \u00feeim a\u00f0 fara eftir l\u00f6gm\u00e1lsreglum s\u00ednum eins og \u00e1\u00f0ur. \u00dev\u00ed a\u00f0 \u00fea\u00f0 var sakir \u00feess a\u00f0 vi\u00f0 felldum \u00fe\u00e6r \u00far gildi sem \u00feeir reiddust og a\u00f0h\u00f6f\u00f0ust allt \u00feetta.\u201c<br \/> <a name=\"60\"><span class=\"versanumer_2007\">60<\/span><\/a> Konungi og li\u00f0sforingjunum leist vel \u00e1 \u00feetta. Sendi konungur hinum umsetnu tilbo\u00f0 um fri\u00f0 og var \u00fev\u00ed teki\u00f0. <a name=\"61\"><span class=\"versanumer_2007\">61<\/span><\/a> Konungurinn og li\u00f0sforingjarnir unnu \u00feeim ei\u00f0a a\u00f0 skilm\u00e1lunum og samkv\u00e6mt \u00feeim komu hinir umsetnu \u00fat \u00far virkinu. <a name=\"62\"><span class=\"versanumer_2007\">62<\/span><\/a> Gekk konungur s\u00ed\u00f0an \u00e1 S\u00edonfjall. En \u00feegar hann s\u00e1 hve musteri\u00f0 var vel v\u00edggirt rauf hann ei\u00f0inn og l\u00e9t r\u00edfa virkisvegginn umhverfis musteri\u00f0. <a name=\"63\"><span class=\"versanumer_2007\">63<\/span><\/a> H\u00e9lt hann s\u00ed\u00f0an \u00e1 brott \u00e1n frekari tafa og sneri aftur til Ant\u00edokk\u00edu. \u00dear komst hann a\u00f0 raun um a\u00f0 Filippus haf\u00f0i borgina \u00e1 s\u00ednu valdi. Ger\u00f0i hann skyndi\u00e1r\u00e1s \u00e1 Filippus og vann borgina.<\/p>\n","protected":false},"excerpt":{"rendered":"<p>Ant\u00edokkus Ep\u00edfanes veikist og deyr 1 \u00c1 fer\u00f0 sinni um uppl\u00f6ndin fr\u00e9tti Ant\u00edokkus konungur af borg \u00ed Pers\u00edu, El\u00fdma\u00eds a\u00f0 nafni. Var h\u00fan or\u00f0l\u00f6g\u00f0 fyrir au\u00f0 af gulli og silfri. 2 Hofi\u00f0 \u00fear var vellau\u00f0ugt. Haf\u00f0i Alexander konungur Filippusson fr\u00e1 Maked\u00f3n\u00edu, sem fyrstur r\u00edkti yfir Grikkjum, skili\u00f0 \u00fear eftir gullna skildi, brynjur og vopn. 3 Ant\u00edokkus h\u00e9lt \u00feanga\u00f0 og \u00e6tla\u00f0i a\u00f0 taka borgina og r\u00e6na hana. \u00dea\u00f0 mist\u00f3kst honum \u00fev\u00ed a\u00f0 borgarb\u00faar komust a\u00f0 \u00e1setningi hans. 4 Veittu \u00feeir honum vopna\u00f0a m\u00f3tspyrnu og fl\u00fd\u00f0i hann \u00feungur \u00ed huga og \u00e6tla\u00f0i aftur til Bab\u00fdlonar. 5 \u00cd Pers\u00edu bar sendibo\u00f0i Ant\u00edokkusi \u00feau <a href=\"https:\/\/biblian.is\/biblian\/fyrsta-makkabeabok-6-kafli\/\"> [&#8230;]<\/a><\/p>\n","protected":false},"author":1,"featured_media":0,"parent":0,"menu_order":0,"comment_status":"open","ping_status":"open","template":"bibliukaflar.php","meta":{"footnotes":""},"class_list":["post-2929","page","type-page","status-publish","hentry"],"_links":{"self":[{"href":"https:\/\/biblian.is\/biblian\/wp-json\/wp\/v2\/pages\/2929","targetHints":{"allow":["GET"]}}],"collection":[{"href":"https:\/\/biblian.is\/biblian\/wp-json\/wp\/v2\/pages"}],"about":[{"href":"https:\/\/biblian.is\/biblian\/wp-json\/wp\/v2\/types\/page"}],"author":[{"embeddable":true,"href":"https:\/\/biblian.is\/biblian\/wp-json\/wp\/v2\/users\/1"}],"replies":[{"embeddable":true,"href":"https:\/\/biblian.is\/biblian\/wp-json\/wp\/v2\/comments?post=2929"}],"version-history":[{"count":0,"href":"https:\/\/biblian.is\/biblian\/wp-json\/wp\/v2\/pages\/2929\/revisions"}],"wp:attachment":[{"href":"https:\/\/biblian.is\/biblian\/wp-json\/wp\/v2\/media?parent=2929"}],"curies":[{"name":"wp","href":"https:\/\/api.w.org\/{rel}","templated":true}]}}