{"id":2928,"date":"2017-12-30T21:05:14","date_gmt":"2017-12-30T21:05:14","guid":{"rendered":"http:\/\/biblian.is\/biblian\/fyrsta-makkabeab%c2%97k-5-kafli\/"},"modified":"2017-12-30T21:05:15","modified_gmt":"2017-12-30T21:05:15","slug":"fyrsta-makkabeabok-5-kafli","status":"publish","type":"page","link":"https:\/\/biblian.is\/biblian\/fyrsta-makkabeabok-5-kafli\/","title":{"rendered":"Fyrsta Makkabeab\u00f3k 5. kafli"},"content":{"rendered":"<h3 class=\"millifyrirsogn_2007\"> Bardagar vi\u00f0 grann\u00fej\u00f3\u00f0irnar<\/h3>\n<p><a name=\"1\"><span class=\"versanumer_2007\">1<\/span><\/a> \u00deegar \u00edb\u00faar n\u00e1granna\u00fej\u00f3\u00f0anna fr\u00e9ttu a\u00f0 f\u00f3rnaraltari\u00f0 hef\u00f0i veri\u00f0 reist og helgid\u00f3minum komi\u00f0 \u00ed sitt fyrra horf ur\u00f0u \u00feeir afar rei\u00f0ir. <a name=\"2\"><span class=\"versanumer_2007\">2<\/span><\/a> Afr\u00e9\u00f0u \u00feeir a\u00f0 afm\u00e1 \u00fe\u00e1 af Jakobs \u00e6tt sem bjuggu me\u00f0al \u00feeirra og t\u00f3ku a\u00f0 ey\u00f0a \u00feeim og myr\u00f0a \u00fe\u00e1.<br \/> <a name=\"3\"><span class=\"versanumer_2007\">3<\/span><\/a> \u00de\u00e1 r\u00e9\u00f0st J\u00fadas \u00e1 ni\u00f0ja Esa\u00fa \u00ed Akrabateneh\u00e9ru\u00f0um \u00cdd\u00fameu en \u00feeir h\u00f6f\u00f0u umkringt \u00cdsrael. Veitti hann \u00feeim miklar b\u00fasifjar, braut \u00fe\u00e1 \u00e1 bak aftur og t\u00f3k miki\u00f0 herfang.<br \/> <a name=\"4\"><span class=\"versanumer_2007\">4<\/span><\/a> S\u00ed\u00f0an ger\u00f0i J\u00fadas upp sakir vi\u00f0 ni\u00f0ja Bajans. \u00deeir h\u00f6f\u00f0u baka\u00f0 \u00cdsraelsm\u00f6nnum st\u00f6\u00f0ug vandkv\u00e6\u00f0i og hrellingar me\u00f0 \u00fev\u00ed a\u00f0 r\u00e1\u00f0ast a\u00f0 \u00feeim \u00e1 vegum \u00fati. <a name=\"5\"><span class=\"versanumer_2007\">5<\/span><\/a> Hann settist um \u00fe\u00e1 og loka\u00f0i \u00fe\u00e1 inni \u00ed turnum s\u00ednum, helga\u00f0i \u00fe\u00e1 banni, kveikti \u00ed turnum \u00feeirra og f\u00f3rust allir sem \u00ed \u00feeim voru \u00ed logunum. <a name=\"6\"><span class=\"versanumer_2007\">6<\/span><\/a> \u00de\u00e1 snerist hann gegn Amm\u00f3n\u00edtum og komst a\u00f0 raun um a\u00f0 \u00feeir h\u00f6f\u00f0u miklum her og fj\u00f6lmenni \u00e1 a\u00f0 skipa sem T\u00edm\u00f3teus stj\u00f3rna\u00f0i. <a name=\"7\"><span class=\"versanumer_2007\">7<\/span><\/a> J\u00fadas \u00e1tti margar orrustur vi\u00f0 Amm\u00f3n\u00edta en \u00feeir f\u00f3ru halloka fyrir honum og haf\u00f0i hann sigur. <a name=\"8\"><span class=\"versanumer_2007\">8<\/span><\/a> Hann vann einnig Jaser og b\u00e6ina sem lutu \u00feeirri borg og sneri a\u00f0 svo b\u00fanu aftur til J\u00fadeu.<br \/> <a name=\"9\"><span class=\"versanumer_2007\">9<\/span><\/a> En hei\u00f0ingjarnir \u00ed G\u00edlea\u00f0 sameinu\u00f0ust um a\u00f0 afm\u00e1 \u00cdsraelsmenn sem bjuggu \u00ed landi \u00feeirra. Fl\u00fd\u00f0u \u00cdsraelsmenn \u00ed Datemavirki\u00f0 <a name=\"10\"><span class=\"versanumer_2007\">10<\/span><\/a> og sendu J\u00fadasi og br\u00e6\u00f0rum hans svohlj\u00f3\u00f0andi br\u00e9f:<br \/>\u201eHei\u00f0ingjarnir h\u00e9r \u00ed kring hafa sameinast um a\u00f0 ey\u00f0a okkur. <a name=\"11\"><span class=\"versanumer_2007\">11<\/span><\/a> \u00deeir hafa b\u00faist til a\u00f0 koma hinga\u00f0 og taka virki\u00f0 sem vi\u00f0 fl\u00fd\u00f0um til. T\u00edm\u00f3teus fer fyrir her \u00feeirra. <a name=\"12\"><span class=\"versanumer_2007\">12<\/span><\/a> Komdu og bjarga\u00f0u okkur undan \u00feeim. Margir okkar eru fallnir. <a name=\"13\"><span class=\"versanumer_2007\">13<\/span><\/a> Allir br\u00e6\u00f0ur okkar, sem bjuggu \u00e1 T\u00f3bsv\u00e6\u00f0inu, voru drepnir, konur \u00feeirra og b\u00f6rn hneppt \u00ed \u00fer\u00e6ld\u00f3m og eigum \u00feeirra r\u00e6nt. F\u00e9llu \u00fear um \u00fe\u00fasund manns.\u201c<br \/> <a name=\"14\"><span class=\"versanumer_2007\">14<\/span><\/a> Me\u00f0an enn var veri\u00f0 a\u00f0 lesa br\u00e9fi\u00f0 komu a\u00f0rir sendibo\u00f0ar fr\u00e1 Gal\u00edleu. \u00deeir h\u00f6f\u00f0u rifi\u00f0 kl\u00e6\u00f0i s\u00edn og fluttu \u00feessi bo\u00f0:<br \/> <a name=\"15\"><span class=\"versanumer_2007\">15<\/span><\/a> \u201eMenn fr\u00e1 Pt\u00f3lemais, T\u00fdrus og S\u00eddon og li\u00f0 hei\u00f0ingja \u00far allri Gal\u00edleu hafa safnast gegn okkur og \u00e6tla \u00feeir a\u00f0 gera \u00fat af vi\u00f0 okkur.\u201c <a name=\"16\"><span class=\"versanumer_2007\">16<\/span><\/a> \u00deegar J\u00fadas og f\u00f3lki\u00f0 heyr\u00f0i \u00feessar fregnir var efnt til fj\u00f6lmenns fundar til a\u00f0 r\u00e1\u00f0gast um hva\u00f0 h\u00e6gt v\u00e6ri a\u00f0 gera fyrir nau\u00f0stadda br\u00e6\u00f0ur vegna \u00e1r\u00e1sa hei\u00f0ingja. <a name=\"17\"><span class=\"versanumer_2007\">17<\/span><\/a> J\u00fadas sag\u00f0i vi\u00f0 S\u00edmon br\u00f3\u00f0ur sinn: \u201eVeldu \u00fe\u00e9r menn og far\u00f0u til Gal\u00edleu til a\u00f0 bjarga br\u00e6\u00f0rum \u00fe\u00ednum \u00fear. Vi\u00f0 J\u00f3natan br\u00f3\u00f0ir minn munum halda til G\u00edlea\u00f0s.\u201c <a name=\"18\"><span class=\"versanumer_2007\">18<\/span><\/a> Skildi hann J\u00f3sef Sakar\u00edasson og Asarja eftir \u00ed J\u00fadeu til a\u00f0 stj\u00f3rna l\u00fd\u00f0num og verja landi\u00f0 me\u00f0 \u00fev\u00ed sem eftir var af hernum. <a name=\"19\"><span class=\"versanumer_2007\">19<\/span><\/a> \u201eVeiti\u00f0 f\u00f3lki \u00feessu forystu,\u201c bau\u00f0 J\u00fadas \u00feeim, \u201een leggi\u00f0 ekki til orrustu vi\u00f0 hei\u00f0ingjana fyrr en vi\u00f0 komum aftur.\u201c <a name=\"20\"><span class=\"versanumer_2007\">20<\/span><\/a> S\u00edmon f\u00e9kk \u00ferj\u00fa \u00fe\u00fasund manns til a\u00f0 fara me\u00f0 til Gal\u00edleu og J\u00fadas \u00e1tta \u00fe\u00fasund gegn G\u00edlea\u00f0m\u00f6nnum.<br \/> <a name=\"21\"><span class=\"versanumer_2007\">21<\/span><\/a> S\u00edmon h\u00e9lt til Gal\u00edleu og h\u00e1\u00f0i marga bardaga vi\u00f0 hei\u00f0ingjana. \u00deeir bi\u00f0u \u00f3sigur fyrir honum <a name=\"22\"><span class=\"versanumer_2007\">22<\/span><\/a> og veitti hann \u00feeim eftirf\u00f6r alla lei\u00f0 a\u00f0 borgarhli\u00f0um Pt\u00f3lemais. Um \u00ferj\u00e1r \u00fe\u00fasundir hei\u00f0ingja f\u00e9llu og t\u00f3k S\u00edmon eigur \u00feeirra a\u00f0 herfangi. <a name=\"23\"><span class=\"versanumer_2007\">23<\/span><\/a> T\u00f3k hann s\u00ed\u00f0an landa s\u00edna \u00ed Gal\u00edleu og Arbatta \u00e1samt konum \u00feeirra og b\u00f6rnum og eigum me\u00f0 s\u00e9r til J\u00fadeu vi\u00f0 mikinn f\u00f6gnu\u00f0.<br \/> <a name=\"24\"><span class=\"versanumer_2007\">24<\/span><\/a> En J\u00fadas Makkabeus og J\u00f3natan br\u00f3\u00f0ir hans f\u00f3ru yfir J\u00f3rdan og h\u00e9ldu \u00ferj\u00e1r daglei\u00f0ir inn \u00ed au\u00f0nina. <a name=\"25\"><span class=\"versanumer_2007\">25<\/span><\/a> \u00dear hittu \u00feeir Nabatea sem t\u00f3ku \u00feeim vel og sk\u00fdr\u00f0u \u00feeim fr\u00e1 \u00f6llu sem hent haf\u00f0i \u00cdsraelsmenn \u00ed G\u00edlea\u00f0. <a name=\"26\"><span class=\"versanumer_2007\">26<\/span><\/a> Kv\u00e1\u00f0u \u00feeir fj\u00f6lda \u00cdsraelsmanna vera innikr\u00f3a\u00f0a \u00ed Bosra og B\u00f3sor, Alema, Kasf\u00f3r, Make\u00f0 og Karna\u00edm. Eru \u00fea\u00f0 st\u00f3rar og v\u00edggirtar borgir. <a name=\"27\"><span class=\"versanumer_2007\">27<\/span><\/a> A\u00f0ra s\u00f6g\u00f0u \u00feeir einnig innilukta \u00ed \u00f6\u00f0rum borgum G\u00edlea\u00f0s og a\u00f0 \u00ed r\u00e1\u00f0i v\u00e6ri a\u00f0 gera \u00e1r\u00e1s \u00e1 virkin og taka \u00feau n\u00e6sta dag og fella alla \u00feessa menn \u00e1 einum degi.<br \/> <a name=\"28\"><span class=\"versanumer_2007\">28<\/span><\/a> J\u00fadas sneri \u00feegar vi\u00f0 \u00e1samt hernum og h\u00e9lt ey\u00f0imerkurveginn til Bosra. Hann vann borgina, hj\u00f3 alla karlmenn ni\u00f0ur og t\u00f3k allar eigur \u00feeirra a\u00f0 herfangi. S\u00ed\u00f0an brenndi hann borgina. <a name=\"29\"><span class=\"versanumer_2007\">29<\/span><\/a> Um n\u00f3ttina t\u00f3k hann sig upp \u00fea\u00f0an og h\u00e9lt til virkisins. <a name=\"30\"><span class=\"versanumer_2007\">30<\/span><\/a> \u00deegar birti af degi s\u00e1u menn J\u00fadasar \u00f3t\u00f6lulegan aragr\u00faa manna sem b\u00e1ru stiga og ums\u00e1tursv\u00e9lar a\u00f0 virkinu til a\u00f0 r\u00e1\u00f0ast til uppg\u00f6ngu og vinna \u00fea\u00f0. <a name=\"31\"><span class=\"versanumer_2007\">31<\/span><\/a> Var J\u00fadasi lj\u00f3st a\u00f0 orrustan var \u00feegar hafin enda n\u00e1\u00f0i h\u00e1va\u00f0inn fr\u00e1 virkinu, l\u00fa\u00f0rabl\u00e1sturinn og \u00f6skrin til himins. <a name=\"32\"><span class=\"versanumer_2007\">32<\/span><\/a> Hann sag\u00f0i vi\u00f0 li\u00f0smenn s\u00edna: \u201eBerjist \u00ed dag fyrir br\u00e6\u00f0ur okkar.\u201c <a name=\"33\"><span class=\"versanumer_2007\">33<\/span><\/a> Hann r\u00e9\u00f0st aftan a\u00f0 \u00f3vinunum me\u00f0 \u00ferj\u00e1r herfylkingar sem \u00feeyttu l\u00fa\u00f0ra og hr\u00f3pu\u00f0u b\u00e6naror\u00f0. <a name=\"34\"><span class=\"versanumer_2007\">34<\/span><\/a> \u00deegar her T\u00edm\u00f3teusar var\u00f0 \u00feess v\u00edsari a\u00f0 h\u00e9r var Makkabeus \u00e1 fer\u00f0 fl\u00fd\u00f0i hann fyrir honum. Vann J\u00fadas mikinn sigur \u00e1 li\u00f0i hans og felldi n\u00e6r \u00e1tta \u00fe\u00fasund af \u00f3vinunum \u00feann dag. <a name=\"35\"><span class=\"versanumer_2007\">35<\/span><\/a> S\u00ed\u00f0an sneri J\u00fadas til Alema, ger\u00f0i \u00e1r\u00e1s og vann borgina. Deyddi hann alla karlmenn \u00ed borginni, t\u00f3k allt herfang og brenndi borgina. <a name=\"36\"><span class=\"versanumer_2007\">36<\/span><\/a> \u00dea\u00f0an f\u00f3r hann og vann Kasf\u00f3r, Make\u00f0, B\u00f3sor og a\u00f0rar borgir \u00ed G\u00edlea\u00f0.<br \/> <a name=\"37\"><span class=\"versanumer_2007\">37<\/span><\/a> Eftir \u00feessa atbur\u00f0i safna\u00f0i T\u00edm\u00f3teus saman \u00f6\u00f0rum her og sl\u00f3 upp herb\u00fa\u00f0um gegnt Raf\u00f3n handan \u00e1rinnar. <a name=\"38\"><span class=\"versanumer_2007\">38<\/span><\/a> J\u00fadas sendi menn til a\u00f0 nj\u00f3sna um herb\u00fa\u00f0ir hans. \u00deeir f\u00e6r\u00f0u honum \u00feessa fregn: \u201eAllir hei\u00f0ingjarnir umhverfis okkur hafa safnast a\u00f0 T\u00edm\u00f3teusi. Er \u00fea\u00f0 g\u00edfurlegur herafli. <a name=\"39\"><span class=\"versanumer_2007\">39<\/span><\/a> \u00de\u00e1 n\u00fdtur hann einnig stu\u00f0nings arab\u00edskra m\u00e1lali\u00f0a. Hefur li\u00f0i\u00f0 komi\u00f0 s\u00e9r fyrir handan \u00e1rinnar og er tilb\u00fai\u00f0 til a\u00f0 halda gegn \u00fe\u00e9r og leggja til orrustu.\u201c<br \/>F\u00f3r J\u00fadas \u00fe\u00e1 \u00e1 m\u00f3ti \u00feeim. <a name=\"40\"><span class=\"versanumer_2007\">40<\/span><\/a> En er J\u00fadas og her hans n\u00e1lgu\u00f0ust \u00e1na sag\u00f0i T\u00edm\u00f3teus vi\u00f0 foringja s\u00edna: \u201eEf J\u00fadas ver\u00f0ur fyrri til og kemur yfir til okkar, \u00fe\u00e1 munum vi\u00f0 ekki geta sta\u00f0i\u00f0 \u00ed gegn honum og mun hann bera okkur ofurli\u00f0i. <a name=\"41\"><span class=\"versanumer_2007\">41<\/span><\/a> En \u00e1r\u00e6\u00f0i hann \u00fea\u00f0 ekki og komi hernum fyrir handan \u00e1rinnar, \u00fe\u00e1 h\u00f6ldum vi\u00f0 yfir um og sigrum hann.\u201c<br \/> <a name=\"42\"><span class=\"versanumer_2007\">42<\/span><\/a> \u00deegar svo J\u00fadas kom a\u00f0 vatnsfallinu l\u00e9t hann herkva\u00f0ningarforingjana koma s\u00e9r fyrir \u00e1 bakkanum og sag\u00f0i: \u201eLeyfi\u00f0 engum manni a\u00f0 halda h\u00e9r kyrru fyrir. Allir ver\u00f0a a\u00f0 taka \u00fe\u00e1tt \u00ed \u00e1r\u00e1sinni.\u201c <a name=\"43\"><span class=\"versanumer_2007\">43<\/span><\/a> H\u00e9lt hann s\u00ed\u00f0an fyrstur manna yfir \u00e1na og allt li\u00f0i\u00f0 fylgdi honum. Bi\u00f0u hei\u00f0ingjarnir l\u00e6gri hlut fyrir honum, fleyg\u00f0u fr\u00e1 s\u00e9r vopnum s\u00ednum og fl\u00fd\u00f0u til hofsins \u00ed Karna\u00edm. <a name=\"44\"><span class=\"versanumer_2007\">44<\/span><\/a> \u00cdsraelsmenn unnu borgina, kveiktu \u00ed hofinu og brenndu alla sem \u00ed \u00fev\u00ed voru. \u00deannig f\u00e9ll Karna\u00edm og \u00f6ll m\u00f3tspyrna gegn J\u00fadasi var brotin \u00e1 bak aftur.<br \/> <a name=\"45\"><span class=\"versanumer_2007\">45<\/span><\/a> \u00dev\u00ed n\u00e6st safna\u00f0i J\u00fadas saman \u00f6llum \u00cdsraelsm\u00f6nnum sem bjuggu \u00ed G\u00edlea\u00f0, h\u00e1um sem l\u00e1gum, konum \u00feeirra og b\u00f6rnum og eigum, til a\u00f0 lei\u00f0a allan \u00feennan mikla skara til J\u00fadeu. <a name=\"46\"><span class=\"versanumer_2007\">46<\/span><\/a> Komu \u00feeir til Efron. Var \u00fea\u00f0 st\u00f3r borg og traustlega v\u00edggirt og l\u00e1 lei\u00f0 \u00feeirra um hana. Ur\u00f0u \u00feeir a\u00f0 komast um hana mi\u00f0ja \u00fev\u00ed a\u00f0 \u00f3gj\u00f6rningur var a\u00f0 fara fram hj\u00e1 borginni \u00f6\u00f0rum hvorum megin.<br \/> <a name=\"47\"><span class=\"versanumer_2007\">47<\/span><\/a> Borgarb\u00faar loku\u00f0u borginni fyrir \u00feeim me\u00f0 \u00fev\u00ed a\u00f0 hla\u00f0a grj\u00f3ti \u00ed hli\u00f0in. <a name=\"48\"><span class=\"versanumer_2007\">48<\/span><\/a> J\u00fadas kom fri\u00f0samlegum bo\u00f0um til \u00feeirra svo hlj\u00f3\u00f0andi: \u201eLeyfi\u00f0 okkur a\u00f0 fara um land ykkar til a\u00f0 komast til lands okkar. Ykkur ver\u00f0ur ekkert mein gert. Vi\u00f0 \u00e6tlum a\u00f0eins a\u00f0 fara f\u00f3tgangandi \u00ed gegn.\u201c En borgarb\u00faar vildu ekki opna fyrir honum. <a name=\"49\"><span class=\"versanumer_2007\">49<\/span><\/a> \u00de\u00e1 l\u00e9t J\u00fadas \u00feau bo\u00f0 berast um herinn a\u00f0 s\u00e9rhver skyldi b\u00faast til \u00e1r\u00e1sar \u00fear sem hann var staddur. <a name=\"50\"><span class=\"versanumer_2007\">50<\/span><\/a> Hermennirnir komu s\u00e9r fyrir og ger\u00f0u \u00e1r\u00e1sir \u00e1 borgina allan daginn og um n\u00f3ttina uns borgin gekk \u00ed greipar \u00feeim. <a name=\"51\"><span class=\"versanumer_2007\">51<\/span><\/a> Hj\u00f3 J\u00fadas alla karlmenn \u00ed borginni ni\u00f0ur, reif hana til grunna og t\u00f3k allt f\u00e9m\u00e6tt herfangi. Gekk hann s\u00ed\u00f0an gegnum borgina ofan \u00e1 l\u00edkum fallinna.<br \/> <a name=\"52\"><span class=\"versanumer_2007\">52<\/span><\/a> J\u00fadas og menn hans f\u00f3ru yfir J\u00f3rdan og yfir \u00e1 st\u00f3ru sl\u00e9ttuna gegnt Bet Sean. <a name=\"53\"><span class=\"versanumer_2007\">53<\/span><\/a> Alla lei\u00f0ina smala\u00f0i J\u00fadas saman \u00feeim sem dr\u00f3gust aftur \u00far og taldi kjark \u00ed l\u00fd\u00f0inn allt \u00fear til komi\u00f0 var til J\u00fadeu. <a name=\"54\"><span class=\"versanumer_2007\">54<\/span><\/a> \u00de\u00e1 f\u00f3ru J\u00fadas og menn hans upp \u00e1 S\u00edonfjall me\u00f0 miklum f\u00f6gnu\u00f0i og gle\u00f0i og f\u00e6r\u00f0u brennif\u00f3rn af \u00fev\u00ed a\u00f0 \u00feeim haf\u00f0i au\u00f0nast a\u00f0 sn\u00faa heim \u00ed fri\u00f0i og enginn \u00feeirra haf\u00f0i falli\u00f0.<br \/> <a name=\"55\"><span class=\"versanumer_2007\">55<\/span><\/a> Um \u00fe\u00e6r mundir er J\u00fadas var me\u00f0 J\u00f3natan \u00ed G\u00edlea\u00f0 og S\u00edmon br\u00f3\u00f0ir hans \u00ed Gal\u00edleu gegnt Pt\u00f3lemais <a name=\"56\"><span class=\"versanumer_2007\">56<\/span><\/a> fr\u00e9ttu herforingjarnir J\u00f3sef Sakar\u00edasson og Asarja um d\u00e1\u00f0ir \u00feeirra og orrusturnar sem \u00feeir h\u00e1\u00f0u. <a name=\"57\"><span class=\"versanumer_2007\">57<\/span><\/a> \u00deeir s\u00f6g\u00f0u: \u201eVi\u00f0 skulum einnig afla okkur fr\u00e6g\u00f0ar me\u00f0 \u00fev\u00ed a\u00f0 r\u00e1\u00f0ast \u00e1 hei\u00f0ingjana h\u00e9r \u00ed kring.\u201c <a name=\"58\"><span class=\"versanumer_2007\">58<\/span><\/a> \u00deeir l\u00e9tu bo\u00f0 \u00fat ganga til hersveita sinna og h\u00e9ldu s\u00ed\u00f0an gegn Jabne. <a name=\"59\"><span class=\"versanumer_2007\">59<\/span><\/a> En Gorg\u00edas og menn hans komu \u00fat \u00far borginni til a\u00f0 r\u00e1\u00f0ast \u00e1 \u00fe\u00e1. <a name=\"60\"><span class=\"versanumer_2007\">60<\/span><\/a> J\u00f3sef og Asarja voru hraktir \u00e1 fl\u00f3tta og eltir a\u00f0 landam\u00e6rum J\u00fadeu. \u00deann dag f\u00e9llu n\u00e6r tv\u00e6r \u00fe\u00fasundir af li\u00f0i \u00cdsraelsmanna. <a name=\"61\"><span class=\"versanumer_2007\">61<\/span><\/a> \u00dej\u00f3\u00f0in bei\u00f0 \u00feennan mikla \u00f3sigur af \u00fev\u00ed a\u00f0 \u00feessir tveir hl\u00fdddu J\u00fadasi ekki og \u00e6tlu\u00f0u a\u00f0 dr\u00fdgja hetjud\u00e1\u00f0. <a name=\"62\"><span class=\"versanumer_2007\">62<\/span><\/a> \u00deeir voru ekki heldur \u00e6ttingjar mannanna sem fali\u00f0 var \u00e1 hendur a\u00f0 frelsa \u00cdsrael.<br \/> <a name=\"63\"><span class=\"versanumer_2007\">63<\/span><\/a> En kappinn J\u00fadas og br\u00e6\u00f0ur hans hlutu mikla vegsemd af \u00f6llum \u00ed \u00cdsrael og me\u00f0al allra hei\u00f0ingja sem heyr\u00f0u fr\u00e1 \u00feeim sagt. <a name=\"64\"><span class=\"versanumer_2007\">64<\/span><\/a> Flykktust menn a\u00f0 \u00feeim til a\u00f0 hylla \u00fe\u00e1.<br \/> <a name=\"65\"><span class=\"versanumer_2007\">65<\/span><\/a> J\u00fadas h\u00e9lt einnig me\u00f0 br\u00e6\u00f0rum s\u00ednum til a\u00f0 herja \u00e1 ni\u00f0ja Esa\u00fa sem bjuggu \u00ed su\u00f0ri. Vann hann Hebron og b\u00e6ina sem lutu \u00feeirri borg. Hann reif virkisveggina og kveikti \u00ed turnunum umhverfis borgina. <a name=\"66\"><span class=\"versanumer_2007\">66<\/span><\/a> S\u00ed\u00f0an t\u00f3k hann sig upp og h\u00e9lt til Filisteu og f\u00f3r \u00ed gegnum Mar\u00edsa. <a name=\"67\"><span class=\"versanumer_2007\">67<\/span><\/a> \u00deann dag f\u00e9llu prestar \u00ed bardaga. \u00c6tlu\u00f0u \u00feeir a\u00f0 s\u00fdna karlmennsku og l\u00f6g\u00f0u \u00e1n allrar fyrirhyggju \u00fat \u00ed bardaga. <a name=\"68\"><span class=\"versanumer_2007\">68<\/span><\/a> J\u00fadas sneri hins vegar af lei\u00f0 sinni og til Asd\u00f3d \u00ed Filisteu. Reif hann \u00f6lturu og brenndi skur\u00f0go\u00f0 \u00feeirra og sneri aftur til J\u00fadeu \u00feegar hann haf\u00f0i r\u00e6nt borgirnar \u00f6llu herfangi. <\/p>\n","protected":false},"excerpt":{"rendered":"<p>Bardagar vi\u00f0 grann\u00fej\u00f3\u00f0irnar 1 \u00deegar \u00edb\u00faar n\u00e1granna\u00fej\u00f3\u00f0anna fr\u00e9ttu a\u00f0 f\u00f3rnaraltari\u00f0 hef\u00f0i veri\u00f0 reist og helgid\u00f3minum komi\u00f0 \u00ed sitt fyrra horf ur\u00f0u \u00feeir afar rei\u00f0ir. 2 Afr\u00e9\u00f0u \u00feeir a\u00f0 afm\u00e1 \u00fe\u00e1 af Jakobs \u00e6tt sem bjuggu me\u00f0al \u00feeirra og t\u00f3ku a\u00f0 ey\u00f0a \u00feeim og myr\u00f0a \u00fe\u00e1. 3 \u00de\u00e1 r\u00e9\u00f0st J\u00fadas \u00e1 ni\u00f0ja Esa\u00fa \u00ed Akrabateneh\u00e9ru\u00f0um \u00cdd\u00fameu en \u00feeir h\u00f6f\u00f0u umkringt \u00cdsrael. Veitti hann \u00feeim miklar b\u00fasifjar, braut \u00fe\u00e1 \u00e1 bak aftur og t\u00f3k miki\u00f0 herfang. 4 S\u00ed\u00f0an ger\u00f0i J\u00fadas upp sakir vi\u00f0 ni\u00f0ja Bajans. \u00deeir h\u00f6f\u00f0u baka\u00f0 \u00cdsraelsm\u00f6nnum st\u00f6\u00f0ug vandkv\u00e6\u00f0i og hrellingar me\u00f0 \u00fev\u00ed a\u00f0 r\u00e1\u00f0ast a\u00f0 \u00feeim \u00e1 vegum \u00fati. <a href=\"https:\/\/biblian.is\/biblian\/fyrsta-makkabeabok-5-kafli\/\"> [&#8230;]<\/a><\/p>\n","protected":false},"author":1,"featured_media":0,"parent":0,"menu_order":0,"comment_status":"open","ping_status":"open","template":"bibliukaflar.php","meta":{"footnotes":""},"class_list":["post-2928","page","type-page","status-publish","hentry"],"_links":{"self":[{"href":"https:\/\/biblian.is\/biblian\/wp-json\/wp\/v2\/pages\/2928","targetHints":{"allow":["GET"]}}],"collection":[{"href":"https:\/\/biblian.is\/biblian\/wp-json\/wp\/v2\/pages"}],"about":[{"href":"https:\/\/biblian.is\/biblian\/wp-json\/wp\/v2\/types\/page"}],"author":[{"embeddable":true,"href":"https:\/\/biblian.is\/biblian\/wp-json\/wp\/v2\/users\/1"}],"replies":[{"embeddable":true,"href":"https:\/\/biblian.is\/biblian\/wp-json\/wp\/v2\/comments?post=2928"}],"version-history":[{"count":0,"href":"https:\/\/biblian.is\/biblian\/wp-json\/wp\/v2\/pages\/2928\/revisions"}],"wp:attachment":[{"href":"https:\/\/biblian.is\/biblian\/wp-json\/wp\/v2\/media?parent=2928"}],"curies":[{"name":"wp","href":"https:\/\/api.w.org\/{rel}","templated":true}]}}