{"id":2927,"date":"2017-12-30T21:05:14","date_gmt":"2017-12-30T21:05:14","guid":{"rendered":"http:\/\/biblian.is\/biblian\/fyrsta-makkabeab%c2%97k-4-kafli\/"},"modified":"2018-01-02T02:39:12","modified_gmt":"2018-01-02T02:39:12","slug":"fyrsta-makkabeabok-4-kafli","status":"publish","type":"page","link":"https:\/\/biblian.is\/biblian\/fyrsta-makkabeabok-4-kafli\/","title":{"rendered":"Fyrsta Makkabeab\u00f3k 4. kafli"},"content":{"rendered":"<h3 class=\"millifyrirsogn_2007\"> Orrustan vi\u00f0 Emmaus<\/h3>\n<p><a name=\"1\"><span class=\"versanumer_2007\">1<\/span><\/a> Um n\u00f3ttina f\u00f3r Gorg\u00edas \u00far herb\u00fa\u00f0um s\u00ednum og haf\u00f0i me\u00f0 s\u00e9r fimm \u00fe\u00fasund manns og eitt \u00fe\u00fasund \u00farvalsriddara. <a name=\"2\"><span class=\"versanumer_2007\">2<\/span><\/a> \u00c6tla\u00f0i hann a\u00f0 r\u00e1\u00f0ast a\u00f0 \u00f3v\u00f6rum \u00e1 herb\u00fa\u00f0ir Gy\u00f0inga og sigra \u00fe\u00e1. Menn \u00far virkinu s\u00f6g\u00f0u honum til vegar. <a name=\"3\"><span class=\"versanumer_2007\">3<\/span><\/a> J\u00fadas var\u00f0 \u00feessa \u00e1skynja og t\u00f3k sig upp me\u00f0 \u00farvalsli\u00f0 sitt til a\u00f0 sigra \u00feann her konungsins sem var \u00ed Emmaus <a name=\"4\"><span class=\"versanumer_2007\">4<\/span><\/a> me\u00f0an hluti hans var fjarri herb\u00fa\u00f0unum. <a name=\"5\"><span class=\"versanumer_2007\">5<\/span><\/a> \u00deegar Gorg\u00edas kom \u00ed herb\u00fa\u00f0ir J\u00fadasar um n\u00f3ttina greip hann \u00ed t\u00f3mt. T\u00f3k hann a\u00f0 leita manna J\u00fadasar \u00ed fj\u00f6llunum \u00fev\u00ed a\u00f0 hann taldi a\u00f0 \u00feeir hef\u00f0u fl\u00fai\u00f0 undan s\u00e9r \u00feanga\u00f0.<br \/> <a name=\"6\"><span class=\"versanumer_2007\">6<\/span><\/a> \u00deegar daga\u00f0i birtist J\u00fadas \u00e1 sl\u00e9ttunni me\u00f0 \u00ferj\u00fa \u00fe\u00fasund manns. Ekki voru \u00feeir svo b\u00fanir skj\u00f6ldum og sver\u00f0um sem \u00feeir vildu. <a name=\"7\"><span class=\"versanumer_2007\">7<\/span><\/a> \u00deeir s\u00e1u a\u00f0 her hei\u00f0ingjanna var voldugur og vel vopnum b\u00fainn sem og riddarali\u00f0i\u00f0 umhverfis hann, allt \u00fej\u00e1lfa\u00f0ir bardagamenn. <a name=\"8\"><span class=\"versanumer_2007\">8<\/span><\/a> \u00de\u00e1 sag\u00f0i J\u00fadas vi\u00f0 menn s\u00edna: \u201e\u00d3ttist ekki fj\u00f6lda \u00feeirra og hr\u00e6\u00f0ist ekki \u00e1r\u00e1s \u00feeirra. <a name=\"9\"><span class=\"versanumer_2007\">9<\/span><\/a> Minnist \u00feess hvernig fe\u00f0ur okkar bj\u00f6rgu\u00f0ust \u00ed Rau\u00f0ahafinu \u00feegar her fara\u00f3s elti \u00fe\u00e1. <a name=\"10\"><span class=\"versanumer_2007\">10<\/span><\/a> N\u00fa skulum vi\u00f0 hr\u00f3pa til himins a\u00f0 hann ver\u00f0i okkur n\u00e1\u00f0ugur og minnist s\u00e1ttm\u00e1lans vi\u00f0 fe\u00f0ur okkar. Mun hann \u00fe\u00e1 ey\u00f0a \u00feessum her fyrir augum okkar \u00ed dag. <a name=\"11\"><span class=\"versanumer_2007\">11<\/span><\/a> Af \u00fev\u00ed munu allir hei\u00f0ingjar komast a\u00f0 raun um a\u00f0 s\u00e1 er til sem frelsar og bjargar \u00cdsrael.\u201c<br \/> <a name=\"12\"><span class=\"versanumer_2007\">12<\/span><\/a> Er \u00f3vinirnir s\u00e1u \u00fe\u00e1 stefna gegn s\u00e9r <a name=\"13\"><span class=\"versanumer_2007\">13<\/span><\/a> h\u00e9ldu \u00feeir \u00fat \u00far herb\u00fa\u00f0unum til a\u00f0 berjast. \u00de\u00e1 \u00feeyttu menn J\u00fadasar herl\u00fa\u00f0ra <a name=\"14\"><span class=\"versanumer_2007\">14<\/span><\/a> og herjunum laust saman. Voru hei\u00f0ingjarnir gj\u00f6rsigra\u00f0ir og fl\u00fd\u00f0u \u00fat \u00e1 sl\u00e9ttuna. <a name=\"15\"><span class=\"versanumer_2007\">15<\/span><\/a> F\u00e9llu \u00feeir sem s\u00ed\u00f0astir f\u00f3ru allir fyrir sver\u00f0i. \u00cdsraelsmenn r\u00e1ku fl\u00f3ttann til Geser og \u00fat \u00e1 sl\u00e9ttur \u00cdd\u00fameu, Asd\u00f3d og Jabne og felldu um \u00ferj\u00e1r \u00fe\u00fasundir \u00f3vinanna.<br \/> <a name=\"16\"><span class=\"versanumer_2007\">16<\/span><\/a> \u00deegar J\u00fadas og her hans sneru aftur fr\u00e1 eftirf\u00f6rinni <a name=\"17\"><span class=\"versanumer_2007\">17<\/span><\/a> sag\u00f0i J\u00fadas vi\u00f0 f\u00f3lki\u00f0: \u201eL\u00e1ti\u00f0 herfangi\u00f0 ekki freista ykkar um of \u00fev\u00ed a\u00f0 enn eigum vi\u00f0 orrustu fyrir h\u00f6ndum. <a name=\"18\"><span class=\"versanumer_2007\">18<\/span><\/a> Gorg\u00edas og her hans eru ekki langt undan \u00ed fj\u00f6llunum. N\u00fa ver\u00f0i\u00f0 \u00fei\u00f0 a\u00f0 veita \u00f3vinum okkar m\u00f3tspyrnu og berjast vi\u00f0 \u00fe\u00e1. S\u00ed\u00f0an geti\u00f0 \u00fei\u00f0 teki\u00f0 af herfanginu \u00e1n \u00feess a\u00f0 \u00f3ttast neitt.\u201c<br \/> <a name=\"19\"><span class=\"versanumer_2007\">19<\/span><\/a> Varla haf\u00f0i J\u00fadas sleppt or\u00f0inu \u00feegar s\u00e1st til flokks \u00f3vinanna hj\u00e1 fjallinu. <a name=\"20\"><span class=\"versanumer_2007\">20<\/span><\/a> Vi\u00f0 flokknum blasti a\u00f0 herinn var sigra\u00f0ur og a\u00f0 herb\u00fa\u00f0irnar h\u00f6f\u00f0u veri\u00f0 lag\u00f0ar eldi enda bar reykurinn \u00fev\u00ed lj\u00f3san vott sem or\u00f0i\u00f0 var. <a name=\"21\"><span class=\"versanumer_2007\">21<\/span><\/a> Vi\u00f0 \u00feessa s\u00fdn ur\u00f0u \u00feeir mj\u00f6g \u00f3ttaslegnir og \u00feegar \u00fear vi\u00f0 b\u00e6ttist a\u00f0 her J\u00fadasar birtist fylktur til bardaga \u00e1 sl\u00e9ttunni <a name=\"22\"><span class=\"versanumer_2007\">22<\/span><\/a> fl\u00fd\u00f0u \u00feeir allir til lands Filistea. <a name=\"23\"><span class=\"versanumer_2007\">23<\/span><\/a> \u00de\u00e1 sneri J\u00fadas aftur til a\u00f0 r\u00e6na herb\u00fa\u00f0irnar. T\u00f3k hann \u00fear miki\u00f0 gull og silfur, bl\u00e1 og rau\u00f0 purpurakl\u00e6\u00f0i og margt gersema. <a name=\"24\"><span class=\"versanumer_2007\">24<\/span><\/a> Sneru hann og li\u00f0smenn hans s\u00ed\u00f0an heim og sungu s\u00e1lma og himninum lof eins og maklegt er \u00fev\u00ed a\u00f0 miskunn hans varir a\u00f0 eil\u00edfu. <a name=\"25\"><span class=\"versanumer_2007\">25<\/span><\/a> \u00deennan dag hlaut \u00cdsrael d\u00e1samlega frelsun.<\/p>\n<h3 class=\"millifyrirsogn_2007\">J\u00fadas sigrar L\u00fds\u00edas vi\u00f0 Bet S\u00far<\/h3>\n<p><a name=\"26\"><span class=\"versanumer_2007\">26<\/span><\/a> \u00deeir \u00fatlendinganna sem af komust f\u00f3ru til L\u00fds\u00edasar og greindu honum fr\u00e1 \u00f6llu \u00fev\u00ed sem gerst haf\u00f0i. <a name=\"27\"><span class=\"versanumer_2007\">27<\/span><\/a> Br\u00e1 honum mj\u00f6g vi\u00f0 t\u00ed\u00f0indin, sem honum f\u00e9llu \u00feungt, og \u00fea\u00f0 a\u00f0 ekki haf\u00f0i fari\u00f0 svo fyrir \u00cdsrael sem hann vildi og honum mistekist a\u00f0 framkv\u00e6ma fyrirm\u00e6li konungs.<br \/> <a name=\"28\"><span class=\"versanumer_2007\">28<\/span><\/a> \u00c1ri\u00f0 eftir kvaddi L\u00fds\u00edas til sext\u00edu \u00fe\u00fasund \u00farvalshermenn og fimm \u00fe\u00fasund riddara til a\u00f0 leggja \u00cdsrael a\u00f0 velli. <a name=\"29\"><span class=\"versanumer_2007\">29<\/span><\/a> H\u00e9ldu \u00feeir inn \u00ed \u00cdd\u00fameu og sl\u00f3gu upp herb\u00fa\u00f0um vi\u00f0 Bet S\u00far en J\u00fadas h\u00e9lt gegn \u00feeim me\u00f0 t\u00edu \u00fe\u00fasund manns. <a name=\"30\"><span class=\"versanumer_2007\">30<\/span><\/a> \u00deegar hann s\u00e1 hve voldugur herinn var ba\u00f0st hann fyrir me\u00f0 \u00feessum or\u00f0um: \u201eLofa\u00f0ur s\u00e9rt \u00fe\u00fa, frelsari \u00cdsraels, sem ger\u00f0ir \u00e1r\u00e1s risans a\u00f0 engu me\u00f0 hendi \u00fej\u00f3ns \u00fe\u00edns, Dav\u00ed\u00f0s, og gafst her Filistea \u00e1 vald J\u00f3natan, syni S\u00e1ls, og skjaldsveini hans. <a name=\"31\"><span class=\"versanumer_2007\">31<\/span><\/a> Gef \u00fe\u00fa n\u00fa her \u00feennan l\u00fd\u00f0 \u00fe\u00ednum, \u00cdsrael, \u00e1 vald svo a\u00f0 li\u00f0styrkur \u00f3vinanna og riddarar \u00feeirra ver\u00f0i til skammar. <a name=\"32\"><span class=\"versanumer_2007\">32<\/span><\/a> L\u00e1t \u00fe\u00e1 missa m\u00f3\u00f0inn, lama ofdirfsku \u00feeirra svo a\u00f0 skj\u00e1lfandi b\u00ed\u00f0i \u00feeir \u00f3sigur. <a name=\"33\"><span class=\"versanumer_2007\">33<\/span><\/a> Felldu \u00fe\u00e1 me\u00f0 sver\u00f0i \u00feeirra sem unna \u00fe\u00e9r svo a\u00f0 allir, sem \u00feekkja nafn \u00feitt, megi syngja \u00fe\u00e9r lofs\u00f6ng.\u201c <a name=\"34\"><span class=\"versanumer_2007\">34<\/span><\/a> Laust herjunum n\u00fa saman og f\u00e9llu um fimm \u00fe\u00fasund af herli\u00f0i L\u00fds\u00edasar fyrir \u00e1r\u00e1s \u00cdsraelsmanna.<br \/> <a name=\"35\"><span class=\"versanumer_2007\">35<\/span><\/a> \u00deegar L\u00fds\u00edas s\u00e1 a\u00f0 fl\u00f3tti var brostinn \u00ed li\u00f0 hans en li\u00f0sm\u00f6nnum J\u00fadasar j\u00f3kst kjarkur og hve sta\u00f0r\u00e1\u00f0nir \u00feeir voru \u00ed a\u00f0 lifa og deyja me\u00f0 s\u00e6md h\u00e9lt hann til baka til Ant\u00edokk\u00edu. R\u00e9\u00f0 hann s\u00ed\u00f0an m\u00e1lali\u00f0a til a\u00f0 geta sn\u00fai\u00f0 aftur til J\u00fadeu me\u00f0 enn \u00f6flugri her.<\/p>\n<h3 class=\"millifyrirsogn_2007\">Hreinsun musterisins<\/h3>\n<p><a name=\"36\"><span class=\"versanumer_2007\">36<\/span><\/a> En J\u00fadas og br\u00e6\u00f0ur hans s\u00f6g\u00f0u: \u201e\u00d3vinir okkar eru sigra\u00f0ir. Vi\u00f0 skulum halda upp til Jer\u00fasalem og hreinsa helgid\u00f3minn og v\u00edgja hann a\u00f0 n\u00fdju.\u201c<br \/> <a name=\"37\"><span class=\"versanumer_2007\">37<\/span><\/a> Allur herinn safna\u00f0ist saman og gekk upp \u00e1 S\u00edonfjall. <a name=\"38\"><span class=\"versanumer_2007\">38<\/span><\/a> \u00dear fundu \u00feeir helgid\u00f3minn yfirgefinn og f\u00f3rnaraltari\u00f0 saurga\u00f0 og hli\u00f0in brennd. Kjarr var vaxi\u00f0 upp \u00ed forg\u00f6r\u00f0unum svo a\u00f0 \u00feeir voru l\u00edkastir sk\u00f3glendi e\u00f0a fjalllendi og hli\u00f0arherbergi prestanna h\u00f6f\u00f0u veri\u00f0 rifin. <a name=\"39\"><span class=\"versanumer_2007\">39<\/span><\/a> Menn J\u00fadasar rifu kl\u00e6\u00f0i s\u00edn, kveinu\u00f0u harmi lostnir, jusu sig \u00f6sku <a name=\"40\"><span class=\"versanumer_2007\">40<\/span><\/a> og f\u00e9llu til jar\u00f0ar fram \u00e1 \u00e1sj\u00f3nur s\u00ednar. S\u00ed\u00f0an \u00feeyttu \u00feeir merkil\u00fa\u00f0rana og hr\u00f3pu\u00f0u til himins.<br \/> <a name=\"41\"><span class=\"versanumer_2007\">41<\/span><\/a> \u00de\u00e1 bau\u00f0 J\u00fadas nokkrum manna sinna a\u00f0 herja \u00e1 li\u00f0i\u00f0 \u00ed virkinu me\u00f0an hann hreinsa\u00f0i helgid\u00f3minn. <a name=\"42\"><span class=\"versanumer_2007\">42<\/span><\/a> Hann valdi presta sem eigi h\u00f6f\u00f0u l\u00e1ti\u00f0 flekkast og unnu l\u00f6gm\u00e1linu. <a name=\"43\"><span class=\"versanumer_2007\">43<\/span><\/a> Hreinsu\u00f0u \u00feeir helgid\u00f3minn og fluttu saurgu\u00f0u steinana \u00e1 \u00f3hreinan sta\u00f0. <a name=\"44\"><span class=\"versanumer_2007\">44<\/span><\/a> \u00deeir r\u00e1\u00f0gu\u00f0ust um hva\u00f0 gert skyldi vi\u00f0 brennif\u00f3rnaraltari\u00f0 sem sv\u00edvirt var. <a name=\"45\"><span class=\"versanumer_2007\">45<\/span><\/a> Hugkv\u00e6mdist \u00feeim \u00fea\u00f0 heillar\u00e1\u00f0 a\u00f0 r\u00edfa \u00fea\u00f0 svo a\u00f0 \u00fea\u00f0 minnti ekki framar \u00e1 \u00fe\u00e1 sm\u00e1n a\u00f0 hei\u00f0ingjar h\u00f6f\u00f0u saurga\u00f0 \u00fea\u00f0.<br \/>\u00deeir rifu \u00fev\u00ed f\u00f3rnaraltari\u00f0 ni\u00f0ur <a name=\"46\"><span class=\"versanumer_2007\">46<\/span><\/a> og komu steinunum fyrir \u00e1 hentugum sta\u00f0 \u00e1 musterisfjallinu \u00fear til sp\u00e1ma\u00f0ur k\u00e6mi sem g\u00e6ti svara\u00f0 \u00fev\u00ed hva\u00f0 gert skyldi vi\u00f0 \u00fe\u00e1. <a name=\"47\"><span class=\"versanumer_2007\">47<\/span><\/a> T\u00f3ku \u00feeir s\u00ed\u00f0an \u00f3h\u00f6ggna steina eins og l\u00f6gm\u00e1li\u00f0 segir til um og hl\u00f3\u00f0u n\u00fdtt altari sem var eins og hi\u00f0 fyrra. <a name=\"48\"><span class=\"versanumer_2007\">48<\/span><\/a> Helgid\u00f3minn endurb\u00e6ttu \u00feeir a\u00f0 utan sem innan og v\u00edg\u00f0u forgar\u00f0ana. <a name=\"49\"><span class=\"versanumer_2007\">49<\/span><\/a> \u00deeir ger\u00f0u n\u00fd helgi\u00e1h\u00f6ld og b\u00e1ru lj\u00f3sastikuna, reykelsisaltari\u00f0 og bor\u00f0i\u00f0 inn \u00ed musteri\u00f0. <a name=\"50\"><span class=\"versanumer_2007\">50<\/span><\/a> \u00deeir brenndu s\u00ed\u00f0an reykelsi \u00e1 reykelsisaltarinu og tendru\u00f0u lampana \u00e1 lj\u00f3sastikunni svo a\u00f0 birti \u00ed musterinu. <a name=\"51\"><span class=\"versanumer_2007\">51<\/span><\/a> \u00deeir l\u00f6g\u00f0u brau\u00f0 \u00e1 bor\u00f0i\u00f0 og hengdu fortjaldi\u00f0 upp.<br \/>\u00de\u00e1 var \u00f6llu loki\u00f0 sem gera \u00feurfti.<br \/> <a name=\"52\"><span class=\"versanumer_2007\">52<\/span><\/a> \u00deeir f\u00f3ru \u00e1rla \u00e1 f\u00e6tur. Var \u00fea\u00f0 tuttugasta og fimmta dag n\u00edunda m\u00e1na\u00f0ar, \u00fe.e. k\u00edslevm\u00e1na\u00f0ar, \u00e1ri\u00f0 eitt hundra\u00f0 fj\u00f6rut\u00edu og \u00e1tta.<span class=\"nedan_mal\" title=\" \u00de.e. um mi\u00f0jan desember 164 f.Kr.\">[<\/span> <a name=\"53\"><span class=\"versanumer_2007\">53<\/span><\/a> B\u00e1ru prestarnir fram f\u00f3rn samkv\u00e6mt l\u00f6gm\u00e1linu \u00e1 n\u00fdja brennif\u00f3rnaraltari\u00f0 sem \u00feeir h\u00f6f\u00f0u reist. <a name=\"54\"><span class=\"versanumer_2007\">54<\/span><\/a> \u00c1 sama t\u00edma \u00e1rs og \u00e1 sama degi og hei\u00f0ingjarnir sv\u00edvirtu helgid\u00f3minn var hann endurv\u00edg\u00f0ur me\u00f0 s\u00f6ng og leik \u00e1 h\u00f6rpu, g\u00edgjur og bumbur. <a name=\"55\"><span class=\"versanumer_2007\">55<\/span><\/a> Og f\u00f3lki\u00f0 allt f\u00e9ll fram \u00e1 \u00e1sj\u00f3nu s\u00edna og tilba\u00f0 og lofa\u00f0i himininn sem haf\u00f0i veitt \u00fev\u00ed sigurs\u00e6ld.<br \/> <a name=\"56\"><span class=\"versanumer_2007\">56<\/span><\/a> V\u00edgslu f\u00f3rnaraltarisins h\u00e9ldu menn h\u00e1t\u00ed\u00f0lega \u00ed \u00e1tta daga, b\u00e1ru brennif\u00f3rnir fram fagnandi huga og f\u00e6r\u00f0u heillaf\u00f3rn og \u00feakkarf\u00f3rn. <a name=\"57\"><span class=\"versanumer_2007\">57<\/span><\/a> \u00deeir pr\u00fdddu framhli\u00f0 musterisins me\u00f0 gullsveigum og skj\u00f6ldum, endurn\u00fdju\u00f0u hli\u00f0in og hli\u00f0arherbergi prestanna og settu hur\u00f0ir fyrir. <a name=\"58\"><span class=\"versanumer_2007\">58<\/span><\/a> G\u00edfurlegur f\u00f6gnu\u00f0ur r\u00edkti me\u00f0al f\u00f3lksins yfir a\u00f0 sm\u00e1nin, sem hei\u00f0ingjarnir ollu, var afm\u00e1\u00f0.<br \/> <a name=\"59\"><span class=\"versanumer_2007\">59<\/span><\/a> \u00c1kva\u00f0 J\u00fadas og br\u00e6\u00f0ur hans og allur s\u00f6fnu\u00f0ur \u00cdsraels a\u00f0 \u00e1rlega skyldi endurv\u00edgslu f\u00f3rnaraltarisins minnst me\u00f0 h\u00e1t\u00ed\u00f0 og f\u00f6gnu\u00f0i og gle\u00f0i \u00ed \u00e1tta daga fr\u00e1 tuttugasta og fimmta degi k\u00edslevm\u00e1na\u00f0ar. <a name=\"60\"><span class=\"versanumer_2007\">60<\/span><\/a> Um \u00feessar mundir reistu \u00feeir h\u00e1a m\u00fara me\u00f0 sterkum turnum umhverfis S\u00edonfjall til a\u00f0 koma \u00ed veg fyrir a\u00f0 hei\u00f0ingjarnir k\u00e6mu \u00e1 n\u00fd og saurgu\u00f0u sv\u00e6\u00f0i\u00f0 eins og \u00e1\u00f0ur. <a name=\"61\"><span class=\"versanumer_2007\">61<\/span><\/a> \u00dear setti J\u00fadas li\u00f0 til varnar sta\u00f0num og v\u00edggirti einnig Bet S\u00far svo a\u00f0 \u00fej\u00f3\u00f0in hef\u00f0i \u00fear virki gegnt \u00cdd\u00fameu.<\/p>\n","protected":false},"excerpt":{"rendered":"<p>Orrustan vi\u00f0 Emmaus 1 Um n\u00f3ttina f\u00f3r Gorg\u00edas \u00far herb\u00fa\u00f0um s\u00ednum og haf\u00f0i me\u00f0 s\u00e9r fimm \u00fe\u00fasund manns og eitt \u00fe\u00fasund \u00farvalsriddara. 2 \u00c6tla\u00f0i hann a\u00f0 r\u00e1\u00f0ast a\u00f0 \u00f3v\u00f6rum \u00e1 herb\u00fa\u00f0ir Gy\u00f0inga og sigra \u00fe\u00e1. Menn \u00far virkinu s\u00f6g\u00f0u honum til vegar. 3 J\u00fadas var\u00f0 \u00feessa \u00e1skynja og t\u00f3k sig upp me\u00f0 \u00farvalsli\u00f0 sitt til a\u00f0 sigra \u00feann her konungsins sem var \u00ed Emmaus 4 me\u00f0an hluti hans var fjarri herb\u00fa\u00f0unum. 5 \u00deegar Gorg\u00edas kom \u00ed herb\u00fa\u00f0ir J\u00fadasar um n\u00f3ttina greip hann \u00ed t\u00f3mt. T\u00f3k hann a\u00f0 leita manna J\u00fadasar \u00ed fj\u00f6llunum \u00fev\u00ed a\u00f0 hann taldi a\u00f0 \u00feeir hef\u00f0u fl\u00fai\u00f0 <a href=\"https:\/\/biblian.is\/biblian\/fyrsta-makkabeabok-4-kafli\/\"> [&#8230;]<\/a><\/p>\n","protected":false},"author":1,"featured_media":0,"parent":0,"menu_order":0,"comment_status":"open","ping_status":"open","template":"bibliukaflar.php","meta":{"footnotes":""},"class_list":["post-2927","page","type-page","status-publish","hentry"],"_links":{"self":[{"href":"https:\/\/biblian.is\/biblian\/wp-json\/wp\/v2\/pages\/2927","targetHints":{"allow":["GET"]}}],"collection":[{"href":"https:\/\/biblian.is\/biblian\/wp-json\/wp\/v2\/pages"}],"about":[{"href":"https:\/\/biblian.is\/biblian\/wp-json\/wp\/v2\/types\/page"}],"author":[{"embeddable":true,"href":"https:\/\/biblian.is\/biblian\/wp-json\/wp\/v2\/users\/1"}],"replies":[{"embeddable":true,"href":"https:\/\/biblian.is\/biblian\/wp-json\/wp\/v2\/comments?post=2927"}],"version-history":[{"count":0,"href":"https:\/\/biblian.is\/biblian\/wp-json\/wp\/v2\/pages\/2927\/revisions"}],"wp:attachment":[{"href":"https:\/\/biblian.is\/biblian\/wp-json\/wp\/v2\/media?parent=2927"}],"curies":[{"name":"wp","href":"https:\/\/api.w.org\/{rel}","templated":true}]}}