{"id":2924,"date":"2017-12-30T21:05:14","date_gmt":"2017-12-30T21:05:14","guid":{"rendered":"http:\/\/biblian.is\/biblian\/fyrsta-makkabeab%c2%97k-1-kafli\/"},"modified":"2017-12-30T21:05:15","modified_gmt":"2017-12-30T21:05:15","slug":"fyrsta-makkabeabok-1-kafli","status":"publish","type":"page","link":"https:\/\/biblian.is\/biblian\/fyrsta-makkabeabok-1-kafli\/","title":{"rendered":"Fyrsta Makkabeab\u00f3k 1. kafli"},"content":{"rendered":"<h3 class=\"millifyrirsogn_2007\"> Alexander mikli<\/h3>\n<p><a name=\"1\"><span class=\"versanumer_2007\">1<\/span><\/a> Alexander Filippusson fr\u00e1 Maked\u00f3n\u00edu vann sigur \u00e1 Dar\u00edusi, konungi Persa og Meda, eftir a\u00f0 hann f\u00f3r fr\u00e1 landi Kitta. Settist hann a\u00f0 v\u00f6ldum \u00ed sta\u00f0 Dar\u00edusar en haf\u00f0i \u00e1\u00f0ur r\u00edkt yfir Grikklandi. <a name=\"2\"><span class=\"versanumer_2007\">2<\/span><\/a> Hann \u00e1tti \u00ed s\u00edfelldum styrj\u00f6ldum, t\u00f3k hvert virki\u00f0 af \u00f6\u00f0ru og lag\u00f0i konunga a\u00f0 velli v\u00ed\u00f0a um l\u00f6nd. <a name=\"3\"><span class=\"versanumer_2007\">3<\/span><\/a> Hann s\u00f3tti fram allt a\u00f0 ystu endim\u00f6rkum jar\u00f0ar og r\u00e6ndi fj\u00f6lmargar \u00fej\u00f3\u00f0ir. Enginn \u00e1 j\u00f6r\u00f0u m\u00e1tti s\u00edn neins fyrir honum og ger\u00f0ist hann hrokafullur og drambsamur \u00ed hjarta. <a name=\"4\"><span class=\"versanumer_2007\">4<\/span><\/a> Hann safna\u00f0i \u00f3v\u00edgum her og drottna\u00f0i yfir l\u00f6ndum, \u00fej\u00f3\u00f0um og furstum sem ur\u00f0u skattskyldir honum.<br \/> <a name=\"5\"><span class=\"versanumer_2007\">5<\/span><\/a> \u00de\u00e1 var\u00f0 hann sj\u00fakur og fann a\u00f0 dau\u00f0inn n\u00e1lga\u00f0ist. <a name=\"6\"><span class=\"versanumer_2007\">6<\/span><\/a> Kalla\u00f0i hann til s\u00edn tignustu \u00fej\u00f3na s\u00edna, sem alist h\u00f6f\u00f0u upp me\u00f0 honum fr\u00e1 unga aldri, og skipti r\u00edki s\u00ednu milli \u00feeirra \u00ed lifanda l\u00edfi. <a name=\"7\"><span class=\"versanumer_2007\">7<\/span><\/a> Er Alexander d\u00f3 haf\u00f0i hann r\u00edkt \u00ed t\u00f3lf \u00e1r. <br \/> <a name=\"8\"><span class=\"versanumer_2007\">8<\/span><\/a> \u00dej\u00f3nar hans t\u00f3ku vi\u00f0 v\u00f6ldum hver \u00e1 s\u00ednum sta\u00f0. <a name=\"9\"><span class=\"versanumer_2007\">9<\/span><\/a> A\u00f0 Alexander l\u00e1tnum l\u00e9tu \u00feeir allir kr\u00fdna sig. Hi\u00f0 sama ger\u00f0u svo ni\u00f0jar \u00feeirra sem t\u00f3ku vi\u00f0 af \u00feeim. Var svo um langt \u00e1rabil og komu \u00feeir miklu illu til lei\u00f0ar \u00e1 j\u00f6r\u00f0inni.<\/p>\n<h3 class=\"millifyrirsogn_2007\">Ant\u00edokkus Ep\u00edfanes og tr\u00fan\u00ed\u00f0ingar me\u00f0al Gy\u00f0inga<\/h3>\n<p><a name=\"10\"><span class=\"versanumer_2007\">10<\/span><\/a> Afsprengi \u00feeirra var hrakmenni\u00f0 Ant\u00edokkus Ep\u00edfanes, sonur Ant\u00edokkusar konungs. Haf\u00f0i hann veri\u00f0 g\u00edsl \u00ed R\u00f3m og kom til r\u00edkis \u00e1 eitt hundra\u00f0 \u00fer\u00edtugasta og sj\u00f6unda \u00e1ri gr\u00edska konungd\u00f3msins. <br \/> <a name=\"11\"><span class=\"versanumer_2007\">11<\/span><\/a> Um \u00feessar mundir t\u00f3ku nokkrir \u00cdsraelsmenn a\u00f0 sn\u00faa baki vi\u00f0 l\u00f6gm\u00e1linu og afvegaleiddu marga. \u00deeir s\u00f6g\u00f0u: \u201eVi\u00f0 skulum gera s\u00e1ttm\u00e1la vi\u00f0 hei\u00f0ingjana sem b\u00faa umhverfis okkur \u00fev\u00ed a\u00f0 margt hefur gengi\u00f0 okkur \u00f6ndvert s\u00ed\u00f0an vi\u00f0 s\u00f6g\u00f0um skili\u00f0 vi\u00f0 \u00fe\u00e1.\u201c <a name=\"12\"><span class=\"versanumer_2007\">12<\/span><\/a> \u00deetta tal f\u00e9ll \u00fdmsum vel \u00ed ge\u00f0 <a name=\"13\"><span class=\"versanumer_2007\">13<\/span><\/a> og ur\u00f0u sumir landa \u00feeirra svo \u00e1kafir a\u00f0 \u00feeir h\u00e9ldu til konungs sem gaf \u00feeim leyfi til a\u00f0 taka upp hei\u00f0na lifna\u00f0arh\u00e6tti. <a name=\"14\"><span class=\"versanumer_2007\">14<\/span><\/a> Bygg\u00f0u \u00feeir \u00ed\u00fer\u00f3ttaleikvang \u00ed Jer\u00fasalem a\u00f0 hei\u00f0inni fyrirmynd, <a name=\"15\"><span class=\"versanumer_2007\">15<\/span><\/a> l\u00e9tu gera s\u00e9r forh\u00fa\u00f0 og ger\u00f0ust fr\u00e1hverfir s\u00e1ttm\u00e1lanum heilaga. \u00deeir l\u00f6g\u00f0u lag sitt vi\u00f0 hei\u00f0ingja og l\u00e9tu kaupa sig til illra verka.<\/p>\n<h3 class=\"millifyrirsogn_2007\">Herf\u00f6r Ant\u00edokkusar til Egyptalands<\/h3>\n<p><a name=\"16\"><span class=\"versanumer_2007\">16<\/span><\/a> \u00deegar Ant\u00edokkus var or\u00f0inn fastur \u00ed sessi afr\u00e9\u00f0 hann a\u00f0 n\u00e1 v\u00f6ldum \u00ed Egyptalandi og drottna yfir b\u00e1\u00f0um r\u00edkjunum. <a name=\"17\"><span class=\"versanumer_2007\">17<\/span><\/a> Hann h\u00e9lt gegn Egyptum me\u00f0 mikinn her, str\u00ed\u00f0svagna og f\u00edla og st\u00f3ran flota. <a name=\"18\"><span class=\"versanumer_2007\">18<\/span><\/a> Hann lag\u00f0i til orrustu vi\u00f0 Pt\u00f3lemeus, konung Egypta, sem bar l\u00e6gri hlut fyrir honum, var hrakinn \u00e1 fl\u00f3tta og f\u00e9llu margir s\u00e1rir. <a name=\"19\"><span class=\"versanumer_2007\">19<\/span><\/a> Li\u00f0 Ant\u00edokkusar t\u00f3k v\u00edggirtar borgir Egypta og miki\u00f0 herfang \u00ed landi \u00feeirra.<\/p>\n<h3 class=\"millifyrirsogn_2007\">Ant\u00edokkus ofs\u00e6kir Gy\u00f0inga<\/h3>\n<p><a name=\"20\"><span class=\"versanumer_2007\">20<\/span><\/a> \u00deegar Ant\u00edokkus haf\u00f0i unni\u00f0 sigur \u00e1 Egyptum h\u00e9lt hann \u00e1ri\u00f0 eitt hundra\u00f0 fj\u00f6rut\u00edu og \u00ferj\u00fa me\u00f0 mikinn herafla til \u00cdsraels og Jer\u00fasalem. <a name=\"21\"><span class=\"versanumer_2007\">21<\/span><\/a> \u00cd ofurdrambi s\u00ednu gekk hann inn \u00ed helgid\u00f3minn og t\u00f3k gullaltari\u00f0 og lj\u00f3sastikuna og allt sem henni heyr\u00f0i, <a name=\"22\"><span class=\"versanumer_2007\">22<\/span><\/a> sko\u00f0unarbrau\u00f0abor\u00f0i\u00f0, dreypif\u00f3rnarbollana, sk\u00e1larnar, gullreykelsiskerin og fortjaldi\u00f0. Kr\u00f6nsunum og allri gullskreytingunni \u00e1 forhli\u00f0 musterisins l\u00e9t hann fletta af. <a name=\"23\"><span class=\"versanumer_2007\">23<\/span><\/a> Hann t\u00f3k silfur og gull og ver\u00f0m\u00e6t \u00e1h\u00f6ld og allt sem hann fann af fj\u00e1rsj\u00f3\u00f0unum sem \u00ed musterinu voru f\u00f3lgnir. <a name=\"24\"><span class=\"versanumer_2007\">24<\/span><\/a> \u00deetta allt t\u00f3k hann og haf\u00f0i me\u00f0 s\u00e9r heim \u00ed land sitt. Hann olli bl\u00f3\u00f0ba\u00f0i og var afar digurbarkalegur \u00ed tali. <br \/> <span class=\"ljodatexti\"> <a name=\"25\"><span class=\"versanumer_ljod\">25<\/span><\/a> \u00de\u00e1 var\u00f0 harmur mikill hvarvetna \u00ed \u00cdsrael.<br \/> <\/span> <span class=\"ljodatexti\"> <a name=\"26\"><span class=\"versanumer_ljod\">26<\/span><\/a> Lei\u00f0togar og \u00f6ldungar h\u00f3fu upp kveinstafi,<br \/>meyjar og sveinar misstu m\u00f3\u00f0inn,<br \/>bl\u00f3mi kvenna blikna\u00f0i.<br \/> <\/span> <span class=\"ljodatexti\"> <a name=\"27\"><span class=\"versanumer_ljod\">27<\/span><\/a> S\u00e9rhver br\u00fa\u00f0gumi h\u00f3f harms\u00f6ng,<br \/>hver br\u00fa\u00f0ur gr\u00e9t \u00ed dyngju sinni.<br \/> <\/span> <span class=\"ljodatexti\"> <a name=\"28\"><span class=\"versanumer_ljod\">28<\/span><\/a> Landi\u00f0 skalf vegna \u00feeirra er \u00fea\u00f0 bygg\u00f0u,<br \/>\u00f6ll Jakobs \u00e6tt hj\u00fapa\u00f0ist sm\u00e1n. <\/span> <\/p>\n<h3 class=\"millifyrirsogn_2007\">Jer\u00fasalem hertekin<\/h3>\n<p><span class=\"ljodatexti\"> <a name=\"29\"><span class=\"versanumer_ljod\">29<\/span><\/a> Tveimur \u00e1rum s\u00ed\u00f0ar sendi konungur emb\u00e6ttismann til a\u00f0 innheimta skatt \u00ed borgum J\u00fada. Hann kom til Jer\u00fasalem me\u00f0 mikinn her. <\/span> <span class=\"ljodatexti\"> <a name=\"30\"><span class=\"versanumer_ljod\">30<\/span><\/a> Hann fri\u00f0m\u00e6ltist vi\u00f0 f\u00f3lki\u00f0 me\u00f0 fagurgala en svik bjuggu undir. Er hann haf\u00f0i vaki\u00f0 traust \u00feess r\u00e9\u00f0st hann \u00f3v\u00e6nt \u00e1 borgina og gj\u00f6rsigra\u00f0i hana og f\u00e9llu margir \u00cdsraelsmenn. <\/span> <span class=\"ljodatexti\"> <a name=\"31\"><span class=\"versanumer_ljod\">31<\/span><\/a> Hann r\u00e6ndi borgina, lag\u00f0i eld a\u00f0 henni og reif ni\u00f0ur b\u00e6\u00f0i h\u00fasin og m\u00farana umhverfis hana. <\/span> <span class=\"ljodatexti\"> <a name=\"32\"><span class=\"versanumer_ljod\">32<\/span><\/a> Konur og b\u00f6rn voru hneppt \u00ed \u00fer\u00e6ld\u00f3m og b\u00fasmali tekinn herfangi. <\/span> <span class=\"ljodatexti\"> <a name=\"33\"><span class=\"versanumer_ljod\">33<\/span><\/a> Konungsmenn reistu mikla og sterka m\u00fara umhverfis Dav\u00ed\u00f0sborg, bjuggu \u00fe\u00e1 sterkum turnum og komu s\u00e9r upp virki \u00e1 \u00feann h\u00e1tt. <\/span> <span class=\"ljodatexti\"> <a name=\"34\"><span class=\"versanumer_ljod\">34<\/span><\/a> \u00dea\u00f0 m\u00f6nnu\u00f0u \u00feeir hei\u00f0num syndurum og l\u00f6gm\u00e1lsbrj\u00f3tum sem bjuggu tryggilega um sig. <\/span> <span class=\"ljodatexti\"> <a name=\"35\"><span class=\"versanumer_ljod\">35<\/span><\/a> Virki\u00f0 bjuggu \u00feeir vopnum og vistum og komu r\u00e1nsfengnum fr\u00e1 Jer\u00fasalem \u00fear fyrir. Var\u00f0 mikil \u00f3gnun a\u00f0 v\u00edgi \u00feessu: <br \/> <\/span> <span class=\"ljodatexti\"> <a name=\"36\"><span class=\"versanumer_ljod\">36<\/span><\/a> \u00dea\u00f0 var\u00f0 sta\u00f0ur til \u00e1r\u00e1sa \u00e1 helgid\u00f3minn,<br \/>st\u00f6\u00f0ugur \u00f3gnvaldur \u00cdsraels.<br \/> <\/span> <span class=\"ljodatexti\"> <a name=\"37\"><span class=\"versanumer_ljod\">37<\/span><\/a> Saklausu bl\u00f3\u00f0i var \u00fathellt umhverfis musteri\u00f0,<br \/>helgid\u00f3minn saurgu\u00f0u \u00feeir einnig.<br \/> <\/span> <span class=\"ljodatexti\"> <a name=\"38\"><span class=\"versanumer_ljod\">38<\/span><\/a> Vegna \u00feessara manna fl\u00fd\u00f0u \u00edb\u00faar Jer\u00fasalem<br \/>svo a\u00f0 borgin var\u00f0 b\u00fasta\u00f0ur framandi manna.<br \/>H\u00fan var\u00f0 \u00f3kunn ni\u00f0jum s\u00ednum,<br \/>yfirgefin af eigin b\u00f6rnum.<br \/> <\/span> <span class=\"ljodatexti\"> <a name=\"39\"><span class=\"versanumer_ljod\">39<\/span><\/a> Helgid\u00f3mur hennar eyddist og var\u00f0 sem au\u00f0n,<br \/>h\u00e1t\u00ed\u00f0ir hennar ur\u00f0u sorgardagar,<br \/>hv\u00edldardagarnir h\u00e1\u00f0ung <br \/>og hei\u00f0ur hennar vans\u00e6md.<br \/> <\/span> <span class=\"ljodatexti\"> <a name=\"40\"><span class=\"versanumer_ljod\">40<\/span><\/a> Vanvir\u00f0a hennar var\u00f0 sl\u00edk sem tign hennar var fyrr,<br \/>vegsemd hennar snerist \u00ed sorg. <\/span> <\/p>\n<h3 class=\"millifyrirsogn_2007\">Eitt r\u00edki, ein \u00fej\u00f3\u00f0, ein tr\u00fa<\/h3>\n<p><a name=\"41\"><span class=\"versanumer_2007\">41<\/span><\/a> Konungur sendi br\u00e9f um allt r\u00edki sitt um a\u00f0 allir \u00feegnar hans skyldu ver\u00f0a ein \u00fej\u00f3\u00f0. <a name=\"42\"><span class=\"versanumer_2007\">42<\/span><\/a> Bau\u00f0 hann s\u00e9rhverjum a\u00f0 sn\u00faa baki vi\u00f0 si\u00f0um s\u00ednum. Allar \u00fej\u00f3\u00f0ir lutu bo\u00f0i konungs <a name=\"43\"><span class=\"versanumer_2007\">43<\/span><\/a> og \u00fdmsum \u00ed \u00cdsrael ge\u00f0ja\u00f0ist gu\u00f0sd\u00fdrkun hans vel. F\u00e6r\u00f0u \u00feeir hj\u00e1gu\u00f0um f\u00f3rnir og vanhelgu\u00f0u hv\u00edldardaginn.<br \/> <a name=\"44\"><span class=\"versanumer_2007\">44<\/span><\/a> Konungur sendi bo\u00f0bera til Jer\u00fasalem og borga J\u00fadeu me\u00f0 br\u00e9f um a\u00f0 framandi si\u00f0um skyldi fylgt. <a name=\"45\"><span class=\"versanumer_2007\">45<\/span><\/a> Brennif\u00f3rnir, sl\u00e1turf\u00f3rnir og dreypif\u00f3rnir skyldu aflag\u00f0ar \u00ed helgid\u00f3minum og afhelga \u00e1tti hv\u00edldardaga og h\u00e1t\u00ed\u00f0ir, <a name=\"46\"><span class=\"versanumer_2007\">46<\/span><\/a> saurga musteri\u00f0 og sv\u00edvir\u00f0a prestana. <a name=\"47\"><span class=\"versanumer_2007\">47<\/span><\/a> Reisa skyldi \u00f6lturu, helgista\u00f0i og hof fyrir go\u00f0in og f\u00f3rna sv\u00ednum og \u00f6\u00f0rum \u00f3hreinum d\u00fdrum. <a name=\"48\"><span class=\"versanumer_2007\">48<\/span><\/a> Drengi m\u00e1tti ekki framar umskera en s\u00e1l \u00feeirra saurga me\u00f0 alls kyns flekkun og vanhelgun <a name=\"49\"><span class=\"versanumer_2007\">49<\/span><\/a> svo a\u00f0 l\u00f6gm\u00e1li\u00f0 gleymdist og \u00f6llum fyrirm\u00e6lum \u00feess yr\u00f0i umsn\u00fai\u00f0. <a name=\"50\"><span class=\"versanumer_2007\">50<\/span><\/a> Dau\u00f0arefsing l\u00e1 vi\u00f0 a\u00f0 \u00f3hl\u00fd\u00f0nast bo\u00f0um konungs. <a name=\"51\"><span class=\"versanumer_2007\">51<\/span><\/a> \u00deessi og \u00e1\u00feekk fyrirm\u00e6li sendi konungur um allt r\u00edki sitt. Setti hann eftirlitsmenn til a\u00f0 g\u00e6ta \u00feess a\u00f0 allir fylgdu \u00feeim og tilskipun um f\u00f3rnir sendi hann s\u00e9rhverri borg \u00ed J\u00fadeu. <a name=\"52\"><span class=\"versanumer_2007\">52<\/span><\/a> Margir af \u00fej\u00f3\u00f0inni ur\u00f0u handgengnir konungsm\u00f6nnum, allir sem ger\u00f0ust fr\u00e1hverfir l\u00f6gm\u00e1linu. L\u00e9tu \u00feeir margt illt af s\u00e9r lei\u00f0a \u00ed landinu <a name=\"53\"><span class=\"versanumer_2007\">53<\/span><\/a> og hr\u00f6ktu \u00cdsraelsmenn \u00ed felur hvar sem \u00feeir g\u00e1tu leita\u00f0 h\u00e6lis.<\/p>\n<h3 class=\"millifyrirsogn_2007\">Hj\u00e1gu\u00f0ad\u00fdrkun \u00ed h\u00fasi Gu\u00f0s<\/h3>\n<p><a name=\"54\"><span class=\"versanumer_2007\">54<\/span><\/a> Fimmt\u00e1nda dag k\u00edslevm\u00e1na\u00f0ar \u00e1ri\u00f0 eitt hundra\u00f0 fj\u00f6rut\u00edu og fimm<span class=\"nedan_mal\" title=\" \u00de.e. 6. desember \u00e1ri\u00f0 167 f.Kr.\">[<\/span> l\u00e9t konungurinn reisa vi\u00f0urstygg\u00f0 ey\u00f0ingarinnar \u00e1 f\u00f3rnaraltarinu og reisa \u00f6lturu v\u00ed\u00f0s vegar \u00ed borgum J\u00fadeu. <a name=\"55\"><span class=\"versanumer_2007\">55<\/span><\/a> Fyrir dyrum h\u00fasa og \u00e1 g\u00f6tum \u00fati var reykelsi brennt. <a name=\"56\"><span class=\"versanumer_2007\">56<\/span><\/a> \u00de\u00e6r l\u00f6gm\u00e1lsb\u00e6kur sem fundust voru rifnar og brenndar. <a name=\"57\"><span class=\"versanumer_2007\">57<\/span><\/a> Fyndist s\u00e1ttm\u00e1lsb\u00f3k \u00ed f\u00f3rum einhvers var hann dau\u00f0asekur a\u00f0 bo\u00f0i konungs og einnig s\u00e1 sem haf\u00f0i m\u00e6tur \u00e1 l\u00f6gm\u00e1linu. <a name=\"58\"><span class=\"versanumer_2007\">58<\/span><\/a> M\u00e1nu\u00f0um saman s\u00e6ttu \u00cdsraelsmenn, sem fundust \u00ed borgunum, grimmilegu a\u00f0kasti.<br \/> <a name=\"59\"><span class=\"versanumer_2007\">59<\/span><\/a> Tuttugasta og fimmta dag m\u00e1na\u00f0arins f\u00e6r\u00f0u \u00feeir f\u00f3rnir \u00e1 altarinu sem reist var ofan \u00e1 f\u00f3rnaraltarinu. <a name=\"60\"><span class=\"versanumer_2007\">60<\/span><\/a> A\u00f0 fyrirm\u00e6lum konungs voru konur, sem l\u00e9tu umskera syni s\u00edna, teknar af l\u00edfi. <a name=\"61\"><span class=\"versanumer_2007\">61<\/span><\/a> Voru ungb\u00f6rnin hengd um h\u00e1ls \u00feeirra. Einnig voru heimamenn \u00feeirra og \u00feeir sem \u00f6nnu\u00f0ust umskurnina deyddir.<br \/> <a name=\"62\"><span class=\"versanumer_2007\">62<\/span><\/a> En margir \u00ed \u00cdsrael voru sta\u00f0fastir og sta\u00f0r\u00e1\u00f0nir \u00ed a\u00f0 eta ekkert \u00f3hreint. <a name=\"63\"><span class=\"versanumer_2007\">63<\/span><\/a> \u00deeir kusu fremur a\u00f0 deyja en a\u00f0 saurga sig \u00e1 mat og vanvir\u00f0a s\u00e1ttm\u00e1lann heilaga og l\u00e9tu \u00feeir l\u00edfi\u00f0. <a name=\"64\"><span class=\"versanumer_2007\">64<\/span><\/a> M\u00e1ttug rei\u00f0i \u00fejaka\u00f0i \u00cdsrael mj\u00f6g.<\/p>\n","protected":false},"excerpt":{"rendered":"<p>Alexander mikli 1 Alexander Filippusson fr\u00e1 Maked\u00f3n\u00edu vann sigur \u00e1 Dar\u00edusi, konungi Persa og Meda, eftir a\u00f0 hann f\u00f3r fr\u00e1 landi Kitta. Settist hann a\u00f0 v\u00f6ldum \u00ed sta\u00f0 Dar\u00edusar en haf\u00f0i \u00e1\u00f0ur r\u00edkt yfir Grikklandi. 2 Hann \u00e1tti \u00ed s\u00edfelldum styrj\u00f6ldum, t\u00f3k hvert virki\u00f0 af \u00f6\u00f0ru og lag\u00f0i konunga a\u00f0 velli v\u00ed\u00f0a um l\u00f6nd. 3 Hann s\u00f3tti fram allt a\u00f0 ystu endim\u00f6rkum jar\u00f0ar og r\u00e6ndi fj\u00f6lmargar \u00fej\u00f3\u00f0ir. Enginn \u00e1 j\u00f6r\u00f0u m\u00e1tti s\u00edn neins fyrir honum og ger\u00f0ist hann hrokafullur og drambsamur \u00ed hjarta. 4 Hann safna\u00f0i \u00f3v\u00edgum her og drottna\u00f0i yfir l\u00f6ndum, \u00fej\u00f3\u00f0um og furstum sem ur\u00f0u skattskyldir honum. 5 <a href=\"https:\/\/biblian.is\/biblian\/fyrsta-makkabeabok-1-kafli\/\"> [&#8230;]<\/a><\/p>\n","protected":false},"author":1,"featured_media":0,"parent":0,"menu_order":0,"comment_status":"open","ping_status":"open","template":"bibliukaflar.php","meta":{"footnotes":""},"class_list":["post-2924","page","type-page","status-publish","hentry"],"_links":{"self":[{"href":"https:\/\/biblian.is\/biblian\/wp-json\/wp\/v2\/pages\/2924","targetHints":{"allow":["GET"]}}],"collection":[{"href":"https:\/\/biblian.is\/biblian\/wp-json\/wp\/v2\/pages"}],"about":[{"href":"https:\/\/biblian.is\/biblian\/wp-json\/wp\/v2\/types\/page"}],"author":[{"embeddable":true,"href":"https:\/\/biblian.is\/biblian\/wp-json\/wp\/v2\/users\/1"}],"replies":[{"embeddable":true,"href":"https:\/\/biblian.is\/biblian\/wp-json\/wp\/v2\/comments?post=2924"}],"version-history":[{"count":0,"href":"https:\/\/biblian.is\/biblian\/wp-json\/wp\/v2\/pages\/2924\/revisions"}],"wp:attachment":[{"href":"https:\/\/biblian.is\/biblian\/wp-json\/wp\/v2\/media?parent=2924"}],"curies":[{"name":"wp","href":"https:\/\/api.w.org\/{rel}","templated":true}]}}