{"id":2922,"date":"2017-12-30T21:05:14","date_gmt":"2017-12-30T21:05:14","guid":{"rendered":"http:\/\/biblian.is\/biblian\/br%c2%8ef-jerem%c2%92a-1-kafli\/"},"modified":"2018-01-01T23:54:15","modified_gmt":"2018-01-01T23:54:15","slug":"bref-jeremia-1-kafli","status":"publish","type":"page","link":"https:\/\/biblian.is\/biblian\/bref-jeremia-1-kafli\/","title":{"rendered":"Br\u00e9f Jerem\u00eda 1. kafli"},"content":{"rendered":"<h3 class=\"millifyrirsogn_2007\"> Form\u00e1li<\/h3>\n<p>H\u00e9r fer \u00e1 eftir afrit af br\u00e9fi fr\u00e1 Jerem\u00eda til fanga sem Bab\u00fdlon\u00edukonungur l\u00e9t flytja \u00ed \u00fatleg\u00f0 til Bab\u00fdlon. \u00dea\u00f0 f\u00e6rir \u00feeim bo\u00f0skap sem Gu\u00f0 f\u00f3l Jerem\u00eda a\u00f0 flytja.<\/p>\n<h3 class=\"millifyrirsogn_2007\"> L\u00f6ng herlei\u00f0ing \u00ed v\u00e6ndum<\/h3>\n<p><a name=\"1\"><span class=\"versanumer_2007\">1<\/span><\/a> Sakir \u00feess a\u00f0 \u00fei\u00f0 syndgu\u00f0u\u00f0 gegn Gu\u00f0i ver\u00f0i\u00f0 \u00fei\u00f0 n\u00fa fluttir \u00ed \u00fatleg\u00f0 til Bab\u00fdlonar af Neb\u00fakadnesari Bab\u00fdlon\u00edukonungi. <a name=\"2\"><span class=\"versanumer_2007\">2<\/span><\/a> \u00deegar \u00fei\u00f0 komi\u00f0 til Bab\u00fdlon munu\u00f0 \u00fei\u00f0 ver\u00f0a \u00fear langa hr\u00ed\u00f0, \u00e1rafj\u00f6ld, allt a\u00f0 sj\u00f6 manns\u00f6ldrum. S\u00ed\u00f0an mun \u00e9g lei\u00f0a ykkur \u00fea\u00f0an \u00ed fri\u00f0i. <a name=\"3\"><span class=\"versanumer_2007\">3<\/span><\/a> N\u00fa munu\u00f0 \u00fei\u00f0 sj\u00e1 \u00ed Bab\u00fdlon gu\u00f0i \u00far silfri, gulli og tr\u00e9, sem menn bera \u00e1 her\u00f0um s\u00e9r, og vekja \u00feeir hei\u00f0ingjunum lotningu. <a name=\"4\"><span class=\"versanumer_2007\">4<\/span><\/a> G\u00e6ti\u00f0 \u00feess a\u00f0 ykkur farist ekki eins og hei\u00f0ingjunum og \u00fei\u00f0 fyllist s\u00f6mu lotningu fyrir \u00feessum go\u00f0um <a name=\"5\"><span class=\"versanumer_2007\">5<\/span><\/a> \u00feegar \u00fei\u00f0 sj\u00e1i\u00f0 mannfj\u00f6ldann, sem fyrir \u00feeim fer og \u00e1 eftir \u00feeim gengur, tilbi\u00f0ja \u00feau. Segi\u00f0 heldur vi\u00f0 sj\u00e1lf ykkur: \u201e\u00deig ber a\u00f0 tilbi\u00f0ja, Drottinn.\u201c <a name=\"6\"><span class=\"versanumer_2007\">6<\/span><\/a> Enda fylgir engill minn ykkur og hann verndar ykkur. <\/p>\n<h3 class=\"millifyrirsogn_2007\">F\u00e1n\u00fdti skur\u00f0go\u00f0anna<\/h3>\n<p><a name=\"7\"><span class=\"versanumer_2007\">7<\/span><\/a> Tunga go\u00f0anna er sni\u00f0in til af tr\u00e9smi\u00f0 og sj\u00e1lf eru go\u00f0in \u00feakin gulli og silfri. En ekki mega \u00feau m\u00e6la og \u00feau eru t\u00e1l. <a name=\"8\"><span class=\"versanumer_2007\">8<\/span><\/a>\/<a name=\"9\"><span class=\"versanumer_2007\">9<\/span><\/a> Menn taka gull og gera k\u00f3r\u00f3nur og setja \u00e1 h\u00f6fu\u00f0 go\u00f0a sinna eins og \u00feau v\u00e6ru skartgj\u00f6rn mey. Svo ber vi\u00f0 a\u00f0 prestarnir r\u00e6na go\u00f0 s\u00edn gulli og silfri og nota \u00ed eigin \u00fe\u00e1gu <a name=\"10\"><span class=\"versanumer_2007\">10<\/span><\/a> og grei\u00f0a jafnvel musterissk\u00e6kjum me\u00f0 hluta \u00feess. \u00deeir b\u00faa go\u00f0in kl\u00e6\u00f0um eins og \u00feessi go\u00f0 \u00far gulli, silfri og tr\u00e9 s\u00e9u menn. <a name=\"11\"><span class=\"versanumer_2007\">11<\/span><\/a> En sj\u00e1lf geta \u00feau ekki varist ry\u00f0i og ma\u00f0ki. \u00de\u00f3tt \u00feau beri purpurakl\u00e6\u00f0i <a name=\"12\"><span class=\"versanumer_2007\">12<\/span><\/a> ver\u00f0ur samt a\u00f0 \u00feurrka framan \u00far \u00feeim ryki\u00f0 \u00far hofinu sem leggst \u00feykkt \u00e1 \u00feau. <a name=\"13\"><span class=\"versanumer_2007\">13<\/span><\/a> Go\u00f0i\u00f0 ber veldissprota l\u00edkt og landsh\u00f6f\u00f0ingi en getur ekki eytt \u00feeim sem br\u00fdtur gegn \u00fev\u00ed. <a name=\"14\"><span class=\"versanumer_2007\">14<\/span><\/a> \u00dea\u00f0 hefur r\u00fdting \u00ed h\u00e6gri hendi og \u00f6xi en getur hvorki varist \u00f3fri\u00f0i n\u00e9 r\u00e6ningjum. Af \u00feessu er auglj\u00f3st a\u00f0 ekki eru \u00feetta gu\u00f0ir. \u00d3ttist \u00fev\u00ed ekki go\u00f0in.<br \/> <a name=\"15\"><span class=\"versanumer_2007\">15<\/span><\/a> Eins og \u00e1hald \u00f3n\u00fdtist vi\u00f0 a\u00f0 brotna er \u00fev\u00ed og fari\u00f0 um go\u00f0 \u00feeirra. <a name=\"16\"><span class=\"versanumer_2007\">16<\/span><\/a> \u00deau eru sett upp \u00ed hofunum og augu \u00feeirra fyllast ryki undan f\u00f3tum \u00feeirra sem inn ganga. <a name=\"17\"><span class=\"versanumer_2007\">17<\/span><\/a> Hafi einhver broti\u00f0 gegn konunginum er h\u00f6llin l\u00e6st eftir a\u00f0 s\u00e1 hefur veri\u00f0 f\u00e6r\u00f0ur \u00feanga\u00f0 til aft\u00f6ku. \u00c1 sama h\u00e1tt loka prestarnir hofum s\u00ednum me\u00f0 hur\u00f0um, l\u00e1sum og sl\u00e1m svo a\u00f0 r\u00e6ningjar l\u00e1ti ekki greipar s\u00f3pa um \u00feau. <a name=\"18\"><span class=\"versanumer_2007\">18<\/span><\/a> \u00deeir tendra fleiri lj\u00f3s fyrir go\u00f0in en sj\u00e1lfa sig \u00fe\u00f3 a\u00f0 go\u00f0in geti ekki s\u00e9\u00f0 nokkurn skapa\u00f0an hlut. <a name=\"19\"><span class=\"versanumer_2007\">19<\/span><\/a> Go\u00f0in eru l\u00edk rafti \u00ed h\u00fasi. Svok\u00f6llu\u00f0 innyfli \u00feeirra eru n\u00f6gu\u00f0 af sm\u00e1kvikindum sem skr\u00ed\u00f0a \u00far j\u00f6r\u00f0u og \u00e9ta \u00feau sj\u00e1lf upp og kl\u00e6\u00f0i \u00feeirra \u00e1n \u00feess a\u00f0 \u00feau ver\u00f0i \u00feess v\u00f6r. <a name=\"20\"><span class=\"versanumer_2007\">20<\/span><\/a> Reykurinn \u00ed hofinu svertir \u00feau \u00ed framan. <a name=\"21\"><span class=\"versanumer_2007\">21<\/span><\/a> Le\u00f0urbl\u00f6kur, sv\u00f6lur og a\u00f0rir fuglar setjast \u00e1 l\u00edkama \u00feeirra og h\u00f6fu\u00f0 og \u00fe\u00e1 ekki s\u00ed\u00f0ur kettir. <a name=\"22\"><span class=\"versanumer_2007\">22<\/span><\/a> Af \u00feessu megi\u00f0 \u00fei\u00f0 r\u00e1\u00f0a a\u00f0 ekki eru \u00feetta gu\u00f0ir. \u00d3ttist \u00fev\u00ed ekki go\u00f0in.<br \/> <a name=\"23\"><span class=\"versanumer_2007\">23<\/span><\/a> \u00deau hafa veri\u00f0 gyllt til skrauts en \u00feau sk\u00edna ekki nema einhver f\u00e6gi \u00feau. \u00deau fundu ekki einu sinni fyrir \u00fev\u00ed a\u00f0 vera br\u00e6dd \u00ed m\u00f3ti. <a name=\"24\"><span class=\"versanumer_2007\">24<\/span><\/a> Fyrir \u00feau er goldi\u00f0 of fj\u00e1r en enginn er \u00fe\u00f3 \u00ed \u00feeim andinn. <a name=\"25\"><span class=\"versanumer_2007\">25<\/span><\/a> \u00dear sem \u00feau eru f\u00f3talaus ver\u00f0ur a\u00f0 bera \u00feau \u00e1 her\u00f0um. \u00dea\u00f0 s\u00fdnir m\u00f6nnum a\u00f0 \u00feau eru einskis n\u00fdt. \u00dej\u00f3nar \u00feeirra blyg\u00f0ast s\u00edn jafnvel <a name=\"26\"><span class=\"versanumer_2007\">26<\/span><\/a> fyrir \u00fea\u00f0 a\u00f0 \u00feurfa a\u00f0 sty\u00f0ja \u00feau svo a\u00f0 \u00feau falli ekki. Hafi einhver stillt go\u00f0inu r\u00e9ttu upp f\u00e6r \u00fea\u00f0 sig ekki hr\u00e6rt af sj\u00e1lfsd\u00e1\u00f0um og standi \u00fea\u00f0 hallt getur \u00fea\u00f0 ekki r\u00e9tt sig vi\u00f0. \u00dea\u00f0 a\u00f0 f\u00e6ra go\u00f0unum f\u00f3rn er l\u00edkt og a\u00f0 gefa dau\u00f0um m\u00f6nnum gj\u00f6f. <a name=\"27\"><span class=\"versanumer_2007\">27<\/span><\/a> \u00dea\u00f0 sem go\u00f0unum er f\u00e6rt a\u00f0 f\u00f3rn nota prestar \u00feeirra sj\u00e1lfir. \u00deeir selja sumt til eigin \u00e1bata og anna\u00f0 salta konur \u00feeirra ni\u00f0ur. \u00de\u00e6r mi\u00f0la hvorki sj\u00fakum n\u00e9 f\u00e1t\u00e6kum neinu. <a name=\"28\"><span class=\"versanumer_2007\">28<\/span><\/a> Konur, sem hafa \u00e1 kl\u00e6\u00f0um e\u00f0a eru n\u00fdstignar upp af s\u00e6ng, fara h\u00f6ndum um f\u00f3rnargjafirnar. \u00dear sem \u00fei\u00f0 sj\u00e1i\u00f0 af \u00feessu a\u00f0 \u00feetta eru ekki gu\u00f0ir skulu\u00f0 \u00fei\u00f0 ekki \u00f3ttast go\u00f0in.<br \/> <a name=\"29\"><span class=\"versanumer_2007\">29<\/span><\/a> Hv\u00ed skyldi kalla \u00feetta gu\u00f0i? \u00dea\u00f0 eru konur sem bera fram f\u00f3rnir fyrir \u00feessi go\u00f0 af silfri, gulli og tr\u00e9. <a name=\"30\"><span class=\"versanumer_2007\">30<\/span><\/a> \u00cd hofum \u00feeirra sitja prestarnir \u00ed rifnum kl\u00e6\u00f0um, berh\u00f6f\u00f0a\u00f0ir me\u00f0 raka\u00f0 h\u00e1r og skegg. <a name=\"31\"><span class=\"versanumer_2007\">31<\/span><\/a> \u00deeir kveina og orga frammi fyrir go\u00f0um s\u00ednum eins og sumra er h\u00e1ttur vi\u00f0 erfidrykkjur. <a name=\"32\"><span class=\"versanumer_2007\">32<\/span><\/a> Af kl\u00e6\u00f0um go\u00f0anna taka prestarnir \u00ed f\u00f6t \u00e1 konur s\u00ednar og b\u00f6rn. <a name=\"33\"><span class=\"versanumer_2007\">33<\/span><\/a> Hvort svo sem \u00feessum go\u00f0um er gert gott e\u00f0a illt geta \u00feau ekki endurgoldi\u00f0 neinum. \u00deau geta hvorki sett konung til valda n\u00e9 heldur steypt honum af st\u00f3li. <a name=\"34\"><span class=\"versanumer_2007\">34<\/span><\/a> \u00deau geta ekki heldur veitt neinum g\u00e6\u00f0i e\u00f0a gull. S\u00e9 \u00feeim heiti\u00f0 einhverju og \u00fea\u00f0 ekki efnt geta \u00feau aldrei gengi\u00f0 eftir \u00fev\u00ed. <a name=\"35\"><span class=\"versanumer_2007\">35<\/span><\/a> Aldrei geta \u00feau bjarga\u00f0 manni fr\u00e1 dau\u00f0a og aldrei hrifi\u00f0 veikan \u00far hendi annars sterkari. <a name=\"36\"><span class=\"versanumer_2007\">36<\/span><\/a> \u00deau munu aldrei geta gefi\u00f0 blindum manni sj\u00f3nina aftur og manni \u00ed nau\u00f0um bjarga \u00feau aldrei. <a name=\"37\"><span class=\"versanumer_2007\">37<\/span><\/a> Aldrei miskunna \u00feau sig yfir ekkjur og muna\u00f0arleysingjum gera \u00feau aldrei gott. <a name=\"38\"><span class=\"versanumer_2007\">38<\/span><\/a> \u00deessir gull- og silfurb\u00fanu drumbar eru l\u00edkastir steinum sem teknir eru \u00far fjalli. \u00deeir sem \u00fej\u00f3na \u00feeim munu ver\u00f0a til skammar. <a name=\"39\"><span class=\"versanumer_2007\">39<\/span><\/a> Hvernig m\u00e1 \u00fe\u00e1 \u00e1l\u00edta \u00feetta gu\u00f0i e\u00f0a kalla \u00feetta gu\u00f0i?<\/p>\n<h3 class=\"millifyrirsogn_2007\">F\u00e1sinna s\u00fa a\u00f0 tilbi\u00f0ja skur\u00f0go\u00f0<\/h3>\n<p><a name=\"40\"><span class=\"versanumer_2007\">40<\/span><\/a> Auk \u00feessa vanvir\u00f0a Kaldearnir sj\u00e1lfir go\u00f0in. Sj\u00e1i \u00feeir m\u00e1llausan mann koma \u00feeir me\u00f0 Bel og bi\u00f0ja hann a\u00f0 veita hinum m\u00e1llausa m\u00e1li\u00f0 r\u00e9tt eins og Bel geti skili\u00f0 nokku\u00f0. <a name=\"41\"><span class=\"versanumer_2007\">41<\/span><\/a> Jafnvel \u00fe\u00f3tt \u00feeir sj\u00e1lfir komist a\u00f0 raun um a\u00f0 go\u00f0in eru einskis megnug geta \u00feeir ekki sn\u00fai\u00f0 baki vi\u00f0 \u00feeim. Sl\u00edkir heimskingjar eru \u00feeir. <a name=\"42\"><span class=\"versanumer_2007\">42<\/span><\/a> Einnig sitja konur \u00e1 g\u00f6tum \u00fati og hafa hn\u00fdtt um sig linda og brenna kl\u00ed\u00f0 sem reykelsi. <a name=\"43\"><span class=\"versanumer_2007\">43<\/span><\/a> \u00deegar vegfarandi hefur leitt einhverja \u00feeirra \u00e1 brott og lagst me\u00f0 henni h\u00e6\u00f0ir h\u00fan konuna n\u00e6st s\u00e9r fyrir a\u00f0 hafa ekki gengi\u00f0 eins \u00ed augu mannsins og h\u00fan sj\u00e1lf og fengi\u00f0 linda sinn slitinn af. <a name=\"44\"><span class=\"versanumer_2007\">44<\/span><\/a> Allt sem gert er \u00ed \u00fe\u00e1gu \u00feessara go\u00f0a er t\u00e1l. Hvernig m\u00e1 \u00fe\u00e1 \u00e1l\u00edta \u00feau gu\u00f0i e\u00f0a kalla \u00feetta gu\u00f0i?<br \/> <a name=\"45\"><span class=\"versanumer_2007\">45<\/span><\/a> Tr\u00e9smi\u00f0ir og gullsmi\u00f0ir sm\u00ed\u00f0u\u00f0u go\u00f0in og aldrei ver\u00f0a \u00feau neitt anna\u00f0 en \u00fea\u00f0 sem smi\u00f0irnir vildu a\u00f0 \u00feau yr\u00f0u. <a name=\"46\"><span class=\"versanumer_2007\">46<\/span><\/a> Jafnvel \u00feeir sem sm\u00ed\u00f0a \u00feau lifa skamma hr\u00ed\u00f0. <a name=\"47\"><span class=\"versanumer_2007\">47<\/span><\/a> Hvernig \u00e1 \u00fe\u00e1 \u00fea\u00f0 sem \u00feeir l\u00e1ta eftir sig af handaverkum a\u00f0 vera gu\u00f0ir? \u00deeir l\u00e1ta ni\u00f0jum s\u00ednum eftir t\u00e1l og sm\u00e1n. <a name=\"48\"><span class=\"versanumer_2007\">48<\/span><\/a> Beri svo \u00f3fri\u00f0 e\u00f0a vo\u00f0a a\u00f0 h\u00f6ndum velta prestarnir \u00fev\u00ed fyrir s\u00e9r hvar \u00feeir geti fali\u00f0 sig og go\u00f0in. <a name=\"49\"><span class=\"versanumer_2007\">49<\/span><\/a> Hvernig getur \u00fe\u00e1 hj\u00e1 \u00fev\u00ed fari\u00f0 a\u00f0 menn skilji a\u00f0 ekki eru \u00feetta gu\u00f0ir sem geta ekki bjarga\u00f0 sj\u00e1lfum s\u00e9r fr\u00e1 styrj\u00f6ld e\u00f0a vo\u00f0a? <a name=\"50\"><span class=\"versanumer_2007\">50<\/span><\/a> \u00dear sem go\u00f0in eru \u00far silfur- og gullb\u00fanu tr\u00e9 mun \u00fea\u00f0 einhvern t\u00edma opinberast a\u00f0 \u00feetta er t\u00e1l. \u00d6llum \u00fej\u00f3\u00f0um og konungum mun ver\u00f0a auglj\u00f3st a\u00f0 ekki eru \u00feetta gu\u00f0ir heldur handaverk manna sem hafa engan gu\u00f0legan kraft. <a name=\"51\"><span class=\"versanumer_2007\">51<\/span><\/a> \u00c6tti \u00fe\u00e1 ekki \u00f6llum a\u00f0 skiljast a\u00f0 ekki eru \u00feetta gu\u00f0ir?<br \/> <a name=\"52\"><span class=\"versanumer_2007\">52<\/span><\/a> Ekki koma \u00feau konungi til valda n\u00e9 heldur gefa \u00feau m\u00f6nnunum regn. <a name=\"53\"><span class=\"versanumer_2007\">53<\/span><\/a> Enn s\u00ed\u00f0ur skera \u00feau \u00far m\u00e1lum manna e\u00f0a vernda \u00feann sem misr\u00e9tti er beittur enda m\u00e1ttvana me\u00f0 \u00f6llu. <a name=\"54\"><span class=\"versanumer_2007\">54<\/span><\/a> \u00deau eru l\u00edkust kr\u00e1kum sem fl\u00f6gra milli himins og jar\u00f0ar. \u00deegar eldur br\u00fdst \u00fat \u00ed hofi \u00feessara gull- og silfurb\u00fanu tr\u00e9gu\u00f0a \u00fe\u00e1 bjarga prestar \u00feeirra s\u00e9r \u00e1 fl\u00f3tta. Sj\u00e1lfir brenna \u00feeir upp \u00ed mi\u00f0ju eins og raftar. <a name=\"55\"><span class=\"versanumer_2007\">55<\/span><\/a> Go\u00f0in geta hvorki reist r\u00f6nd vi\u00f0 konungi n\u00e9 \u00f3vinum. <a name=\"56\"><span class=\"versanumer_2007\">56<\/span><\/a> Hvernig m\u00e1 \u00fe\u00e1 \u00e1l\u00edta e\u00f0a sta\u00f0h\u00e6fa a\u00f0 \u00feetta s\u00e9u gu\u00f0ir?<br \/>Ekki geta \u00feessir gylltu og silfru\u00f0u tr\u00e9gu\u00f0ir heldur vari\u00f0 sig fyrir \u00fej\u00f3fum og r\u00e6ningjum. <a name=\"57\"><span class=\"versanumer_2007\">57<\/span><\/a> S\u00e1 sem n\u00e6r \u00feeim \u00e1 sitt vald getur teki\u00f0 gulli\u00f0 og silfri\u00f0 utan af \u00feeim og kl\u00e6\u00f0in sem \u00feeir voru sveipa\u00f0ir og haft \u00e1 brott me\u00f0 s\u00e9r \u00e1n \u00feess a\u00f0 go\u00f0in geti gert neitt sj\u00e1lfum s\u00e9r til bjargar. <a name=\"58\"><span class=\"versanumer_2007\">58<\/span><\/a> Konungur, sem s\u00fdnir dug sinn, e\u00f0a h\u00fasgagn, sem er nytsamt eiganda s\u00ednum, eru \u00fev\u00ed gagnlegri en \u00feessir falsgu\u00f0ir. Hur\u00f0 \u00e1 h\u00fasi, sem verndar \u00fea\u00f0 sem er innan stokks, er n\u00fdtari \u00feessum falsgu\u00f0um og tr\u00e9s\u00fala \u00ed konungsh\u00f6ll er hagn\u00fdtari en \u00feessir falsgu\u00f0ir. <a name=\"59\"><span class=\"versanumer_2007\">59<\/span><\/a> S\u00f3l, m\u00e1ni og stj\u00f6rnur, sem sk\u00edna, hl\u00fd\u00f0a \u00feegar \u00fe\u00e6r eru sendar til a\u00f0 gera gagn. <a name=\"60\"><span class=\"versanumer_2007\">60<\/span><\/a> Sama m\u00e1li gegnir um eldinguna, sem v\u00ed\u00f0a s\u00e9r til \u00feegar h\u00fan leiftrar, og vindinn sem bl\u00e6s um \u00f6ll l\u00f6nd. <a name=\"61\"><span class=\"versanumer_2007\">61<\/span><\/a> Einnig halda sk\u00fdin um heimsbygg\u00f0 alla \u00feegar Gu\u00f0 b\u00fd\u00f0ur \u00feeim \u00fea\u00f0. <a name=\"62\"><span class=\"versanumer_2007\">62<\/span><\/a> Svo er og um eldinn sem a\u00f0 ofan er sendur til a\u00f0 ey\u00f0a fj\u00f6llum og sk\u00f3gum. Hann gerir \u00fea\u00f0 sem bo\u00f0i\u00f0 er. Ekki jafnast falsgu\u00f0irnir \u00e1 vi\u00f0 \u00feetta, hvorki a\u00f0 \u00fatliti n\u00e9 m\u00e6tti. <a name=\"63\"><span class=\"versanumer_2007\">63<\/span><\/a> \u00deess vegna skyldi hvorki telja \u00fe\u00e1 n\u00e9 heldur kalla \u00fe\u00e1 gu\u00f0i, svo m\u00e1ttvana sem \u00feeir eru a\u00f0 fella d\u00f3ma e\u00f0a gera m\u00f6nnum gott. <a name=\"64\"><span class=\"versanumer_2007\">64<\/span><\/a> \u00dear sem ykkur er n\u00fa lj\u00f3st or\u00f0i\u00f0 a\u00f0 \u00feeir eru ekki gu\u00f0ir skulu\u00f0 \u00fei\u00f0 ekki \u00f3ttast \u00fe\u00e1.<br \/> <a name=\"65\"><span class=\"versanumer_2007\">65<\/span><\/a> Go\u00f0in geta hvorki bannf\u00e6rt konunga n\u00e9 blessa\u00f0. <a name=\"66\"><span class=\"versanumer_2007\">66<\/span><\/a> \u00deau geta ekki heldur birt \u00fej\u00f3\u00f0um t\u00e1kn \u00e1 himni. \u00deau sk\u00edna hvorki sem s\u00f3lin n\u00e9 heldur l\u00fdsa \u00feau sem m\u00e1ninn. <a name=\"67\"><span class=\"versanumer_2007\">67<\/span><\/a> Villid\u00fdrin eru \u00feeim fremri \u00fev\u00ed a\u00f0 \u00feau geta fl\u00fai\u00f0 \u00ed fylgsni s\u00e9r til bjargar. <a name=\"68\"><span class=\"versanumer_2007\">68<\/span><\/a> Af engu ver\u00f0ur s\u00e9\u00f0 a\u00f0 go\u00f0in s\u00e9u gu\u00f0ir. \u00d3ttist \u00fev\u00ed ekki go\u00f0in.<br \/> <a name=\"69\"><span class=\"versanumer_2007\">69<\/span><\/a> \u00deessir gull- og silfurb\u00fanu tr\u00e9gu\u00f0ir Kaldea verja ekkert fremur en fuglahr\u00e6\u00f0a \u00ed mel\u00f3nugar\u00f0i. <a name=\"70\"><span class=\"versanumer_2007\">70<\/span><\/a> \u00deeir l\u00edkjast \u00feyrnirunna \u00ed aldingar\u00f0i, sem allir fuglar setjast \u00ed, \u00feessir gylltu og silfurslegnu tr\u00e9gu\u00f0ir \u00feeirra og minna \u00e1 l\u00edk sem varpa\u00f0 er \u00fat \u00ed myrkur. <a name=\"71\"><span class=\"versanumer_2007\">71<\/span><\/a> \u00dei\u00f0 munu\u00f0 sj\u00e1 a\u00f0 \u00feeir eru ekki gu\u00f0ir \u00feegar purpuralit l\u00ednkl\u00e6\u00f0in, sem \u00feeir bera, f\u00fana. A\u00f0 lokum ver\u00f0a \u00feeir sj\u00e1lfir \u00e9tnir upp \u00f6llu landinu til skammar.<br \/> <a name=\"72\"><span class=\"versanumer_2007\">72<\/span><\/a> S\u00e1 sem er r\u00e9ttl\u00e1tur og a\u00f0hyllist ekki hj\u00e1gu\u00f0i er meira ver\u00f0ur en go\u00f0in og honum ver\u00f0ur ekki \u00e1lasa\u00f0.<\/p>\n","protected":false},"excerpt":{"rendered":"<p>Form\u00e1li H\u00e9r fer \u00e1 eftir afrit af br\u00e9fi fr\u00e1 Jerem\u00eda til fanga sem Bab\u00fdlon\u00edukonungur l\u00e9t flytja \u00ed \u00fatleg\u00f0 til Bab\u00fdlon. \u00dea\u00f0 f\u00e6rir \u00feeim bo\u00f0skap sem Gu\u00f0 f\u00f3l Jerem\u00eda a\u00f0 flytja. L\u00f6ng herlei\u00f0ing \u00ed v\u00e6ndum 1 Sakir \u00feess a\u00f0 \u00fei\u00f0 syndgu\u00f0u\u00f0 gegn Gu\u00f0i ver\u00f0i\u00f0 \u00fei\u00f0 n\u00fa fluttir \u00ed \u00fatleg\u00f0 til Bab\u00fdlonar af Neb\u00fakadnesari Bab\u00fdlon\u00edukonungi. 2 \u00deegar \u00fei\u00f0 komi\u00f0 til Bab\u00fdlon munu\u00f0 \u00fei\u00f0 ver\u00f0a \u00fear langa hr\u00ed\u00f0, \u00e1rafj\u00f6ld, allt a\u00f0 sj\u00f6 manns\u00f6ldrum. S\u00ed\u00f0an mun \u00e9g lei\u00f0a ykkur \u00fea\u00f0an \u00ed fri\u00f0i. 3 N\u00fa munu\u00f0 \u00fei\u00f0 sj\u00e1 \u00ed Bab\u00fdlon gu\u00f0i \u00far silfri, gulli og tr\u00e9, sem menn bera \u00e1 her\u00f0um s\u00e9r, og vekja \u00feeir <a href=\"https:\/\/biblian.is\/biblian\/bref-jeremia-1-kafli\/\"> [&#8230;]<\/a><\/p>\n","protected":false},"author":1,"featured_media":0,"parent":0,"menu_order":0,"comment_status":"open","ping_status":"closed","template":"bibliukaflar.php","meta":{"footnotes":""},"class_list":["post-2922","page","type-page","status-publish","hentry"],"_links":{"self":[{"href":"https:\/\/biblian.is\/biblian\/wp-json\/wp\/v2\/pages\/2922","targetHints":{"allow":["GET"]}}],"collection":[{"href":"https:\/\/biblian.is\/biblian\/wp-json\/wp\/v2\/pages"}],"about":[{"href":"https:\/\/biblian.is\/biblian\/wp-json\/wp\/v2\/types\/page"}],"author":[{"embeddable":true,"href":"https:\/\/biblian.is\/biblian\/wp-json\/wp\/v2\/users\/1"}],"replies":[{"embeddable":true,"href":"https:\/\/biblian.is\/biblian\/wp-json\/wp\/v2\/comments?post=2922"}],"version-history":[{"count":0,"href":"https:\/\/biblian.is\/biblian\/wp-json\/wp\/v2\/pages\/2922\/revisions"}],"wp:attachment":[{"href":"https:\/\/biblian.is\/biblian\/wp-json\/wp\/v2\/media?parent=2922"}],"curies":[{"name":"wp","href":"https:\/\/api.w.org\/{rel}","templated":true}]}}